{"id":55787,"date":"2023-12-08T06:54:47","date_gmt":"2023-12-08T04:54:47","guid":{"rendered":"https:\/\/infigogroup.com\/about-us\/"},"modified":"2025-10-03T15:27:03","modified_gmt":"2025-10-03T12:27:03","slug":"about-us","status":"publish","type":"page","link":"https:\/\/infigogroup.com\/de\/about-us\/","title":{"rendered":"\u00dcber uns"},"content":{"rendered":"<div id=\"pl-55787\"  class=\"panel-layout\" ><div id=\"pg-55787-0\"  class=\"panel-grid panel-no-style\" ><div id=\"pgc-55787-0-0\"  class=\"panel-grid-cell\" ><div id=\"panel-55787-0-0-0\" class=\"so-panel widget widget_sow-editor panel-first-child\" data-index=\"0\" style=\"margin-bottom: 20px\" ><div\n\t\t\t\n\t\t\tclass=\"so-widget-sow-editor so-widget-sow-editor-base\"\n\t\t\t\n\t\t><h3 class=\"widget-title\">Infigo<\/h3>\n<div class=\"siteorigin-widget-tinymce textwidget\">\n\t<div class=\"siteorigin-widget-tinymce textwidget\">\n<p>Der Name \u201einfigo\u201c stammt aus dem Lateinischen und bedeutet \u201ebeeindruckend\u201c oder \u201eherausragend\u201c.<\/p>\n<p>Genauso verstehen wir uns \u2013 als herausragende Experten f\u00fcr bedruckte Verpackungen, die beeindruckende Produkte und ma\u00dfgeschneiderte L\u00f6sungen schaffen. Mit \u00fcber 15 Jahren Erfahrung im Bereich Druckprodukte verf\u00fcgen wir \u00fcber umfangreiches Know-how, das wir t\u00e4glich mit unseren Kunden teilen.<\/p>\n<p>Unsere Schwerpunkte:<br \/>\nHochwertige Materialien<br \/>\nModerne Ger\u00e4te<br \/>\nInnovative Verpackungsl\u00f6sungen<br \/>\nWir bieten eine stetig wachsende Auswahl \u2013 immer zu attraktiven Preisen.<\/p>\n<p>Verpacken ist unsere Leidenschaft!<\/p>\n<\/div>\n<\/div>\n<\/div><\/div><div id=\"panel-55787-0-0-1\" class=\"so-panel widget widget_sow-image panel-last-child\" data-index=\"1\" ><div\n\t\t\t\n\t\t\tclass=\"so-widget-sow-image so-widget-sow-image-default-8b5b6f678277-55787\"\n\t\t\t\n\t\t><\/div><\/div><\/div><div id=\"pgc-55787-0-1\"  class=\"panel-grid-cell\" ><div id=\"panel-55787-0-1-0\" class=\"so-panel widget widget_sow-editor panel-first-child\" data-index=\"2\" style=\"margin-bottom: 20px\" ><div\n\t\t\t\n\t\t\tclass=\"so-widget-sow-editor so-widget-sow-editor-base\"\n\t\t\t\n\t\t><h3 class=\"widget-title\">Unser Ziel<\/h3>\n<div class=\"siteorigin-widget-tinymce textwidget\">\n\t<p>Wir unterst\u00fctzen Sie umfassend bei der Suche nach optimalen Verpackungsl\u00f6sungen. F\u00fcr uns gibt es keine unl\u00f6sbaren Herausforderungen \u2013 nur zahlreiche M\u00f6glichkeiten. Gemeinsam finden wir die beste Variante f\u00fcr Ihre individuellen Anforderungen.<\/p>\n<\/div>\n<\/div><\/div><div id=\"panel-55787-0-1-1\" class=\"so-panel widget widget_sow-image panel-last-child\" data-index=\"3\" ><div\n\t\t\t\n\t\t\tclass=\"so-widget-sow-image so-widget-sow-image-default-8b5b6f678277-55787\"\n\t\t\t\n\t\t>\n<div class=\"sow-image-container\">\n\t\t<img \n\tsrc=\"https:\/\/infigogroup.com\/wp-content\/uploads\/2025\/10\/infigo2-scaled.jpg\" width=\"2560\" height=\"1518\" srcset=\"https:\/\/infigogroup.com\/wp-content\/uploads\/2025\/10\/infigo2-scaled.jpg 2560w, https:\/\/infigogroup.com\/wp-content\/uploads\/2025\/10\/infigo2-300x178.jpg 300w, https:\/\/infigogroup.com\/wp-content\/uploads\/2025\/10\/infigo2-1024x607.jpg 1024w, https:\/\/infigogroup.com\/wp-content\/uploads\/2025\/10\/infigo2-768x455.jpg 768w, https:\/\/infigogroup.com\/wp-content\/uploads\/2025\/10\/infigo2-1536x911.jpg 1536w, https:\/\/infigogroup.com\/wp-content\/uploads\/2025\/10\/infigo2-2048x1214.jpg 2048w, https:\/\/infigogroup.com\/wp-content\/uploads\/2025\/10\/infigo2-600x356.jpg 600w\" sizes=\"(max-width: 2560px) 100vw, 2560px\" title=\"infigo(2)\" alt=\"\" \t\tclass=\"so-widget-image\"\/>\n\t<\/div>\n\n<\/div><\/div><\/div><\/div><\/div>","protected":false},"excerpt":{"rendered":"<p>Der Name \u201einfigo\u201c stammt aus dem Lateinischen und bedeutet \u201ebeeindruckend\u201c oder \u201eherausragend\u201c. Genauso verstehen wir uns \u2013 als herausragende Experten f\u00fcr bedruckte Verpackungen, die beeindruckende Produkte und ma\u00dfgeschneiderte L\u00f6sungen schaffen. Mit \u00fcber 15 Jahren Erfahrung im Bereich Druckprodukte verf\u00fcgen wir \u00fcber umfangreiches Know-how, das wir t\u00e4glich mit unseren Kunden teilen. Unsere Schwerpunkte: Hochwertige Materialien Moderne [&hellip;]<\/p>\n","protected":false},"author":1,"featured_media":0,"parent":0,"menu_order":0,"comment_status":"closed","ping_status":"closed","template":"","meta":{"_acf_changed":false,"footnotes":""},"class_list":["post-55787","page","type-page","status-publish","hentry"],"acf":[],"yoast_head":"<!-- This site is optimized with the Yoast SEO plugin v27.5 - https:\/\/yoast.com\/product\/yoast-seo-wordpress\/ -->\n<title>\u00dcber uns - Infigo<\/title>\n<meta name=\"description\" content=\"Pakendi disainide loomine on meie kujundajate igap\u00e4evane t\u00f6\u00f6 - meile lihtsalt meeldib seda teha! Loome, kujundame ja toodame Teie ettev\u00f5tte logoga pakendid.\" \/>\n<meta name=\"robots\" content=\"index, follow, max-snippet:-1, max-image-preview:large, max-video-preview:-1\" \/>\n<link rel=\"canonical\" href=\"https:\/\/infigogroup.com\/de\/about-us\/\" \/>\n<meta property=\"og:locale\" content=\"de_DE\" \/>\n<meta property=\"og:type\" content=\"article\" \/>\n<meta property=\"og:title\" content=\"\u00dcber uns - Infigo\" \/>\n<meta property=\"og:description\" content=\"Pakendi disainide loomine on meie kujundajate igap\u00e4evane t\u00f6\u00f6 - meile lihtsalt meeldib seda teha! Loome, kujundame ja toodame Teie ettev\u00f5tte logoga pakendid.\" \/>\n<meta property=\"og:url\" content=\"https:\/\/infigogroup.com\/de\/about-us\/\" \/>\n<meta property=\"og:site_name\" content=\"Infigo\" \/>\n<meta property=\"article:modified_time\" content=\"2025-10-03T12:27:03+00:00\" \/>\n<meta property=\"og:image\" content=\"https:\/\/infigogroup.com\/wp-content\/uploads\/2024\/03\/119196591_3218683694889625_8641204450253517827_n.jpeg\" \/>\n\t<meta property=\"og:image:width\" content=\"452\" \/>\n\t<meta property=\"og:image:height\" content=\"452\" \/>\n\t<meta property=\"og:image:type\" content=\"image\/jpeg\" \/>\n<meta name=\"twitter:card\" content=\"summary_large_image\" \/>\n<meta name=\"twitter:label1\" content=\"Gesch\u00e4tzte Lesezeit\" \/>\n\t<meta name=\"twitter:data1\" content=\"1\u00a0Minute\" \/>\n<script type=\"application\/ld+json\" class=\"yoast-schema-graph\">{\"@context\":\"https:\\\/\\\/schema.org\",\"@graph\":[{\"@type\":\"WebPage\",\"@id\":\"https:\\\/\\\/infigogroup.com\\\/de\\\/about-us\\\/\",\"url\":\"https:\\\/\\\/infigogroup.com\\\/de\\\/about-us\\\/\",\"name\":\"\u00dcber uns - Infigo\",\"isPartOf\":{\"@id\":\"https:\\\/\\\/infigogroup.com\\\/#website\"},\"datePublished\":\"2023-12-08T04:54:47+00:00\",\"dateModified\":\"2025-10-03T12:27:03+00:00\",\"description\":\"Pakendi disainide loomine on meie kujundajate igap\u00e4evane t\u00f6\u00f6 - meile lihtsalt meeldib seda teha! Loome, kujundame ja toodame Teie ettev\u00f5tte logoga pakendid.\",\"breadcrumb\":{\"@id\":\"https:\\\/\\\/infigogroup.com\\\/de\\\/about-us\\\/#breadcrumb\"},\"inLanguage\":\"de\",\"potentialAction\":[{\"@type\":\"ReadAction\",\"target\":[\"https:\\\/\\\/infigogroup.com\\\/de\\\/about-us\\\/\"]}]},{\"@type\":\"BreadcrumbList\",\"@id\":\"https:\\\/\\\/infigogroup.com\\\/de\\\/about-us\\\/#breadcrumb\",\"itemListElement\":[{\"@type\":\"ListItem\",\"position\":1,\"name\":\"Home\",\"item\":\"https:\\\/\\\/infigogroup.com\\\/de\\\/\"},{\"@type\":\"ListItem\",\"position\":2,\"name\":\"\u00dcber uns\"}]},{\"@type\":\"WebSite\",\"@id\":\"https:\\\/\\\/infigogroup.com\\\/#website\",\"url\":\"https:\\\/\\\/infigogroup.com\\\/\",\"name\":\"Infigo Group\",\"description\":\"\",\"publisher\":{\"@id\":\"https:\\\/\\\/infigogroup.com\\\/#organization\"},\"potentialAction\":[{\"@type\":\"SearchAction\",\"target\":{\"@type\":\"EntryPoint\",\"urlTemplate\":\"https:\\\/\\\/infigogroup.com\\\/?s={search_term_string}\"},\"query-input\":{\"@type\":\"PropertyValueSpecification\",\"valueRequired\":true,\"valueName\":\"search_term_string\"}}],\"inLanguage\":\"de\"},{\"@type\":\"Organization\",\"@id\":\"https:\\\/\\\/infigogroup.com\\\/#organization\",\"name\":\"Infigo Group\",\"url\":\"https:\\\/\\\/infigogroup.com\\\/\",\"logo\":{\"@type\":\"ImageObject\",\"inLanguage\":\"de\",\"@id\":\"https:\\\/\\\/infigogroup.com\\\/#\\\/schema\\\/logo\\\/image\\\/\",\"url\":\"https:\\\/\\\/infigogroup.com\\\/wp-content\\\/uploads\\\/2023\\\/11\\\/logo-1.jpg\",\"contentUrl\":\"https:\\\/\\\/infigogroup.com\\\/wp-content\\\/uploads\\\/2023\\\/11\\\/logo-1.jpg\",\"width\":334,\"height\":114,\"caption\":\"Infigo Group\"},\"image\":{\"@id\":\"https:\\\/\\\/infigogroup.com\\\/#\\\/schema\\\/logo\\\/image\\\/\"}}]}<\/script>\n<!-- \/ Yoast SEO plugin. -->","yoast_head_json":{"title":"\u00dcber uns - Infigo","description":"Pakendi disainide loomine on meie kujundajate igap\u00e4evane t\u00f6\u00f6 - meile lihtsalt meeldib seda teha! Loome, kujundame ja toodame Teie ettev\u00f5tte logoga pakendid.","robots":{"index":"index","follow":"follow","max-snippet":"max-snippet:-1","max-image-preview":"max-image-preview:large","max-video-preview":"max-video-preview:-1"},"canonical":"https:\/\/infigogroup.com\/de\/about-us\/","og_locale":"de_DE","og_type":"article","og_title":"\u00dcber uns - Infigo","og_description":"Pakendi disainide loomine on meie kujundajate igap\u00e4evane t\u00f6\u00f6 - meile lihtsalt meeldib seda teha! Loome, kujundame ja toodame Teie ettev\u00f5tte logoga pakendid.","og_url":"https:\/\/infigogroup.com\/de\/about-us\/","og_site_name":"Infigo","article_modified_time":"2025-10-03T12:27:03+00:00","og_image":[{"width":452,"height":452,"url":"https:\/\/infigogroup.com\/wp-content\/uploads\/2024\/03\/119196591_3218683694889625_8641204450253517827_n.jpeg","type":"image\/jpeg"}],"twitter_card":"summary_large_image","twitter_misc":{"Gesch\u00e4tzte Lesezeit":"1\u00a0Minute"},"schema":{"@context":"https:\/\/schema.org","@graph":[{"@type":"WebPage","@id":"https:\/\/infigogroup.com\/de\/about-us\/","url":"https:\/\/infigogroup.com\/de\/about-us\/","name":"\u00dcber uns - Infigo","isPartOf":{"@id":"https:\/\/infigogroup.com\/#website"},"datePublished":"2023-12-08T04:54:47+00:00","dateModified":"2025-10-03T12:27:03+00:00","description":"Pakendi disainide loomine on meie kujundajate igap\u00e4evane t\u00f6\u00f6 - meile lihtsalt meeldib seda teha! Loome, kujundame ja toodame Teie ettev\u00f5tte logoga pakendid.","breadcrumb":{"@id":"https:\/\/infigogroup.com\/de\/about-us\/#breadcrumb"},"inLanguage":"de","potentialAction":[{"@type":"ReadAction","target":["https:\/\/infigogroup.com\/de\/about-us\/"]}]},{"@type":"BreadcrumbList","@id":"https:\/\/infigogroup.com\/de\/about-us\/#breadcrumb","itemListElement":[{"@type":"ListItem","position":1,"name":"Home","item":"https:\/\/infigogroup.com\/de\/"},{"@type":"ListItem","position":2,"name":"\u00dcber uns"}]},{"@type":"WebSite","@id":"https:\/\/infigogroup.com\/#website","url":"https:\/\/infigogroup.com\/","name":"Infigo Group","description":"","publisher":{"@id":"https:\/\/infigogroup.com\/#organization"},"potentialAction":[{"@type":"SearchAction","target":{"@type":"EntryPoint","urlTemplate":"https:\/\/infigogroup.com\/?s={search_term_string}"},"query-input":{"@type":"PropertyValueSpecification","valueRequired":true,"valueName":"search_term_string"}}],"inLanguage":"de"},{"@type":"Organization","@id":"https:\/\/infigogroup.com\/#organization","name":"Infigo Group","url":"https:\/\/infigogroup.com\/","logo":{"@type":"ImageObject","inLanguage":"de","@id":"https:\/\/infigogroup.com\/#\/schema\/logo\/image\/","url":"https:\/\/infigogroup.com\/wp-content\/uploads\/2023\/11\/logo-1.jpg","contentUrl":"https:\/\/infigogroup.com\/wp-content\/uploads\/2023\/11\/logo-1.jpg","width":334,"height":114,"caption":"Infigo Group"},"image":{"@id":"https:\/\/infigogroup.com\/#\/schema\/logo\/image\/"}}]}},"_links":{"self":[{"href":"https:\/\/infigogroup.com\/de\/wp-json\/wp\/v2\/pages\/55787","targetHints":{"allow":["GET"]}}],"collection":[{"href":"https:\/\/infigogroup.com\/de\/wp-json\/wp\/v2\/pages"}],"about":[{"href":"https:\/\/infigogroup.com\/de\/wp-json\/wp\/v2\/types\/page"}],"author":[{"embeddable":true,"href":"https:\/\/infigogroup.com\/de\/wp-json\/wp\/v2\/users\/1"}],"replies":[{"embeddable":true,"href":"https:\/\/infigogroup.com\/de\/wp-json\/wp\/v2\/comments?post=55787"}],"version-history":[{"count":7,"href":"https:\/\/infigogroup.com\/de\/wp-json\/wp\/v2\/pages\/55787\/revisions"}],"predecessor-version":[{"id":57229,"href":"https:\/\/infigogroup.com\/de\/wp-json\/wp\/v2\/pages\/55787\/revisions\/57229"}],"wp:attachment":[{"href":"https:\/\/infigogroup.com\/de\/wp-json\/wp\/v2\/media?parent=55787"}],"curies":[{"name":"wp","href":"https:\/\/api.w.org\/{rel}","templated":true}]}}