{"id":55851,"date":"2024-02-13T15:32:52","date_gmt":"2024-02-13T13:32:52","guid":{"rendered":"https:\/\/infigogroup.com\/?post_type=product&#038;p=55851"},"modified":"2025-01-15T10:00:25","modified_gmt":"2025-01-15T08:00:25","slug":"mailers-karton-versandtaschen-mit-logo","status":"publish","type":"product","link":"https:\/\/infigogroup.com\/de\/artikel\/mailers-karton-versandtaschen-mit-logo\/","title":{"rendered":"Mailers. Karton. Versandtaschen"},"content":{"rendered":"<div class=\"moz-forward-container\">\n<p><strong>Bedruckte Versandtaschen aus Karton \u2013 f\u00fcr den sicheren Versand empfindlicher Produkte<\/strong><\/p>\n<p><strong>Individuell bedruckte Kartonversandtaschen<\/strong> bestehen aus robustem Material und eignen sich ideal f\u00fcr Produkte, die besonderen Schutz erfordern.<\/p>\n<p><strong>Spezifikationen:<\/strong><\/p>\n<ul>\n<li><strong>Gr\u00f6\u00dfe:<\/strong> Nach Kundenwunsch<\/li>\n<li><strong>Material:<\/strong> Brauner oder wei\u00dfer Karton, Wellpappe. Auch mit FSC-zertifiziertem Material erh\u00e4ltlich.<\/li>\n<li><strong>Verschluss:<\/strong> 1 Klebestreifen und eine Aufrei\u00dflasche f\u00fcr einfaches \u00d6ffnen<\/li>\n<li><strong>Bedruck:<\/strong> bedruckt mit Logo oder individuellem Aufdruck, 1\u20134 Farben (CMYK)<\/li>\n<li><b>Bestellmenge: <\/b>Ab 200 St\u00fcck<\/li>\n<\/ul>\n<p>Beliebte Standardgr\u00f6\u00dfen finden Sie in unserem Onlineshop.<\/p>\n<\/div>\n","protected":false},"excerpt":{"rendered":"<p>Bedruckte Versandtaschen aus Karton \u2013 f\u00fcr den sicheren Versand empfindlicher Produkte Individuell bedruckte Kartonversandtaschen bestehen aus robustem Material und eignen sich ideal f\u00fcr Produkte, die besonderen Schutz erfordern. Spezifikationen: Gr\u00f6\u00dfe: Nach Kundenwunsch Material: Brauner oder wei\u00dfer Karton, Wellpappe. Auch mit FSC-zertifiziertem Material erh\u00e4ltlich. Verschluss: 1 Klebestreifen und eine Aufrei\u00dflasche f\u00fcr einfaches \u00d6ffnen Bedruck: bedruckt mit [&hellip;]<\/p>\n","protected":false},"featured_media":55863,"comment_status":"open","ping_status":"closed","template":"","meta":{"_acf_changed":false},"product_brand":[],"product_cat":[1158],"product_tag":[],"class_list":{"0":"post-55851","1":"product","2":"type-product","3":"status-publish","4":"has-post-thumbnail","6":"product_cat-individuell-bedruckte-versandtaschen-und-umschlaege","8":"first","9":"instock","10":"taxable","11":"shipping-taxable","12":"product-type-simple"},"acf":[],"yoast_head":"<!-- This site is optimized with the Yoast SEO plugin v27.5 - https:\/\/yoast.com\/product\/yoast-seo-wordpress\/ -->\n<title>Mailers. Karton. Versandtaschen - Infigo<\/title>\n<meta name=\"robots\" content=\"index, follow, max-snippet:-1, max-image-preview:large, max-video-preview:-1\" \/>\n<link rel=\"canonical\" href=\"https:\/\/infigogroup.com\/de\/artikel\/mailers-karton-versandtaschen-mit-logo\/\" \/>\n<meta property=\"og:locale\" content=\"de_DE\" \/>\n<meta property=\"og:type\" content=\"article\" \/>\n<meta property=\"og:title\" content=\"Mailers. Karton. Versandtaschen - Infigo\" \/>\n<meta property=\"og:description\" content=\"Bedruckte Versandtaschen aus Karton \u2013 f\u00fcr den sicheren Versand empfindlicher Produkte Individuell bedruckte Kartonversandtaschen bestehen aus robustem Material und eignen sich ideal f\u00fcr Produkte, die besonderen Schutz erfordern. Spezifikationen: Gr\u00f6\u00dfe: Nach Kundenwunsch Material: Brauner oder wei\u00dfer Karton, Wellpappe. Auch mit FSC-zertifiziertem Material erh\u00e4ltlich. Verschluss: 1 Klebestreifen und eine Aufrei\u00dflasche f\u00fcr einfaches \u00d6ffnen Bedruck: bedruckt mit [&hellip;]\" \/>\n<meta property=\"og:url\" content=\"https:\/\/infigogroup.com\/de\/artikel\/mailers-karton-versandtaschen-mit-logo\/\" \/>\n<meta property=\"og:site_name\" content=\"Infigo\" \/>\n<meta property=\"article:modified_time\" content=\"2025-01-15T08:00:25+00:00\" \/>\n<meta property=\"og:image\" content=\"https:\/\/infigogroup.com\/wp-content\/uploads\/2024\/02\/print_postal-bag10.jpg\" \/>\n\t<meta property=\"og:image:width\" content=\"1485\" \/>\n\t<meta property=\"og:image:height\" content=\"1485\" \/>\n\t<meta property=\"og:image:type\" content=\"image\/jpeg\" \/>\n<meta name=\"twitter:card\" content=\"summary_large_image\" \/>\n<meta name=\"twitter:label1\" content=\"Gesch\u00e4tzte Lesezeit\" \/>\n\t<meta name=\"twitter:data1\" content=\"1\u00a0Minute\" \/>\n<script type=\"application\/ld+json\" class=\"yoast-schema-graph\">{\"@context\":\"https:\\\/\\\/schema.org\",\"@graph\":[{\"@type\":\"WebPage\",\"@id\":\"https:\\\/\\\/infigogroup.com\\\/de\\\/artikel\\\/mailers-karton-versandtaschen-mit-logo\\\/\",\"url\":\"https:\\\/\\\/infigogroup.com\\\/de\\\/artikel\\\/mailers-karton-versandtaschen-mit-logo\\\/\",\"name\":\"Mailers. Karton. Versandtaschen - Infigo\",\"isPartOf\":{\"@id\":\"https:\\\/\\\/infigogroup.com\\\/#website\"},\"primaryImageOfPage\":{\"@id\":\"https:\\\/\\\/infigogroup.com\\\/de\\\/artikel\\\/mailers-karton-versandtaschen-mit-logo\\\/#primaryimage\"},\"image\":{\"@id\":\"https:\\\/\\\/infigogroup.com\\\/de\\\/artikel\\\/mailers-karton-versandtaschen-mit-logo\\\/#primaryimage\"},\"thumbnailUrl\":\"https:\\\/\\\/infigogroup.com\\\/wp-content\\\/uploads\\\/2024\\\/02\\\/print_postal-bag10.jpg\",\"datePublished\":\"2024-02-13T13:32:52+00:00\",\"dateModified\":\"2025-01-15T08:00:25+00:00\",\"breadcrumb\":{\"@id\":\"https:\\\/\\\/infigogroup.com\\\/de\\\/artikel\\\/mailers-karton-versandtaschen-mit-logo\\\/#breadcrumb\"},\"inLanguage\":\"de\",\"potentialAction\":[{\"@type\":\"ReadAction\",\"target\":[\"https:\\\/\\\/infigogroup.com\\\/de\\\/artikel\\\/mailers-karton-versandtaschen-mit-logo\\\/\"]}]},{\"@type\":\"ImageObject\",\"inLanguage\":\"de\",\"@id\":\"https:\\\/\\\/infigogroup.com\\\/de\\\/artikel\\\/mailers-karton-versandtaschen-mit-logo\\\/#primaryimage\",\"url\":\"https:\\\/\\\/infigogroup.com\\\/wp-content\\\/uploads\\\/2024\\\/02\\\/print_postal-bag10.jpg\",\"contentUrl\":\"https:\\\/\\\/infigogroup.com\\\/wp-content\\\/uploads\\\/2024\\\/02\\\/print_postal-bag10.jpg\",\"width\":1485,\"height\":1485},{\"@type\":\"BreadcrumbList\",\"@id\":\"https:\\\/\\\/infigogroup.com\\\/de\\\/artikel\\\/mailers-karton-versandtaschen-mit-logo\\\/#breadcrumb\",\"itemListElement\":[{\"@type\":\"ListItem\",\"position\":1,\"name\":\"Home\",\"item\":\"https:\\\/\\\/infigogroup.com\\\/de\\\/\"},{\"@type\":\"ListItem\",\"position\":2,\"name\":\"Online-Shop\",\"item\":\"https:\\\/\\\/infigogroup.com\\\/de\\\/products\\\/\"},{\"@type\":\"ListItem\",\"position\":3,\"name\":\"Mailers. Karton. Versandtaschen\"}]},{\"@type\":\"WebSite\",\"@id\":\"https:\\\/\\\/infigogroup.com\\\/#website\",\"url\":\"https:\\\/\\\/infigogroup.com\\\/\",\"name\":\"Infigo Group\",\"description\":\"\",\"publisher\":{\"@id\":\"https:\\\/\\\/infigogroup.com\\\/#organization\"},\"potentialAction\":[{\"@type\":\"SearchAction\",\"target\":{\"@type\":\"EntryPoint\",\"urlTemplate\":\"https:\\\/\\\/infigogroup.com\\\/?s={search_term_string}\"},\"query-input\":{\"@type\":\"PropertyValueSpecification\",\"valueRequired\":true,\"valueName\":\"search_term_string\"}}],\"inLanguage\":\"de\"},{\"@type\":\"Organization\",\"@id\":\"https:\\\/\\\/infigogroup.com\\\/#organization\",\"name\":\"Infigo Group\",\"url\":\"https:\\\/\\\/infigogroup.com\\\/\",\"logo\":{\"@type\":\"ImageObject\",\"inLanguage\":\"de\",\"@id\":\"https:\\\/\\\/infigogroup.com\\\/#\\\/schema\\\/logo\\\/image\\\/\",\"url\":\"https:\\\/\\\/infigogroup.com\\\/wp-content\\\/uploads\\\/2023\\\/11\\\/logo-1.jpg\",\"contentUrl\":\"https:\\\/\\\/infigogroup.com\\\/wp-content\\\/uploads\\\/2023\\\/11\\\/logo-1.jpg\",\"width\":334,\"height\":114,\"caption\":\"Infigo Group\"},\"image\":{\"@id\":\"https:\\\/\\\/infigogroup.com\\\/#\\\/schema\\\/logo\\\/image\\\/\"}}]}<\/script>\n<!-- \/ Yoast SEO plugin. -->","yoast_head_json":{"title":"Mailers. Karton. Versandtaschen - Infigo","robots":{"index":"index","follow":"follow","max-snippet":"max-snippet:-1","max-image-preview":"max-image-preview:large","max-video-preview":"max-video-preview:-1"},"canonical":"https:\/\/infigogroup.com\/de\/artikel\/mailers-karton-versandtaschen-mit-logo\/","og_locale":"de_DE","og_type":"article","og_title":"Mailers. Karton. Versandtaschen - Infigo","og_description":"Bedruckte Versandtaschen aus Karton \u2013 f\u00fcr den sicheren Versand empfindlicher Produkte Individuell bedruckte Kartonversandtaschen bestehen aus robustem Material und eignen sich ideal f\u00fcr Produkte, die besonderen Schutz erfordern. Spezifikationen: Gr\u00f6\u00dfe: Nach Kundenwunsch Material: Brauner oder wei\u00dfer Karton, Wellpappe. Auch mit FSC-zertifiziertem Material erh\u00e4ltlich. Verschluss: 1 Klebestreifen und eine Aufrei\u00dflasche f\u00fcr einfaches \u00d6ffnen Bedruck: bedruckt mit [&hellip;]","og_url":"https:\/\/infigogroup.com\/de\/artikel\/mailers-karton-versandtaschen-mit-logo\/","og_site_name":"Infigo","article_modified_time":"2025-01-15T08:00:25+00:00","og_image":[{"width":1485,"height":1485,"url":"https:\/\/infigogroup.com\/wp-content\/uploads\/2024\/02\/print_postal-bag10.jpg","type":"image\/jpeg"}],"twitter_card":"summary_large_image","twitter_misc":{"Gesch\u00e4tzte Lesezeit":"1\u00a0Minute"},"schema":{"@context":"https:\/\/schema.org","@graph":[{"@type":"WebPage","@id":"https:\/\/infigogroup.com\/de\/artikel\/mailers-karton-versandtaschen-mit-logo\/","url":"https:\/\/infigogroup.com\/de\/artikel\/mailers-karton-versandtaschen-mit-logo\/","name":"Mailers. Karton. Versandtaschen - Infigo","isPartOf":{"@id":"https:\/\/infigogroup.com\/#website"},"primaryImageOfPage":{"@id":"https:\/\/infigogroup.com\/de\/artikel\/mailers-karton-versandtaschen-mit-logo\/#primaryimage"},"image":{"@id":"https:\/\/infigogroup.com\/de\/artikel\/mailers-karton-versandtaschen-mit-logo\/#primaryimage"},"thumbnailUrl":"https:\/\/infigogroup.com\/wp-content\/uploads\/2024\/02\/print_postal-bag10.jpg","datePublished":"2024-02-13T13:32:52+00:00","dateModified":"2025-01-15T08:00:25+00:00","breadcrumb":{"@id":"https:\/\/infigogroup.com\/de\/artikel\/mailers-karton-versandtaschen-mit-logo\/#breadcrumb"},"inLanguage":"de","potentialAction":[{"@type":"ReadAction","target":["https:\/\/infigogroup.com\/de\/artikel\/mailers-karton-versandtaschen-mit-logo\/"]}]},{"@type":"ImageObject","inLanguage":"de","@id":"https:\/\/infigogroup.com\/de\/artikel\/mailers-karton-versandtaschen-mit-logo\/#primaryimage","url":"https:\/\/infigogroup.com\/wp-content\/uploads\/2024\/02\/print_postal-bag10.jpg","contentUrl":"https:\/\/infigogroup.com\/wp-content\/uploads\/2024\/02\/print_postal-bag10.jpg","width":1485,"height":1485},{"@type":"BreadcrumbList","@id":"https:\/\/infigogroup.com\/de\/artikel\/mailers-karton-versandtaschen-mit-logo\/#breadcrumb","itemListElement":[{"@type":"ListItem","position":1,"name":"Home","item":"https:\/\/infigogroup.com\/de\/"},{"@type":"ListItem","position":2,"name":"Online-Shop","item":"https:\/\/infigogroup.com\/de\/products\/"},{"@type":"ListItem","position":3,"name":"Mailers. Karton. Versandtaschen"}]},{"@type":"WebSite","@id":"https:\/\/infigogroup.com\/#website","url":"https:\/\/infigogroup.com\/","name":"Infigo Group","description":"","publisher":{"@id":"https:\/\/infigogroup.com\/#organization"},"potentialAction":[{"@type":"SearchAction","target":{"@type":"EntryPoint","urlTemplate":"https:\/\/infigogroup.com\/?s={search_term_string}"},"query-input":{"@type":"PropertyValueSpecification","valueRequired":true,"valueName":"search_term_string"}}],"inLanguage":"de"},{"@type":"Organization","@id":"https:\/\/infigogroup.com\/#organization","name":"Infigo Group","url":"https:\/\/infigogroup.com\/","logo":{"@type":"ImageObject","inLanguage":"de","@id":"https:\/\/infigogroup.com\/#\/schema\/logo\/image\/","url":"https:\/\/infigogroup.com\/wp-content\/uploads\/2023\/11\/logo-1.jpg","contentUrl":"https:\/\/infigogroup.com\/wp-content\/uploads\/2023\/11\/logo-1.jpg","width":334,"height":114,"caption":"Infigo Group"},"image":{"@id":"https:\/\/infigogroup.com\/#\/schema\/logo\/image\/"}}]}},"_links":{"self":[{"href":"https:\/\/infigogroup.com\/de\/wp-json\/wp\/v2\/product\/55851","targetHints":{"allow":["GET"]}}],"collection":[{"href":"https:\/\/infigogroup.com\/de\/wp-json\/wp\/v2\/product"}],"about":[{"href":"https:\/\/infigogroup.com\/de\/wp-json\/wp\/v2\/types\/product"}],"replies":[{"embeddable":true,"href":"https:\/\/infigogroup.com\/de\/wp-json\/wp\/v2\/comments?post=55851"}],"wp:featuredmedia":[{"embeddable":true,"href":"https:\/\/infigogroup.com\/de\/wp-json\/wp\/v2\/media\/55863"}],"wp:attachment":[{"href":"https:\/\/infigogroup.com\/de\/wp-json\/wp\/v2\/media?parent=55851"}],"wp:term":[{"taxonomy":"product_brand","embeddable":true,"href":"https:\/\/infigogroup.com\/de\/wp-json\/wp\/v2\/product_brand?post=55851"},{"taxonomy":"product_cat","embeddable":true,"href":"https:\/\/infigogroup.com\/de\/wp-json\/wp\/v2\/product_cat?post=55851"},{"taxonomy":"product_tag","embeddable":true,"href":"https:\/\/infigogroup.com\/de\/wp-json\/wp\/v2\/product_tag?post=55851"}],"curies":[{"name":"wp","href":"https:\/\/api.w.org\/{rel}","templated":true}]}}