{"id":55921,"date":"2024-02-14T11:24:21","date_gmt":"2024-02-14T09:24:21","guid":{"rendered":"https:\/\/infigogroup.com\/?post_type=product&#038;p=55921"},"modified":"2025-01-15T10:10:34","modified_gmt":"2025-01-15T08:10:34","slug":"tragetaschen-aus-kraftpapier-mit-kordel","status":"publish","type":"product","link":"https:\/\/infigogroup.com\/de\/artikel\/tragetaschen-aus-kraftpapier-mit-kordel\/","title":{"rendered":"Tragetaschen aus Kraftpapier mit Kordel"},"content":{"rendered":"<p><strong>Bedruckte Tragetaschen aus Kraftpapier mit Kordel &#8211; elegant und umweltfreundlich<\/strong><\/p>\n<p>Papierttragetaschen aus Kraftpapier mit Ihrem Logo strahlen Luxus aus und sind eine umweltfreundliche M\u00f6glichkeit, Ihr Unternehmen zu bewerben sowie Geschenke und Produkte zu verpacken.<\/p>\n<ul>\n<li><strong>Gr\u00f6\u00dfe:<\/strong> Nach Kundenwunsch<\/li>\n<li><strong>Material:<\/strong> Wei\u00dfes oder braunes Kraftpapier, optional auch FSC-zertifiziertes Papier verf\u00fcgbar<\/li>\n<li><strong>Laminierung:<\/strong> Ohne Laminierung<\/li>\n<li><strong>Extras:<\/strong> Hei\u00dffolienpr\u00e4gung, Pr\u00e4gung, Druck auf der Innenseite der Tasche, Satinb\u00e4nder zur Verschlie\u00dfung der Tasche usw.<\/li>\n<li><strong>Verst\u00e4rkungen:<\/strong> Kartonverst\u00e4rkungen am oberen Rand und am Boden<\/li>\n<li><strong>Griffe:<\/strong> Baumwoll- oder synthetische Kordeln; Satin-, Grosgrain- oder Baumwollb\u00e4nder<\/li>\n<li><strong>Bedruck:<\/strong> bedruckt mit Logo oder individuellem Aufdruck, 1\u20134 Farben (CMYK)<\/li>\n<li><strong>Bestellmenge:<\/strong> Ab 500 St\u00fcck<\/li>\n<\/ul>\n<p><strong>Kontaktieren Sie uns, um die Papiertragetasche mit Iherem Logo aus zu gestalten<\/strong><\/p>\n","protected":false},"excerpt":{"rendered":"<p>Bedruckte Tragetaschen aus Kraftpapier mit Kordel &#8211; elegant und umweltfreundlich Papierttragetaschen aus Kraftpapier mit Ihrem Logo strahlen Luxus aus und sind eine umweltfreundliche M\u00f6glichkeit, Ihr Unternehmen zu bewerben sowie Geschenke und Produkte zu verpacken. Gr\u00f6\u00dfe: Nach Kundenwunsch Material: Wei\u00dfes oder braunes Kraftpapier, optional auch FSC-zertifiziertes Papier verf\u00fcgbar Laminierung: Ohne Laminierung Extras: Hei\u00dffolienpr\u00e4gung, Pr\u00e4gung, Druck auf [&hellip;]<\/p>\n","protected":false},"featured_media":55934,"comment_status":"open","ping_status":"closed","template":"","meta":{"_acf_changed":false},"product_brand":[],"product_cat":[1159],"product_tag":[],"class_list":{"0":"post-55921","1":"product","2":"type-product","3":"status-publish","4":"has-post-thumbnail","6":"product_cat-papiertaschen-papiertueten-individuell-bedruckt","8":"first","9":"instock","10":"taxable","11":"shipping-taxable","12":"product-type-simple"},"acf":[],"yoast_head":"<!-- This site is optimized with the Yoast SEO plugin v27.5 - https:\/\/yoast.com\/product\/yoast-seo-wordpress\/ -->\n<title>Tragetaschen aus Kraftpapier mit Kordel - Infigo<\/title>\n<meta name=\"robots\" content=\"index, follow, max-snippet:-1, max-image-preview:large, max-video-preview:-1\" \/>\n<link rel=\"canonical\" href=\"https:\/\/infigogroup.com\/de\/artikel\/tragetaschen-aus-kraftpapier-mit-kordel\/\" \/>\n<meta property=\"og:locale\" content=\"de_DE\" \/>\n<meta property=\"og:type\" content=\"article\" \/>\n<meta property=\"og:title\" content=\"Tragetaschen aus Kraftpapier mit Kordel - Infigo\" \/>\n<meta property=\"og:description\" content=\"Bedruckte Tragetaschen aus Kraftpapier mit Kordel &#8211; elegant und umweltfreundlich Papierttragetaschen aus Kraftpapier mit Ihrem Logo strahlen Luxus aus und sind eine umweltfreundliche M\u00f6glichkeit, Ihr Unternehmen zu bewerben sowie Geschenke und Produkte zu verpacken. Gr\u00f6\u00dfe: Nach Kundenwunsch Material: Wei\u00dfes oder braunes Kraftpapier, optional auch FSC-zertifiziertes Papier verf\u00fcgbar Laminierung: Ohne Laminierung Extras: Hei\u00dffolienpr\u00e4gung, Pr\u00e4gung, Druck auf [&hellip;]\" \/>\n<meta property=\"og:url\" content=\"https:\/\/infigogroup.com\/de\/artikel\/tragetaschen-aus-kraftpapier-mit-kordel\/\" \/>\n<meta property=\"og:site_name\" content=\"Infigo\" \/>\n<meta property=\"article:modified_time\" content=\"2025-01-15T08:10:34+00:00\" \/>\n<meta property=\"og:image\" content=\"https:\/\/infigogroup.com\/wp-content\/uploads\/2024\/02\/print_paper-bag8.jpg\" \/>\n\t<meta property=\"og:image:width\" content=\"1485\" \/>\n\t<meta property=\"og:image:height\" content=\"1485\" \/>\n\t<meta property=\"og:image:type\" content=\"image\/jpeg\" \/>\n<meta name=\"twitter:card\" content=\"summary_large_image\" \/>\n<meta name=\"twitter:label1\" content=\"Gesch\u00e4tzte Lesezeit\" \/>\n\t<meta name=\"twitter:data1\" content=\"1\u00a0Minute\" \/>\n<script type=\"application\/ld+json\" class=\"yoast-schema-graph\">{\"@context\":\"https:\\\/\\\/schema.org\",\"@graph\":[{\"@type\":\"WebPage\",\"@id\":\"https:\\\/\\\/infigogroup.com\\\/de\\\/artikel\\\/tragetaschen-aus-kraftpapier-mit-kordel\\\/\",\"url\":\"https:\\\/\\\/infigogroup.com\\\/de\\\/artikel\\\/tragetaschen-aus-kraftpapier-mit-kordel\\\/\",\"name\":\"Tragetaschen aus Kraftpapier mit Kordel - Infigo\",\"isPartOf\":{\"@id\":\"https:\\\/\\\/infigogroup.com\\\/#website\"},\"primaryImageOfPage\":{\"@id\":\"https:\\\/\\\/infigogroup.com\\\/de\\\/artikel\\\/tragetaschen-aus-kraftpapier-mit-kordel\\\/#primaryimage\"},\"image\":{\"@id\":\"https:\\\/\\\/infigogroup.com\\\/de\\\/artikel\\\/tragetaschen-aus-kraftpapier-mit-kordel\\\/#primaryimage\"},\"thumbnailUrl\":\"https:\\\/\\\/infigogroup.com\\\/wp-content\\\/uploads\\\/2024\\\/02\\\/print_paper-bag8.jpg\",\"datePublished\":\"2024-02-14T09:24:21+00:00\",\"dateModified\":\"2025-01-15T08:10:34+00:00\",\"breadcrumb\":{\"@id\":\"https:\\\/\\\/infigogroup.com\\\/de\\\/artikel\\\/tragetaschen-aus-kraftpapier-mit-kordel\\\/#breadcrumb\"},\"inLanguage\":\"de\",\"potentialAction\":[{\"@type\":\"ReadAction\",\"target\":[\"https:\\\/\\\/infigogroup.com\\\/de\\\/artikel\\\/tragetaschen-aus-kraftpapier-mit-kordel\\\/\"]}]},{\"@type\":\"ImageObject\",\"inLanguage\":\"de\",\"@id\":\"https:\\\/\\\/infigogroup.com\\\/de\\\/artikel\\\/tragetaschen-aus-kraftpapier-mit-kordel\\\/#primaryimage\",\"url\":\"https:\\\/\\\/infigogroup.com\\\/wp-content\\\/uploads\\\/2024\\\/02\\\/print_paper-bag8.jpg\",\"contentUrl\":\"https:\\\/\\\/infigogroup.com\\\/wp-content\\\/uploads\\\/2024\\\/02\\\/print_paper-bag8.jpg\",\"width\":1485,\"height\":1485},{\"@type\":\"BreadcrumbList\",\"@id\":\"https:\\\/\\\/infigogroup.com\\\/de\\\/artikel\\\/tragetaschen-aus-kraftpapier-mit-kordel\\\/#breadcrumb\",\"itemListElement\":[{\"@type\":\"ListItem\",\"position\":1,\"name\":\"Home\",\"item\":\"https:\\\/\\\/infigogroup.com\\\/de\\\/\"},{\"@type\":\"ListItem\",\"position\":2,\"name\":\"Online-Shop\",\"item\":\"https:\\\/\\\/infigogroup.com\\\/de\\\/products\\\/\"},{\"@type\":\"ListItem\",\"position\":3,\"name\":\"Tragetaschen aus Kraftpapier mit Kordel\"}]},{\"@type\":\"WebSite\",\"@id\":\"https:\\\/\\\/infigogroup.com\\\/#website\",\"url\":\"https:\\\/\\\/infigogroup.com\\\/\",\"name\":\"Infigo Group\",\"description\":\"\",\"publisher\":{\"@id\":\"https:\\\/\\\/infigogroup.com\\\/#organization\"},\"potentialAction\":[{\"@type\":\"SearchAction\",\"target\":{\"@type\":\"EntryPoint\",\"urlTemplate\":\"https:\\\/\\\/infigogroup.com\\\/?s={search_term_string}\"},\"query-input\":{\"@type\":\"PropertyValueSpecification\",\"valueRequired\":true,\"valueName\":\"search_term_string\"}}],\"inLanguage\":\"de\"},{\"@type\":\"Organization\",\"@id\":\"https:\\\/\\\/infigogroup.com\\\/#organization\",\"name\":\"Infigo Group\",\"url\":\"https:\\\/\\\/infigogroup.com\\\/\",\"logo\":{\"@type\":\"ImageObject\",\"inLanguage\":\"de\",\"@id\":\"https:\\\/\\\/infigogroup.com\\\/#\\\/schema\\\/logo\\\/image\\\/\",\"url\":\"https:\\\/\\\/infigogroup.com\\\/wp-content\\\/uploads\\\/2023\\\/11\\\/logo-1.jpg\",\"contentUrl\":\"https:\\\/\\\/infigogroup.com\\\/wp-content\\\/uploads\\\/2023\\\/11\\\/logo-1.jpg\",\"width\":334,\"height\":114,\"caption\":\"Infigo Group\"},\"image\":{\"@id\":\"https:\\\/\\\/infigogroup.com\\\/#\\\/schema\\\/logo\\\/image\\\/\"}}]}<\/script>\n<!-- \/ Yoast SEO plugin. -->","yoast_head_json":{"title":"Tragetaschen aus Kraftpapier mit Kordel - Infigo","robots":{"index":"index","follow":"follow","max-snippet":"max-snippet:-1","max-image-preview":"max-image-preview:large","max-video-preview":"max-video-preview:-1"},"canonical":"https:\/\/infigogroup.com\/de\/artikel\/tragetaschen-aus-kraftpapier-mit-kordel\/","og_locale":"de_DE","og_type":"article","og_title":"Tragetaschen aus Kraftpapier mit Kordel - Infigo","og_description":"Bedruckte Tragetaschen aus Kraftpapier mit Kordel &#8211; elegant und umweltfreundlich Papierttragetaschen aus Kraftpapier mit Ihrem Logo strahlen Luxus aus und sind eine umweltfreundliche M\u00f6glichkeit, Ihr Unternehmen zu bewerben sowie Geschenke und Produkte zu verpacken. Gr\u00f6\u00dfe: Nach Kundenwunsch Material: Wei\u00dfes oder braunes Kraftpapier, optional auch FSC-zertifiziertes Papier verf\u00fcgbar Laminierung: Ohne Laminierung Extras: Hei\u00dffolienpr\u00e4gung, Pr\u00e4gung, Druck auf [&hellip;]","og_url":"https:\/\/infigogroup.com\/de\/artikel\/tragetaschen-aus-kraftpapier-mit-kordel\/","og_site_name":"Infigo","article_modified_time":"2025-01-15T08:10:34+00:00","og_image":[{"width":1485,"height":1485,"url":"https:\/\/infigogroup.com\/wp-content\/uploads\/2024\/02\/print_paper-bag8.jpg","type":"image\/jpeg"}],"twitter_card":"summary_large_image","twitter_misc":{"Gesch\u00e4tzte Lesezeit":"1\u00a0Minute"},"schema":{"@context":"https:\/\/schema.org","@graph":[{"@type":"WebPage","@id":"https:\/\/infigogroup.com\/de\/artikel\/tragetaschen-aus-kraftpapier-mit-kordel\/","url":"https:\/\/infigogroup.com\/de\/artikel\/tragetaschen-aus-kraftpapier-mit-kordel\/","name":"Tragetaschen aus Kraftpapier mit Kordel - Infigo","isPartOf":{"@id":"https:\/\/infigogroup.com\/#website"},"primaryImageOfPage":{"@id":"https:\/\/infigogroup.com\/de\/artikel\/tragetaschen-aus-kraftpapier-mit-kordel\/#primaryimage"},"image":{"@id":"https:\/\/infigogroup.com\/de\/artikel\/tragetaschen-aus-kraftpapier-mit-kordel\/#primaryimage"},"thumbnailUrl":"https:\/\/infigogroup.com\/wp-content\/uploads\/2024\/02\/print_paper-bag8.jpg","datePublished":"2024-02-14T09:24:21+00:00","dateModified":"2025-01-15T08:10:34+00:00","breadcrumb":{"@id":"https:\/\/infigogroup.com\/de\/artikel\/tragetaschen-aus-kraftpapier-mit-kordel\/#breadcrumb"},"inLanguage":"de","potentialAction":[{"@type":"ReadAction","target":["https:\/\/infigogroup.com\/de\/artikel\/tragetaschen-aus-kraftpapier-mit-kordel\/"]}]},{"@type":"ImageObject","inLanguage":"de","@id":"https:\/\/infigogroup.com\/de\/artikel\/tragetaschen-aus-kraftpapier-mit-kordel\/#primaryimage","url":"https:\/\/infigogroup.com\/wp-content\/uploads\/2024\/02\/print_paper-bag8.jpg","contentUrl":"https:\/\/infigogroup.com\/wp-content\/uploads\/2024\/02\/print_paper-bag8.jpg","width":1485,"height":1485},{"@type":"BreadcrumbList","@id":"https:\/\/infigogroup.com\/de\/artikel\/tragetaschen-aus-kraftpapier-mit-kordel\/#breadcrumb","itemListElement":[{"@type":"ListItem","position":1,"name":"Home","item":"https:\/\/infigogroup.com\/de\/"},{"@type":"ListItem","position":2,"name":"Online-Shop","item":"https:\/\/infigogroup.com\/de\/products\/"},{"@type":"ListItem","position":3,"name":"Tragetaschen aus Kraftpapier mit Kordel"}]},{"@type":"WebSite","@id":"https:\/\/infigogroup.com\/#website","url":"https:\/\/infigogroup.com\/","name":"Infigo Group","description":"","publisher":{"@id":"https:\/\/infigogroup.com\/#organization"},"potentialAction":[{"@type":"SearchAction","target":{"@type":"EntryPoint","urlTemplate":"https:\/\/infigogroup.com\/?s={search_term_string}"},"query-input":{"@type":"PropertyValueSpecification","valueRequired":true,"valueName":"search_term_string"}}],"inLanguage":"de"},{"@type":"Organization","@id":"https:\/\/infigogroup.com\/#organization","name":"Infigo Group","url":"https:\/\/infigogroup.com\/","logo":{"@type":"ImageObject","inLanguage":"de","@id":"https:\/\/infigogroup.com\/#\/schema\/logo\/image\/","url":"https:\/\/infigogroup.com\/wp-content\/uploads\/2023\/11\/logo-1.jpg","contentUrl":"https:\/\/infigogroup.com\/wp-content\/uploads\/2023\/11\/logo-1.jpg","width":334,"height":114,"caption":"Infigo Group"},"image":{"@id":"https:\/\/infigogroup.com\/#\/schema\/logo\/image\/"}}]}},"_links":{"self":[{"href":"https:\/\/infigogroup.com\/de\/wp-json\/wp\/v2\/product\/55921","targetHints":{"allow":["GET"]}}],"collection":[{"href":"https:\/\/infigogroup.com\/de\/wp-json\/wp\/v2\/product"}],"about":[{"href":"https:\/\/infigogroup.com\/de\/wp-json\/wp\/v2\/types\/product"}],"replies":[{"embeddable":true,"href":"https:\/\/infigogroup.com\/de\/wp-json\/wp\/v2\/comments?post=55921"}],"wp:featuredmedia":[{"embeddable":true,"href":"https:\/\/infigogroup.com\/de\/wp-json\/wp\/v2\/media\/55934"}],"wp:attachment":[{"href":"https:\/\/infigogroup.com\/de\/wp-json\/wp\/v2\/media?parent=55921"}],"wp:term":[{"taxonomy":"product_brand","embeddable":true,"href":"https:\/\/infigogroup.com\/de\/wp-json\/wp\/v2\/product_brand?post=55921"},{"taxonomy":"product_cat","embeddable":true,"href":"https:\/\/infigogroup.com\/de\/wp-json\/wp\/v2\/product_cat?post=55921"},{"taxonomy":"product_tag","embeddable":true,"href":"https:\/\/infigogroup.com\/de\/wp-json\/wp\/v2\/product_tag?post=55921"}],"curies":[{"name":"wp","href":"https:\/\/api.w.org\/{rel}","templated":true}]}}