{"id":55953,"date":"2024-02-14T11:27:28","date_gmt":"2024-02-14T09:27:28","guid":{"rendered":"https:\/\/infigogroup.com\/?post_type=product&#038;p=55953"},"modified":"2025-01-15T10:13:12","modified_gmt":"2025-01-15T08:13:12","slug":"papiertragetasche-mit-griffloch","status":"publish","type":"product","link":"https:\/\/infigogroup.com\/de\/artikel\/papiertragetasche-mit-griffloch\/","title":{"rendered":"Papiertragetasche mit Griffloch"},"content":{"rendered":"<p><strong>Bedruckte Papiertragetasche mit Griffloch<\/strong><\/p>\n<p>Papiertaschen mit Griffloch aus Kraftpapier oder laminiertem Papier eignen sich ideal als Geschenk- oder Produktverpackung. Wir bedrucken Papiertaschen mit Griffloch mit Ihrem Logo oder Wunschdesign<\/p>\n<ul>\n<li><strong>Gr\u00f6\u00dfe:<\/strong> Nach Kundenwunsch<\/li>\n<li><strong>Material:<\/strong> Verschiedene laminierte Papiere, wei\u00dfes oder braunes Kraftpapier, optional FSC-zertifiziert<\/li>\n<li><strong>Laminierung:<\/strong> Matt oder gl\u00e4nzend; Kraftpapier ohne Laminierung<\/li>\n<li><strong>Extras:<\/strong> Hei\u00dffolienpr\u00e4gung, UV-Lack, Pr\u00e4gung, Druck auf der Innenseite, Klappe, Verschlussband<\/li>\n<li><strong>Verst\u00e4rkungen:<\/strong> Kartonverst\u00e4rkungen am oberen Rand und am Boden<\/li>\n<li><strong>Griffe:<\/strong> Griffloch<\/li>\n<li><strong>Bedruck: bedruckt mit Logo oder individuellem Aufdruck, 1\u20134 Farben (CMYK) <\/strong><\/li>\n<\/ul>\n<ul>\n<li><strong>Bestellmenge:<\/strong> Ab 500 St\u00fcck<\/li>\n<\/ul>\n<p><strong>Kontaktieren Sie uns, um die Papiertragetasche mit Iherem Logo aus zu gestalten.<\/strong><\/p>\n","protected":false},"excerpt":{"rendered":"<p>Bedruckte Papiertragetasche mit Griffloch Papiertaschen mit Griffloch aus Kraftpapier oder laminiertem Papier eignen sich ideal als Geschenk- oder Produktverpackung. Wir bedrucken Papiertaschen mit Griffloch mit Ihrem Logo oder Wunschdesign Gr\u00f6\u00dfe: Nach Kundenwunsch Material: Verschiedene laminierte Papiere, wei\u00dfes oder braunes Kraftpapier, optional FSC-zertifiziert Laminierung: Matt oder gl\u00e4nzend; Kraftpapier ohne Laminierung Extras: Hei\u00dffolienpr\u00e4gung, UV-Lack, Pr\u00e4gung, Druck auf [&hellip;]<\/p>\n","protected":false},"featured_media":55963,"comment_status":"open","ping_status":"closed","template":"","meta":{"_acf_changed":false},"product_brand":[],"product_cat":[1159],"product_tag":[],"class_list":{"0":"post-55953","1":"product","2":"type-product","3":"status-publish","4":"has-post-thumbnail","6":"product_cat-papiertaschen-papiertueten-individuell-bedruckt","8":"first","9":"instock","10":"taxable","11":"shipping-taxable","12":"product-type-simple"},"acf":[],"yoast_head":"<!-- This site is optimized with the Yoast SEO plugin v27.5 - https:\/\/yoast.com\/product\/yoast-seo-wordpress\/ -->\n<title>Papiertragetasche mit Griffloch - Infigo<\/title>\n<meta name=\"robots\" content=\"index, follow, max-snippet:-1, max-image-preview:large, max-video-preview:-1\" \/>\n<link rel=\"canonical\" href=\"https:\/\/infigogroup.com\/de\/artikel\/papiertragetasche-mit-griffloch\/\" \/>\n<meta property=\"og:locale\" content=\"de_DE\" \/>\n<meta property=\"og:type\" content=\"article\" \/>\n<meta property=\"og:title\" content=\"Papiertragetasche mit Griffloch - Infigo\" \/>\n<meta property=\"og:description\" content=\"Bedruckte Papiertragetasche mit Griffloch Papiertaschen mit Griffloch aus Kraftpapier oder laminiertem Papier eignen sich ideal als Geschenk- oder Produktverpackung. Wir bedrucken Papiertaschen mit Griffloch mit Ihrem Logo oder Wunschdesign Gr\u00f6\u00dfe: Nach Kundenwunsch Material: Verschiedene laminierte Papiere, wei\u00dfes oder braunes Kraftpapier, optional FSC-zertifiziert Laminierung: Matt oder gl\u00e4nzend; Kraftpapier ohne Laminierung Extras: Hei\u00dffolienpr\u00e4gung, UV-Lack, Pr\u00e4gung, Druck auf [&hellip;]\" \/>\n<meta property=\"og:url\" content=\"https:\/\/infigogroup.com\/de\/artikel\/papiertragetasche-mit-griffloch\/\" \/>\n<meta property=\"og:site_name\" content=\"Infigo\" \/>\n<meta property=\"article:modified_time\" content=\"2025-01-15T08:13:12+00:00\" \/>\n<meta property=\"og:image\" content=\"https:\/\/infigogroup.com\/wp-content\/uploads\/2024\/02\/print_paper-bag3.jpg\" \/>\n\t<meta property=\"og:image:width\" content=\"1485\" \/>\n\t<meta property=\"og:image:height\" content=\"1485\" \/>\n\t<meta property=\"og:image:type\" content=\"image\/jpeg\" \/>\n<meta name=\"twitter:card\" content=\"summary_large_image\" \/>\n<meta name=\"twitter:label1\" content=\"Gesch\u00e4tzte Lesezeit\" \/>\n\t<meta name=\"twitter:data1\" content=\"1\u00a0Minute\" \/>\n<script type=\"application\/ld+json\" class=\"yoast-schema-graph\">{\"@context\":\"https:\\\/\\\/schema.org\",\"@graph\":[{\"@type\":\"WebPage\",\"@id\":\"https:\\\/\\\/infigogroup.com\\\/de\\\/artikel\\\/papiertragetasche-mit-griffloch\\\/\",\"url\":\"https:\\\/\\\/infigogroup.com\\\/de\\\/artikel\\\/papiertragetasche-mit-griffloch\\\/\",\"name\":\"Papiertragetasche mit Griffloch - Infigo\",\"isPartOf\":{\"@id\":\"https:\\\/\\\/infigogroup.com\\\/#website\"},\"primaryImageOfPage\":{\"@id\":\"https:\\\/\\\/infigogroup.com\\\/de\\\/artikel\\\/papiertragetasche-mit-griffloch\\\/#primaryimage\"},\"image\":{\"@id\":\"https:\\\/\\\/infigogroup.com\\\/de\\\/artikel\\\/papiertragetasche-mit-griffloch\\\/#primaryimage\"},\"thumbnailUrl\":\"https:\\\/\\\/infigogroup.com\\\/wp-content\\\/uploads\\\/2024\\\/02\\\/print_paper-bag3.jpg\",\"datePublished\":\"2024-02-14T09:27:28+00:00\",\"dateModified\":\"2025-01-15T08:13:12+00:00\",\"breadcrumb\":{\"@id\":\"https:\\\/\\\/infigogroup.com\\\/de\\\/artikel\\\/papiertragetasche-mit-griffloch\\\/#breadcrumb\"},\"inLanguage\":\"de\",\"potentialAction\":[{\"@type\":\"ReadAction\",\"target\":[\"https:\\\/\\\/infigogroup.com\\\/de\\\/artikel\\\/papiertragetasche-mit-griffloch\\\/\"]}]},{\"@type\":\"ImageObject\",\"inLanguage\":\"de\",\"@id\":\"https:\\\/\\\/infigogroup.com\\\/de\\\/artikel\\\/papiertragetasche-mit-griffloch\\\/#primaryimage\",\"url\":\"https:\\\/\\\/infigogroup.com\\\/wp-content\\\/uploads\\\/2024\\\/02\\\/print_paper-bag3.jpg\",\"contentUrl\":\"https:\\\/\\\/infigogroup.com\\\/wp-content\\\/uploads\\\/2024\\\/02\\\/print_paper-bag3.jpg\",\"width\":1485,\"height\":1485},{\"@type\":\"BreadcrumbList\",\"@id\":\"https:\\\/\\\/infigogroup.com\\\/de\\\/artikel\\\/papiertragetasche-mit-griffloch\\\/#breadcrumb\",\"itemListElement\":[{\"@type\":\"ListItem\",\"position\":1,\"name\":\"Home\",\"item\":\"https:\\\/\\\/infigogroup.com\\\/de\\\/\"},{\"@type\":\"ListItem\",\"position\":2,\"name\":\"Online-Shop\",\"item\":\"https:\\\/\\\/infigogroup.com\\\/de\\\/products\\\/\"},{\"@type\":\"ListItem\",\"position\":3,\"name\":\"Papiertragetasche mit Griffloch\"}]},{\"@type\":\"WebSite\",\"@id\":\"https:\\\/\\\/infigogroup.com\\\/#website\",\"url\":\"https:\\\/\\\/infigogroup.com\\\/\",\"name\":\"Infigo Group\",\"description\":\"\",\"publisher\":{\"@id\":\"https:\\\/\\\/infigogroup.com\\\/#organization\"},\"potentialAction\":[{\"@type\":\"SearchAction\",\"target\":{\"@type\":\"EntryPoint\",\"urlTemplate\":\"https:\\\/\\\/infigogroup.com\\\/?s={search_term_string}\"},\"query-input\":{\"@type\":\"PropertyValueSpecification\",\"valueRequired\":true,\"valueName\":\"search_term_string\"}}],\"inLanguage\":\"de\"},{\"@type\":\"Organization\",\"@id\":\"https:\\\/\\\/infigogroup.com\\\/#organization\",\"name\":\"Infigo Group\",\"url\":\"https:\\\/\\\/infigogroup.com\\\/\",\"logo\":{\"@type\":\"ImageObject\",\"inLanguage\":\"de\",\"@id\":\"https:\\\/\\\/infigogroup.com\\\/#\\\/schema\\\/logo\\\/image\\\/\",\"url\":\"https:\\\/\\\/infigogroup.com\\\/wp-content\\\/uploads\\\/2023\\\/11\\\/logo-1.jpg\",\"contentUrl\":\"https:\\\/\\\/infigogroup.com\\\/wp-content\\\/uploads\\\/2023\\\/11\\\/logo-1.jpg\",\"width\":334,\"height\":114,\"caption\":\"Infigo Group\"},\"image\":{\"@id\":\"https:\\\/\\\/infigogroup.com\\\/#\\\/schema\\\/logo\\\/image\\\/\"}}]}<\/script>\n<!-- \/ Yoast SEO plugin. -->","yoast_head_json":{"title":"Papiertragetasche mit Griffloch - Infigo","robots":{"index":"index","follow":"follow","max-snippet":"max-snippet:-1","max-image-preview":"max-image-preview:large","max-video-preview":"max-video-preview:-1"},"canonical":"https:\/\/infigogroup.com\/de\/artikel\/papiertragetasche-mit-griffloch\/","og_locale":"de_DE","og_type":"article","og_title":"Papiertragetasche mit Griffloch - Infigo","og_description":"Bedruckte Papiertragetasche mit Griffloch Papiertaschen mit Griffloch aus Kraftpapier oder laminiertem Papier eignen sich ideal als Geschenk- oder Produktverpackung. Wir bedrucken Papiertaschen mit Griffloch mit Ihrem Logo oder Wunschdesign Gr\u00f6\u00dfe: Nach Kundenwunsch Material: Verschiedene laminierte Papiere, wei\u00dfes oder braunes Kraftpapier, optional FSC-zertifiziert Laminierung: Matt oder gl\u00e4nzend; Kraftpapier ohne Laminierung Extras: Hei\u00dffolienpr\u00e4gung, UV-Lack, Pr\u00e4gung, Druck auf [&hellip;]","og_url":"https:\/\/infigogroup.com\/de\/artikel\/papiertragetasche-mit-griffloch\/","og_site_name":"Infigo","article_modified_time":"2025-01-15T08:13:12+00:00","og_image":[{"width":1485,"height":1485,"url":"https:\/\/infigogroup.com\/wp-content\/uploads\/2024\/02\/print_paper-bag3.jpg","type":"image\/jpeg"}],"twitter_card":"summary_large_image","twitter_misc":{"Gesch\u00e4tzte Lesezeit":"1\u00a0Minute"},"schema":{"@context":"https:\/\/schema.org","@graph":[{"@type":"WebPage","@id":"https:\/\/infigogroup.com\/de\/artikel\/papiertragetasche-mit-griffloch\/","url":"https:\/\/infigogroup.com\/de\/artikel\/papiertragetasche-mit-griffloch\/","name":"Papiertragetasche mit Griffloch - Infigo","isPartOf":{"@id":"https:\/\/infigogroup.com\/#website"},"primaryImageOfPage":{"@id":"https:\/\/infigogroup.com\/de\/artikel\/papiertragetasche-mit-griffloch\/#primaryimage"},"image":{"@id":"https:\/\/infigogroup.com\/de\/artikel\/papiertragetasche-mit-griffloch\/#primaryimage"},"thumbnailUrl":"https:\/\/infigogroup.com\/wp-content\/uploads\/2024\/02\/print_paper-bag3.jpg","datePublished":"2024-02-14T09:27:28+00:00","dateModified":"2025-01-15T08:13:12+00:00","breadcrumb":{"@id":"https:\/\/infigogroup.com\/de\/artikel\/papiertragetasche-mit-griffloch\/#breadcrumb"},"inLanguage":"de","potentialAction":[{"@type":"ReadAction","target":["https:\/\/infigogroup.com\/de\/artikel\/papiertragetasche-mit-griffloch\/"]}]},{"@type":"ImageObject","inLanguage":"de","@id":"https:\/\/infigogroup.com\/de\/artikel\/papiertragetasche-mit-griffloch\/#primaryimage","url":"https:\/\/infigogroup.com\/wp-content\/uploads\/2024\/02\/print_paper-bag3.jpg","contentUrl":"https:\/\/infigogroup.com\/wp-content\/uploads\/2024\/02\/print_paper-bag3.jpg","width":1485,"height":1485},{"@type":"BreadcrumbList","@id":"https:\/\/infigogroup.com\/de\/artikel\/papiertragetasche-mit-griffloch\/#breadcrumb","itemListElement":[{"@type":"ListItem","position":1,"name":"Home","item":"https:\/\/infigogroup.com\/de\/"},{"@type":"ListItem","position":2,"name":"Online-Shop","item":"https:\/\/infigogroup.com\/de\/products\/"},{"@type":"ListItem","position":3,"name":"Papiertragetasche mit Griffloch"}]},{"@type":"WebSite","@id":"https:\/\/infigogroup.com\/#website","url":"https:\/\/infigogroup.com\/","name":"Infigo Group","description":"","publisher":{"@id":"https:\/\/infigogroup.com\/#organization"},"potentialAction":[{"@type":"SearchAction","target":{"@type":"EntryPoint","urlTemplate":"https:\/\/infigogroup.com\/?s={search_term_string}"},"query-input":{"@type":"PropertyValueSpecification","valueRequired":true,"valueName":"search_term_string"}}],"inLanguage":"de"},{"@type":"Organization","@id":"https:\/\/infigogroup.com\/#organization","name":"Infigo Group","url":"https:\/\/infigogroup.com\/","logo":{"@type":"ImageObject","inLanguage":"de","@id":"https:\/\/infigogroup.com\/#\/schema\/logo\/image\/","url":"https:\/\/infigogroup.com\/wp-content\/uploads\/2023\/11\/logo-1.jpg","contentUrl":"https:\/\/infigogroup.com\/wp-content\/uploads\/2023\/11\/logo-1.jpg","width":334,"height":114,"caption":"Infigo Group"},"image":{"@id":"https:\/\/infigogroup.com\/#\/schema\/logo\/image\/"}}]}},"_links":{"self":[{"href":"https:\/\/infigogroup.com\/de\/wp-json\/wp\/v2\/product\/55953","targetHints":{"allow":["GET"]}}],"collection":[{"href":"https:\/\/infigogroup.com\/de\/wp-json\/wp\/v2\/product"}],"about":[{"href":"https:\/\/infigogroup.com\/de\/wp-json\/wp\/v2\/types\/product"}],"replies":[{"embeddable":true,"href":"https:\/\/infigogroup.com\/de\/wp-json\/wp\/v2\/comments?post=55953"}],"wp:featuredmedia":[{"embeddable":true,"href":"https:\/\/infigogroup.com\/de\/wp-json\/wp\/v2\/media\/55963"}],"wp:attachment":[{"href":"https:\/\/infigogroup.com\/de\/wp-json\/wp\/v2\/media?parent=55953"}],"wp:term":[{"taxonomy":"product_brand","embeddable":true,"href":"https:\/\/infigogroup.com\/de\/wp-json\/wp\/v2\/product_brand?post=55953"},{"taxonomy":"product_cat","embeddable":true,"href":"https:\/\/infigogroup.com\/de\/wp-json\/wp\/v2\/product_cat?post=55953"},{"taxonomy":"product_tag","embeddable":true,"href":"https:\/\/infigogroup.com\/de\/wp-json\/wp\/v2\/product_tag?post=55953"}],"curies":[{"name":"wp","href":"https:\/\/api.w.org\/{rel}","templated":true}]}}