{"id":55964,"date":"2024-02-14T11:36:56","date_gmt":"2024-02-14T09:36:56","guid":{"rendered":"https:\/\/infigogroup.com\/?post_type=product&#038;p=55964"},"modified":"2025-01-15T10:14:23","modified_gmt":"2025-01-15T08:14:23","slug":"papiertueten-papierbeutel","status":"publish","type":"product","link":"https:\/\/infigogroup.com\/de\/artikel\/papiertueten-papierbeutel\/","title":{"rendered":"Papiert\u00fcten. Papierbeutel"},"content":{"rendered":"<p><strong>Papiert\u00fcten mit Ihrem individuellen Aufdruck<\/strong><\/p>\n<p>Wir bieten zwei Varianten henkelloser Papiert\u00fcten an: Bodenbeutel mit stabilen Klotzboden und Seitenfaltenbeutel ohne Boden.<\/p>\n<ul>\n<li><strong>Bedruckte <\/strong><strong>Bodenbeutel:<\/strong> Ideal f\u00fcr die Verpackung von Sch\u00fcttg\u00fctern, Mehl, Keksen und anderen Lebensmitteln sowie als Take-away-T\u00fcten.<\/li>\n<li><strong>Bedruckte<\/strong><strong> Seitenfaltenbeutel <\/strong><strong>(auch genannt als <\/strong><strong><b>Br\u00f6tchent\u00fcte<\/b><\/strong><strong> mit eigenem Aufdruck oder <\/strong><strong><b>B\u00e4ckert\u00fcte<\/b><\/strong><strong> mit eigenem Logo)<\/strong><strong>:<\/strong> Geeignet f\u00fcr die Verpackung von Brot, Geb\u00e4ck und \u00e4hnlichen Produkten.<\/li>\n<\/ul>\n<p>Bodenbeutel und Faltenbeutel mit Logo eignen sich auch hervorragend f\u00fcr Kosmetikprodukte, Heiltees, Souvenirs, Schmuck, Socken und vieles mehr.<\/p>\n<ul>\n<li><strong>Gr\u00f6\u00dfe:<\/strong> Nach Kundenwunsch<\/li>\n<li><strong>Material:<\/strong> Wei\u00dfes oder braunes Kraftpapier, fettresistentes PE-laminiertes oder greaseproof Papier, optional FSC-zertifiziert<\/li>\n<li><strong>Extras:<\/strong> Sichtfenster aus Folie oder Papier, Aufh\u00e4ngel\u00f6cher<\/li>\n<li><strong>Bedruck: <\/strong><strong>bedruckt mit Logo oder individuellem Aufdruck, 1\u20134 Farben (CMYK) <\/strong><\/li>\n<li><strong>Bestellmenge:<\/strong> Ab 1.000 St\u00fcck<\/li>\n<\/ul>\n<p><strong>Kontaktieren Sie uns, um Ihre perfekten Verpackungsl\u00f6sungen zu gestalten<\/strong><\/p>\n","protected":false},"excerpt":{"rendered":"<p>Papiert\u00fcten mit Ihrem individuellen Aufdruck Wir bieten zwei Varianten henkelloser Papiert\u00fcten an: Bodenbeutel mit stabilen Klotzboden und Seitenfaltenbeutel ohne Boden. Bedruckte Bodenbeutel: Ideal f\u00fcr die Verpackung von Sch\u00fcttg\u00fctern, Mehl, Keksen und anderen Lebensmitteln sowie als Take-away-T\u00fcten. Bedruckte Seitenfaltenbeutel (auch genannt als Br\u00f6tchent\u00fcte mit eigenem Aufdruck oder B\u00e4ckert\u00fcte mit eigenem Logo): Geeignet f\u00fcr die Verpackung von [&hellip;]<\/p>\n","protected":false},"featured_media":55981,"comment_status":"open","ping_status":"closed","template":"","meta":{"_acf_changed":false},"product_brand":[],"product_cat":[1159],"product_tag":[],"class_list":{"0":"post-55964","1":"product","2":"type-product","3":"status-publish","4":"has-post-thumbnail","6":"product_cat-papiertaschen-papiertueten-individuell-bedruckt","8":"first","9":"instock","10":"taxable","11":"shipping-taxable","12":"product-type-simple"},"acf":[],"yoast_head":"<!-- This site is optimized with the Yoast SEO plugin v27.5 - https:\/\/yoast.com\/product\/yoast-seo-wordpress\/ -->\n<title>Papiert\u00fcten. Papierbeutel - Infigo<\/title>\n<meta name=\"robots\" content=\"index, follow, max-snippet:-1, max-image-preview:large, max-video-preview:-1\" \/>\n<link rel=\"canonical\" href=\"https:\/\/infigogroup.com\/de\/artikel\/papiertueten-papierbeutel\/\" \/>\n<meta property=\"og:locale\" content=\"de_DE\" \/>\n<meta property=\"og:type\" content=\"article\" \/>\n<meta property=\"og:title\" content=\"Papiert\u00fcten. Papierbeutel - Infigo\" \/>\n<meta property=\"og:description\" content=\"Papiert\u00fcten mit Ihrem individuellen Aufdruck Wir bieten zwei Varianten henkelloser Papiert\u00fcten an: Bodenbeutel mit stabilen Klotzboden und Seitenfaltenbeutel ohne Boden. Bedruckte Bodenbeutel: Ideal f\u00fcr die Verpackung von Sch\u00fcttg\u00fctern, Mehl, Keksen und anderen Lebensmitteln sowie als Take-away-T\u00fcten. Bedruckte Seitenfaltenbeutel (auch genannt als Br\u00f6tchent\u00fcte mit eigenem Aufdruck oder B\u00e4ckert\u00fcte mit eigenem Logo): Geeignet f\u00fcr die Verpackung von [&hellip;]\" \/>\n<meta property=\"og:url\" content=\"https:\/\/infigogroup.com\/de\/artikel\/papiertueten-papierbeutel\/\" \/>\n<meta property=\"og:site_name\" content=\"Infigo\" \/>\n<meta property=\"article:modified_time\" content=\"2025-01-15T08:14:23+00:00\" \/>\n<meta property=\"og:image\" content=\"https:\/\/infigogroup.com\/wp-content\/uploads\/2024\/02\/print_paper-bag6.jpg\" \/>\n\t<meta property=\"og:image:width\" content=\"1485\" \/>\n\t<meta property=\"og:image:height\" content=\"1485\" \/>\n\t<meta property=\"og:image:type\" content=\"image\/jpeg\" \/>\n<meta name=\"twitter:card\" content=\"summary_large_image\" \/>\n<meta name=\"twitter:label1\" content=\"Gesch\u00e4tzte Lesezeit\" \/>\n\t<meta name=\"twitter:data1\" content=\"1\u00a0Minute\" \/>\n<script type=\"application\/ld+json\" class=\"yoast-schema-graph\">{\"@context\":\"https:\\\/\\\/schema.org\",\"@graph\":[{\"@type\":\"WebPage\",\"@id\":\"https:\\\/\\\/infigogroup.com\\\/de\\\/artikel\\\/papiertueten-papierbeutel\\\/\",\"url\":\"https:\\\/\\\/infigogroup.com\\\/de\\\/artikel\\\/papiertueten-papierbeutel\\\/\",\"name\":\"Papiert\u00fcten. Papierbeutel - Infigo\",\"isPartOf\":{\"@id\":\"https:\\\/\\\/infigogroup.com\\\/#website\"},\"primaryImageOfPage\":{\"@id\":\"https:\\\/\\\/infigogroup.com\\\/de\\\/artikel\\\/papiertueten-papierbeutel\\\/#primaryimage\"},\"image\":{\"@id\":\"https:\\\/\\\/infigogroup.com\\\/de\\\/artikel\\\/papiertueten-papierbeutel\\\/#primaryimage\"},\"thumbnailUrl\":\"https:\\\/\\\/infigogroup.com\\\/wp-content\\\/uploads\\\/2024\\\/02\\\/print_paper-bag6.jpg\",\"datePublished\":\"2024-02-14T09:36:56+00:00\",\"dateModified\":\"2025-01-15T08:14:23+00:00\",\"breadcrumb\":{\"@id\":\"https:\\\/\\\/infigogroup.com\\\/de\\\/artikel\\\/papiertueten-papierbeutel\\\/#breadcrumb\"},\"inLanguage\":\"de\",\"potentialAction\":[{\"@type\":\"ReadAction\",\"target\":[\"https:\\\/\\\/infigogroup.com\\\/de\\\/artikel\\\/papiertueten-papierbeutel\\\/\"]}]},{\"@type\":\"ImageObject\",\"inLanguage\":\"de\",\"@id\":\"https:\\\/\\\/infigogroup.com\\\/de\\\/artikel\\\/papiertueten-papierbeutel\\\/#primaryimage\",\"url\":\"https:\\\/\\\/infigogroup.com\\\/wp-content\\\/uploads\\\/2024\\\/02\\\/print_paper-bag6.jpg\",\"contentUrl\":\"https:\\\/\\\/infigogroup.com\\\/wp-content\\\/uploads\\\/2024\\\/02\\\/print_paper-bag6.jpg\",\"width\":1485,\"height\":1485},{\"@type\":\"BreadcrumbList\",\"@id\":\"https:\\\/\\\/infigogroup.com\\\/de\\\/artikel\\\/papiertueten-papierbeutel\\\/#breadcrumb\",\"itemListElement\":[{\"@type\":\"ListItem\",\"position\":1,\"name\":\"Home\",\"item\":\"https:\\\/\\\/infigogroup.com\\\/de\\\/\"},{\"@type\":\"ListItem\",\"position\":2,\"name\":\"Online-Shop\",\"item\":\"https:\\\/\\\/infigogroup.com\\\/de\\\/products\\\/\"},{\"@type\":\"ListItem\",\"position\":3,\"name\":\"Papiert\u00fcten. Papierbeutel\"}]},{\"@type\":\"WebSite\",\"@id\":\"https:\\\/\\\/infigogroup.com\\\/#website\",\"url\":\"https:\\\/\\\/infigogroup.com\\\/\",\"name\":\"Infigo Group\",\"description\":\"\",\"publisher\":{\"@id\":\"https:\\\/\\\/infigogroup.com\\\/#organization\"},\"potentialAction\":[{\"@type\":\"SearchAction\",\"target\":{\"@type\":\"EntryPoint\",\"urlTemplate\":\"https:\\\/\\\/infigogroup.com\\\/?s={search_term_string}\"},\"query-input\":{\"@type\":\"PropertyValueSpecification\",\"valueRequired\":true,\"valueName\":\"search_term_string\"}}],\"inLanguage\":\"de\"},{\"@type\":\"Organization\",\"@id\":\"https:\\\/\\\/infigogroup.com\\\/#organization\",\"name\":\"Infigo Group\",\"url\":\"https:\\\/\\\/infigogroup.com\\\/\",\"logo\":{\"@type\":\"ImageObject\",\"inLanguage\":\"de\",\"@id\":\"https:\\\/\\\/infigogroup.com\\\/#\\\/schema\\\/logo\\\/image\\\/\",\"url\":\"https:\\\/\\\/infigogroup.com\\\/wp-content\\\/uploads\\\/2023\\\/11\\\/logo-1.jpg\",\"contentUrl\":\"https:\\\/\\\/infigogroup.com\\\/wp-content\\\/uploads\\\/2023\\\/11\\\/logo-1.jpg\",\"width\":334,\"height\":114,\"caption\":\"Infigo Group\"},\"image\":{\"@id\":\"https:\\\/\\\/infigogroup.com\\\/#\\\/schema\\\/logo\\\/image\\\/\"}}]}<\/script>\n<!-- \/ Yoast SEO plugin. -->","yoast_head_json":{"title":"Papiert\u00fcten. Papierbeutel - Infigo","robots":{"index":"index","follow":"follow","max-snippet":"max-snippet:-1","max-image-preview":"max-image-preview:large","max-video-preview":"max-video-preview:-1"},"canonical":"https:\/\/infigogroup.com\/de\/artikel\/papiertueten-papierbeutel\/","og_locale":"de_DE","og_type":"article","og_title":"Papiert\u00fcten. Papierbeutel - Infigo","og_description":"Papiert\u00fcten mit Ihrem individuellen Aufdruck Wir bieten zwei Varianten henkelloser Papiert\u00fcten an: Bodenbeutel mit stabilen Klotzboden und Seitenfaltenbeutel ohne Boden. Bedruckte Bodenbeutel: Ideal f\u00fcr die Verpackung von Sch\u00fcttg\u00fctern, Mehl, Keksen und anderen Lebensmitteln sowie als Take-away-T\u00fcten. Bedruckte Seitenfaltenbeutel (auch genannt als Br\u00f6tchent\u00fcte mit eigenem Aufdruck oder B\u00e4ckert\u00fcte mit eigenem Logo): Geeignet f\u00fcr die Verpackung von [&hellip;]","og_url":"https:\/\/infigogroup.com\/de\/artikel\/papiertueten-papierbeutel\/","og_site_name":"Infigo","article_modified_time":"2025-01-15T08:14:23+00:00","og_image":[{"width":1485,"height":1485,"url":"https:\/\/infigogroup.com\/wp-content\/uploads\/2024\/02\/print_paper-bag6.jpg","type":"image\/jpeg"}],"twitter_card":"summary_large_image","twitter_misc":{"Gesch\u00e4tzte Lesezeit":"1\u00a0Minute"},"schema":{"@context":"https:\/\/schema.org","@graph":[{"@type":"WebPage","@id":"https:\/\/infigogroup.com\/de\/artikel\/papiertueten-papierbeutel\/","url":"https:\/\/infigogroup.com\/de\/artikel\/papiertueten-papierbeutel\/","name":"Papiert\u00fcten. Papierbeutel - Infigo","isPartOf":{"@id":"https:\/\/infigogroup.com\/#website"},"primaryImageOfPage":{"@id":"https:\/\/infigogroup.com\/de\/artikel\/papiertueten-papierbeutel\/#primaryimage"},"image":{"@id":"https:\/\/infigogroup.com\/de\/artikel\/papiertueten-papierbeutel\/#primaryimage"},"thumbnailUrl":"https:\/\/infigogroup.com\/wp-content\/uploads\/2024\/02\/print_paper-bag6.jpg","datePublished":"2024-02-14T09:36:56+00:00","dateModified":"2025-01-15T08:14:23+00:00","breadcrumb":{"@id":"https:\/\/infigogroup.com\/de\/artikel\/papiertueten-papierbeutel\/#breadcrumb"},"inLanguage":"de","potentialAction":[{"@type":"ReadAction","target":["https:\/\/infigogroup.com\/de\/artikel\/papiertueten-papierbeutel\/"]}]},{"@type":"ImageObject","inLanguage":"de","@id":"https:\/\/infigogroup.com\/de\/artikel\/papiertueten-papierbeutel\/#primaryimage","url":"https:\/\/infigogroup.com\/wp-content\/uploads\/2024\/02\/print_paper-bag6.jpg","contentUrl":"https:\/\/infigogroup.com\/wp-content\/uploads\/2024\/02\/print_paper-bag6.jpg","width":1485,"height":1485},{"@type":"BreadcrumbList","@id":"https:\/\/infigogroup.com\/de\/artikel\/papiertueten-papierbeutel\/#breadcrumb","itemListElement":[{"@type":"ListItem","position":1,"name":"Home","item":"https:\/\/infigogroup.com\/de\/"},{"@type":"ListItem","position":2,"name":"Online-Shop","item":"https:\/\/infigogroup.com\/de\/products\/"},{"@type":"ListItem","position":3,"name":"Papiert\u00fcten. Papierbeutel"}]},{"@type":"WebSite","@id":"https:\/\/infigogroup.com\/#website","url":"https:\/\/infigogroup.com\/","name":"Infigo Group","description":"","publisher":{"@id":"https:\/\/infigogroup.com\/#organization"},"potentialAction":[{"@type":"SearchAction","target":{"@type":"EntryPoint","urlTemplate":"https:\/\/infigogroup.com\/?s={search_term_string}"},"query-input":{"@type":"PropertyValueSpecification","valueRequired":true,"valueName":"search_term_string"}}],"inLanguage":"de"},{"@type":"Organization","@id":"https:\/\/infigogroup.com\/#organization","name":"Infigo Group","url":"https:\/\/infigogroup.com\/","logo":{"@type":"ImageObject","inLanguage":"de","@id":"https:\/\/infigogroup.com\/#\/schema\/logo\/image\/","url":"https:\/\/infigogroup.com\/wp-content\/uploads\/2023\/11\/logo-1.jpg","contentUrl":"https:\/\/infigogroup.com\/wp-content\/uploads\/2023\/11\/logo-1.jpg","width":334,"height":114,"caption":"Infigo Group"},"image":{"@id":"https:\/\/infigogroup.com\/#\/schema\/logo\/image\/"}}]}},"_links":{"self":[{"href":"https:\/\/infigogroup.com\/de\/wp-json\/wp\/v2\/product\/55964","targetHints":{"allow":["GET"]}}],"collection":[{"href":"https:\/\/infigogroup.com\/de\/wp-json\/wp\/v2\/product"}],"about":[{"href":"https:\/\/infigogroup.com\/de\/wp-json\/wp\/v2\/types\/product"}],"replies":[{"embeddable":true,"href":"https:\/\/infigogroup.com\/de\/wp-json\/wp\/v2\/comments?post=55964"}],"wp:featuredmedia":[{"embeddable":true,"href":"https:\/\/infigogroup.com\/de\/wp-json\/wp\/v2\/media\/55981"}],"wp:attachment":[{"href":"https:\/\/infigogroup.com\/de\/wp-json\/wp\/v2\/media?parent=55964"}],"wp:term":[{"taxonomy":"product_brand","embeddable":true,"href":"https:\/\/infigogroup.com\/de\/wp-json\/wp\/v2\/product_brand?post=55964"},{"taxonomy":"product_cat","embeddable":true,"href":"https:\/\/infigogroup.com\/de\/wp-json\/wp\/v2\/product_cat?post=55964"},{"taxonomy":"product_tag","embeddable":true,"href":"https:\/\/infigogroup.com\/de\/wp-json\/wp\/v2\/product_tag?post=55964"}],"curies":[{"name":"wp","href":"https:\/\/api.w.org\/{rel}","templated":true}]}}