{"id":55982,"date":"2024-02-14T11:30:05","date_gmt":"2024-02-14T09:30:05","guid":{"rendered":"https:\/\/infigogroup.com\/?post_type=product&#038;p=55982"},"modified":"2025-01-15T10:15:51","modified_gmt":"2025-01-15T08:15:51","slug":"papiertaschen-mit-gedrehten-papiergriffen","status":"publish","type":"product","link":"https:\/\/infigogroup.com\/de\/artikel\/papiertaschen-mit-gedrehten-papiergriffen\/","title":{"rendered":"Papiertaschen mit gedrehten Papiergriffen"},"content":{"rendered":"<div class=\"moz-text-html\" lang=\"x-unicode\">\n<p><strong>Individuell bedruckte Papiertaschen mit gedrehten Papiergriffen<\/strong><\/p>\n<p>Bedruckte Papiertragetaschen mit gedrehten Papierkordel z\u00e4hlen zu den beliebtesten L\u00f6sungen f\u00fcr den Einsatz im Laden. Papiertaschen mit Logo eignen sich hervorragend zur Werbung f\u00fcr Ihr Unternehmen und sind auch ideal zum Verpacken von Geschenken.<\/p>\n<ul>\n<li><strong>Gr\u00f6\u00dfe:<\/strong> Nach Kundenwunsch<\/li>\n<li><strong>Material:<\/strong> Wei\u00dfes oder braunes Kraftpapier, optional FSC-zertifiziert<\/li>\n<li><strong>Extras:<\/strong> Hei\u00dffolienpr\u00e4gung<\/li>\n<li><strong>Griffe:<\/strong> Gedrehte Papierkordel oder Baumwollkordelgriffe<\/li>\n<li><strong>Bedruck: <\/strong><strong>bedruckt mit Logo oder individuellem Aufdruck, 1\u20134 Farben (CMYK) <\/strong><\/li>\n<li><strong>Bestellmenge:<\/strong> Ab 250 St\u00fcck<\/li>\n<\/ul>\n<\/div>\n","protected":false},"excerpt":{"rendered":"<p>Individuell bedruckte Papiertaschen mit gedrehten Papiergriffen Bedruckte Papiertragetaschen mit gedrehten Papierkordel z\u00e4hlen zu den beliebtesten L\u00f6sungen f\u00fcr den Einsatz im Laden. Papiertaschen mit Logo eignen sich hervorragend zur Werbung f\u00fcr Ihr Unternehmen und sind auch ideal zum Verpacken von Geschenken. Gr\u00f6\u00dfe: Nach Kundenwunsch Material: Wei\u00dfes oder braunes Kraftpapier, optional FSC-zertifiziert Extras: Hei\u00dffolienpr\u00e4gung Griffe: Gedrehte Papierkordel [&hellip;]<\/p>\n","protected":false},"featured_media":55996,"comment_status":"open","ping_status":"closed","template":"","meta":{"_acf_changed":false},"product_brand":[],"product_cat":[1159],"product_tag":[],"class_list":{"0":"post-55982","1":"product","2":"type-product","3":"status-publish","4":"has-post-thumbnail","6":"product_cat-papiertaschen-papiertueten-individuell-bedruckt","8":"first","9":"instock","10":"taxable","11":"shipping-taxable","12":"product-type-simple"},"acf":[],"yoast_head":"<!-- This site is optimized with the Yoast SEO plugin v27.5 - https:\/\/yoast.com\/product\/yoast-seo-wordpress\/ -->\n<title>Papiertaschen mit gedrehten Papiergriffen - Infigo<\/title>\n<meta name=\"robots\" content=\"index, follow, max-snippet:-1, max-image-preview:large, max-video-preview:-1\" \/>\n<link rel=\"canonical\" href=\"https:\/\/infigogroup.com\/de\/artikel\/papiertaschen-mit-gedrehten-papiergriffen\/\" \/>\n<meta property=\"og:locale\" content=\"de_DE\" \/>\n<meta property=\"og:type\" content=\"article\" \/>\n<meta property=\"og:title\" content=\"Papiertaschen mit gedrehten Papiergriffen - Infigo\" \/>\n<meta property=\"og:description\" content=\"Individuell bedruckte Papiertaschen mit gedrehten Papiergriffen Bedruckte Papiertragetaschen mit gedrehten Papierkordel z\u00e4hlen zu den beliebtesten L\u00f6sungen f\u00fcr den Einsatz im Laden. Papiertaschen mit Logo eignen sich hervorragend zur Werbung f\u00fcr Ihr Unternehmen und sind auch ideal zum Verpacken von Geschenken. Gr\u00f6\u00dfe: Nach Kundenwunsch Material: Wei\u00dfes oder braunes Kraftpapier, optional FSC-zertifiziert Extras: Hei\u00dffolienpr\u00e4gung Griffe: Gedrehte Papierkordel [&hellip;]\" \/>\n<meta property=\"og:url\" content=\"https:\/\/infigogroup.com\/de\/artikel\/papiertaschen-mit-gedrehten-papiergriffen\/\" \/>\n<meta property=\"og:site_name\" content=\"Infigo\" \/>\n<meta property=\"article:modified_time\" content=\"2025-01-15T08:15:51+00:00\" \/>\n<meta property=\"og:image\" content=\"https:\/\/infigogroup.com\/wp-content\/uploads\/2024\/02\/print_paper-bag4.jpg\" \/>\n\t<meta property=\"og:image:width\" content=\"1485\" \/>\n\t<meta property=\"og:image:height\" content=\"1485\" \/>\n\t<meta property=\"og:image:type\" content=\"image\/jpeg\" \/>\n<meta name=\"twitter:card\" content=\"summary_large_image\" \/>\n<meta name=\"twitter:label1\" content=\"Gesch\u00e4tzte Lesezeit\" \/>\n\t<meta name=\"twitter:data1\" content=\"1\u00a0Minute\" \/>\n<script type=\"application\/ld+json\" class=\"yoast-schema-graph\">{\"@context\":\"https:\\\/\\\/schema.org\",\"@graph\":[{\"@type\":\"WebPage\",\"@id\":\"https:\\\/\\\/infigogroup.com\\\/de\\\/artikel\\\/papiertaschen-mit-gedrehten-papiergriffen\\\/\",\"url\":\"https:\\\/\\\/infigogroup.com\\\/de\\\/artikel\\\/papiertaschen-mit-gedrehten-papiergriffen\\\/\",\"name\":\"Papiertaschen mit gedrehten Papiergriffen - Infigo\",\"isPartOf\":{\"@id\":\"https:\\\/\\\/infigogroup.com\\\/#website\"},\"primaryImageOfPage\":{\"@id\":\"https:\\\/\\\/infigogroup.com\\\/de\\\/artikel\\\/papiertaschen-mit-gedrehten-papiergriffen\\\/#primaryimage\"},\"image\":{\"@id\":\"https:\\\/\\\/infigogroup.com\\\/de\\\/artikel\\\/papiertaschen-mit-gedrehten-papiergriffen\\\/#primaryimage\"},\"thumbnailUrl\":\"https:\\\/\\\/infigogroup.com\\\/wp-content\\\/uploads\\\/2024\\\/02\\\/print_paper-bag4.jpg\",\"datePublished\":\"2024-02-14T09:30:05+00:00\",\"dateModified\":\"2025-01-15T08:15:51+00:00\",\"breadcrumb\":{\"@id\":\"https:\\\/\\\/infigogroup.com\\\/de\\\/artikel\\\/papiertaschen-mit-gedrehten-papiergriffen\\\/#breadcrumb\"},\"inLanguage\":\"de\",\"potentialAction\":[{\"@type\":\"ReadAction\",\"target\":[\"https:\\\/\\\/infigogroup.com\\\/de\\\/artikel\\\/papiertaschen-mit-gedrehten-papiergriffen\\\/\"]}]},{\"@type\":\"ImageObject\",\"inLanguage\":\"de\",\"@id\":\"https:\\\/\\\/infigogroup.com\\\/de\\\/artikel\\\/papiertaschen-mit-gedrehten-papiergriffen\\\/#primaryimage\",\"url\":\"https:\\\/\\\/infigogroup.com\\\/wp-content\\\/uploads\\\/2024\\\/02\\\/print_paper-bag4.jpg\",\"contentUrl\":\"https:\\\/\\\/infigogroup.com\\\/wp-content\\\/uploads\\\/2024\\\/02\\\/print_paper-bag4.jpg\",\"width\":1485,\"height\":1485},{\"@type\":\"BreadcrumbList\",\"@id\":\"https:\\\/\\\/infigogroup.com\\\/de\\\/artikel\\\/papiertaschen-mit-gedrehten-papiergriffen\\\/#breadcrumb\",\"itemListElement\":[{\"@type\":\"ListItem\",\"position\":1,\"name\":\"Home\",\"item\":\"https:\\\/\\\/infigogroup.com\\\/de\\\/\"},{\"@type\":\"ListItem\",\"position\":2,\"name\":\"Online-Shop\",\"item\":\"https:\\\/\\\/infigogroup.com\\\/de\\\/products\\\/\"},{\"@type\":\"ListItem\",\"position\":3,\"name\":\"Papiertaschen mit gedrehten Papiergriffen\"}]},{\"@type\":\"WebSite\",\"@id\":\"https:\\\/\\\/infigogroup.com\\\/#website\",\"url\":\"https:\\\/\\\/infigogroup.com\\\/\",\"name\":\"Infigo Group\",\"description\":\"\",\"publisher\":{\"@id\":\"https:\\\/\\\/infigogroup.com\\\/#organization\"},\"potentialAction\":[{\"@type\":\"SearchAction\",\"target\":{\"@type\":\"EntryPoint\",\"urlTemplate\":\"https:\\\/\\\/infigogroup.com\\\/?s={search_term_string}\"},\"query-input\":{\"@type\":\"PropertyValueSpecification\",\"valueRequired\":true,\"valueName\":\"search_term_string\"}}],\"inLanguage\":\"de\"},{\"@type\":\"Organization\",\"@id\":\"https:\\\/\\\/infigogroup.com\\\/#organization\",\"name\":\"Infigo Group\",\"url\":\"https:\\\/\\\/infigogroup.com\\\/\",\"logo\":{\"@type\":\"ImageObject\",\"inLanguage\":\"de\",\"@id\":\"https:\\\/\\\/infigogroup.com\\\/#\\\/schema\\\/logo\\\/image\\\/\",\"url\":\"https:\\\/\\\/infigogroup.com\\\/wp-content\\\/uploads\\\/2023\\\/11\\\/logo-1.jpg\",\"contentUrl\":\"https:\\\/\\\/infigogroup.com\\\/wp-content\\\/uploads\\\/2023\\\/11\\\/logo-1.jpg\",\"width\":334,\"height\":114,\"caption\":\"Infigo Group\"},\"image\":{\"@id\":\"https:\\\/\\\/infigogroup.com\\\/#\\\/schema\\\/logo\\\/image\\\/\"}}]}<\/script>\n<!-- \/ Yoast SEO plugin. -->","yoast_head_json":{"title":"Papiertaschen mit gedrehten Papiergriffen - Infigo","robots":{"index":"index","follow":"follow","max-snippet":"max-snippet:-1","max-image-preview":"max-image-preview:large","max-video-preview":"max-video-preview:-1"},"canonical":"https:\/\/infigogroup.com\/de\/artikel\/papiertaschen-mit-gedrehten-papiergriffen\/","og_locale":"de_DE","og_type":"article","og_title":"Papiertaschen mit gedrehten Papiergriffen - Infigo","og_description":"Individuell bedruckte Papiertaschen mit gedrehten Papiergriffen Bedruckte Papiertragetaschen mit gedrehten Papierkordel z\u00e4hlen zu den beliebtesten L\u00f6sungen f\u00fcr den Einsatz im Laden. Papiertaschen mit Logo eignen sich hervorragend zur Werbung f\u00fcr Ihr Unternehmen und sind auch ideal zum Verpacken von Geschenken. Gr\u00f6\u00dfe: Nach Kundenwunsch Material: Wei\u00dfes oder braunes Kraftpapier, optional FSC-zertifiziert Extras: Hei\u00dffolienpr\u00e4gung Griffe: Gedrehte Papierkordel [&hellip;]","og_url":"https:\/\/infigogroup.com\/de\/artikel\/papiertaschen-mit-gedrehten-papiergriffen\/","og_site_name":"Infigo","article_modified_time":"2025-01-15T08:15:51+00:00","og_image":[{"width":1485,"height":1485,"url":"https:\/\/infigogroup.com\/wp-content\/uploads\/2024\/02\/print_paper-bag4.jpg","type":"image\/jpeg"}],"twitter_card":"summary_large_image","twitter_misc":{"Gesch\u00e4tzte Lesezeit":"1\u00a0Minute"},"schema":{"@context":"https:\/\/schema.org","@graph":[{"@type":"WebPage","@id":"https:\/\/infigogroup.com\/de\/artikel\/papiertaschen-mit-gedrehten-papiergriffen\/","url":"https:\/\/infigogroup.com\/de\/artikel\/papiertaschen-mit-gedrehten-papiergriffen\/","name":"Papiertaschen mit gedrehten Papiergriffen - Infigo","isPartOf":{"@id":"https:\/\/infigogroup.com\/#website"},"primaryImageOfPage":{"@id":"https:\/\/infigogroup.com\/de\/artikel\/papiertaschen-mit-gedrehten-papiergriffen\/#primaryimage"},"image":{"@id":"https:\/\/infigogroup.com\/de\/artikel\/papiertaschen-mit-gedrehten-papiergriffen\/#primaryimage"},"thumbnailUrl":"https:\/\/infigogroup.com\/wp-content\/uploads\/2024\/02\/print_paper-bag4.jpg","datePublished":"2024-02-14T09:30:05+00:00","dateModified":"2025-01-15T08:15:51+00:00","breadcrumb":{"@id":"https:\/\/infigogroup.com\/de\/artikel\/papiertaschen-mit-gedrehten-papiergriffen\/#breadcrumb"},"inLanguage":"de","potentialAction":[{"@type":"ReadAction","target":["https:\/\/infigogroup.com\/de\/artikel\/papiertaschen-mit-gedrehten-papiergriffen\/"]}]},{"@type":"ImageObject","inLanguage":"de","@id":"https:\/\/infigogroup.com\/de\/artikel\/papiertaschen-mit-gedrehten-papiergriffen\/#primaryimage","url":"https:\/\/infigogroup.com\/wp-content\/uploads\/2024\/02\/print_paper-bag4.jpg","contentUrl":"https:\/\/infigogroup.com\/wp-content\/uploads\/2024\/02\/print_paper-bag4.jpg","width":1485,"height":1485},{"@type":"BreadcrumbList","@id":"https:\/\/infigogroup.com\/de\/artikel\/papiertaschen-mit-gedrehten-papiergriffen\/#breadcrumb","itemListElement":[{"@type":"ListItem","position":1,"name":"Home","item":"https:\/\/infigogroup.com\/de\/"},{"@type":"ListItem","position":2,"name":"Online-Shop","item":"https:\/\/infigogroup.com\/de\/products\/"},{"@type":"ListItem","position":3,"name":"Papiertaschen mit gedrehten Papiergriffen"}]},{"@type":"WebSite","@id":"https:\/\/infigogroup.com\/#website","url":"https:\/\/infigogroup.com\/","name":"Infigo Group","description":"","publisher":{"@id":"https:\/\/infigogroup.com\/#organization"},"potentialAction":[{"@type":"SearchAction","target":{"@type":"EntryPoint","urlTemplate":"https:\/\/infigogroup.com\/?s={search_term_string}"},"query-input":{"@type":"PropertyValueSpecification","valueRequired":true,"valueName":"search_term_string"}}],"inLanguage":"de"},{"@type":"Organization","@id":"https:\/\/infigogroup.com\/#organization","name":"Infigo Group","url":"https:\/\/infigogroup.com\/","logo":{"@type":"ImageObject","inLanguage":"de","@id":"https:\/\/infigogroup.com\/#\/schema\/logo\/image\/","url":"https:\/\/infigogroup.com\/wp-content\/uploads\/2023\/11\/logo-1.jpg","contentUrl":"https:\/\/infigogroup.com\/wp-content\/uploads\/2023\/11\/logo-1.jpg","width":334,"height":114,"caption":"Infigo Group"},"image":{"@id":"https:\/\/infigogroup.com\/#\/schema\/logo\/image\/"}}]}},"_links":{"self":[{"href":"https:\/\/infigogroup.com\/de\/wp-json\/wp\/v2\/product\/55982","targetHints":{"allow":["GET"]}}],"collection":[{"href":"https:\/\/infigogroup.com\/de\/wp-json\/wp\/v2\/product"}],"about":[{"href":"https:\/\/infigogroup.com\/de\/wp-json\/wp\/v2\/types\/product"}],"replies":[{"embeddable":true,"href":"https:\/\/infigogroup.com\/de\/wp-json\/wp\/v2\/comments?post=55982"}],"wp:featuredmedia":[{"embeddable":true,"href":"https:\/\/infigogroup.com\/de\/wp-json\/wp\/v2\/media\/55996"}],"wp:attachment":[{"href":"https:\/\/infigogroup.com\/de\/wp-json\/wp\/v2\/media?parent=55982"}],"wp:term":[{"taxonomy":"product_brand","embeddable":true,"href":"https:\/\/infigogroup.com\/de\/wp-json\/wp\/v2\/product_brand?post=55982"},{"taxonomy":"product_cat","embeddable":true,"href":"https:\/\/infigogroup.com\/de\/wp-json\/wp\/v2\/product_cat?post=55982"},{"taxonomy":"product_tag","embeddable":true,"href":"https:\/\/infigogroup.com\/de\/wp-json\/wp\/v2\/product_tag?post=55982"}],"curies":[{"name":"wp","href":"https:\/\/api.w.org\/{rel}","templated":true}]}}