{"id":56026,"date":"2024-02-14T11:45:22","date_gmt":"2024-02-14T09:45:22","guid":{"rendered":"https:\/\/infigogroup.com\/?post_type=product&#038;p=56026"},"modified":"2025-01-15T10:20:46","modified_gmt":"2025-01-15T08:20:46","slug":"griffloch-tragetaschen-ab-500-stueck","status":"publish","type":"product","link":"https:\/\/infigogroup.com\/de\/artikel\/griffloch-tragetaschen-ab-500-stueck\/","title":{"rendered":"Griffloch-Tragetaschen ab 500 St\u00fcck"},"content":{"rendered":"<div class=\"moz-text-html\" lang=\"x-unicode\">\n<p><strong>Individuell bedruckte Plastiktragetaschen mit Griffloch, Bestellmenge ab 500 St\u00fcck<\/strong><strong>, sind eine ausgezeichnete Option f\u00fcr Start-ups oder kleine Unternehmen.<\/strong><br \/>\nGriffloch-Tragetaschen mit Logo eignen sich auch ideal f\u00fcr den Einsatz auf Messen. Der Druck erfolgt im Siebdruckverfahren, wodurch nur einfache Designs bedrucken m\u00f6glich sind.<\/p>\n<p><strong>Gr\u00f6ssen:<\/strong> nur noch konkrete Gr\u00f6ssen lieferbar!<\/p>\n<ul>\n<li>21 \u00d7 30 cm (Breite \u00d7 H\u00f6he)<\/li>\n<li>25 \u00d7 35 cm<\/li>\n<li>30 \u00d7 40 + 3 cm (Breite \u00d7 H\u00f6he + Bodenfalte)<\/li>\n<li>35 \u00d7 45 + 3 cm<\/li>\n<li>45 \u00d7 55 + 4 cm<\/li>\n<li>50 \u00d7 60 + 4 cm<\/li>\n<li>55 \u00d7 60 + 4 cm<\/li>\n<li>60 \u00d7 55 + 4 cm<\/li>\n<li>70 \u00d7 60 + 4 cm<\/li>\n<\/ul>\n<p><strong>Material:<\/strong> Hochgl\u00e4nzendes Plastik LDPE, Folienst\u00e4rke ab 50 microns<br \/>\n<strong>Farbe:<\/strong> Wei\u00df, dunkelblau, schwarz, rot, gelb, silber<br \/>\n<strong>Griffe:<\/strong> Griffloch Market-Typ (obere Kanten doppellagig).<br \/>\n<b>Bedruck<\/b><strong><b>:<\/b><\/strong><b> <\/b><strong>bedruckt mit Logo oder individuellem Aufdruck, <\/strong>1 bis 3 Farben.<br \/>\n<b>B<\/b><strong>estellmenge:<\/strong> Ab 500 St\u00fcck.<\/p>\n<\/div>\n","protected":false},"excerpt":{"rendered":"<p>Individuell bedruckte Plastiktragetaschen mit Griffloch, Bestellmenge ab 500 St\u00fcck, sind eine ausgezeichnete Option f\u00fcr Start-ups oder kleine Unternehmen. Griffloch-Tragetaschen mit Logo eignen sich auch ideal f\u00fcr den Einsatz auf Messen. Der Druck erfolgt im Siebdruckverfahren, wodurch nur einfache Designs bedrucken m\u00f6glich sind. Gr\u00f6ssen: nur noch konkrete Gr\u00f6ssen lieferbar! 21 \u00d7 30 cm (Breite \u00d7 H\u00f6he) [&hellip;]<\/p>\n","protected":false},"featured_media":56035,"comment_status":"open","ping_status":"closed","template":"","meta":{"_acf_changed":false},"product_brand":[],"product_cat":[1160],"product_tag":[],"class_list":{"0":"post-56026","1":"product","2":"type-product","3":"status-publish","4":"has-post-thumbnail","6":"product_cat-plastiktueten-plastiktragetaschen-bedruckt","8":"first","9":"instock","10":"taxable","11":"shipping-taxable","12":"product-type-simple"},"acf":[],"yoast_head":"<!-- This site is optimized with the Yoast SEO plugin v27.5 - https:\/\/yoast.com\/product\/yoast-seo-wordpress\/ -->\n<title>Griffloch-Tragetaschen ab 500 St\u00fcck - Infigo<\/title>\n<meta name=\"robots\" content=\"index, follow, max-snippet:-1, max-image-preview:large, max-video-preview:-1\" \/>\n<link rel=\"canonical\" href=\"https:\/\/infigogroup.com\/de\/artikel\/griffloch-tragetaschen-ab-500-stueck\/\" \/>\n<meta property=\"og:locale\" content=\"de_DE\" \/>\n<meta property=\"og:type\" content=\"article\" \/>\n<meta property=\"og:title\" content=\"Griffloch-Tragetaschen ab 500 St\u00fcck - Infigo\" \/>\n<meta property=\"og:description\" content=\"Individuell bedruckte Plastiktragetaschen mit Griffloch, Bestellmenge ab 500 St\u00fcck, sind eine ausgezeichnete Option f\u00fcr Start-ups oder kleine Unternehmen. Griffloch-Tragetaschen mit Logo eignen sich auch ideal f\u00fcr den Einsatz auf Messen. Der Druck erfolgt im Siebdruckverfahren, wodurch nur einfache Designs bedrucken m\u00f6glich sind. Gr\u00f6ssen: nur noch konkrete Gr\u00f6ssen lieferbar! 21 \u00d7 30 cm (Breite \u00d7 H\u00f6he) [&hellip;]\" \/>\n<meta property=\"og:url\" content=\"https:\/\/infigogroup.com\/de\/artikel\/griffloch-tragetaschen-ab-500-stueck\/\" \/>\n<meta property=\"og:site_name\" content=\"Infigo\" \/>\n<meta property=\"article:modified_time\" content=\"2025-01-15T08:20:46+00:00\" \/>\n<meta property=\"og:image\" content=\"https:\/\/infigogroup.com\/wp-content\/uploads\/2024\/02\/print_plastic-bag3.jpg\" \/>\n\t<meta property=\"og:image:width\" content=\"1485\" \/>\n\t<meta property=\"og:image:height\" content=\"1485\" \/>\n\t<meta property=\"og:image:type\" content=\"image\/jpeg\" \/>\n<meta name=\"twitter:card\" content=\"summary_large_image\" \/>\n<script type=\"application\/ld+json\" class=\"yoast-schema-graph\">{\"@context\":\"https:\\\/\\\/schema.org\",\"@graph\":[{\"@type\":\"WebPage\",\"@id\":\"https:\\\/\\\/infigogroup.com\\\/de\\\/artikel\\\/griffloch-tragetaschen-ab-500-stueck\\\/\",\"url\":\"https:\\\/\\\/infigogroup.com\\\/de\\\/artikel\\\/griffloch-tragetaschen-ab-500-stueck\\\/\",\"name\":\"Griffloch-Tragetaschen ab 500 St\u00fcck - Infigo\",\"isPartOf\":{\"@id\":\"https:\\\/\\\/infigogroup.com\\\/#website\"},\"primaryImageOfPage\":{\"@id\":\"https:\\\/\\\/infigogroup.com\\\/de\\\/artikel\\\/griffloch-tragetaschen-ab-500-stueck\\\/#primaryimage\"},\"image\":{\"@id\":\"https:\\\/\\\/infigogroup.com\\\/de\\\/artikel\\\/griffloch-tragetaschen-ab-500-stueck\\\/#primaryimage\"},\"thumbnailUrl\":\"https:\\\/\\\/infigogroup.com\\\/wp-content\\\/uploads\\\/2024\\\/02\\\/print_plastic-bag3.jpg\",\"datePublished\":\"2024-02-14T09:45:22+00:00\",\"dateModified\":\"2025-01-15T08:20:46+00:00\",\"breadcrumb\":{\"@id\":\"https:\\\/\\\/infigogroup.com\\\/de\\\/artikel\\\/griffloch-tragetaschen-ab-500-stueck\\\/#breadcrumb\"},\"inLanguage\":\"de\",\"potentialAction\":[{\"@type\":\"ReadAction\",\"target\":[\"https:\\\/\\\/infigogroup.com\\\/de\\\/artikel\\\/griffloch-tragetaschen-ab-500-stueck\\\/\"]}]},{\"@type\":\"ImageObject\",\"inLanguage\":\"de\",\"@id\":\"https:\\\/\\\/infigogroup.com\\\/de\\\/artikel\\\/griffloch-tragetaschen-ab-500-stueck\\\/#primaryimage\",\"url\":\"https:\\\/\\\/infigogroup.com\\\/wp-content\\\/uploads\\\/2024\\\/02\\\/print_plastic-bag3.jpg\",\"contentUrl\":\"https:\\\/\\\/infigogroup.com\\\/wp-content\\\/uploads\\\/2024\\\/02\\\/print_plastic-bag3.jpg\",\"width\":1485,\"height\":1485},{\"@type\":\"BreadcrumbList\",\"@id\":\"https:\\\/\\\/infigogroup.com\\\/de\\\/artikel\\\/griffloch-tragetaschen-ab-500-stueck\\\/#breadcrumb\",\"itemListElement\":[{\"@type\":\"ListItem\",\"position\":1,\"name\":\"Home\",\"item\":\"https:\\\/\\\/infigogroup.com\\\/de\\\/\"},{\"@type\":\"ListItem\",\"position\":2,\"name\":\"Online-Shop\",\"item\":\"https:\\\/\\\/infigogroup.com\\\/de\\\/products\\\/\"},{\"@type\":\"ListItem\",\"position\":3,\"name\":\"Griffloch-Tragetaschen ab 500 St\u00fcck\"}]},{\"@type\":\"WebSite\",\"@id\":\"https:\\\/\\\/infigogroup.com\\\/#website\",\"url\":\"https:\\\/\\\/infigogroup.com\\\/\",\"name\":\"Infigo Group\",\"description\":\"\",\"publisher\":{\"@id\":\"https:\\\/\\\/infigogroup.com\\\/#organization\"},\"potentialAction\":[{\"@type\":\"SearchAction\",\"target\":{\"@type\":\"EntryPoint\",\"urlTemplate\":\"https:\\\/\\\/infigogroup.com\\\/?s={search_term_string}\"},\"query-input\":{\"@type\":\"PropertyValueSpecification\",\"valueRequired\":true,\"valueName\":\"search_term_string\"}}],\"inLanguage\":\"de\"},{\"@type\":\"Organization\",\"@id\":\"https:\\\/\\\/infigogroup.com\\\/#organization\",\"name\":\"Infigo Group\",\"url\":\"https:\\\/\\\/infigogroup.com\\\/\",\"logo\":{\"@type\":\"ImageObject\",\"inLanguage\":\"de\",\"@id\":\"https:\\\/\\\/infigogroup.com\\\/#\\\/schema\\\/logo\\\/image\\\/\",\"url\":\"https:\\\/\\\/infigogroup.com\\\/wp-content\\\/uploads\\\/2023\\\/11\\\/logo-1.jpg\",\"contentUrl\":\"https:\\\/\\\/infigogroup.com\\\/wp-content\\\/uploads\\\/2023\\\/11\\\/logo-1.jpg\",\"width\":334,\"height\":114,\"caption\":\"Infigo Group\"},\"image\":{\"@id\":\"https:\\\/\\\/infigogroup.com\\\/#\\\/schema\\\/logo\\\/image\\\/\"}}]}<\/script>\n<!-- \/ Yoast SEO plugin. -->","yoast_head_json":{"title":"Griffloch-Tragetaschen ab 500 St\u00fcck - Infigo","robots":{"index":"index","follow":"follow","max-snippet":"max-snippet:-1","max-image-preview":"max-image-preview:large","max-video-preview":"max-video-preview:-1"},"canonical":"https:\/\/infigogroup.com\/de\/artikel\/griffloch-tragetaschen-ab-500-stueck\/","og_locale":"de_DE","og_type":"article","og_title":"Griffloch-Tragetaschen ab 500 St\u00fcck - Infigo","og_description":"Individuell bedruckte Plastiktragetaschen mit Griffloch, Bestellmenge ab 500 St\u00fcck, sind eine ausgezeichnete Option f\u00fcr Start-ups oder kleine Unternehmen. Griffloch-Tragetaschen mit Logo eignen sich auch ideal f\u00fcr den Einsatz auf Messen. Der Druck erfolgt im Siebdruckverfahren, wodurch nur einfache Designs bedrucken m\u00f6glich sind. Gr\u00f6ssen: nur noch konkrete Gr\u00f6ssen lieferbar! 21 \u00d7 30 cm (Breite \u00d7 H\u00f6he) [&hellip;]","og_url":"https:\/\/infigogroup.com\/de\/artikel\/griffloch-tragetaschen-ab-500-stueck\/","og_site_name":"Infigo","article_modified_time":"2025-01-15T08:20:46+00:00","og_image":[{"width":1485,"height":1485,"url":"https:\/\/infigogroup.com\/wp-content\/uploads\/2024\/02\/print_plastic-bag3.jpg","type":"image\/jpeg"}],"twitter_card":"summary_large_image","schema":{"@context":"https:\/\/schema.org","@graph":[{"@type":"WebPage","@id":"https:\/\/infigogroup.com\/de\/artikel\/griffloch-tragetaschen-ab-500-stueck\/","url":"https:\/\/infigogroup.com\/de\/artikel\/griffloch-tragetaschen-ab-500-stueck\/","name":"Griffloch-Tragetaschen ab 500 St\u00fcck - Infigo","isPartOf":{"@id":"https:\/\/infigogroup.com\/#website"},"primaryImageOfPage":{"@id":"https:\/\/infigogroup.com\/de\/artikel\/griffloch-tragetaschen-ab-500-stueck\/#primaryimage"},"image":{"@id":"https:\/\/infigogroup.com\/de\/artikel\/griffloch-tragetaschen-ab-500-stueck\/#primaryimage"},"thumbnailUrl":"https:\/\/infigogroup.com\/wp-content\/uploads\/2024\/02\/print_plastic-bag3.jpg","datePublished":"2024-02-14T09:45:22+00:00","dateModified":"2025-01-15T08:20:46+00:00","breadcrumb":{"@id":"https:\/\/infigogroup.com\/de\/artikel\/griffloch-tragetaschen-ab-500-stueck\/#breadcrumb"},"inLanguage":"de","potentialAction":[{"@type":"ReadAction","target":["https:\/\/infigogroup.com\/de\/artikel\/griffloch-tragetaschen-ab-500-stueck\/"]}]},{"@type":"ImageObject","inLanguage":"de","@id":"https:\/\/infigogroup.com\/de\/artikel\/griffloch-tragetaschen-ab-500-stueck\/#primaryimage","url":"https:\/\/infigogroup.com\/wp-content\/uploads\/2024\/02\/print_plastic-bag3.jpg","contentUrl":"https:\/\/infigogroup.com\/wp-content\/uploads\/2024\/02\/print_plastic-bag3.jpg","width":1485,"height":1485},{"@type":"BreadcrumbList","@id":"https:\/\/infigogroup.com\/de\/artikel\/griffloch-tragetaschen-ab-500-stueck\/#breadcrumb","itemListElement":[{"@type":"ListItem","position":1,"name":"Home","item":"https:\/\/infigogroup.com\/de\/"},{"@type":"ListItem","position":2,"name":"Online-Shop","item":"https:\/\/infigogroup.com\/de\/products\/"},{"@type":"ListItem","position":3,"name":"Griffloch-Tragetaschen ab 500 St\u00fcck"}]},{"@type":"WebSite","@id":"https:\/\/infigogroup.com\/#website","url":"https:\/\/infigogroup.com\/","name":"Infigo Group","description":"","publisher":{"@id":"https:\/\/infigogroup.com\/#organization"},"potentialAction":[{"@type":"SearchAction","target":{"@type":"EntryPoint","urlTemplate":"https:\/\/infigogroup.com\/?s={search_term_string}"},"query-input":{"@type":"PropertyValueSpecification","valueRequired":true,"valueName":"search_term_string"}}],"inLanguage":"de"},{"@type":"Organization","@id":"https:\/\/infigogroup.com\/#organization","name":"Infigo Group","url":"https:\/\/infigogroup.com\/","logo":{"@type":"ImageObject","inLanguage":"de","@id":"https:\/\/infigogroup.com\/#\/schema\/logo\/image\/","url":"https:\/\/infigogroup.com\/wp-content\/uploads\/2023\/11\/logo-1.jpg","contentUrl":"https:\/\/infigogroup.com\/wp-content\/uploads\/2023\/11\/logo-1.jpg","width":334,"height":114,"caption":"Infigo Group"},"image":{"@id":"https:\/\/infigogroup.com\/#\/schema\/logo\/image\/"}}]}},"_links":{"self":[{"href":"https:\/\/infigogroup.com\/de\/wp-json\/wp\/v2\/product\/56026","targetHints":{"allow":["GET"]}}],"collection":[{"href":"https:\/\/infigogroup.com\/de\/wp-json\/wp\/v2\/product"}],"about":[{"href":"https:\/\/infigogroup.com\/de\/wp-json\/wp\/v2\/types\/product"}],"replies":[{"embeddable":true,"href":"https:\/\/infigogroup.com\/de\/wp-json\/wp\/v2\/comments?post=56026"}],"wp:featuredmedia":[{"embeddable":true,"href":"https:\/\/infigogroup.com\/de\/wp-json\/wp\/v2\/media\/56035"}],"wp:attachment":[{"href":"https:\/\/infigogroup.com\/de\/wp-json\/wp\/v2\/media?parent=56026"}],"wp:term":[{"taxonomy":"product_brand","embeddable":true,"href":"https:\/\/infigogroup.com\/de\/wp-json\/wp\/v2\/product_brand?post=56026"},{"taxonomy":"product_cat","embeddable":true,"href":"https:\/\/infigogroup.com\/de\/wp-json\/wp\/v2\/product_cat?post=56026"},{"taxonomy":"product_tag","embeddable":true,"href":"https:\/\/infigogroup.com\/de\/wp-json\/wp\/v2\/product_tag?post=56026"}],"curies":[{"name":"wp","href":"https:\/\/api.w.org\/{rel}","templated":true}]}}