{"id":56036,"date":"2024-02-14T11:47:12","date_gmt":"2024-02-14T09:47:12","guid":{"rendered":"https:\/\/infigogroup.com\/?post_type=product&#038;p=56036"},"modified":"2025-01-15T10:22:14","modified_gmt":"2025-01-15T08:22:14","slug":"schlaufentragetaschen","status":"publish","type":"product","link":"https:\/\/infigogroup.com\/de\/artikel\/schlaufentragetaschen\/","title":{"rendered":"Schlaufentragetaschen"},"content":{"rendered":"<div class=\"moz-text-html\" lang=\"x-unicode\">\n<p><strong>Schlaufentragetaschen mit Ihrem Logo Druck <\/strong><strong>sind besonders beliebt in Bekleidungs- und Schuhgesch\u00e4ften. Individuell bedruckte Schlaufentaschen aus Plastik werden auch in Lebensmittelgesch\u00e4ften verwendet, da der obere doppellagige Rand aus Kunststofffolie die T\u00fcten besonders robust macht.<\/strong><\/p>\n<p><strong>Gr\u00f6\u00dfen:<\/strong> <strong>Nach Kundenwunsch <\/strong><br \/>\nDie beliebtesten Gr\u00f6\u00dfen sind:<\/p>\n<ul>\n<li>25 \u00d7 35 cm (Breite \u00d7 H\u00f6he)<\/li>\n<li>35 \u00d7 45 + 4 cm (Breite \u00d7 H\u00f6he + Bodenfalte)<\/li>\n<li>40 \u00d7 50 + 4 cm<\/li>\n<li>50 \u00d7 55 + 5 cm<\/li>\n<li>63 \u00d7 55 + 5 cm<\/li>\n<li>70 \u00d7 55 + 5 cm<\/li>\n<\/ul>\n<p><strong>Material:<\/strong> Recycelte oder neue Plastikfolie. Verf\u00fcgbar in Wei\u00df, Schwarz, Transparent oder farbig.<br \/>\n<strong>Griffe:<\/strong> Plastikb\u00e4ndern. Oberer Rand doppellagig<br \/>\n<strong>Bedruck: <\/strong><strong>die Schlaufentragetaschen k\u00f6nnen<\/strong> <strong>mit Ihrem Logo oder Wunschmotiv von 1\u20134 Farben (CMYK) bedrucken lassen<\/strong><br \/>\n<b>B<\/b><strong>estellmenge:<\/strong> Ab 5.000 St\u00fcck.<\/p>\n<\/div>\n","protected":false},"excerpt":{"rendered":"<p>Schlaufentragetaschen mit Ihrem Logo Druck sind besonders beliebt in Bekleidungs- und Schuhgesch\u00e4ften. Individuell bedruckte Schlaufentaschen aus Plastik werden auch in Lebensmittelgesch\u00e4ften verwendet, da der obere doppellagige Rand aus Kunststofffolie die T\u00fcten besonders robust macht. Gr\u00f6\u00dfen: Nach Kundenwunsch Die beliebtesten Gr\u00f6\u00dfen sind: 25 \u00d7 35 cm (Breite \u00d7 H\u00f6he) 35 \u00d7 45 + 4 cm (Breite [&hellip;]<\/p>\n","protected":false},"featured_media":56045,"comment_status":"open","ping_status":"closed","template":"","meta":{"_acf_changed":false},"product_brand":[],"product_cat":[1160],"product_tag":[],"class_list":{"0":"post-56036","1":"product","2":"type-product","3":"status-publish","4":"has-post-thumbnail","6":"product_cat-plastiktueten-plastiktragetaschen-bedruckt","8":"first","9":"instock","10":"taxable","11":"shipping-taxable","12":"product-type-simple"},"acf":[],"yoast_head":"<!-- This site is optimized with the Yoast SEO plugin v27.5 - https:\/\/yoast.com\/product\/yoast-seo-wordpress\/ -->\n<title>Schlaufentragetaschen - Infigo<\/title>\n<meta name=\"robots\" content=\"index, follow, max-snippet:-1, max-image-preview:large, max-video-preview:-1\" \/>\n<link rel=\"canonical\" href=\"https:\/\/infigogroup.com\/de\/artikel\/schlaufentragetaschen\/\" \/>\n<meta property=\"og:locale\" content=\"de_DE\" \/>\n<meta property=\"og:type\" content=\"article\" \/>\n<meta property=\"og:title\" content=\"Schlaufentragetaschen - Infigo\" \/>\n<meta property=\"og:description\" content=\"Schlaufentragetaschen mit Ihrem Logo Druck sind besonders beliebt in Bekleidungs- und Schuhgesch\u00e4ften. Individuell bedruckte Schlaufentaschen aus Plastik werden auch in Lebensmittelgesch\u00e4ften verwendet, da der obere doppellagige Rand aus Kunststofffolie die T\u00fcten besonders robust macht. Gr\u00f6\u00dfen: Nach Kundenwunsch Die beliebtesten Gr\u00f6\u00dfen sind: 25 \u00d7 35 cm (Breite \u00d7 H\u00f6he) 35 \u00d7 45 + 4 cm (Breite [&hellip;]\" \/>\n<meta property=\"og:url\" content=\"https:\/\/infigogroup.com\/de\/artikel\/schlaufentragetaschen\/\" \/>\n<meta property=\"og:site_name\" content=\"Infigo\" \/>\n<meta property=\"article:modified_time\" content=\"2025-01-15T08:22:14+00:00\" \/>\n<meta property=\"og:image\" content=\"https:\/\/infigogroup.com\/wp-content\/uploads\/2024\/02\/print_plastic-bag4.jpg\" \/>\n\t<meta property=\"og:image:width\" content=\"1485\" \/>\n\t<meta property=\"og:image:height\" content=\"1485\" \/>\n\t<meta property=\"og:image:type\" content=\"image\/jpeg\" \/>\n<meta name=\"twitter:card\" content=\"summary_large_image\" \/>\n<meta name=\"twitter:label1\" content=\"Gesch\u00e4tzte Lesezeit\" \/>\n\t<meta name=\"twitter:data1\" content=\"1\u00a0Minute\" \/>\n<script type=\"application\/ld+json\" class=\"yoast-schema-graph\">{\"@context\":\"https:\\\/\\\/schema.org\",\"@graph\":[{\"@type\":\"WebPage\",\"@id\":\"https:\\\/\\\/infigogroup.com\\\/de\\\/artikel\\\/schlaufentragetaschen\\\/\",\"url\":\"https:\\\/\\\/infigogroup.com\\\/de\\\/artikel\\\/schlaufentragetaschen\\\/\",\"name\":\"Schlaufentragetaschen - Infigo\",\"isPartOf\":{\"@id\":\"https:\\\/\\\/infigogroup.com\\\/#website\"},\"primaryImageOfPage\":{\"@id\":\"https:\\\/\\\/infigogroup.com\\\/de\\\/artikel\\\/schlaufentragetaschen\\\/#primaryimage\"},\"image\":{\"@id\":\"https:\\\/\\\/infigogroup.com\\\/de\\\/artikel\\\/schlaufentragetaschen\\\/#primaryimage\"},\"thumbnailUrl\":\"https:\\\/\\\/infigogroup.com\\\/wp-content\\\/uploads\\\/2024\\\/02\\\/print_plastic-bag4.jpg\",\"datePublished\":\"2024-02-14T09:47:12+00:00\",\"dateModified\":\"2025-01-15T08:22:14+00:00\",\"breadcrumb\":{\"@id\":\"https:\\\/\\\/infigogroup.com\\\/de\\\/artikel\\\/schlaufentragetaschen\\\/#breadcrumb\"},\"inLanguage\":\"de\",\"potentialAction\":[{\"@type\":\"ReadAction\",\"target\":[\"https:\\\/\\\/infigogroup.com\\\/de\\\/artikel\\\/schlaufentragetaschen\\\/\"]}]},{\"@type\":\"ImageObject\",\"inLanguage\":\"de\",\"@id\":\"https:\\\/\\\/infigogroup.com\\\/de\\\/artikel\\\/schlaufentragetaschen\\\/#primaryimage\",\"url\":\"https:\\\/\\\/infigogroup.com\\\/wp-content\\\/uploads\\\/2024\\\/02\\\/print_plastic-bag4.jpg\",\"contentUrl\":\"https:\\\/\\\/infigogroup.com\\\/wp-content\\\/uploads\\\/2024\\\/02\\\/print_plastic-bag4.jpg\",\"width\":1485,\"height\":1485},{\"@type\":\"BreadcrumbList\",\"@id\":\"https:\\\/\\\/infigogroup.com\\\/de\\\/artikel\\\/schlaufentragetaschen\\\/#breadcrumb\",\"itemListElement\":[{\"@type\":\"ListItem\",\"position\":1,\"name\":\"Home\",\"item\":\"https:\\\/\\\/infigogroup.com\\\/de\\\/\"},{\"@type\":\"ListItem\",\"position\":2,\"name\":\"Online-Shop\",\"item\":\"https:\\\/\\\/infigogroup.com\\\/de\\\/products\\\/\"},{\"@type\":\"ListItem\",\"position\":3,\"name\":\"Schlaufentragetaschen\"}]},{\"@type\":\"WebSite\",\"@id\":\"https:\\\/\\\/infigogroup.com\\\/#website\",\"url\":\"https:\\\/\\\/infigogroup.com\\\/\",\"name\":\"Infigo Group\",\"description\":\"\",\"publisher\":{\"@id\":\"https:\\\/\\\/infigogroup.com\\\/#organization\"},\"potentialAction\":[{\"@type\":\"SearchAction\",\"target\":{\"@type\":\"EntryPoint\",\"urlTemplate\":\"https:\\\/\\\/infigogroup.com\\\/?s={search_term_string}\"},\"query-input\":{\"@type\":\"PropertyValueSpecification\",\"valueRequired\":true,\"valueName\":\"search_term_string\"}}],\"inLanguage\":\"de\"},{\"@type\":\"Organization\",\"@id\":\"https:\\\/\\\/infigogroup.com\\\/#organization\",\"name\":\"Infigo Group\",\"url\":\"https:\\\/\\\/infigogroup.com\\\/\",\"logo\":{\"@type\":\"ImageObject\",\"inLanguage\":\"de\",\"@id\":\"https:\\\/\\\/infigogroup.com\\\/#\\\/schema\\\/logo\\\/image\\\/\",\"url\":\"https:\\\/\\\/infigogroup.com\\\/wp-content\\\/uploads\\\/2023\\\/11\\\/logo-1.jpg\",\"contentUrl\":\"https:\\\/\\\/infigogroup.com\\\/wp-content\\\/uploads\\\/2023\\\/11\\\/logo-1.jpg\",\"width\":334,\"height\":114,\"caption\":\"Infigo Group\"},\"image\":{\"@id\":\"https:\\\/\\\/infigogroup.com\\\/#\\\/schema\\\/logo\\\/image\\\/\"}}]}<\/script>\n<!-- \/ Yoast SEO plugin. -->","yoast_head_json":{"title":"Schlaufentragetaschen - Infigo","robots":{"index":"index","follow":"follow","max-snippet":"max-snippet:-1","max-image-preview":"max-image-preview:large","max-video-preview":"max-video-preview:-1"},"canonical":"https:\/\/infigogroup.com\/de\/artikel\/schlaufentragetaschen\/","og_locale":"de_DE","og_type":"article","og_title":"Schlaufentragetaschen - Infigo","og_description":"Schlaufentragetaschen mit Ihrem Logo Druck sind besonders beliebt in Bekleidungs- und Schuhgesch\u00e4ften. Individuell bedruckte Schlaufentaschen aus Plastik werden auch in Lebensmittelgesch\u00e4ften verwendet, da der obere doppellagige Rand aus Kunststofffolie die T\u00fcten besonders robust macht. Gr\u00f6\u00dfen: Nach Kundenwunsch Die beliebtesten Gr\u00f6\u00dfen sind: 25 \u00d7 35 cm (Breite \u00d7 H\u00f6he) 35 \u00d7 45 + 4 cm (Breite [&hellip;]","og_url":"https:\/\/infigogroup.com\/de\/artikel\/schlaufentragetaschen\/","og_site_name":"Infigo","article_modified_time":"2025-01-15T08:22:14+00:00","og_image":[{"width":1485,"height":1485,"url":"https:\/\/infigogroup.com\/wp-content\/uploads\/2024\/02\/print_plastic-bag4.jpg","type":"image\/jpeg"}],"twitter_card":"summary_large_image","twitter_misc":{"Gesch\u00e4tzte Lesezeit":"1\u00a0Minute"},"schema":{"@context":"https:\/\/schema.org","@graph":[{"@type":"WebPage","@id":"https:\/\/infigogroup.com\/de\/artikel\/schlaufentragetaschen\/","url":"https:\/\/infigogroup.com\/de\/artikel\/schlaufentragetaschen\/","name":"Schlaufentragetaschen - Infigo","isPartOf":{"@id":"https:\/\/infigogroup.com\/#website"},"primaryImageOfPage":{"@id":"https:\/\/infigogroup.com\/de\/artikel\/schlaufentragetaschen\/#primaryimage"},"image":{"@id":"https:\/\/infigogroup.com\/de\/artikel\/schlaufentragetaschen\/#primaryimage"},"thumbnailUrl":"https:\/\/infigogroup.com\/wp-content\/uploads\/2024\/02\/print_plastic-bag4.jpg","datePublished":"2024-02-14T09:47:12+00:00","dateModified":"2025-01-15T08:22:14+00:00","breadcrumb":{"@id":"https:\/\/infigogroup.com\/de\/artikel\/schlaufentragetaschen\/#breadcrumb"},"inLanguage":"de","potentialAction":[{"@type":"ReadAction","target":["https:\/\/infigogroup.com\/de\/artikel\/schlaufentragetaschen\/"]}]},{"@type":"ImageObject","inLanguage":"de","@id":"https:\/\/infigogroup.com\/de\/artikel\/schlaufentragetaschen\/#primaryimage","url":"https:\/\/infigogroup.com\/wp-content\/uploads\/2024\/02\/print_plastic-bag4.jpg","contentUrl":"https:\/\/infigogroup.com\/wp-content\/uploads\/2024\/02\/print_plastic-bag4.jpg","width":1485,"height":1485},{"@type":"BreadcrumbList","@id":"https:\/\/infigogroup.com\/de\/artikel\/schlaufentragetaschen\/#breadcrumb","itemListElement":[{"@type":"ListItem","position":1,"name":"Home","item":"https:\/\/infigogroup.com\/de\/"},{"@type":"ListItem","position":2,"name":"Online-Shop","item":"https:\/\/infigogroup.com\/de\/products\/"},{"@type":"ListItem","position":3,"name":"Schlaufentragetaschen"}]},{"@type":"WebSite","@id":"https:\/\/infigogroup.com\/#website","url":"https:\/\/infigogroup.com\/","name":"Infigo Group","description":"","publisher":{"@id":"https:\/\/infigogroup.com\/#organization"},"potentialAction":[{"@type":"SearchAction","target":{"@type":"EntryPoint","urlTemplate":"https:\/\/infigogroup.com\/?s={search_term_string}"},"query-input":{"@type":"PropertyValueSpecification","valueRequired":true,"valueName":"search_term_string"}}],"inLanguage":"de"},{"@type":"Organization","@id":"https:\/\/infigogroup.com\/#organization","name":"Infigo Group","url":"https:\/\/infigogroup.com\/","logo":{"@type":"ImageObject","inLanguage":"de","@id":"https:\/\/infigogroup.com\/#\/schema\/logo\/image\/","url":"https:\/\/infigogroup.com\/wp-content\/uploads\/2023\/11\/logo-1.jpg","contentUrl":"https:\/\/infigogroup.com\/wp-content\/uploads\/2023\/11\/logo-1.jpg","width":334,"height":114,"caption":"Infigo Group"},"image":{"@id":"https:\/\/infigogroup.com\/#\/schema\/logo\/image\/"}}]}},"_links":{"self":[{"href":"https:\/\/infigogroup.com\/de\/wp-json\/wp\/v2\/product\/56036","targetHints":{"allow":["GET"]}}],"collection":[{"href":"https:\/\/infigogroup.com\/de\/wp-json\/wp\/v2\/product"}],"about":[{"href":"https:\/\/infigogroup.com\/de\/wp-json\/wp\/v2\/types\/product"}],"replies":[{"embeddable":true,"href":"https:\/\/infigogroup.com\/de\/wp-json\/wp\/v2\/comments?post=56036"}],"wp:featuredmedia":[{"embeddable":true,"href":"https:\/\/infigogroup.com\/de\/wp-json\/wp\/v2\/media\/56045"}],"wp:attachment":[{"href":"https:\/\/infigogroup.com\/de\/wp-json\/wp\/v2\/media?parent=56036"}],"wp:term":[{"taxonomy":"product_brand","embeddable":true,"href":"https:\/\/infigogroup.com\/de\/wp-json\/wp\/v2\/product_brand?post=56036"},{"taxonomy":"product_cat","embeddable":true,"href":"https:\/\/infigogroup.com\/de\/wp-json\/wp\/v2\/product_cat?post=56036"},{"taxonomy":"product_tag","embeddable":true,"href":"https:\/\/infigogroup.com\/de\/wp-json\/wp\/v2\/product_tag?post=56036"}],"curies":[{"name":"wp","href":"https:\/\/api.w.org\/{rel}","templated":true}]}}