{"id":56046,"date":"2024-02-14T11:51:52","date_gmt":"2024-02-14T09:51:52","guid":{"rendered":"https:\/\/infigogroup.com\/?post_type=product&#038;p=56046"},"modified":"2025-06-30T16:53:47","modified_gmt":"2025-06-30T13:53:47","slug":"plastiktueten-minigrip","status":"publish","type":"product","link":"https:\/\/infigogroup.com\/de\/artikel\/plastiktueten-minigrip\/","title":{"rendered":"Plastikbeutel. Brotbeutel. Minigrip Beutel"},"content":{"rendered":"<div class=\"moz-text-html\" lang=\"x-unicode\">\n<p>Individuell bedruckte Plastikbeutel f\u00fcr verschiedene Verwendungszwecke und Produktverpackungen: Brotbeutel, Lebensmittelbeutel, Beutel f\u00fcr Tiefk\u00fchlkost und Trockenfutter, Minigrip-Beutel, Antibeschlagbeutel usw.<\/p>\n<p><strong>Gr\u00f6\u00dfen:<\/strong> je nach Kundenwunsch<br \/>\n<strong>Material:<\/strong>\u00a0Verschiedene Plastikfolien verf\u00fcgbar. Brott\u00fcten werden meist aus einem einzigen Material hergestellt, was sie zu Monoverpackungen \u2013 Monomaterialverpackungen macht und eine einfache Wiederverwertung sowie Materialrecycling erm\u00f6glicht.<br \/>\n<b>Eigenschaften: <\/b>Geeignete Optionen sowohl f\u00fcr maschinelles Verpacken als auch f\u00fcr manuelles Verpacken. Auch Tiefk\u00fchlverpackungen verf\u00fcgbar<br \/>\n<strong>Farbe der Plastik:<\/strong>\u00a0Transparent oder Farbig<br \/>\n<b>Dr<\/b><strong>uck:<\/strong>\u00a0<strong> 1\u20134 Farben (CMYK)<br \/>\n<\/strong><b>B<\/b><strong>estellmenge:<\/strong>\u00a0Ab 30.000 St\u00fcck<\/p>\n<\/div>\n","protected":false},"excerpt":{"rendered":"<p>Individuell bedruckte Plastikbeutel f\u00fcr verschiedene Verwendungszwecke und Produktverpackungen: Brotbeutel, Lebensmittelbeutel, Beutel f\u00fcr Tiefk\u00fchlkost und Trockenfutter, Minigrip-Beutel, Antibeschlagbeutel usw. Gr\u00f6\u00dfen: je nach Kundenwunsch Material:\u00a0Verschiedene Plastikfolien verf\u00fcgbar. Brott\u00fcten werden meist aus einem einzigen Material hergestellt, was sie zu Monoverpackungen \u2013 Monomaterialverpackungen macht und eine einfache Wiederverwertung sowie Materialrecycling erm\u00f6glicht. Eigenschaften: Geeignete Optionen sowohl f\u00fcr maschinelles Verpacken als [&hellip;]<\/p>\n","protected":false},"featured_media":56063,"comment_status":"open","ping_status":"closed","template":"","meta":{"_acf_changed":false},"product_brand":[],"product_cat":[1160],"product_tag":[],"class_list":{"0":"post-56046","1":"product","2":"type-product","3":"status-publish","4":"has-post-thumbnail","6":"product_cat-plastiktueten-plastiktragetaschen-bedruckt","8":"first","9":"instock","10":"taxable","11":"shipping-taxable","12":"product-type-simple"},"acf":[],"yoast_head":"<!-- This site is optimized with the Yoast SEO plugin v27.5 - https:\/\/yoast.com\/product\/yoast-seo-wordpress\/ -->\n<title>Plastikbeutel. Brotbeutel. Minigrip Beutel - Infigo<\/title>\n<meta name=\"robots\" content=\"index, follow, max-snippet:-1, max-image-preview:large, max-video-preview:-1\" \/>\n<link rel=\"canonical\" href=\"https:\/\/infigogroup.com\/de\/artikel\/plastiktueten-minigrip\/\" \/>\n<meta property=\"og:locale\" content=\"de_DE\" \/>\n<meta property=\"og:type\" content=\"article\" \/>\n<meta property=\"og:title\" content=\"Plastikbeutel. Brotbeutel. Minigrip Beutel - Infigo\" \/>\n<meta property=\"og:description\" content=\"Individuell bedruckte Plastikbeutel f\u00fcr verschiedene Verwendungszwecke und Produktverpackungen: Brotbeutel, Lebensmittelbeutel, Beutel f\u00fcr Tiefk\u00fchlkost und Trockenfutter, Minigrip-Beutel, Antibeschlagbeutel usw. Gr\u00f6\u00dfen: je nach Kundenwunsch Material:\u00a0Verschiedene Plastikfolien verf\u00fcgbar. Brott\u00fcten werden meist aus einem einzigen Material hergestellt, was sie zu Monoverpackungen \u2013 Monomaterialverpackungen macht und eine einfache Wiederverwertung sowie Materialrecycling erm\u00f6glicht. Eigenschaften: Geeignete Optionen sowohl f\u00fcr maschinelles Verpacken als [&hellip;]\" \/>\n<meta property=\"og:url\" content=\"https:\/\/infigogroup.com\/de\/artikel\/plastiktueten-minigrip\/\" \/>\n<meta property=\"og:site_name\" content=\"Infigo\" \/>\n<meta property=\"article:modified_time\" content=\"2025-06-30T13:53:47+00:00\" \/>\n<meta property=\"og:image\" content=\"https:\/\/infigogroup.com\/wp-content\/uploads\/2024\/02\/print_plastic-bag5.jpg\" \/>\n\t<meta property=\"og:image:width\" content=\"1485\" \/>\n\t<meta property=\"og:image:height\" content=\"1485\" \/>\n\t<meta property=\"og:image:type\" content=\"image\/jpeg\" \/>\n<meta name=\"twitter:card\" content=\"summary_large_image\" \/>\n<meta name=\"twitter:label1\" content=\"Gesch\u00e4tzte Lesezeit\" \/>\n\t<meta name=\"twitter:data1\" content=\"1\u00a0Minute\" \/>\n<script type=\"application\/ld+json\" class=\"yoast-schema-graph\">{\"@context\":\"https:\\\/\\\/schema.org\",\"@graph\":[{\"@type\":\"WebPage\",\"@id\":\"https:\\\/\\\/infigogroup.com\\\/de\\\/artikel\\\/plastiktueten-minigrip\\\/\",\"url\":\"https:\\\/\\\/infigogroup.com\\\/de\\\/artikel\\\/plastiktueten-minigrip\\\/\",\"name\":\"Plastikbeutel. Brotbeutel. Minigrip Beutel - Infigo\",\"isPartOf\":{\"@id\":\"https:\\\/\\\/infigogroup.com\\\/#website\"},\"primaryImageOfPage\":{\"@id\":\"https:\\\/\\\/infigogroup.com\\\/de\\\/artikel\\\/plastiktueten-minigrip\\\/#primaryimage\"},\"image\":{\"@id\":\"https:\\\/\\\/infigogroup.com\\\/de\\\/artikel\\\/plastiktueten-minigrip\\\/#primaryimage\"},\"thumbnailUrl\":\"https:\\\/\\\/infigogroup.com\\\/wp-content\\\/uploads\\\/2024\\\/02\\\/print_plastic-bag5.jpg\",\"datePublished\":\"2024-02-14T09:51:52+00:00\",\"dateModified\":\"2025-06-30T13:53:47+00:00\",\"breadcrumb\":{\"@id\":\"https:\\\/\\\/infigogroup.com\\\/de\\\/artikel\\\/plastiktueten-minigrip\\\/#breadcrumb\"},\"inLanguage\":\"de\",\"potentialAction\":[{\"@type\":\"ReadAction\",\"target\":[\"https:\\\/\\\/infigogroup.com\\\/de\\\/artikel\\\/plastiktueten-minigrip\\\/\"]}]},{\"@type\":\"ImageObject\",\"inLanguage\":\"de\",\"@id\":\"https:\\\/\\\/infigogroup.com\\\/de\\\/artikel\\\/plastiktueten-minigrip\\\/#primaryimage\",\"url\":\"https:\\\/\\\/infigogroup.com\\\/wp-content\\\/uploads\\\/2024\\\/02\\\/print_plastic-bag5.jpg\",\"contentUrl\":\"https:\\\/\\\/infigogroup.com\\\/wp-content\\\/uploads\\\/2024\\\/02\\\/print_plastic-bag5.jpg\",\"width\":1485,\"height\":1485},{\"@type\":\"BreadcrumbList\",\"@id\":\"https:\\\/\\\/infigogroup.com\\\/de\\\/artikel\\\/plastiktueten-minigrip\\\/#breadcrumb\",\"itemListElement\":[{\"@type\":\"ListItem\",\"position\":1,\"name\":\"Home\",\"item\":\"https:\\\/\\\/infigogroup.com\\\/de\\\/\"},{\"@type\":\"ListItem\",\"position\":2,\"name\":\"Online-Shop\",\"item\":\"https:\\\/\\\/infigogroup.com\\\/de\\\/products\\\/\"},{\"@type\":\"ListItem\",\"position\":3,\"name\":\"Plastikbeutel. Brotbeutel. Minigrip Beutel\"}]},{\"@type\":\"WebSite\",\"@id\":\"https:\\\/\\\/infigogroup.com\\\/#website\",\"url\":\"https:\\\/\\\/infigogroup.com\\\/\",\"name\":\"Infigo Group\",\"description\":\"\",\"publisher\":{\"@id\":\"https:\\\/\\\/infigogroup.com\\\/#organization\"},\"potentialAction\":[{\"@type\":\"SearchAction\",\"target\":{\"@type\":\"EntryPoint\",\"urlTemplate\":\"https:\\\/\\\/infigogroup.com\\\/?s={search_term_string}\"},\"query-input\":{\"@type\":\"PropertyValueSpecification\",\"valueRequired\":true,\"valueName\":\"search_term_string\"}}],\"inLanguage\":\"de\"},{\"@type\":\"Organization\",\"@id\":\"https:\\\/\\\/infigogroup.com\\\/#organization\",\"name\":\"Infigo Group\",\"url\":\"https:\\\/\\\/infigogroup.com\\\/\",\"logo\":{\"@type\":\"ImageObject\",\"inLanguage\":\"de\",\"@id\":\"https:\\\/\\\/infigogroup.com\\\/#\\\/schema\\\/logo\\\/image\\\/\",\"url\":\"https:\\\/\\\/infigogroup.com\\\/wp-content\\\/uploads\\\/2023\\\/11\\\/logo-1.jpg\",\"contentUrl\":\"https:\\\/\\\/infigogroup.com\\\/wp-content\\\/uploads\\\/2023\\\/11\\\/logo-1.jpg\",\"width\":334,\"height\":114,\"caption\":\"Infigo Group\"},\"image\":{\"@id\":\"https:\\\/\\\/infigogroup.com\\\/#\\\/schema\\\/logo\\\/image\\\/\"}}]}<\/script>\n<!-- \/ Yoast SEO plugin. -->","yoast_head_json":{"title":"Plastikbeutel. Brotbeutel. Minigrip Beutel - Infigo","robots":{"index":"index","follow":"follow","max-snippet":"max-snippet:-1","max-image-preview":"max-image-preview:large","max-video-preview":"max-video-preview:-1"},"canonical":"https:\/\/infigogroup.com\/de\/artikel\/plastiktueten-minigrip\/","og_locale":"de_DE","og_type":"article","og_title":"Plastikbeutel. Brotbeutel. Minigrip Beutel - Infigo","og_description":"Individuell bedruckte Plastikbeutel f\u00fcr verschiedene Verwendungszwecke und Produktverpackungen: Brotbeutel, Lebensmittelbeutel, Beutel f\u00fcr Tiefk\u00fchlkost und Trockenfutter, Minigrip-Beutel, Antibeschlagbeutel usw. Gr\u00f6\u00dfen: je nach Kundenwunsch Material:\u00a0Verschiedene Plastikfolien verf\u00fcgbar. Brott\u00fcten werden meist aus einem einzigen Material hergestellt, was sie zu Monoverpackungen \u2013 Monomaterialverpackungen macht und eine einfache Wiederverwertung sowie Materialrecycling erm\u00f6glicht. Eigenschaften: Geeignete Optionen sowohl f\u00fcr maschinelles Verpacken als [&hellip;]","og_url":"https:\/\/infigogroup.com\/de\/artikel\/plastiktueten-minigrip\/","og_site_name":"Infigo","article_modified_time":"2025-06-30T13:53:47+00:00","og_image":[{"width":1485,"height":1485,"url":"https:\/\/infigogroup.com\/wp-content\/uploads\/2024\/02\/print_plastic-bag5.jpg","type":"image\/jpeg"}],"twitter_card":"summary_large_image","twitter_misc":{"Gesch\u00e4tzte Lesezeit":"1\u00a0Minute"},"schema":{"@context":"https:\/\/schema.org","@graph":[{"@type":"WebPage","@id":"https:\/\/infigogroup.com\/de\/artikel\/plastiktueten-minigrip\/","url":"https:\/\/infigogroup.com\/de\/artikel\/plastiktueten-minigrip\/","name":"Plastikbeutel. Brotbeutel. Minigrip Beutel - Infigo","isPartOf":{"@id":"https:\/\/infigogroup.com\/#website"},"primaryImageOfPage":{"@id":"https:\/\/infigogroup.com\/de\/artikel\/plastiktueten-minigrip\/#primaryimage"},"image":{"@id":"https:\/\/infigogroup.com\/de\/artikel\/plastiktueten-minigrip\/#primaryimage"},"thumbnailUrl":"https:\/\/infigogroup.com\/wp-content\/uploads\/2024\/02\/print_plastic-bag5.jpg","datePublished":"2024-02-14T09:51:52+00:00","dateModified":"2025-06-30T13:53:47+00:00","breadcrumb":{"@id":"https:\/\/infigogroup.com\/de\/artikel\/plastiktueten-minigrip\/#breadcrumb"},"inLanguage":"de","potentialAction":[{"@type":"ReadAction","target":["https:\/\/infigogroup.com\/de\/artikel\/plastiktueten-minigrip\/"]}]},{"@type":"ImageObject","inLanguage":"de","@id":"https:\/\/infigogroup.com\/de\/artikel\/plastiktueten-minigrip\/#primaryimage","url":"https:\/\/infigogroup.com\/wp-content\/uploads\/2024\/02\/print_plastic-bag5.jpg","contentUrl":"https:\/\/infigogroup.com\/wp-content\/uploads\/2024\/02\/print_plastic-bag5.jpg","width":1485,"height":1485},{"@type":"BreadcrumbList","@id":"https:\/\/infigogroup.com\/de\/artikel\/plastiktueten-minigrip\/#breadcrumb","itemListElement":[{"@type":"ListItem","position":1,"name":"Home","item":"https:\/\/infigogroup.com\/de\/"},{"@type":"ListItem","position":2,"name":"Online-Shop","item":"https:\/\/infigogroup.com\/de\/products\/"},{"@type":"ListItem","position":3,"name":"Plastikbeutel. Brotbeutel. Minigrip Beutel"}]},{"@type":"WebSite","@id":"https:\/\/infigogroup.com\/#website","url":"https:\/\/infigogroup.com\/","name":"Infigo Group","description":"","publisher":{"@id":"https:\/\/infigogroup.com\/#organization"},"potentialAction":[{"@type":"SearchAction","target":{"@type":"EntryPoint","urlTemplate":"https:\/\/infigogroup.com\/?s={search_term_string}"},"query-input":{"@type":"PropertyValueSpecification","valueRequired":true,"valueName":"search_term_string"}}],"inLanguage":"de"},{"@type":"Organization","@id":"https:\/\/infigogroup.com\/#organization","name":"Infigo Group","url":"https:\/\/infigogroup.com\/","logo":{"@type":"ImageObject","inLanguage":"de","@id":"https:\/\/infigogroup.com\/#\/schema\/logo\/image\/","url":"https:\/\/infigogroup.com\/wp-content\/uploads\/2023\/11\/logo-1.jpg","contentUrl":"https:\/\/infigogroup.com\/wp-content\/uploads\/2023\/11\/logo-1.jpg","width":334,"height":114,"caption":"Infigo Group"},"image":{"@id":"https:\/\/infigogroup.com\/#\/schema\/logo\/image\/"}}]}},"_links":{"self":[{"href":"https:\/\/infigogroup.com\/de\/wp-json\/wp\/v2\/product\/56046","targetHints":{"allow":["GET"]}}],"collection":[{"href":"https:\/\/infigogroup.com\/de\/wp-json\/wp\/v2\/product"}],"about":[{"href":"https:\/\/infigogroup.com\/de\/wp-json\/wp\/v2\/types\/product"}],"replies":[{"embeddable":true,"href":"https:\/\/infigogroup.com\/de\/wp-json\/wp\/v2\/comments?post=56046"}],"wp:featuredmedia":[{"embeddable":true,"href":"https:\/\/infigogroup.com\/de\/wp-json\/wp\/v2\/media\/56063"}],"wp:attachment":[{"href":"https:\/\/infigogroup.com\/de\/wp-json\/wp\/v2\/media?parent=56046"}],"wp:term":[{"taxonomy":"product_brand","embeddable":true,"href":"https:\/\/infigogroup.com\/de\/wp-json\/wp\/v2\/product_brand?post=56046"},{"taxonomy":"product_cat","embeddable":true,"href":"https:\/\/infigogroup.com\/de\/wp-json\/wp\/v2\/product_cat?post=56046"},{"taxonomy":"product_tag","embeddable":true,"href":"https:\/\/infigogroup.com\/de\/wp-json\/wp\/v2\/product_tag?post=56046"}],"curies":[{"name":"wp","href":"https:\/\/api.w.org\/{rel}","templated":true}]}}