{"id":56075,"date":"2024-02-14T12:13:52","date_gmt":"2024-02-14T10:13:52","guid":{"rendered":"https:\/\/infigogroup.com\/?post_type=product&#038;p=56075"},"modified":"2025-01-15T10:27:44","modified_gmt":"2025-01-15T08:27:44","slug":"schmuckbeutel-kosmetiktaschen","status":"publish","type":"product","link":"https:\/\/infigogroup.com\/de\/artikel\/schmuckbeutel-kosmetiktaschen\/","title":{"rendered":"Schmuckbeutel. Kosmetiktaschen"},"content":{"rendered":"<p><strong>Schmuckbeutel, Kosmetiktaschen<\/strong> oder andere Verpackungen mit Ihrem Logo bieten eine einzigartige und einpr\u00e4gsame M\u00f6glichkeit, Ihre Produkte zu pr\u00e4sentieren. Sie sind wiederverwendbar<strong>. <\/strong>Wir helfen Ihnen, die passende Verpackung f\u00fcr Ihre Bed\u00fcrfnisse zu finden und zu gestalten. Teilen Sie uns einfach Ihre W\u00fcnsche mit!<\/p>\n<p>F\u00fcr alle Taschen besteht die M\u00f6glichkeit, Ihr Logo oder ein Wunschmotiv aufzudrucken.<\/p>\n<ul>\n<li><strong>Gr\u00f6ssen: <\/strong> Nach Kundenwunsch<\/li>\n<li><strong>Material:<\/strong> Verschiedene Materialien \u2013 wir beraten Sie gerne bei der Auswahl des passenden Stoffes<\/li>\n<li><strong>Extras:<\/strong> Rei\u00dfverschluss, Klettverschluss, Zugb\u00e4ndern, Tragegriffe usw<\/li>\n<li><strong>Bedruck: <\/strong><strong>die Schmuckbeutel und Kosmetiktaschen (und andere verschiedene Taschen) k\u00f6nnen<\/strong> <strong>mit Ihrem Logo oder Wunschmotiv von 1\u20134 Farben (CMYK) bedrucken lassen<\/strong><\/li>\n<li><strong>Bestellmenge:<\/strong> Nach Vereinbarung<\/li>\n<\/ul>\n<p>Kontaktieren Sie uns und lassen Sie uns gemeinsam die perfekte L\u00f6sung f\u00fcr Ihre Produkte entwickeln<\/p>\n","protected":false},"excerpt":{"rendered":"<p>Schmuckbeutel, Kosmetiktaschen oder andere Verpackungen mit Ihrem Logo bieten eine einzigartige und einpr\u00e4gsame M\u00f6glichkeit, Ihre Produkte zu pr\u00e4sentieren. Sie sind wiederverwendbar. Wir helfen Ihnen, die passende Verpackung f\u00fcr Ihre Bed\u00fcrfnisse zu finden und zu gestalten. Teilen Sie uns einfach Ihre W\u00fcnsche mit! F\u00fcr alle Taschen besteht die M\u00f6glichkeit, Ihr Logo oder ein Wunschmotiv aufzudrucken. Gr\u00f6ssen: [&hellip;]<\/p>\n","protected":false},"featured_media":56084,"comment_status":"open","ping_status":"closed","template":"","meta":{"_acf_changed":false},"product_brand":[],"product_cat":[1161],"product_tag":[],"class_list":{"0":"post-56075","1":"product","2":"type-product","3":"status-publish","4":"has-post-thumbnail","6":"product_cat-baumwolltaschen-non-woven-taschen-pp-taschen-bedruckt","8":"first","9":"instock","10":"taxable","11":"shipping-taxable","12":"product-type-simple"},"acf":[],"yoast_head":"<!-- This site is optimized with the Yoast SEO plugin v27.5 - https:\/\/yoast.com\/product\/yoast-seo-wordpress\/ -->\n<title>Schmuckbeutel. Kosmetiktaschen - Infigo<\/title>\n<meta name=\"robots\" content=\"index, follow, max-snippet:-1, max-image-preview:large, max-video-preview:-1\" \/>\n<link rel=\"canonical\" href=\"https:\/\/infigogroup.com\/de\/artikel\/schmuckbeutel-kosmetiktaschen\/\" \/>\n<meta property=\"og:locale\" content=\"de_DE\" \/>\n<meta property=\"og:type\" content=\"article\" \/>\n<meta property=\"og:title\" content=\"Schmuckbeutel. Kosmetiktaschen - Infigo\" \/>\n<meta property=\"og:description\" content=\"Schmuckbeutel, Kosmetiktaschen oder andere Verpackungen mit Ihrem Logo bieten eine einzigartige und einpr\u00e4gsame M\u00f6glichkeit, Ihre Produkte zu pr\u00e4sentieren. Sie sind wiederverwendbar. Wir helfen Ihnen, die passende Verpackung f\u00fcr Ihre Bed\u00fcrfnisse zu finden und zu gestalten. Teilen Sie uns einfach Ihre W\u00fcnsche mit! F\u00fcr alle Taschen besteht die M\u00f6glichkeit, Ihr Logo oder ein Wunschmotiv aufzudrucken. Gr\u00f6ssen: [&hellip;]\" \/>\n<meta property=\"og:url\" content=\"https:\/\/infigogroup.com\/de\/artikel\/schmuckbeutel-kosmetiktaschen\/\" \/>\n<meta property=\"og:site_name\" content=\"Infigo\" \/>\n<meta property=\"article:modified_time\" content=\"2025-01-15T08:27:44+00:00\" \/>\n<meta property=\"og:image\" content=\"https:\/\/infigogroup.com\/wp-content\/uploads\/2024\/02\/print_tote-bag4.jpg\" \/>\n\t<meta property=\"og:image:width\" content=\"1485\" \/>\n\t<meta property=\"og:image:height\" content=\"1485\" \/>\n\t<meta property=\"og:image:type\" content=\"image\/jpeg\" \/>\n<meta name=\"twitter:card\" content=\"summary_large_image\" \/>\n<meta name=\"twitter:label1\" content=\"Gesch\u00e4tzte Lesezeit\" \/>\n\t<meta name=\"twitter:data1\" content=\"1\u00a0Minute\" \/>\n<script type=\"application\/ld+json\" class=\"yoast-schema-graph\">{\"@context\":\"https:\\\/\\\/schema.org\",\"@graph\":[{\"@type\":\"WebPage\",\"@id\":\"https:\\\/\\\/infigogroup.com\\\/de\\\/artikel\\\/schmuckbeutel-kosmetiktaschen\\\/\",\"url\":\"https:\\\/\\\/infigogroup.com\\\/de\\\/artikel\\\/schmuckbeutel-kosmetiktaschen\\\/\",\"name\":\"Schmuckbeutel. Kosmetiktaschen - Infigo\",\"isPartOf\":{\"@id\":\"https:\\\/\\\/infigogroup.com\\\/#website\"},\"primaryImageOfPage\":{\"@id\":\"https:\\\/\\\/infigogroup.com\\\/de\\\/artikel\\\/schmuckbeutel-kosmetiktaschen\\\/#primaryimage\"},\"image\":{\"@id\":\"https:\\\/\\\/infigogroup.com\\\/de\\\/artikel\\\/schmuckbeutel-kosmetiktaschen\\\/#primaryimage\"},\"thumbnailUrl\":\"https:\\\/\\\/infigogroup.com\\\/wp-content\\\/uploads\\\/2024\\\/02\\\/print_tote-bag4.jpg\",\"datePublished\":\"2024-02-14T10:13:52+00:00\",\"dateModified\":\"2025-01-15T08:27:44+00:00\",\"breadcrumb\":{\"@id\":\"https:\\\/\\\/infigogroup.com\\\/de\\\/artikel\\\/schmuckbeutel-kosmetiktaschen\\\/#breadcrumb\"},\"inLanguage\":\"de\",\"potentialAction\":[{\"@type\":\"ReadAction\",\"target\":[\"https:\\\/\\\/infigogroup.com\\\/de\\\/artikel\\\/schmuckbeutel-kosmetiktaschen\\\/\"]}]},{\"@type\":\"ImageObject\",\"inLanguage\":\"de\",\"@id\":\"https:\\\/\\\/infigogroup.com\\\/de\\\/artikel\\\/schmuckbeutel-kosmetiktaschen\\\/#primaryimage\",\"url\":\"https:\\\/\\\/infigogroup.com\\\/wp-content\\\/uploads\\\/2024\\\/02\\\/print_tote-bag4.jpg\",\"contentUrl\":\"https:\\\/\\\/infigogroup.com\\\/wp-content\\\/uploads\\\/2024\\\/02\\\/print_tote-bag4.jpg\",\"width\":1485,\"height\":1485},{\"@type\":\"BreadcrumbList\",\"@id\":\"https:\\\/\\\/infigogroup.com\\\/de\\\/artikel\\\/schmuckbeutel-kosmetiktaschen\\\/#breadcrumb\",\"itemListElement\":[{\"@type\":\"ListItem\",\"position\":1,\"name\":\"Home\",\"item\":\"https:\\\/\\\/infigogroup.com\\\/de\\\/\"},{\"@type\":\"ListItem\",\"position\":2,\"name\":\"Online-Shop\",\"item\":\"https:\\\/\\\/infigogroup.com\\\/de\\\/products\\\/\"},{\"@type\":\"ListItem\",\"position\":3,\"name\":\"Schmuckbeutel. Kosmetiktaschen\"}]},{\"@type\":\"WebSite\",\"@id\":\"https:\\\/\\\/infigogroup.com\\\/#website\",\"url\":\"https:\\\/\\\/infigogroup.com\\\/\",\"name\":\"Infigo Group\",\"description\":\"\",\"publisher\":{\"@id\":\"https:\\\/\\\/infigogroup.com\\\/#organization\"},\"potentialAction\":[{\"@type\":\"SearchAction\",\"target\":{\"@type\":\"EntryPoint\",\"urlTemplate\":\"https:\\\/\\\/infigogroup.com\\\/?s={search_term_string}\"},\"query-input\":{\"@type\":\"PropertyValueSpecification\",\"valueRequired\":true,\"valueName\":\"search_term_string\"}}],\"inLanguage\":\"de\"},{\"@type\":\"Organization\",\"@id\":\"https:\\\/\\\/infigogroup.com\\\/#organization\",\"name\":\"Infigo Group\",\"url\":\"https:\\\/\\\/infigogroup.com\\\/\",\"logo\":{\"@type\":\"ImageObject\",\"inLanguage\":\"de\",\"@id\":\"https:\\\/\\\/infigogroup.com\\\/#\\\/schema\\\/logo\\\/image\\\/\",\"url\":\"https:\\\/\\\/infigogroup.com\\\/wp-content\\\/uploads\\\/2023\\\/11\\\/logo-1.jpg\",\"contentUrl\":\"https:\\\/\\\/infigogroup.com\\\/wp-content\\\/uploads\\\/2023\\\/11\\\/logo-1.jpg\",\"width\":334,\"height\":114,\"caption\":\"Infigo Group\"},\"image\":{\"@id\":\"https:\\\/\\\/infigogroup.com\\\/#\\\/schema\\\/logo\\\/image\\\/\"}}]}<\/script>\n<!-- \/ Yoast SEO plugin. -->","yoast_head_json":{"title":"Schmuckbeutel. Kosmetiktaschen - Infigo","robots":{"index":"index","follow":"follow","max-snippet":"max-snippet:-1","max-image-preview":"max-image-preview:large","max-video-preview":"max-video-preview:-1"},"canonical":"https:\/\/infigogroup.com\/de\/artikel\/schmuckbeutel-kosmetiktaschen\/","og_locale":"de_DE","og_type":"article","og_title":"Schmuckbeutel. Kosmetiktaschen - Infigo","og_description":"Schmuckbeutel, Kosmetiktaschen oder andere Verpackungen mit Ihrem Logo bieten eine einzigartige und einpr\u00e4gsame M\u00f6glichkeit, Ihre Produkte zu pr\u00e4sentieren. Sie sind wiederverwendbar. Wir helfen Ihnen, die passende Verpackung f\u00fcr Ihre Bed\u00fcrfnisse zu finden und zu gestalten. Teilen Sie uns einfach Ihre W\u00fcnsche mit! F\u00fcr alle Taschen besteht die M\u00f6glichkeit, Ihr Logo oder ein Wunschmotiv aufzudrucken. Gr\u00f6ssen: [&hellip;]","og_url":"https:\/\/infigogroup.com\/de\/artikel\/schmuckbeutel-kosmetiktaschen\/","og_site_name":"Infigo","article_modified_time":"2025-01-15T08:27:44+00:00","og_image":[{"width":1485,"height":1485,"url":"https:\/\/infigogroup.com\/wp-content\/uploads\/2024\/02\/print_tote-bag4.jpg","type":"image\/jpeg"}],"twitter_card":"summary_large_image","twitter_misc":{"Gesch\u00e4tzte Lesezeit":"1\u00a0Minute"},"schema":{"@context":"https:\/\/schema.org","@graph":[{"@type":"WebPage","@id":"https:\/\/infigogroup.com\/de\/artikel\/schmuckbeutel-kosmetiktaschen\/","url":"https:\/\/infigogroup.com\/de\/artikel\/schmuckbeutel-kosmetiktaschen\/","name":"Schmuckbeutel. Kosmetiktaschen - Infigo","isPartOf":{"@id":"https:\/\/infigogroup.com\/#website"},"primaryImageOfPage":{"@id":"https:\/\/infigogroup.com\/de\/artikel\/schmuckbeutel-kosmetiktaschen\/#primaryimage"},"image":{"@id":"https:\/\/infigogroup.com\/de\/artikel\/schmuckbeutel-kosmetiktaschen\/#primaryimage"},"thumbnailUrl":"https:\/\/infigogroup.com\/wp-content\/uploads\/2024\/02\/print_tote-bag4.jpg","datePublished":"2024-02-14T10:13:52+00:00","dateModified":"2025-01-15T08:27:44+00:00","breadcrumb":{"@id":"https:\/\/infigogroup.com\/de\/artikel\/schmuckbeutel-kosmetiktaschen\/#breadcrumb"},"inLanguage":"de","potentialAction":[{"@type":"ReadAction","target":["https:\/\/infigogroup.com\/de\/artikel\/schmuckbeutel-kosmetiktaschen\/"]}]},{"@type":"ImageObject","inLanguage":"de","@id":"https:\/\/infigogroup.com\/de\/artikel\/schmuckbeutel-kosmetiktaschen\/#primaryimage","url":"https:\/\/infigogroup.com\/wp-content\/uploads\/2024\/02\/print_tote-bag4.jpg","contentUrl":"https:\/\/infigogroup.com\/wp-content\/uploads\/2024\/02\/print_tote-bag4.jpg","width":1485,"height":1485},{"@type":"BreadcrumbList","@id":"https:\/\/infigogroup.com\/de\/artikel\/schmuckbeutel-kosmetiktaschen\/#breadcrumb","itemListElement":[{"@type":"ListItem","position":1,"name":"Home","item":"https:\/\/infigogroup.com\/de\/"},{"@type":"ListItem","position":2,"name":"Online-Shop","item":"https:\/\/infigogroup.com\/de\/products\/"},{"@type":"ListItem","position":3,"name":"Schmuckbeutel. Kosmetiktaschen"}]},{"@type":"WebSite","@id":"https:\/\/infigogroup.com\/#website","url":"https:\/\/infigogroup.com\/","name":"Infigo Group","description":"","publisher":{"@id":"https:\/\/infigogroup.com\/#organization"},"potentialAction":[{"@type":"SearchAction","target":{"@type":"EntryPoint","urlTemplate":"https:\/\/infigogroup.com\/?s={search_term_string}"},"query-input":{"@type":"PropertyValueSpecification","valueRequired":true,"valueName":"search_term_string"}}],"inLanguage":"de"},{"@type":"Organization","@id":"https:\/\/infigogroup.com\/#organization","name":"Infigo Group","url":"https:\/\/infigogroup.com\/","logo":{"@type":"ImageObject","inLanguage":"de","@id":"https:\/\/infigogroup.com\/#\/schema\/logo\/image\/","url":"https:\/\/infigogroup.com\/wp-content\/uploads\/2023\/11\/logo-1.jpg","contentUrl":"https:\/\/infigogroup.com\/wp-content\/uploads\/2023\/11\/logo-1.jpg","width":334,"height":114,"caption":"Infigo Group"},"image":{"@id":"https:\/\/infigogroup.com\/#\/schema\/logo\/image\/"}}]}},"_links":{"self":[{"href":"https:\/\/infigogroup.com\/de\/wp-json\/wp\/v2\/product\/56075","targetHints":{"allow":["GET"]}}],"collection":[{"href":"https:\/\/infigogroup.com\/de\/wp-json\/wp\/v2\/product"}],"about":[{"href":"https:\/\/infigogroup.com\/de\/wp-json\/wp\/v2\/types\/product"}],"replies":[{"embeddable":true,"href":"https:\/\/infigogroup.com\/de\/wp-json\/wp\/v2\/comments?post=56075"}],"wp:featuredmedia":[{"embeddable":true,"href":"https:\/\/infigogroup.com\/de\/wp-json\/wp\/v2\/media\/56084"}],"wp:attachment":[{"href":"https:\/\/infigogroup.com\/de\/wp-json\/wp\/v2\/media?parent=56075"}],"wp:term":[{"taxonomy":"product_brand","embeddable":true,"href":"https:\/\/infigogroup.com\/de\/wp-json\/wp\/v2\/product_brand?post=56075"},{"taxonomy":"product_cat","embeddable":true,"href":"https:\/\/infigogroup.com\/de\/wp-json\/wp\/v2\/product_cat?post=56075"},{"taxonomy":"product_tag","embeddable":true,"href":"https:\/\/infigogroup.com\/de\/wp-json\/wp\/v2\/product_tag?post=56075"}],"curies":[{"name":"wp","href":"https:\/\/api.w.org\/{rel}","templated":true}]}}