{"id":56085,"date":"2024-02-14T12:05:50","date_gmt":"2024-02-14T10:05:50","guid":{"rendered":"https:\/\/infigogroup.com\/?post_type=product&#038;p=56085"},"modified":"2025-01-15T10:28:47","modified_gmt":"2025-01-15T08:28:47","slug":"non-woven-taschen","status":"publish","type":"product","link":"https:\/\/infigogroup.com\/de\/artikel\/non-woven-taschen\/","title":{"rendered":"Non Woven Taschen"},"content":{"rendered":"<p><strong>Non-Woven Taschen mit Logodruck <\/strong><strong>\u2013 die umweltfreundliche Alternative zu Baumwolltaschen<\/strong><\/p>\n<p>Non-Woven Taschen sind wiederverwendbar, nachhaltig und eine ideale Option f\u00fcr umweltbewusste Unternehmen.<\/p>\n<ul>\n<li><strong>Gr\u00f6\u00dfe:<\/strong> Nach Kundenwunsch<\/li>\n<li><strong>Material:<\/strong> Non-Woven Material, Materialienst\u00e4rke ab 80 g\/m\u00b2<\/li>\n<li><strong>Materialfarbe:<\/strong> Verschiedene Farben verf\u00fcgbar<\/li>\n<li>Non Woven Taschen k\u00f6nnen mit Boden- und\/oder Seitenfalte, Laminierung oder anderen Extras gefertigt werden<\/li>\n<li><strong>Tragegriffe:<\/strong> Kurz oder lang<\/li>\n<li><strong>Bedruck: <\/strong><strong>die Non Woven Taschen k\u00f6nnen<\/strong> <strong>mit Ihrem Logo oder Wunschmotiv von 1\u20134 Farben (CMYK) bedrucken lassen<\/strong><\/li>\n<li><strong>Bestellmenge:<\/strong> Ab 300 St\u00fcck<\/li>\n<\/ul>\n<p>Kontaktieren Sie uns, um die perfekte L\u00f6sung f\u00fcr Ihre Anforderungen zu besprechen<\/p>\n","protected":false},"excerpt":{"rendered":"<p>Non-Woven Taschen mit Logodruck \u2013 die umweltfreundliche Alternative zu Baumwolltaschen Non-Woven Taschen sind wiederverwendbar, nachhaltig und eine ideale Option f\u00fcr umweltbewusste Unternehmen. Gr\u00f6\u00dfe: Nach Kundenwunsch Material: Non-Woven Material, Materialienst\u00e4rke ab 80 g\/m\u00b2 Materialfarbe: Verschiedene Farben verf\u00fcgbar Non Woven Taschen k\u00f6nnen mit Boden- und\/oder Seitenfalte, Laminierung oder anderen Extras gefertigt werden Tragegriffe: Kurz oder lang Bedruck: [&hellip;]<\/p>\n","protected":false},"featured_media":56098,"comment_status":"open","ping_status":"closed","template":"","meta":{"_acf_changed":false},"product_brand":[],"product_cat":[1161],"product_tag":[],"class_list":{"0":"post-56085","1":"product","2":"type-product","3":"status-publish","4":"has-post-thumbnail","6":"product_cat-baumwolltaschen-non-woven-taschen-pp-taschen-bedruckt","8":"first","9":"instock","10":"taxable","11":"shipping-taxable","12":"product-type-simple"},"acf":[],"yoast_head":"<!-- This site is optimized with the Yoast SEO plugin v27.5 - https:\/\/yoast.com\/product\/yoast-seo-wordpress\/ -->\n<title>Non Woven Taschen - Infigo<\/title>\n<meta name=\"robots\" content=\"index, follow, max-snippet:-1, max-image-preview:large, max-video-preview:-1\" \/>\n<link rel=\"canonical\" href=\"https:\/\/infigogroup.com\/de\/artikel\/non-woven-taschen\/\" \/>\n<meta property=\"og:locale\" content=\"de_DE\" \/>\n<meta property=\"og:type\" content=\"article\" \/>\n<meta property=\"og:title\" content=\"Non Woven Taschen - Infigo\" \/>\n<meta property=\"og:description\" content=\"Non-Woven Taschen mit Logodruck \u2013 die umweltfreundliche Alternative zu Baumwolltaschen Non-Woven Taschen sind wiederverwendbar, nachhaltig und eine ideale Option f\u00fcr umweltbewusste Unternehmen. Gr\u00f6\u00dfe: Nach Kundenwunsch Material: Non-Woven Material, Materialienst\u00e4rke ab 80 g\/m\u00b2 Materialfarbe: Verschiedene Farben verf\u00fcgbar Non Woven Taschen k\u00f6nnen mit Boden- und\/oder Seitenfalte, Laminierung oder anderen Extras gefertigt werden Tragegriffe: Kurz oder lang Bedruck: [&hellip;]\" \/>\n<meta property=\"og:url\" content=\"https:\/\/infigogroup.com\/de\/artikel\/non-woven-taschen\/\" \/>\n<meta property=\"og:site_name\" content=\"Infigo\" \/>\n<meta property=\"article:modified_time\" content=\"2025-01-15T08:28:47+00:00\" \/>\n<meta property=\"og:image\" content=\"https:\/\/infigogroup.com\/wp-content\/uploads\/2024\/02\/print_tote-bag2.jpg\" \/>\n\t<meta property=\"og:image:width\" content=\"1485\" \/>\n\t<meta property=\"og:image:height\" content=\"1485\" \/>\n\t<meta property=\"og:image:type\" content=\"image\/jpeg\" \/>\n<meta name=\"twitter:card\" content=\"summary_large_image\" \/>\n<meta name=\"twitter:label1\" content=\"Gesch\u00e4tzte Lesezeit\" \/>\n\t<meta name=\"twitter:data1\" content=\"1\u00a0Minute\" \/>\n<script type=\"application\/ld+json\" class=\"yoast-schema-graph\">{\"@context\":\"https:\\\/\\\/schema.org\",\"@graph\":[{\"@type\":\"WebPage\",\"@id\":\"https:\\\/\\\/infigogroup.com\\\/de\\\/artikel\\\/non-woven-taschen\\\/\",\"url\":\"https:\\\/\\\/infigogroup.com\\\/de\\\/artikel\\\/non-woven-taschen\\\/\",\"name\":\"Non Woven Taschen - Infigo\",\"isPartOf\":{\"@id\":\"https:\\\/\\\/infigogroup.com\\\/#website\"},\"primaryImageOfPage\":{\"@id\":\"https:\\\/\\\/infigogroup.com\\\/de\\\/artikel\\\/non-woven-taschen\\\/#primaryimage\"},\"image\":{\"@id\":\"https:\\\/\\\/infigogroup.com\\\/de\\\/artikel\\\/non-woven-taschen\\\/#primaryimage\"},\"thumbnailUrl\":\"https:\\\/\\\/infigogroup.com\\\/wp-content\\\/uploads\\\/2024\\\/02\\\/print_tote-bag2.jpg\",\"datePublished\":\"2024-02-14T10:05:50+00:00\",\"dateModified\":\"2025-01-15T08:28:47+00:00\",\"breadcrumb\":{\"@id\":\"https:\\\/\\\/infigogroup.com\\\/de\\\/artikel\\\/non-woven-taschen\\\/#breadcrumb\"},\"inLanguage\":\"de\",\"potentialAction\":[{\"@type\":\"ReadAction\",\"target\":[\"https:\\\/\\\/infigogroup.com\\\/de\\\/artikel\\\/non-woven-taschen\\\/\"]}]},{\"@type\":\"ImageObject\",\"inLanguage\":\"de\",\"@id\":\"https:\\\/\\\/infigogroup.com\\\/de\\\/artikel\\\/non-woven-taschen\\\/#primaryimage\",\"url\":\"https:\\\/\\\/infigogroup.com\\\/wp-content\\\/uploads\\\/2024\\\/02\\\/print_tote-bag2.jpg\",\"contentUrl\":\"https:\\\/\\\/infigogroup.com\\\/wp-content\\\/uploads\\\/2024\\\/02\\\/print_tote-bag2.jpg\",\"width\":1485,\"height\":1485},{\"@type\":\"BreadcrumbList\",\"@id\":\"https:\\\/\\\/infigogroup.com\\\/de\\\/artikel\\\/non-woven-taschen\\\/#breadcrumb\",\"itemListElement\":[{\"@type\":\"ListItem\",\"position\":1,\"name\":\"Home\",\"item\":\"https:\\\/\\\/infigogroup.com\\\/de\\\/\"},{\"@type\":\"ListItem\",\"position\":2,\"name\":\"Online-Shop\",\"item\":\"https:\\\/\\\/infigogroup.com\\\/de\\\/products\\\/\"},{\"@type\":\"ListItem\",\"position\":3,\"name\":\"Non Woven Taschen\"}]},{\"@type\":\"WebSite\",\"@id\":\"https:\\\/\\\/infigogroup.com\\\/#website\",\"url\":\"https:\\\/\\\/infigogroup.com\\\/\",\"name\":\"Infigo Group\",\"description\":\"\",\"publisher\":{\"@id\":\"https:\\\/\\\/infigogroup.com\\\/#organization\"},\"potentialAction\":[{\"@type\":\"SearchAction\",\"target\":{\"@type\":\"EntryPoint\",\"urlTemplate\":\"https:\\\/\\\/infigogroup.com\\\/?s={search_term_string}\"},\"query-input\":{\"@type\":\"PropertyValueSpecification\",\"valueRequired\":true,\"valueName\":\"search_term_string\"}}],\"inLanguage\":\"de\"},{\"@type\":\"Organization\",\"@id\":\"https:\\\/\\\/infigogroup.com\\\/#organization\",\"name\":\"Infigo Group\",\"url\":\"https:\\\/\\\/infigogroup.com\\\/\",\"logo\":{\"@type\":\"ImageObject\",\"inLanguage\":\"de\",\"@id\":\"https:\\\/\\\/infigogroup.com\\\/#\\\/schema\\\/logo\\\/image\\\/\",\"url\":\"https:\\\/\\\/infigogroup.com\\\/wp-content\\\/uploads\\\/2023\\\/11\\\/logo-1.jpg\",\"contentUrl\":\"https:\\\/\\\/infigogroup.com\\\/wp-content\\\/uploads\\\/2023\\\/11\\\/logo-1.jpg\",\"width\":334,\"height\":114,\"caption\":\"Infigo Group\"},\"image\":{\"@id\":\"https:\\\/\\\/infigogroup.com\\\/#\\\/schema\\\/logo\\\/image\\\/\"}}]}<\/script>\n<!-- \/ Yoast SEO plugin. -->","yoast_head_json":{"title":"Non Woven Taschen - Infigo","robots":{"index":"index","follow":"follow","max-snippet":"max-snippet:-1","max-image-preview":"max-image-preview:large","max-video-preview":"max-video-preview:-1"},"canonical":"https:\/\/infigogroup.com\/de\/artikel\/non-woven-taschen\/","og_locale":"de_DE","og_type":"article","og_title":"Non Woven Taschen - Infigo","og_description":"Non-Woven Taschen mit Logodruck \u2013 die umweltfreundliche Alternative zu Baumwolltaschen Non-Woven Taschen sind wiederverwendbar, nachhaltig und eine ideale Option f\u00fcr umweltbewusste Unternehmen. Gr\u00f6\u00dfe: Nach Kundenwunsch Material: Non-Woven Material, Materialienst\u00e4rke ab 80 g\/m\u00b2 Materialfarbe: Verschiedene Farben verf\u00fcgbar Non Woven Taschen k\u00f6nnen mit Boden- und\/oder Seitenfalte, Laminierung oder anderen Extras gefertigt werden Tragegriffe: Kurz oder lang Bedruck: [&hellip;]","og_url":"https:\/\/infigogroup.com\/de\/artikel\/non-woven-taschen\/","og_site_name":"Infigo","article_modified_time":"2025-01-15T08:28:47+00:00","og_image":[{"width":1485,"height":1485,"url":"https:\/\/infigogroup.com\/wp-content\/uploads\/2024\/02\/print_tote-bag2.jpg","type":"image\/jpeg"}],"twitter_card":"summary_large_image","twitter_misc":{"Gesch\u00e4tzte Lesezeit":"1\u00a0Minute"},"schema":{"@context":"https:\/\/schema.org","@graph":[{"@type":"WebPage","@id":"https:\/\/infigogroup.com\/de\/artikel\/non-woven-taschen\/","url":"https:\/\/infigogroup.com\/de\/artikel\/non-woven-taschen\/","name":"Non Woven Taschen - Infigo","isPartOf":{"@id":"https:\/\/infigogroup.com\/#website"},"primaryImageOfPage":{"@id":"https:\/\/infigogroup.com\/de\/artikel\/non-woven-taschen\/#primaryimage"},"image":{"@id":"https:\/\/infigogroup.com\/de\/artikel\/non-woven-taschen\/#primaryimage"},"thumbnailUrl":"https:\/\/infigogroup.com\/wp-content\/uploads\/2024\/02\/print_tote-bag2.jpg","datePublished":"2024-02-14T10:05:50+00:00","dateModified":"2025-01-15T08:28:47+00:00","breadcrumb":{"@id":"https:\/\/infigogroup.com\/de\/artikel\/non-woven-taschen\/#breadcrumb"},"inLanguage":"de","potentialAction":[{"@type":"ReadAction","target":["https:\/\/infigogroup.com\/de\/artikel\/non-woven-taschen\/"]}]},{"@type":"ImageObject","inLanguage":"de","@id":"https:\/\/infigogroup.com\/de\/artikel\/non-woven-taschen\/#primaryimage","url":"https:\/\/infigogroup.com\/wp-content\/uploads\/2024\/02\/print_tote-bag2.jpg","contentUrl":"https:\/\/infigogroup.com\/wp-content\/uploads\/2024\/02\/print_tote-bag2.jpg","width":1485,"height":1485},{"@type":"BreadcrumbList","@id":"https:\/\/infigogroup.com\/de\/artikel\/non-woven-taschen\/#breadcrumb","itemListElement":[{"@type":"ListItem","position":1,"name":"Home","item":"https:\/\/infigogroup.com\/de\/"},{"@type":"ListItem","position":2,"name":"Online-Shop","item":"https:\/\/infigogroup.com\/de\/products\/"},{"@type":"ListItem","position":3,"name":"Non Woven Taschen"}]},{"@type":"WebSite","@id":"https:\/\/infigogroup.com\/#website","url":"https:\/\/infigogroup.com\/","name":"Infigo Group","description":"","publisher":{"@id":"https:\/\/infigogroup.com\/#organization"},"potentialAction":[{"@type":"SearchAction","target":{"@type":"EntryPoint","urlTemplate":"https:\/\/infigogroup.com\/?s={search_term_string}"},"query-input":{"@type":"PropertyValueSpecification","valueRequired":true,"valueName":"search_term_string"}}],"inLanguage":"de"},{"@type":"Organization","@id":"https:\/\/infigogroup.com\/#organization","name":"Infigo Group","url":"https:\/\/infigogroup.com\/","logo":{"@type":"ImageObject","inLanguage":"de","@id":"https:\/\/infigogroup.com\/#\/schema\/logo\/image\/","url":"https:\/\/infigogroup.com\/wp-content\/uploads\/2023\/11\/logo-1.jpg","contentUrl":"https:\/\/infigogroup.com\/wp-content\/uploads\/2023\/11\/logo-1.jpg","width":334,"height":114,"caption":"Infigo Group"},"image":{"@id":"https:\/\/infigogroup.com\/#\/schema\/logo\/image\/"}}]}},"_links":{"self":[{"href":"https:\/\/infigogroup.com\/de\/wp-json\/wp\/v2\/product\/56085","targetHints":{"allow":["GET"]}}],"collection":[{"href":"https:\/\/infigogroup.com\/de\/wp-json\/wp\/v2\/product"}],"about":[{"href":"https:\/\/infigogroup.com\/de\/wp-json\/wp\/v2\/types\/product"}],"replies":[{"embeddable":true,"href":"https:\/\/infigogroup.com\/de\/wp-json\/wp\/v2\/comments?post=56085"}],"wp:featuredmedia":[{"embeddable":true,"href":"https:\/\/infigogroup.com\/de\/wp-json\/wp\/v2\/media\/56098"}],"wp:attachment":[{"href":"https:\/\/infigogroup.com\/de\/wp-json\/wp\/v2\/media?parent=56085"}],"wp:term":[{"taxonomy":"product_brand","embeddable":true,"href":"https:\/\/infigogroup.com\/de\/wp-json\/wp\/v2\/product_brand?post=56085"},{"taxonomy":"product_cat","embeddable":true,"href":"https:\/\/infigogroup.com\/de\/wp-json\/wp\/v2\/product_cat?post=56085"},{"taxonomy":"product_tag","embeddable":true,"href":"https:\/\/infigogroup.com\/de\/wp-json\/wp\/v2\/product_tag?post=56085"}],"curies":[{"name":"wp","href":"https:\/\/api.w.org\/{rel}","templated":true}]}}