{"id":56099,"date":"2024-02-14T12:11:47","date_gmt":"2024-02-14T10:11:47","guid":{"rendered":"https:\/\/infigogroup.com\/?post_type=product&#038;p=56099"},"modified":"2025-01-15T10:29:55","modified_gmt":"2025-01-15T08:29:55","slug":"pp-taschen","status":"publish","type":"product","link":"https:\/\/infigogroup.com\/de\/artikel\/pp-taschen\/","title":{"rendered":"PP Taschen"},"content":{"rendered":"<p><strong>PP Taschen mit Logo Druck<br \/>\n<\/strong>PP Taschen sind \u00e4u\u00dferst strapazierf\u00e4hig, umweltfreundlich und waschbar. PP Taschen individuell bedruckt sind ideal f\u00fcr den Einsatz in Lebensmittelgesch\u00e4ften, Superm\u00e4rkten, Baum\u00e4rkten, Einrichtungsh\u00e4usern, Sportgesch\u00e4ften und -vereinen.<\/p>\n<ul>\n<li><strong>Gr\u00f6\u00dfe:<\/strong> Nach Kundenwunsch<\/li>\n<li><strong>Material:<\/strong> PP-Woven<\/li>\n<li><strong>Laminierung:<\/strong> Matt oder gl\u00e4nzend<\/li>\n<li><strong>Materialfarbe:<\/strong> Verschiedene Farben verf\u00fcgbar<\/li>\n<li>PP Taschen k\u00f6nnen mit Boden- und\/oder Seitenfalte, Rei\u00dfverschluss oder anderen Extras gefertigt werden<\/li>\n<li><strong>Tragegriffe:<\/strong> Kurz oder lang, aus verschiedenen Materialien w\u00e4hlbar<\/li>\n<li><strong>Bedruck: <\/strong><strong>die PP Taschen k\u00f6nnen<\/strong> <strong>mit Ihrem Logo oder Wunschmotiv von 1\u20134 Farben (CMYK) bedrucken lassen<\/strong><\/li>\n<li><strong>Bestellmenge:<\/strong> Ab 10.000 St\u00fcck<\/li>\n<\/ul>\n<p>Kontaktieren Sie uns, um Ihre individuellen Anforderungen zu besprechen und die perfekte Tasche f\u00fcr Ihre Zwecke zu gestalten<\/p>\n","protected":false},"excerpt":{"rendered":"<p>PP Taschen mit Logo Druck PP Taschen sind \u00e4u\u00dferst strapazierf\u00e4hig, umweltfreundlich und waschbar. PP Taschen individuell bedruckt sind ideal f\u00fcr den Einsatz in Lebensmittelgesch\u00e4ften, Superm\u00e4rkten, Baum\u00e4rkten, Einrichtungsh\u00e4usern, Sportgesch\u00e4ften und -vereinen. Gr\u00f6\u00dfe: Nach Kundenwunsch Material: PP-Woven Laminierung: Matt oder gl\u00e4nzend Materialfarbe: Verschiedene Farben verf\u00fcgbar PP Taschen k\u00f6nnen mit Boden- und\/oder Seitenfalte, Rei\u00dfverschluss oder anderen Extras gefertigt [&hellip;]<\/p>\n","protected":false},"featured_media":56108,"comment_status":"open","ping_status":"closed","template":"","meta":{"_acf_changed":false},"product_brand":[],"product_cat":[1161],"product_tag":[],"class_list":{"0":"post-56099","1":"product","2":"type-product","3":"status-publish","4":"has-post-thumbnail","6":"product_cat-baumwolltaschen-non-woven-taschen-pp-taschen-bedruckt","8":"first","9":"instock","10":"taxable","11":"shipping-taxable","12":"product-type-simple"},"acf":[],"yoast_head":"<!-- This site is optimized with the Yoast SEO plugin v27.5 - https:\/\/yoast.com\/product\/yoast-seo-wordpress\/ -->\n<title>PP Taschen - Infigo<\/title>\n<meta name=\"robots\" content=\"index, follow, max-snippet:-1, max-image-preview:large, max-video-preview:-1\" \/>\n<link rel=\"canonical\" href=\"https:\/\/infigogroup.com\/de\/artikel\/pp-taschen\/\" \/>\n<meta property=\"og:locale\" content=\"de_DE\" \/>\n<meta property=\"og:type\" content=\"article\" \/>\n<meta property=\"og:title\" content=\"PP Taschen - Infigo\" \/>\n<meta property=\"og:description\" content=\"PP Taschen mit Logo Druck PP Taschen sind \u00e4u\u00dferst strapazierf\u00e4hig, umweltfreundlich und waschbar. PP Taschen individuell bedruckt sind ideal f\u00fcr den Einsatz in Lebensmittelgesch\u00e4ften, Superm\u00e4rkten, Baum\u00e4rkten, Einrichtungsh\u00e4usern, Sportgesch\u00e4ften und -vereinen. Gr\u00f6\u00dfe: Nach Kundenwunsch Material: PP-Woven Laminierung: Matt oder gl\u00e4nzend Materialfarbe: Verschiedene Farben verf\u00fcgbar PP Taschen k\u00f6nnen mit Boden- und\/oder Seitenfalte, Rei\u00dfverschluss oder anderen Extras gefertigt [&hellip;]\" \/>\n<meta property=\"og:url\" content=\"https:\/\/infigogroup.com\/de\/artikel\/pp-taschen\/\" \/>\n<meta property=\"og:site_name\" content=\"Infigo\" \/>\n<meta property=\"article:modified_time\" content=\"2025-01-15T08:29:55+00:00\" \/>\n<meta property=\"og:image\" content=\"https:\/\/infigogroup.com\/wp-content\/uploads\/2024\/02\/print_tote-bag3.jpg\" \/>\n\t<meta property=\"og:image:width\" content=\"1485\" \/>\n\t<meta property=\"og:image:height\" content=\"1485\" \/>\n\t<meta property=\"og:image:type\" content=\"image\/jpeg\" \/>\n<meta name=\"twitter:card\" content=\"summary_large_image\" \/>\n<meta name=\"twitter:label1\" content=\"Gesch\u00e4tzte Lesezeit\" \/>\n\t<meta name=\"twitter:data1\" content=\"1\u00a0Minute\" \/>\n<script type=\"application\/ld+json\" class=\"yoast-schema-graph\">{\"@context\":\"https:\\\/\\\/schema.org\",\"@graph\":[{\"@type\":\"WebPage\",\"@id\":\"https:\\\/\\\/infigogroup.com\\\/de\\\/artikel\\\/pp-taschen\\\/\",\"url\":\"https:\\\/\\\/infigogroup.com\\\/de\\\/artikel\\\/pp-taschen\\\/\",\"name\":\"PP Taschen - Infigo\",\"isPartOf\":{\"@id\":\"https:\\\/\\\/infigogroup.com\\\/#website\"},\"primaryImageOfPage\":{\"@id\":\"https:\\\/\\\/infigogroup.com\\\/de\\\/artikel\\\/pp-taschen\\\/#primaryimage\"},\"image\":{\"@id\":\"https:\\\/\\\/infigogroup.com\\\/de\\\/artikel\\\/pp-taschen\\\/#primaryimage\"},\"thumbnailUrl\":\"https:\\\/\\\/infigogroup.com\\\/wp-content\\\/uploads\\\/2024\\\/02\\\/print_tote-bag3.jpg\",\"datePublished\":\"2024-02-14T10:11:47+00:00\",\"dateModified\":\"2025-01-15T08:29:55+00:00\",\"breadcrumb\":{\"@id\":\"https:\\\/\\\/infigogroup.com\\\/de\\\/artikel\\\/pp-taschen\\\/#breadcrumb\"},\"inLanguage\":\"de\",\"potentialAction\":[{\"@type\":\"ReadAction\",\"target\":[\"https:\\\/\\\/infigogroup.com\\\/de\\\/artikel\\\/pp-taschen\\\/\"]}]},{\"@type\":\"ImageObject\",\"inLanguage\":\"de\",\"@id\":\"https:\\\/\\\/infigogroup.com\\\/de\\\/artikel\\\/pp-taschen\\\/#primaryimage\",\"url\":\"https:\\\/\\\/infigogroup.com\\\/wp-content\\\/uploads\\\/2024\\\/02\\\/print_tote-bag3.jpg\",\"contentUrl\":\"https:\\\/\\\/infigogroup.com\\\/wp-content\\\/uploads\\\/2024\\\/02\\\/print_tote-bag3.jpg\",\"width\":1485,\"height\":1485},{\"@type\":\"BreadcrumbList\",\"@id\":\"https:\\\/\\\/infigogroup.com\\\/de\\\/artikel\\\/pp-taschen\\\/#breadcrumb\",\"itemListElement\":[{\"@type\":\"ListItem\",\"position\":1,\"name\":\"Home\",\"item\":\"https:\\\/\\\/infigogroup.com\\\/de\\\/\"},{\"@type\":\"ListItem\",\"position\":2,\"name\":\"Online-Shop\",\"item\":\"https:\\\/\\\/infigogroup.com\\\/de\\\/products\\\/\"},{\"@type\":\"ListItem\",\"position\":3,\"name\":\"PP Taschen\"}]},{\"@type\":\"WebSite\",\"@id\":\"https:\\\/\\\/infigogroup.com\\\/#website\",\"url\":\"https:\\\/\\\/infigogroup.com\\\/\",\"name\":\"Infigo Group\",\"description\":\"\",\"publisher\":{\"@id\":\"https:\\\/\\\/infigogroup.com\\\/#organization\"},\"potentialAction\":[{\"@type\":\"SearchAction\",\"target\":{\"@type\":\"EntryPoint\",\"urlTemplate\":\"https:\\\/\\\/infigogroup.com\\\/?s={search_term_string}\"},\"query-input\":{\"@type\":\"PropertyValueSpecification\",\"valueRequired\":true,\"valueName\":\"search_term_string\"}}],\"inLanguage\":\"de\"},{\"@type\":\"Organization\",\"@id\":\"https:\\\/\\\/infigogroup.com\\\/#organization\",\"name\":\"Infigo Group\",\"url\":\"https:\\\/\\\/infigogroup.com\\\/\",\"logo\":{\"@type\":\"ImageObject\",\"inLanguage\":\"de\",\"@id\":\"https:\\\/\\\/infigogroup.com\\\/#\\\/schema\\\/logo\\\/image\\\/\",\"url\":\"https:\\\/\\\/infigogroup.com\\\/wp-content\\\/uploads\\\/2023\\\/11\\\/logo-1.jpg\",\"contentUrl\":\"https:\\\/\\\/infigogroup.com\\\/wp-content\\\/uploads\\\/2023\\\/11\\\/logo-1.jpg\",\"width\":334,\"height\":114,\"caption\":\"Infigo Group\"},\"image\":{\"@id\":\"https:\\\/\\\/infigogroup.com\\\/#\\\/schema\\\/logo\\\/image\\\/\"}}]}<\/script>\n<!-- \/ Yoast SEO plugin. -->","yoast_head_json":{"title":"PP Taschen - Infigo","robots":{"index":"index","follow":"follow","max-snippet":"max-snippet:-1","max-image-preview":"max-image-preview:large","max-video-preview":"max-video-preview:-1"},"canonical":"https:\/\/infigogroup.com\/de\/artikel\/pp-taschen\/","og_locale":"de_DE","og_type":"article","og_title":"PP Taschen - Infigo","og_description":"PP Taschen mit Logo Druck PP Taschen sind \u00e4u\u00dferst strapazierf\u00e4hig, umweltfreundlich und waschbar. PP Taschen individuell bedruckt sind ideal f\u00fcr den Einsatz in Lebensmittelgesch\u00e4ften, Superm\u00e4rkten, Baum\u00e4rkten, Einrichtungsh\u00e4usern, Sportgesch\u00e4ften und -vereinen. Gr\u00f6\u00dfe: Nach Kundenwunsch Material: PP-Woven Laminierung: Matt oder gl\u00e4nzend Materialfarbe: Verschiedene Farben verf\u00fcgbar PP Taschen k\u00f6nnen mit Boden- und\/oder Seitenfalte, Rei\u00dfverschluss oder anderen Extras gefertigt [&hellip;]","og_url":"https:\/\/infigogroup.com\/de\/artikel\/pp-taschen\/","og_site_name":"Infigo","article_modified_time":"2025-01-15T08:29:55+00:00","og_image":[{"width":1485,"height":1485,"url":"https:\/\/infigogroup.com\/wp-content\/uploads\/2024\/02\/print_tote-bag3.jpg","type":"image\/jpeg"}],"twitter_card":"summary_large_image","twitter_misc":{"Gesch\u00e4tzte Lesezeit":"1\u00a0Minute"},"schema":{"@context":"https:\/\/schema.org","@graph":[{"@type":"WebPage","@id":"https:\/\/infigogroup.com\/de\/artikel\/pp-taschen\/","url":"https:\/\/infigogroup.com\/de\/artikel\/pp-taschen\/","name":"PP Taschen - Infigo","isPartOf":{"@id":"https:\/\/infigogroup.com\/#website"},"primaryImageOfPage":{"@id":"https:\/\/infigogroup.com\/de\/artikel\/pp-taschen\/#primaryimage"},"image":{"@id":"https:\/\/infigogroup.com\/de\/artikel\/pp-taschen\/#primaryimage"},"thumbnailUrl":"https:\/\/infigogroup.com\/wp-content\/uploads\/2024\/02\/print_tote-bag3.jpg","datePublished":"2024-02-14T10:11:47+00:00","dateModified":"2025-01-15T08:29:55+00:00","breadcrumb":{"@id":"https:\/\/infigogroup.com\/de\/artikel\/pp-taschen\/#breadcrumb"},"inLanguage":"de","potentialAction":[{"@type":"ReadAction","target":["https:\/\/infigogroup.com\/de\/artikel\/pp-taschen\/"]}]},{"@type":"ImageObject","inLanguage":"de","@id":"https:\/\/infigogroup.com\/de\/artikel\/pp-taschen\/#primaryimage","url":"https:\/\/infigogroup.com\/wp-content\/uploads\/2024\/02\/print_tote-bag3.jpg","contentUrl":"https:\/\/infigogroup.com\/wp-content\/uploads\/2024\/02\/print_tote-bag3.jpg","width":1485,"height":1485},{"@type":"BreadcrumbList","@id":"https:\/\/infigogroup.com\/de\/artikel\/pp-taschen\/#breadcrumb","itemListElement":[{"@type":"ListItem","position":1,"name":"Home","item":"https:\/\/infigogroup.com\/de\/"},{"@type":"ListItem","position":2,"name":"Online-Shop","item":"https:\/\/infigogroup.com\/de\/products\/"},{"@type":"ListItem","position":3,"name":"PP Taschen"}]},{"@type":"WebSite","@id":"https:\/\/infigogroup.com\/#website","url":"https:\/\/infigogroup.com\/","name":"Infigo Group","description":"","publisher":{"@id":"https:\/\/infigogroup.com\/#organization"},"potentialAction":[{"@type":"SearchAction","target":{"@type":"EntryPoint","urlTemplate":"https:\/\/infigogroup.com\/?s={search_term_string}"},"query-input":{"@type":"PropertyValueSpecification","valueRequired":true,"valueName":"search_term_string"}}],"inLanguage":"de"},{"@type":"Organization","@id":"https:\/\/infigogroup.com\/#organization","name":"Infigo Group","url":"https:\/\/infigogroup.com\/","logo":{"@type":"ImageObject","inLanguage":"de","@id":"https:\/\/infigogroup.com\/#\/schema\/logo\/image\/","url":"https:\/\/infigogroup.com\/wp-content\/uploads\/2023\/11\/logo-1.jpg","contentUrl":"https:\/\/infigogroup.com\/wp-content\/uploads\/2023\/11\/logo-1.jpg","width":334,"height":114,"caption":"Infigo Group"},"image":{"@id":"https:\/\/infigogroup.com\/#\/schema\/logo\/image\/"}}]}},"_links":{"self":[{"href":"https:\/\/infigogroup.com\/de\/wp-json\/wp\/v2\/product\/56099","targetHints":{"allow":["GET"]}}],"collection":[{"href":"https:\/\/infigogroup.com\/de\/wp-json\/wp\/v2\/product"}],"about":[{"href":"https:\/\/infigogroup.com\/de\/wp-json\/wp\/v2\/types\/product"}],"replies":[{"embeddable":true,"href":"https:\/\/infigogroup.com\/de\/wp-json\/wp\/v2\/comments?post=56099"}],"wp:featuredmedia":[{"embeddable":true,"href":"https:\/\/infigogroup.com\/de\/wp-json\/wp\/v2\/media\/56108"}],"wp:attachment":[{"href":"https:\/\/infigogroup.com\/de\/wp-json\/wp\/v2\/media?parent=56099"}],"wp:term":[{"taxonomy":"product_brand","embeddable":true,"href":"https:\/\/infigogroup.com\/de\/wp-json\/wp\/v2\/product_brand?post=56099"},{"taxonomy":"product_cat","embeddable":true,"href":"https:\/\/infigogroup.com\/de\/wp-json\/wp\/v2\/product_cat?post=56099"},{"taxonomy":"product_tag","embeddable":true,"href":"https:\/\/infigogroup.com\/de\/wp-json\/wp\/v2\/product_tag?post=56099"}],"curies":[{"name":"wp","href":"https:\/\/api.w.org\/{rel}","templated":true}]}}