{"id":56132,"date":"2024-03-05T15:53:13","date_gmt":"2024-03-05T13:53:13","guid":{"rendered":"https:\/\/infigogroup.com\/?post_type=product&#038;p=56132"},"modified":"2025-01-15T10:39:09","modified_gmt":"2025-01-15T08:39:09","slug":"geschenkpapier","status":"publish","type":"product","link":"https:\/\/infigogroup.com\/de\/artikel\/geschenkpapier\/","title":{"rendered":"Geschenkpapier"},"content":{"rendered":"<p>Personalisiertes Geschenkpapier<br \/>\n<b>Geschenkpapier mit individuellem Design<\/b> ist immer einzigartig und hinterl\u00e4sst einen bleibenden Eindruck. Mit hochvertiges Geschenkpapier, das Ihr Logo tr\u00e4gt, k\u00f6nnen Geschenke in unterschiedlichen Gr\u00f6\u00dfen verpackt werden \u2013 eine weitaus praktischere L\u00f6sung im Vergleich zu Geschenkt\u00fcten.<br \/>\n<b><br \/>\nGr\u00f6\u00dfe: <\/b>Beliebteste Breiten des Papiers: 50 cm, 70 cm<br \/>\n<b>Verpackungseinheiten:<\/b> Als Rollenware oder in zugeschnittenen B\u00f6gen<br \/>\n<b>Material: <\/b>Wei\u00dfes oder braunes Papier, verschiedene Papierst\u00e4rken und verf\u00fcgbar sind beschichtete und ungestrichene Papiere, einschlie\u00dflich FSC-zertifizierter Papiere<br \/>\n<b>Bedruck:<\/b> das Geschenkpapier kann mit Ihrem Logo oder Wunschmotiv von 1\u20134 Farben bedrucken lassen<br \/>\n<b>Bestellmenge:<\/b> Ab 10.000 B\u00f6gen<\/p>\n<p>F\u00fcr Geschenkpapier auf Rollen bieten wir passende Papierschneider an. Entdecken Sie unser Sortiment in unserem Onlineshop.<\/p>\n","protected":false},"excerpt":{"rendered":"<p>Personalisiertes Geschenkpapier Geschenkpapier mit individuellem Design ist immer einzigartig und hinterl\u00e4sst einen bleibenden Eindruck. Mit hochvertiges Geschenkpapier, das Ihr Logo tr\u00e4gt, k\u00f6nnen Geschenke in unterschiedlichen Gr\u00f6\u00dfen verpackt werden \u2013 eine weitaus praktischere L\u00f6sung im Vergleich zu Geschenkt\u00fcten. Gr\u00f6\u00dfe: Beliebteste Breiten des Papiers: 50 cm, 70 cm Verpackungseinheiten: Als Rollenware oder in zugeschnittenen B\u00f6gen Material: Wei\u00dfes [&hellip;]<\/p>\n","protected":false},"featured_media":56133,"comment_status":"open","ping_status":"closed","template":"","meta":{"_acf_changed":false},"product_brand":[],"product_cat":[1162],"product_tag":[],"class_list":{"0":"post-56132","1":"product","2":"type-product","3":"status-publish","4":"has-post-thumbnail","6":"product_cat-einschlagpapiere-burgertaschen-servietten-bedruckt","8":"first","9":"instock","10":"taxable","11":"shipping-taxable","12":"product-type-simple"},"acf":[],"yoast_head":"<!-- This site is optimized with the Yoast SEO plugin v27.5 - https:\/\/yoast.com\/product\/yoast-seo-wordpress\/ -->\n<title>Geschenkpapier - Infigo<\/title>\n<meta name=\"robots\" content=\"index, follow, max-snippet:-1, max-image-preview:large, max-video-preview:-1\" \/>\n<link rel=\"canonical\" href=\"https:\/\/infigogroup.com\/de\/artikel\/geschenkpapier\/\" \/>\n<meta property=\"og:locale\" content=\"de_DE\" \/>\n<meta property=\"og:type\" content=\"article\" \/>\n<meta property=\"og:title\" content=\"Geschenkpapier - Infigo\" \/>\n<meta property=\"og:description\" content=\"Personalisiertes Geschenkpapier Geschenkpapier mit individuellem Design ist immer einzigartig und hinterl\u00e4sst einen bleibenden Eindruck. Mit hochvertiges Geschenkpapier, das Ihr Logo tr\u00e4gt, k\u00f6nnen Geschenke in unterschiedlichen Gr\u00f6\u00dfen verpackt werden \u2013 eine weitaus praktischere L\u00f6sung im Vergleich zu Geschenkt\u00fcten. Gr\u00f6\u00dfe: Beliebteste Breiten des Papiers: 50 cm, 70 cm Verpackungseinheiten: Als Rollenware oder in zugeschnittenen B\u00f6gen Material: Wei\u00dfes [&hellip;]\" \/>\n<meta property=\"og:url\" content=\"https:\/\/infigogroup.com\/de\/artikel\/geschenkpapier\/\" \/>\n<meta property=\"og:site_name\" content=\"Infigo\" \/>\n<meta property=\"article:modified_time\" content=\"2025-01-15T08:39:09+00:00\" \/>\n<meta property=\"og:image\" content=\"https:\/\/infigogroup.com\/wp-content\/uploads\/2024\/03\/print_wrapping-paper4.jpg\" \/>\n\t<meta property=\"og:image:width\" content=\"1485\" \/>\n\t<meta property=\"og:image:height\" content=\"1485\" \/>\n\t<meta property=\"og:image:type\" content=\"image\/jpeg\" \/>\n<meta name=\"twitter:card\" content=\"summary_large_image\" \/>\n<meta name=\"twitter:label1\" content=\"Gesch\u00e4tzte Lesezeit\" \/>\n\t<meta name=\"twitter:data1\" content=\"1\u00a0Minute\" \/>\n<script type=\"application\/ld+json\" class=\"yoast-schema-graph\">{\"@context\":\"https:\\\/\\\/schema.org\",\"@graph\":[{\"@type\":\"WebPage\",\"@id\":\"https:\\\/\\\/infigogroup.com\\\/de\\\/artikel\\\/geschenkpapier\\\/\",\"url\":\"https:\\\/\\\/infigogroup.com\\\/de\\\/artikel\\\/geschenkpapier\\\/\",\"name\":\"Geschenkpapier - Infigo\",\"isPartOf\":{\"@id\":\"https:\\\/\\\/infigogroup.com\\\/#website\"},\"primaryImageOfPage\":{\"@id\":\"https:\\\/\\\/infigogroup.com\\\/de\\\/artikel\\\/geschenkpapier\\\/#primaryimage\"},\"image\":{\"@id\":\"https:\\\/\\\/infigogroup.com\\\/de\\\/artikel\\\/geschenkpapier\\\/#primaryimage\"},\"thumbnailUrl\":\"https:\\\/\\\/infigogroup.com\\\/wp-content\\\/uploads\\\/2024\\\/03\\\/print_wrapping-paper4.jpg\",\"datePublished\":\"2024-03-05T13:53:13+00:00\",\"dateModified\":\"2025-01-15T08:39:09+00:00\",\"breadcrumb\":{\"@id\":\"https:\\\/\\\/infigogroup.com\\\/de\\\/artikel\\\/geschenkpapier\\\/#breadcrumb\"},\"inLanguage\":\"de\",\"potentialAction\":[{\"@type\":\"ReadAction\",\"target\":[\"https:\\\/\\\/infigogroup.com\\\/de\\\/artikel\\\/geschenkpapier\\\/\"]}]},{\"@type\":\"ImageObject\",\"inLanguage\":\"de\",\"@id\":\"https:\\\/\\\/infigogroup.com\\\/de\\\/artikel\\\/geschenkpapier\\\/#primaryimage\",\"url\":\"https:\\\/\\\/infigogroup.com\\\/wp-content\\\/uploads\\\/2024\\\/03\\\/print_wrapping-paper4.jpg\",\"contentUrl\":\"https:\\\/\\\/infigogroup.com\\\/wp-content\\\/uploads\\\/2024\\\/03\\\/print_wrapping-paper4.jpg\",\"width\":1485,\"height\":1485},{\"@type\":\"BreadcrumbList\",\"@id\":\"https:\\\/\\\/infigogroup.com\\\/de\\\/artikel\\\/geschenkpapier\\\/#breadcrumb\",\"itemListElement\":[{\"@type\":\"ListItem\",\"position\":1,\"name\":\"Home\",\"item\":\"https:\\\/\\\/infigogroup.com\\\/de\\\/\"},{\"@type\":\"ListItem\",\"position\":2,\"name\":\"Online-Shop\",\"item\":\"https:\\\/\\\/infigogroup.com\\\/de\\\/products\\\/\"},{\"@type\":\"ListItem\",\"position\":3,\"name\":\"Geschenkpapier\"}]},{\"@type\":\"WebSite\",\"@id\":\"https:\\\/\\\/infigogroup.com\\\/#website\",\"url\":\"https:\\\/\\\/infigogroup.com\\\/\",\"name\":\"Infigo Group\",\"description\":\"\",\"publisher\":{\"@id\":\"https:\\\/\\\/infigogroup.com\\\/#organization\"},\"potentialAction\":[{\"@type\":\"SearchAction\",\"target\":{\"@type\":\"EntryPoint\",\"urlTemplate\":\"https:\\\/\\\/infigogroup.com\\\/?s={search_term_string}\"},\"query-input\":{\"@type\":\"PropertyValueSpecification\",\"valueRequired\":true,\"valueName\":\"search_term_string\"}}],\"inLanguage\":\"de\"},{\"@type\":\"Organization\",\"@id\":\"https:\\\/\\\/infigogroup.com\\\/#organization\",\"name\":\"Infigo Group\",\"url\":\"https:\\\/\\\/infigogroup.com\\\/\",\"logo\":{\"@type\":\"ImageObject\",\"inLanguage\":\"de\",\"@id\":\"https:\\\/\\\/infigogroup.com\\\/#\\\/schema\\\/logo\\\/image\\\/\",\"url\":\"https:\\\/\\\/infigogroup.com\\\/wp-content\\\/uploads\\\/2023\\\/11\\\/logo-1.jpg\",\"contentUrl\":\"https:\\\/\\\/infigogroup.com\\\/wp-content\\\/uploads\\\/2023\\\/11\\\/logo-1.jpg\",\"width\":334,\"height\":114,\"caption\":\"Infigo Group\"},\"image\":{\"@id\":\"https:\\\/\\\/infigogroup.com\\\/#\\\/schema\\\/logo\\\/image\\\/\"}}]}<\/script>\n<!-- \/ Yoast SEO plugin. -->","yoast_head_json":{"title":"Geschenkpapier - Infigo","robots":{"index":"index","follow":"follow","max-snippet":"max-snippet:-1","max-image-preview":"max-image-preview:large","max-video-preview":"max-video-preview:-1"},"canonical":"https:\/\/infigogroup.com\/de\/artikel\/geschenkpapier\/","og_locale":"de_DE","og_type":"article","og_title":"Geschenkpapier - Infigo","og_description":"Personalisiertes Geschenkpapier Geschenkpapier mit individuellem Design ist immer einzigartig und hinterl\u00e4sst einen bleibenden Eindruck. Mit hochvertiges Geschenkpapier, das Ihr Logo tr\u00e4gt, k\u00f6nnen Geschenke in unterschiedlichen Gr\u00f6\u00dfen verpackt werden \u2013 eine weitaus praktischere L\u00f6sung im Vergleich zu Geschenkt\u00fcten. Gr\u00f6\u00dfe: Beliebteste Breiten des Papiers: 50 cm, 70 cm Verpackungseinheiten: Als Rollenware oder in zugeschnittenen B\u00f6gen Material: Wei\u00dfes [&hellip;]","og_url":"https:\/\/infigogroup.com\/de\/artikel\/geschenkpapier\/","og_site_name":"Infigo","article_modified_time":"2025-01-15T08:39:09+00:00","og_image":[{"width":1485,"height":1485,"url":"https:\/\/infigogroup.com\/wp-content\/uploads\/2024\/03\/print_wrapping-paper4.jpg","type":"image\/jpeg"}],"twitter_card":"summary_large_image","twitter_misc":{"Gesch\u00e4tzte Lesezeit":"1\u00a0Minute"},"schema":{"@context":"https:\/\/schema.org","@graph":[{"@type":"WebPage","@id":"https:\/\/infigogroup.com\/de\/artikel\/geschenkpapier\/","url":"https:\/\/infigogroup.com\/de\/artikel\/geschenkpapier\/","name":"Geschenkpapier - Infigo","isPartOf":{"@id":"https:\/\/infigogroup.com\/#website"},"primaryImageOfPage":{"@id":"https:\/\/infigogroup.com\/de\/artikel\/geschenkpapier\/#primaryimage"},"image":{"@id":"https:\/\/infigogroup.com\/de\/artikel\/geschenkpapier\/#primaryimage"},"thumbnailUrl":"https:\/\/infigogroup.com\/wp-content\/uploads\/2024\/03\/print_wrapping-paper4.jpg","datePublished":"2024-03-05T13:53:13+00:00","dateModified":"2025-01-15T08:39:09+00:00","breadcrumb":{"@id":"https:\/\/infigogroup.com\/de\/artikel\/geschenkpapier\/#breadcrumb"},"inLanguage":"de","potentialAction":[{"@type":"ReadAction","target":["https:\/\/infigogroup.com\/de\/artikel\/geschenkpapier\/"]}]},{"@type":"ImageObject","inLanguage":"de","@id":"https:\/\/infigogroup.com\/de\/artikel\/geschenkpapier\/#primaryimage","url":"https:\/\/infigogroup.com\/wp-content\/uploads\/2024\/03\/print_wrapping-paper4.jpg","contentUrl":"https:\/\/infigogroup.com\/wp-content\/uploads\/2024\/03\/print_wrapping-paper4.jpg","width":1485,"height":1485},{"@type":"BreadcrumbList","@id":"https:\/\/infigogroup.com\/de\/artikel\/geschenkpapier\/#breadcrumb","itemListElement":[{"@type":"ListItem","position":1,"name":"Home","item":"https:\/\/infigogroup.com\/de\/"},{"@type":"ListItem","position":2,"name":"Online-Shop","item":"https:\/\/infigogroup.com\/de\/products\/"},{"@type":"ListItem","position":3,"name":"Geschenkpapier"}]},{"@type":"WebSite","@id":"https:\/\/infigogroup.com\/#website","url":"https:\/\/infigogroup.com\/","name":"Infigo Group","description":"","publisher":{"@id":"https:\/\/infigogroup.com\/#organization"},"potentialAction":[{"@type":"SearchAction","target":{"@type":"EntryPoint","urlTemplate":"https:\/\/infigogroup.com\/?s={search_term_string}"},"query-input":{"@type":"PropertyValueSpecification","valueRequired":true,"valueName":"search_term_string"}}],"inLanguage":"de"},{"@type":"Organization","@id":"https:\/\/infigogroup.com\/#organization","name":"Infigo Group","url":"https:\/\/infigogroup.com\/","logo":{"@type":"ImageObject","inLanguage":"de","@id":"https:\/\/infigogroup.com\/#\/schema\/logo\/image\/","url":"https:\/\/infigogroup.com\/wp-content\/uploads\/2023\/11\/logo-1.jpg","contentUrl":"https:\/\/infigogroup.com\/wp-content\/uploads\/2023\/11\/logo-1.jpg","width":334,"height":114,"caption":"Infigo Group"},"image":{"@id":"https:\/\/infigogroup.com\/#\/schema\/logo\/image\/"}}]}},"_links":{"self":[{"href":"https:\/\/infigogroup.com\/de\/wp-json\/wp\/v2\/product\/56132","targetHints":{"allow":["GET"]}}],"collection":[{"href":"https:\/\/infigogroup.com\/de\/wp-json\/wp\/v2\/product"}],"about":[{"href":"https:\/\/infigogroup.com\/de\/wp-json\/wp\/v2\/types\/product"}],"replies":[{"embeddable":true,"href":"https:\/\/infigogroup.com\/de\/wp-json\/wp\/v2\/comments?post=56132"}],"wp:featuredmedia":[{"embeddable":true,"href":"https:\/\/infigogroup.com\/de\/wp-json\/wp\/v2\/media\/56133"}],"wp:attachment":[{"href":"https:\/\/infigogroup.com\/de\/wp-json\/wp\/v2\/media?parent=56132"}],"wp:term":[{"taxonomy":"product_brand","embeddable":true,"href":"https:\/\/infigogroup.com\/de\/wp-json\/wp\/v2\/product_brand?post=56132"},{"taxonomy":"product_cat","embeddable":true,"href":"https:\/\/infigogroup.com\/de\/wp-json\/wp\/v2\/product_cat?post=56132"},{"taxonomy":"product_tag","embeddable":true,"href":"https:\/\/infigogroup.com\/de\/wp-json\/wp\/v2\/product_tag?post=56132"}],"curies":[{"name":"wp","href":"https:\/\/api.w.org\/{rel}","templated":true}]}}