{"id":56137,"date":"2024-02-14T14:08:46","date_gmt":"2024-02-14T12:08:46","guid":{"rendered":"https:\/\/infigogroup.com\/?post_type=product&#038;p=56137"},"modified":"2025-01-15T10:40:56","modified_gmt":"2025-01-15T08:40:56","slug":"einschlagpapier","status":"publish","type":"product","link":"https:\/\/infigogroup.com\/de\/artikel\/einschlagpapier\/","title":{"rendered":"Einschlagpapier"},"content":{"rendered":"<div class=\"moz-text-html\" lang=\"x-unicode\">\n<p><strong>Einschlagpapier mit Logo<br \/>\n<\/strong><strong>Einschlagpapier mit Ihrem Firmenlogo <\/strong><strong>\u2013 ideal f\u00fcr Verpacken von Fleisch, Fisch, W\u00fcrstchen, Burger, D\u00f6ner usw<\/strong><\/p>\n<p>Einschlagpapier, Brotseide, B\u00e4ckerseide, Brotpapier, Feinkostpapier mit Logo bedruckt: vielseitig einsetzbares Einschlagpapier f\u00fcr Lebensmittel &#8211; auf Rollen oder als Zuschnitte erh\u00e4ltlich.<\/p>\n<ul>\n<li><strong>Gr\u00f6\u00dfe:<\/strong> Nach Kundenwunsch<\/li>\n<li><strong>Material:<\/strong> Fettbest\u00e4ndiges wei\u00dfes oder braunes PE-laminiertes Papier, greaseproof Papier oder Kraftpapier (wei\u00df oder braun). Auch FSC-zertifizierte Papiere verf\u00fcgbar<\/li>\n<li><strong>Bedruck: <\/strong><strong>Einschlagpapier <\/strong><strong>kann<\/strong> <strong>mit Ihrem Logo oder Wunschmotiv von 1\u20134 Farben bedrucken lassen<\/strong><\/li>\n<li><strong>Bestellmenge:<\/strong> Ab 10.000 B\u00f6gen<\/li>\n<\/ul>\n<p>F\u00fcr Rollen bieten wir passende Papierschneider an. Bitte Schauen Sie sich unser Sortiment in unserem Onlineshop an.<\/p>\n<\/div>\n","protected":false},"excerpt":{"rendered":"<p>Einschlagpapier mit Logo Einschlagpapier mit Ihrem Firmenlogo \u2013 ideal f\u00fcr Verpacken von Fleisch, Fisch, W\u00fcrstchen, Burger, D\u00f6ner usw Einschlagpapier, Brotseide, B\u00e4ckerseide, Brotpapier, Feinkostpapier mit Logo bedruckt: vielseitig einsetzbares Einschlagpapier f\u00fcr Lebensmittel &#8211; auf Rollen oder als Zuschnitte erh\u00e4ltlich. Gr\u00f6\u00dfe: Nach Kundenwunsch Material: Fettbest\u00e4ndiges wei\u00dfes oder braunes PE-laminiertes Papier, greaseproof Papier oder Kraftpapier (wei\u00df oder braun). [&hellip;]<\/p>\n","protected":false},"featured_media":56146,"comment_status":"open","ping_status":"closed","template":"","meta":{"_acf_changed":false},"product_brand":[],"product_cat":[1162],"product_tag":[],"class_list":{"0":"post-56137","1":"product","2":"type-product","3":"status-publish","4":"has-post-thumbnail","6":"product_cat-einschlagpapiere-burgertaschen-servietten-bedruckt","8":"first","9":"instock","10":"taxable","11":"shipping-taxable","12":"product-type-simple"},"acf":[],"yoast_head":"<!-- This site is optimized with the Yoast SEO plugin v27.5 - https:\/\/yoast.com\/product\/yoast-seo-wordpress\/ -->\n<title>Einschlagpapier - Infigo<\/title>\n<meta name=\"robots\" content=\"index, follow, max-snippet:-1, max-image-preview:large, max-video-preview:-1\" \/>\n<link rel=\"canonical\" href=\"https:\/\/infigogroup.com\/de\/artikel\/einschlagpapier\/\" \/>\n<meta property=\"og:locale\" content=\"de_DE\" \/>\n<meta property=\"og:type\" content=\"article\" \/>\n<meta property=\"og:title\" content=\"Einschlagpapier - Infigo\" \/>\n<meta property=\"og:description\" content=\"Einschlagpapier mit Logo Einschlagpapier mit Ihrem Firmenlogo \u2013 ideal f\u00fcr Verpacken von Fleisch, Fisch, W\u00fcrstchen, Burger, D\u00f6ner usw Einschlagpapier, Brotseide, B\u00e4ckerseide, Brotpapier, Feinkostpapier mit Logo bedruckt: vielseitig einsetzbares Einschlagpapier f\u00fcr Lebensmittel &#8211; auf Rollen oder als Zuschnitte erh\u00e4ltlich. Gr\u00f6\u00dfe: Nach Kundenwunsch Material: Fettbest\u00e4ndiges wei\u00dfes oder braunes PE-laminiertes Papier, greaseproof Papier oder Kraftpapier (wei\u00df oder braun). [&hellip;]\" \/>\n<meta property=\"og:url\" content=\"https:\/\/infigogroup.com\/de\/artikel\/einschlagpapier\/\" \/>\n<meta property=\"og:site_name\" content=\"Infigo\" \/>\n<meta property=\"article:modified_time\" content=\"2025-01-15T08:40:56+00:00\" \/>\n<meta property=\"og:image\" content=\"https:\/\/infigogroup.com\/wp-content\/uploads\/2024\/02\/print_wrapping-paper1.jpg\" \/>\n\t<meta property=\"og:image:width\" content=\"1484\" \/>\n\t<meta property=\"og:image:height\" content=\"1484\" \/>\n\t<meta property=\"og:image:type\" content=\"image\/jpeg\" \/>\n<meta name=\"twitter:card\" content=\"summary_large_image\" \/>\n<meta name=\"twitter:label1\" content=\"Gesch\u00e4tzte Lesezeit\" \/>\n\t<meta name=\"twitter:data1\" content=\"1\u00a0Minute\" \/>\n<script type=\"application\/ld+json\" class=\"yoast-schema-graph\">{\"@context\":\"https:\\\/\\\/schema.org\",\"@graph\":[{\"@type\":\"WebPage\",\"@id\":\"https:\\\/\\\/infigogroup.com\\\/de\\\/artikel\\\/einschlagpapier\\\/\",\"url\":\"https:\\\/\\\/infigogroup.com\\\/de\\\/artikel\\\/einschlagpapier\\\/\",\"name\":\"Einschlagpapier - Infigo\",\"isPartOf\":{\"@id\":\"https:\\\/\\\/infigogroup.com\\\/#website\"},\"primaryImageOfPage\":{\"@id\":\"https:\\\/\\\/infigogroup.com\\\/de\\\/artikel\\\/einschlagpapier\\\/#primaryimage\"},\"image\":{\"@id\":\"https:\\\/\\\/infigogroup.com\\\/de\\\/artikel\\\/einschlagpapier\\\/#primaryimage\"},\"thumbnailUrl\":\"https:\\\/\\\/infigogroup.com\\\/wp-content\\\/uploads\\\/2024\\\/02\\\/print_wrapping-paper1.jpg\",\"datePublished\":\"2024-02-14T12:08:46+00:00\",\"dateModified\":\"2025-01-15T08:40:56+00:00\",\"breadcrumb\":{\"@id\":\"https:\\\/\\\/infigogroup.com\\\/de\\\/artikel\\\/einschlagpapier\\\/#breadcrumb\"},\"inLanguage\":\"de\",\"potentialAction\":[{\"@type\":\"ReadAction\",\"target\":[\"https:\\\/\\\/infigogroup.com\\\/de\\\/artikel\\\/einschlagpapier\\\/\"]}]},{\"@type\":\"ImageObject\",\"inLanguage\":\"de\",\"@id\":\"https:\\\/\\\/infigogroup.com\\\/de\\\/artikel\\\/einschlagpapier\\\/#primaryimage\",\"url\":\"https:\\\/\\\/infigogroup.com\\\/wp-content\\\/uploads\\\/2024\\\/02\\\/print_wrapping-paper1.jpg\",\"contentUrl\":\"https:\\\/\\\/infigogroup.com\\\/wp-content\\\/uploads\\\/2024\\\/02\\\/print_wrapping-paper1.jpg\",\"width\":1484,\"height\":1484},{\"@type\":\"BreadcrumbList\",\"@id\":\"https:\\\/\\\/infigogroup.com\\\/de\\\/artikel\\\/einschlagpapier\\\/#breadcrumb\",\"itemListElement\":[{\"@type\":\"ListItem\",\"position\":1,\"name\":\"Home\",\"item\":\"https:\\\/\\\/infigogroup.com\\\/de\\\/\"},{\"@type\":\"ListItem\",\"position\":2,\"name\":\"Online-Shop\",\"item\":\"https:\\\/\\\/infigogroup.com\\\/de\\\/products\\\/\"},{\"@type\":\"ListItem\",\"position\":3,\"name\":\"Einschlagpapier\"}]},{\"@type\":\"WebSite\",\"@id\":\"https:\\\/\\\/infigogroup.com\\\/#website\",\"url\":\"https:\\\/\\\/infigogroup.com\\\/\",\"name\":\"Infigo Group\",\"description\":\"\",\"publisher\":{\"@id\":\"https:\\\/\\\/infigogroup.com\\\/#organization\"},\"potentialAction\":[{\"@type\":\"SearchAction\",\"target\":{\"@type\":\"EntryPoint\",\"urlTemplate\":\"https:\\\/\\\/infigogroup.com\\\/?s={search_term_string}\"},\"query-input\":{\"@type\":\"PropertyValueSpecification\",\"valueRequired\":true,\"valueName\":\"search_term_string\"}}],\"inLanguage\":\"de\"},{\"@type\":\"Organization\",\"@id\":\"https:\\\/\\\/infigogroup.com\\\/#organization\",\"name\":\"Infigo Group\",\"url\":\"https:\\\/\\\/infigogroup.com\\\/\",\"logo\":{\"@type\":\"ImageObject\",\"inLanguage\":\"de\",\"@id\":\"https:\\\/\\\/infigogroup.com\\\/#\\\/schema\\\/logo\\\/image\\\/\",\"url\":\"https:\\\/\\\/infigogroup.com\\\/wp-content\\\/uploads\\\/2023\\\/11\\\/logo-1.jpg\",\"contentUrl\":\"https:\\\/\\\/infigogroup.com\\\/wp-content\\\/uploads\\\/2023\\\/11\\\/logo-1.jpg\",\"width\":334,\"height\":114,\"caption\":\"Infigo Group\"},\"image\":{\"@id\":\"https:\\\/\\\/infigogroup.com\\\/#\\\/schema\\\/logo\\\/image\\\/\"}}]}<\/script>\n<!-- \/ Yoast SEO plugin. -->","yoast_head_json":{"title":"Einschlagpapier - Infigo","robots":{"index":"index","follow":"follow","max-snippet":"max-snippet:-1","max-image-preview":"max-image-preview:large","max-video-preview":"max-video-preview:-1"},"canonical":"https:\/\/infigogroup.com\/de\/artikel\/einschlagpapier\/","og_locale":"de_DE","og_type":"article","og_title":"Einschlagpapier - Infigo","og_description":"Einschlagpapier mit Logo Einschlagpapier mit Ihrem Firmenlogo \u2013 ideal f\u00fcr Verpacken von Fleisch, Fisch, W\u00fcrstchen, Burger, D\u00f6ner usw Einschlagpapier, Brotseide, B\u00e4ckerseide, Brotpapier, Feinkostpapier mit Logo bedruckt: vielseitig einsetzbares Einschlagpapier f\u00fcr Lebensmittel &#8211; auf Rollen oder als Zuschnitte erh\u00e4ltlich. Gr\u00f6\u00dfe: Nach Kundenwunsch Material: Fettbest\u00e4ndiges wei\u00dfes oder braunes PE-laminiertes Papier, greaseproof Papier oder Kraftpapier (wei\u00df oder braun). [&hellip;]","og_url":"https:\/\/infigogroup.com\/de\/artikel\/einschlagpapier\/","og_site_name":"Infigo","article_modified_time":"2025-01-15T08:40:56+00:00","og_image":[{"width":1484,"height":1484,"url":"https:\/\/infigogroup.com\/wp-content\/uploads\/2024\/02\/print_wrapping-paper1.jpg","type":"image\/jpeg"}],"twitter_card":"summary_large_image","twitter_misc":{"Gesch\u00e4tzte Lesezeit":"1\u00a0Minute"},"schema":{"@context":"https:\/\/schema.org","@graph":[{"@type":"WebPage","@id":"https:\/\/infigogroup.com\/de\/artikel\/einschlagpapier\/","url":"https:\/\/infigogroup.com\/de\/artikel\/einschlagpapier\/","name":"Einschlagpapier - Infigo","isPartOf":{"@id":"https:\/\/infigogroup.com\/#website"},"primaryImageOfPage":{"@id":"https:\/\/infigogroup.com\/de\/artikel\/einschlagpapier\/#primaryimage"},"image":{"@id":"https:\/\/infigogroup.com\/de\/artikel\/einschlagpapier\/#primaryimage"},"thumbnailUrl":"https:\/\/infigogroup.com\/wp-content\/uploads\/2024\/02\/print_wrapping-paper1.jpg","datePublished":"2024-02-14T12:08:46+00:00","dateModified":"2025-01-15T08:40:56+00:00","breadcrumb":{"@id":"https:\/\/infigogroup.com\/de\/artikel\/einschlagpapier\/#breadcrumb"},"inLanguage":"de","potentialAction":[{"@type":"ReadAction","target":["https:\/\/infigogroup.com\/de\/artikel\/einschlagpapier\/"]}]},{"@type":"ImageObject","inLanguage":"de","@id":"https:\/\/infigogroup.com\/de\/artikel\/einschlagpapier\/#primaryimage","url":"https:\/\/infigogroup.com\/wp-content\/uploads\/2024\/02\/print_wrapping-paper1.jpg","contentUrl":"https:\/\/infigogroup.com\/wp-content\/uploads\/2024\/02\/print_wrapping-paper1.jpg","width":1484,"height":1484},{"@type":"BreadcrumbList","@id":"https:\/\/infigogroup.com\/de\/artikel\/einschlagpapier\/#breadcrumb","itemListElement":[{"@type":"ListItem","position":1,"name":"Home","item":"https:\/\/infigogroup.com\/de\/"},{"@type":"ListItem","position":2,"name":"Online-Shop","item":"https:\/\/infigogroup.com\/de\/products\/"},{"@type":"ListItem","position":3,"name":"Einschlagpapier"}]},{"@type":"WebSite","@id":"https:\/\/infigogroup.com\/#website","url":"https:\/\/infigogroup.com\/","name":"Infigo Group","description":"","publisher":{"@id":"https:\/\/infigogroup.com\/#organization"},"potentialAction":[{"@type":"SearchAction","target":{"@type":"EntryPoint","urlTemplate":"https:\/\/infigogroup.com\/?s={search_term_string}"},"query-input":{"@type":"PropertyValueSpecification","valueRequired":true,"valueName":"search_term_string"}}],"inLanguage":"de"},{"@type":"Organization","@id":"https:\/\/infigogroup.com\/#organization","name":"Infigo Group","url":"https:\/\/infigogroup.com\/","logo":{"@type":"ImageObject","inLanguage":"de","@id":"https:\/\/infigogroup.com\/#\/schema\/logo\/image\/","url":"https:\/\/infigogroup.com\/wp-content\/uploads\/2023\/11\/logo-1.jpg","contentUrl":"https:\/\/infigogroup.com\/wp-content\/uploads\/2023\/11\/logo-1.jpg","width":334,"height":114,"caption":"Infigo Group"},"image":{"@id":"https:\/\/infigogroup.com\/#\/schema\/logo\/image\/"}}]}},"_links":{"self":[{"href":"https:\/\/infigogroup.com\/de\/wp-json\/wp\/v2\/product\/56137","targetHints":{"allow":["GET"]}}],"collection":[{"href":"https:\/\/infigogroup.com\/de\/wp-json\/wp\/v2\/product"}],"about":[{"href":"https:\/\/infigogroup.com\/de\/wp-json\/wp\/v2\/types\/product"}],"replies":[{"embeddable":true,"href":"https:\/\/infigogroup.com\/de\/wp-json\/wp\/v2\/comments?post=56137"}],"wp:featuredmedia":[{"embeddable":true,"href":"https:\/\/infigogroup.com\/de\/wp-json\/wp\/v2\/media\/56146"}],"wp:attachment":[{"href":"https:\/\/infigogroup.com\/de\/wp-json\/wp\/v2\/media?parent=56137"}],"wp:term":[{"taxonomy":"product_brand","embeddable":true,"href":"https:\/\/infigogroup.com\/de\/wp-json\/wp\/v2\/product_brand?post=56137"},{"taxonomy":"product_cat","embeddable":true,"href":"https:\/\/infigogroup.com\/de\/wp-json\/wp\/v2\/product_cat?post=56137"},{"taxonomy":"product_tag","embeddable":true,"href":"https:\/\/infigogroup.com\/de\/wp-json\/wp\/v2\/product_tag?post=56137"}],"curies":[{"name":"wp","href":"https:\/\/api.w.org\/{rel}","templated":true}]}}