{"id":56174,"date":"2024-03-05T16:04:32","date_gmt":"2024-03-05T14:04:32","guid":{"rendered":"https:\/\/infigogroup.com\/?post_type=product&#038;p=56174"},"modified":"2025-01-15T10:46:19","modified_gmt":"2025-01-15T08:46:19","slug":"seidenpapier","status":"publish","type":"product","link":"https:\/\/infigogroup.com\/de\/artikel\/seidenpapier\/","title":{"rendered":"Seidenpapier"},"content":{"rendered":"<div class=\"moz-text-html\" lang=\"x-unicode\">\n<p><strong>Seidenpapier mit Logo \u2013 f\u00fcr luxuri\u00f6se Verpackungen<br \/>\n<\/strong><strong>Seidenpapier mit Ihrem Firmenlogo <\/strong><strong>\u2013 geeignet f\u00fcr luxuri\u00f6se Verpackungen.<\/strong><\/p>\n<p>Individuell bedrucktes Seidenpapier verleiht Geschenkverpackungen von Kosmetik, Kleidung, Schuhen, Schmuck und Geschenken einen Hauch von Eleganz.<\/p>\n<ul>\n<li><b>Gr\u00f6\u00dfe: <\/b>Beliebteste Breiten des Papiers: 50 cm, 70 cm<\/li>\n<li><strong>Verpackungseinheiten:<\/strong> in zugeschnittenen B\u00f6gen<\/li>\n<li><strong>Material:<\/strong> Seidenpapier, 20 g\/m\u00b2, wei\u00df oder farbig<\/li>\n<li><strong><b>Bedruck:<\/b><\/strong> <strong>Seidenpapier kann mit Ihrem Logo oder Wunschmotiv von 1\u20132 Farben bedrucken lassen<\/strong><\/li>\n<li><strong><b>Bestellmenge:<\/b><\/strong> <strong>Ab 10.000 B\u00f6gen <\/strong><\/li>\n<\/ul>\n<\/div>\n","protected":false},"excerpt":{"rendered":"<p>Seidenpapier mit Logo \u2013 f\u00fcr luxuri\u00f6se Verpackungen Seidenpapier mit Ihrem Firmenlogo \u2013 geeignet f\u00fcr luxuri\u00f6se Verpackungen. Individuell bedrucktes Seidenpapier verleiht Geschenkverpackungen von Kosmetik, Kleidung, Schuhen, Schmuck und Geschenken einen Hauch von Eleganz. Gr\u00f6\u00dfe: Beliebteste Breiten des Papiers: 50 cm, 70 cm Verpackungseinheiten: in zugeschnittenen B\u00f6gen Material: Seidenpapier, 20 g\/m\u00b2, wei\u00df oder farbig Bedruck: Seidenpapier kann [&hellip;]<\/p>\n","protected":false},"featured_media":56175,"comment_status":"open","ping_status":"closed","template":"","meta":{"_acf_changed":false},"product_brand":[],"product_cat":[1162],"product_tag":[],"class_list":{"0":"post-56174","1":"product","2":"type-product","3":"status-publish","4":"has-post-thumbnail","6":"product_cat-einschlagpapiere-burgertaschen-servietten-bedruckt","8":"first","9":"instock","10":"taxable","11":"shipping-taxable","12":"product-type-simple"},"acf":[],"yoast_head":"<!-- This site is optimized with the Yoast SEO plugin v27.5 - https:\/\/yoast.com\/product\/yoast-seo-wordpress\/ -->\n<title>Seidenpapier - Infigo<\/title>\n<meta name=\"robots\" content=\"index, follow, max-snippet:-1, max-image-preview:large, max-video-preview:-1\" \/>\n<link rel=\"canonical\" href=\"https:\/\/infigogroup.com\/de\/artikel\/seidenpapier\/\" \/>\n<meta property=\"og:locale\" content=\"de_DE\" \/>\n<meta property=\"og:type\" content=\"article\" \/>\n<meta property=\"og:title\" content=\"Seidenpapier - Infigo\" \/>\n<meta property=\"og:description\" content=\"Seidenpapier mit Logo \u2013 f\u00fcr luxuri\u00f6se Verpackungen Seidenpapier mit Ihrem Firmenlogo \u2013 geeignet f\u00fcr luxuri\u00f6se Verpackungen. Individuell bedrucktes Seidenpapier verleiht Geschenkverpackungen von Kosmetik, Kleidung, Schuhen, Schmuck und Geschenken einen Hauch von Eleganz. Gr\u00f6\u00dfe: Beliebteste Breiten des Papiers: 50 cm, 70 cm Verpackungseinheiten: in zugeschnittenen B\u00f6gen Material: Seidenpapier, 20 g\/m\u00b2, wei\u00df oder farbig Bedruck: Seidenpapier kann [&hellip;]\" \/>\n<meta property=\"og:url\" content=\"https:\/\/infigogroup.com\/de\/artikel\/seidenpapier\/\" \/>\n<meta property=\"og:site_name\" content=\"Infigo\" \/>\n<meta property=\"article:modified_time\" content=\"2025-01-15T08:46:19+00:00\" \/>\n<meta property=\"og:image\" content=\"https:\/\/infigogroup.com\/wp-content\/uploads\/2024\/03\/print_wrapping-paper5.jpg\" \/>\n\t<meta property=\"og:image:width\" content=\"1484\" \/>\n\t<meta property=\"og:image:height\" content=\"1484\" \/>\n\t<meta property=\"og:image:type\" content=\"image\/jpeg\" \/>\n<meta name=\"twitter:card\" content=\"summary_large_image\" \/>\n<meta name=\"twitter:label1\" content=\"Gesch\u00e4tzte Lesezeit\" \/>\n\t<meta name=\"twitter:data1\" content=\"1\u00a0Minute\" \/>\n<script type=\"application\/ld+json\" class=\"yoast-schema-graph\">{\"@context\":\"https:\\\/\\\/schema.org\",\"@graph\":[{\"@type\":\"WebPage\",\"@id\":\"https:\\\/\\\/infigogroup.com\\\/de\\\/artikel\\\/seidenpapier\\\/\",\"url\":\"https:\\\/\\\/infigogroup.com\\\/de\\\/artikel\\\/seidenpapier\\\/\",\"name\":\"Seidenpapier - Infigo\",\"isPartOf\":{\"@id\":\"https:\\\/\\\/infigogroup.com\\\/#website\"},\"primaryImageOfPage\":{\"@id\":\"https:\\\/\\\/infigogroup.com\\\/de\\\/artikel\\\/seidenpapier\\\/#primaryimage\"},\"image\":{\"@id\":\"https:\\\/\\\/infigogroup.com\\\/de\\\/artikel\\\/seidenpapier\\\/#primaryimage\"},\"thumbnailUrl\":\"https:\\\/\\\/infigogroup.com\\\/wp-content\\\/uploads\\\/2024\\\/03\\\/print_wrapping-paper5.jpg\",\"datePublished\":\"2024-03-05T14:04:32+00:00\",\"dateModified\":\"2025-01-15T08:46:19+00:00\",\"breadcrumb\":{\"@id\":\"https:\\\/\\\/infigogroup.com\\\/de\\\/artikel\\\/seidenpapier\\\/#breadcrumb\"},\"inLanguage\":\"de\",\"potentialAction\":[{\"@type\":\"ReadAction\",\"target\":[\"https:\\\/\\\/infigogroup.com\\\/de\\\/artikel\\\/seidenpapier\\\/\"]}]},{\"@type\":\"ImageObject\",\"inLanguage\":\"de\",\"@id\":\"https:\\\/\\\/infigogroup.com\\\/de\\\/artikel\\\/seidenpapier\\\/#primaryimage\",\"url\":\"https:\\\/\\\/infigogroup.com\\\/wp-content\\\/uploads\\\/2024\\\/03\\\/print_wrapping-paper5.jpg\",\"contentUrl\":\"https:\\\/\\\/infigogroup.com\\\/wp-content\\\/uploads\\\/2024\\\/03\\\/print_wrapping-paper5.jpg\",\"width\":1484,\"height\":1484},{\"@type\":\"BreadcrumbList\",\"@id\":\"https:\\\/\\\/infigogroup.com\\\/de\\\/artikel\\\/seidenpapier\\\/#breadcrumb\",\"itemListElement\":[{\"@type\":\"ListItem\",\"position\":1,\"name\":\"Home\",\"item\":\"https:\\\/\\\/infigogroup.com\\\/de\\\/\"},{\"@type\":\"ListItem\",\"position\":2,\"name\":\"Online-Shop\",\"item\":\"https:\\\/\\\/infigogroup.com\\\/de\\\/products\\\/\"},{\"@type\":\"ListItem\",\"position\":3,\"name\":\"Seidenpapier\"}]},{\"@type\":\"WebSite\",\"@id\":\"https:\\\/\\\/infigogroup.com\\\/#website\",\"url\":\"https:\\\/\\\/infigogroup.com\\\/\",\"name\":\"Infigo Group\",\"description\":\"\",\"publisher\":{\"@id\":\"https:\\\/\\\/infigogroup.com\\\/#organization\"},\"potentialAction\":[{\"@type\":\"SearchAction\",\"target\":{\"@type\":\"EntryPoint\",\"urlTemplate\":\"https:\\\/\\\/infigogroup.com\\\/?s={search_term_string}\"},\"query-input\":{\"@type\":\"PropertyValueSpecification\",\"valueRequired\":true,\"valueName\":\"search_term_string\"}}],\"inLanguage\":\"de\"},{\"@type\":\"Organization\",\"@id\":\"https:\\\/\\\/infigogroup.com\\\/#organization\",\"name\":\"Infigo Group\",\"url\":\"https:\\\/\\\/infigogroup.com\\\/\",\"logo\":{\"@type\":\"ImageObject\",\"inLanguage\":\"de\",\"@id\":\"https:\\\/\\\/infigogroup.com\\\/#\\\/schema\\\/logo\\\/image\\\/\",\"url\":\"https:\\\/\\\/infigogroup.com\\\/wp-content\\\/uploads\\\/2023\\\/11\\\/logo-1.jpg\",\"contentUrl\":\"https:\\\/\\\/infigogroup.com\\\/wp-content\\\/uploads\\\/2023\\\/11\\\/logo-1.jpg\",\"width\":334,\"height\":114,\"caption\":\"Infigo Group\"},\"image\":{\"@id\":\"https:\\\/\\\/infigogroup.com\\\/#\\\/schema\\\/logo\\\/image\\\/\"}}]}<\/script>\n<!-- \/ Yoast SEO plugin. -->","yoast_head_json":{"title":"Seidenpapier - Infigo","robots":{"index":"index","follow":"follow","max-snippet":"max-snippet:-1","max-image-preview":"max-image-preview:large","max-video-preview":"max-video-preview:-1"},"canonical":"https:\/\/infigogroup.com\/de\/artikel\/seidenpapier\/","og_locale":"de_DE","og_type":"article","og_title":"Seidenpapier - Infigo","og_description":"Seidenpapier mit Logo \u2013 f\u00fcr luxuri\u00f6se Verpackungen Seidenpapier mit Ihrem Firmenlogo \u2013 geeignet f\u00fcr luxuri\u00f6se Verpackungen. Individuell bedrucktes Seidenpapier verleiht Geschenkverpackungen von Kosmetik, Kleidung, Schuhen, Schmuck und Geschenken einen Hauch von Eleganz. Gr\u00f6\u00dfe: Beliebteste Breiten des Papiers: 50 cm, 70 cm Verpackungseinheiten: in zugeschnittenen B\u00f6gen Material: Seidenpapier, 20 g\/m\u00b2, wei\u00df oder farbig Bedruck: Seidenpapier kann [&hellip;]","og_url":"https:\/\/infigogroup.com\/de\/artikel\/seidenpapier\/","og_site_name":"Infigo","article_modified_time":"2025-01-15T08:46:19+00:00","og_image":[{"width":1484,"height":1484,"url":"https:\/\/infigogroup.com\/wp-content\/uploads\/2024\/03\/print_wrapping-paper5.jpg","type":"image\/jpeg"}],"twitter_card":"summary_large_image","twitter_misc":{"Gesch\u00e4tzte Lesezeit":"1\u00a0Minute"},"schema":{"@context":"https:\/\/schema.org","@graph":[{"@type":"WebPage","@id":"https:\/\/infigogroup.com\/de\/artikel\/seidenpapier\/","url":"https:\/\/infigogroup.com\/de\/artikel\/seidenpapier\/","name":"Seidenpapier - Infigo","isPartOf":{"@id":"https:\/\/infigogroup.com\/#website"},"primaryImageOfPage":{"@id":"https:\/\/infigogroup.com\/de\/artikel\/seidenpapier\/#primaryimage"},"image":{"@id":"https:\/\/infigogroup.com\/de\/artikel\/seidenpapier\/#primaryimage"},"thumbnailUrl":"https:\/\/infigogroup.com\/wp-content\/uploads\/2024\/03\/print_wrapping-paper5.jpg","datePublished":"2024-03-05T14:04:32+00:00","dateModified":"2025-01-15T08:46:19+00:00","breadcrumb":{"@id":"https:\/\/infigogroup.com\/de\/artikel\/seidenpapier\/#breadcrumb"},"inLanguage":"de","potentialAction":[{"@type":"ReadAction","target":["https:\/\/infigogroup.com\/de\/artikel\/seidenpapier\/"]}]},{"@type":"ImageObject","inLanguage":"de","@id":"https:\/\/infigogroup.com\/de\/artikel\/seidenpapier\/#primaryimage","url":"https:\/\/infigogroup.com\/wp-content\/uploads\/2024\/03\/print_wrapping-paper5.jpg","contentUrl":"https:\/\/infigogroup.com\/wp-content\/uploads\/2024\/03\/print_wrapping-paper5.jpg","width":1484,"height":1484},{"@type":"BreadcrumbList","@id":"https:\/\/infigogroup.com\/de\/artikel\/seidenpapier\/#breadcrumb","itemListElement":[{"@type":"ListItem","position":1,"name":"Home","item":"https:\/\/infigogroup.com\/de\/"},{"@type":"ListItem","position":2,"name":"Online-Shop","item":"https:\/\/infigogroup.com\/de\/products\/"},{"@type":"ListItem","position":3,"name":"Seidenpapier"}]},{"@type":"WebSite","@id":"https:\/\/infigogroup.com\/#website","url":"https:\/\/infigogroup.com\/","name":"Infigo Group","description":"","publisher":{"@id":"https:\/\/infigogroup.com\/#organization"},"potentialAction":[{"@type":"SearchAction","target":{"@type":"EntryPoint","urlTemplate":"https:\/\/infigogroup.com\/?s={search_term_string}"},"query-input":{"@type":"PropertyValueSpecification","valueRequired":true,"valueName":"search_term_string"}}],"inLanguage":"de"},{"@type":"Organization","@id":"https:\/\/infigogroup.com\/#organization","name":"Infigo Group","url":"https:\/\/infigogroup.com\/","logo":{"@type":"ImageObject","inLanguage":"de","@id":"https:\/\/infigogroup.com\/#\/schema\/logo\/image\/","url":"https:\/\/infigogroup.com\/wp-content\/uploads\/2023\/11\/logo-1.jpg","contentUrl":"https:\/\/infigogroup.com\/wp-content\/uploads\/2023\/11\/logo-1.jpg","width":334,"height":114,"caption":"Infigo Group"},"image":{"@id":"https:\/\/infigogroup.com\/#\/schema\/logo\/image\/"}}]}},"_links":{"self":[{"href":"https:\/\/infigogroup.com\/de\/wp-json\/wp\/v2\/product\/56174","targetHints":{"allow":["GET"]}}],"collection":[{"href":"https:\/\/infigogroup.com\/de\/wp-json\/wp\/v2\/product"}],"about":[{"href":"https:\/\/infigogroup.com\/de\/wp-json\/wp\/v2\/types\/product"}],"replies":[{"embeddable":true,"href":"https:\/\/infigogroup.com\/de\/wp-json\/wp\/v2\/comments?post=56174"}],"wp:featuredmedia":[{"embeddable":true,"href":"https:\/\/infigogroup.com\/de\/wp-json\/wp\/v2\/media\/56175"}],"wp:attachment":[{"href":"https:\/\/infigogroup.com\/de\/wp-json\/wp\/v2\/media?parent=56174"}],"wp:term":[{"taxonomy":"product_brand","embeddable":true,"href":"https:\/\/infigogroup.com\/de\/wp-json\/wp\/v2\/product_brand?post=56174"},{"taxonomy":"product_cat","embeddable":true,"href":"https:\/\/infigogroup.com\/de\/wp-json\/wp\/v2\/product_cat?post=56174"},{"taxonomy":"product_tag","embeddable":true,"href":"https:\/\/infigogroup.com\/de\/wp-json\/wp\/v2\/product_tag?post=56174"}],"curies":[{"name":"wp","href":"https:\/\/api.w.org\/{rel}","templated":true}]}}