{"id":56212,"date":"2024-02-14T14:23:24","date_gmt":"2024-02-14T12:23:24","guid":{"rendered":"https:\/\/infigogroup.com\/?post_type=product&#038;p=56212"},"modified":"2025-01-15T20:16:58","modified_gmt":"2025-01-15T18:16:58","slug":"produktdisplays-aufkleber-werbeartikel","status":"publish","type":"product","link":"https:\/\/infigogroup.com\/de\/artikel\/produktdisplays-aufkleber-werbeartikel\/","title":{"rendered":"Produktdisplays. Aufkleber. Werbeartikel"},"content":{"rendered":"<p><strong><span style=\"font-size: medium;\">Aufkleber und Etiketten werden nach Kundenwunsch in jeder Gr\u00f6\u00dfe und Form angefertigt. Als Materialien verwenden wir in der Regel wasser- und feuchtigkeitsbest\u00e4ndige Plastik, die mit Wunschmotiv oder Logo bedruckt werden k\u00f6nnen. Unabh\u00e4ngig davon, ob der Bedruck ein- oder mehrfarbig ist, bleibt der Preis gleich. Wir k\u00f6nnen auf Ihren Aufklebern sogar Fotos bedrucken. Das Material kann wei\u00df oder transparent sein, die Oberfl\u00e4che matt oder gl\u00e4nzend.<\/span><\/strong><\/p>\n<p>Neben herk\u00f6mmlichen Etiketten und Aufklebern produzieren wir auch spezielle Produktetiketten, die sich eignen als:<\/p>\n<ul>\n<li>Flaschenetiketten,<\/li>\n<li>Kosmetikaufkleber,<\/li>\n<li>Etiketten f\u00fcr Tuben und Dosen,<\/li>\n<li>Etiketten f\u00fcr Lebensmittelverpackungen und -kartons.<\/li>\n<\/ul>\n<p>Wir bieten auch ma\u00dfgeschneiderte L\u00f6sungen, wie Etiketten mit gepr\u00e4gter Oberfl\u00e4che oder speziellen Zusatzdrucken.<\/p>\n<p>Produktdisplays werden stets in den vom Kunden gew\u00fcnschten Abmessungen und Design hergestellt.<\/p>\n<p>Personalisierte Werbematerialien und B\u00fcrobedarf: Produktverpackungen, Speisekartenmappe, Men\u00fckarten, Flyer, Geschenkkarten. Alle sind hochwertig und werden exakt nach Ihren W\u00fcnschen bedruckt und produziert.<\/p>\n","protected":false},"excerpt":{"rendered":"<p>Aufkleber und Etiketten werden nach Kundenwunsch in jeder Gr\u00f6\u00dfe und Form angefertigt. Als Materialien verwenden wir in der Regel wasser- und feuchtigkeitsbest\u00e4ndige Plastik, die mit Wunschmotiv oder Logo bedruckt werden k\u00f6nnen. Unabh\u00e4ngig davon, ob der Bedruck ein- oder mehrfarbig ist, bleibt der Preis gleich. Wir k\u00f6nnen auf Ihren Aufklebern sogar Fotos bedrucken. Das Material kann [&hellip;]<\/p>\n","protected":false},"featured_media":56226,"comment_status":"open","ping_status":"closed","template":"","meta":{"_acf_changed":false},"product_brand":[],"product_cat":[1165],"product_tag":[],"class_list":{"0":"post-56212","1":"product","2":"type-product","3":"status-publish","4":"has-post-thumbnail","6":"product_cat-produktdisplays-aufkleber-werbeartikel","8":"first","9":"instock","10":"taxable","11":"shipping-taxable","12":"product-type-simple"},"acf":[],"yoast_head":"<!-- This site is optimized with the Yoast SEO plugin v27.5 - https:\/\/yoast.com\/product\/yoast-seo-wordpress\/ -->\n<title>Produktdisplays. Aufkleber. Werbeartikel - Infigo<\/title>\n<meta name=\"robots\" content=\"index, follow, max-snippet:-1, max-image-preview:large, max-video-preview:-1\" \/>\n<link rel=\"canonical\" href=\"https:\/\/infigogroup.com\/de\/toode\/produktdisplays-aufkleber-werbeartikel\/\" \/>\n<meta property=\"og:locale\" content=\"de_DE\" \/>\n<meta property=\"og:type\" content=\"article\" \/>\n<meta property=\"og:title\" content=\"Produktdisplays. Aufkleber. Werbeartikel - Infigo\" \/>\n<meta property=\"og:description\" content=\"Aufkleber und Etiketten werden nach Kundenwunsch in jeder Gr\u00f6\u00dfe und Form angefertigt. Als Materialien verwenden wir in der Regel wasser- und feuchtigkeitsbest\u00e4ndige Plastik, die mit Wunschmotiv oder Logo bedruckt werden k\u00f6nnen. Unabh\u00e4ngig davon, ob der Bedruck ein- oder mehrfarbig ist, bleibt der Preis gleich. Wir k\u00f6nnen auf Ihren Aufklebern sogar Fotos bedrucken. Das Material kann [&hellip;]\" \/>\n<meta property=\"og:url\" content=\"https:\/\/infigogroup.com\/de\/toode\/produktdisplays-aufkleber-werbeartikel\/\" \/>\n<meta property=\"og:site_name\" content=\"Infigo\" \/>\n<meta property=\"article:modified_time\" content=\"2025-01-15T18:16:58+00:00\" \/>\n<meta property=\"og:image\" content=\"https:\/\/infigogroup.com\/wp-content\/uploads\/2024\/02\/print_stand-label6.jpg\" \/>\n\t<meta property=\"og:image:width\" content=\"1485\" \/>\n\t<meta property=\"og:image:height\" content=\"1485\" \/>\n\t<meta property=\"og:image:type\" content=\"image\/jpeg\" \/>\n<meta name=\"twitter:card\" content=\"summary_large_image\" \/>\n<meta name=\"twitter:label1\" content=\"Gesch\u00e4tzte Lesezeit\" \/>\n\t<meta name=\"twitter:data1\" content=\"1\u00a0Minute\" \/>\n<script type=\"application\/ld+json\" class=\"yoast-schema-graph\">{\"@context\":\"https:\\\/\\\/schema.org\",\"@graph\":[{\"@type\":\"WebPage\",\"@id\":\"https:\\\/\\\/infigogroup.com\\\/de\\\/toode\\\/produktdisplays-aufkleber-werbeartikel\\\/\",\"url\":\"https:\\\/\\\/infigogroup.com\\\/de\\\/toode\\\/produktdisplays-aufkleber-werbeartikel\\\/\",\"name\":\"Produktdisplays. Aufkleber. Werbeartikel - Infigo\",\"isPartOf\":{\"@id\":\"https:\\\/\\\/infigogroup.com\\\/#website\"},\"primaryImageOfPage\":{\"@id\":\"https:\\\/\\\/infigogroup.com\\\/de\\\/toode\\\/produktdisplays-aufkleber-werbeartikel\\\/#primaryimage\"},\"image\":{\"@id\":\"https:\\\/\\\/infigogroup.com\\\/de\\\/toode\\\/produktdisplays-aufkleber-werbeartikel\\\/#primaryimage\"},\"thumbnailUrl\":\"https:\\\/\\\/infigogroup.com\\\/wp-content\\\/uploads\\\/2024\\\/02\\\/print_stand-label6.jpg\",\"datePublished\":\"2024-02-14T12:23:24+00:00\",\"dateModified\":\"2025-01-15T18:16:58+00:00\",\"breadcrumb\":{\"@id\":\"https:\\\/\\\/infigogroup.com\\\/de\\\/toode\\\/produktdisplays-aufkleber-werbeartikel\\\/#breadcrumb\"},\"inLanguage\":\"de\",\"potentialAction\":[{\"@type\":\"ReadAction\",\"target\":[\"https:\\\/\\\/infigogroup.com\\\/de\\\/toode\\\/produktdisplays-aufkleber-werbeartikel\\\/\"]}]},{\"@type\":\"ImageObject\",\"inLanguage\":\"de\",\"@id\":\"https:\\\/\\\/infigogroup.com\\\/de\\\/toode\\\/produktdisplays-aufkleber-werbeartikel\\\/#primaryimage\",\"url\":\"https:\\\/\\\/infigogroup.com\\\/wp-content\\\/uploads\\\/2024\\\/02\\\/print_stand-label6.jpg\",\"contentUrl\":\"https:\\\/\\\/infigogroup.com\\\/wp-content\\\/uploads\\\/2024\\\/02\\\/print_stand-label6.jpg\",\"width\":1485,\"height\":1485},{\"@type\":\"BreadcrumbList\",\"@id\":\"https:\\\/\\\/infigogroup.com\\\/de\\\/toode\\\/produktdisplays-aufkleber-werbeartikel\\\/#breadcrumb\",\"itemListElement\":[{\"@type\":\"ListItem\",\"position\":1,\"name\":\"Home\",\"item\":\"https:\\\/\\\/infigogroup.com\\\/de\\\/\"},{\"@type\":\"ListItem\",\"position\":2,\"name\":\"Online-Shop\",\"item\":\"https:\\\/\\\/infigogroup.com\\\/de\\\/products\\\/\"},{\"@type\":\"ListItem\",\"position\":3,\"name\":\"Produktdisplays. Aufkleber. Werbeartikel\"}]},{\"@type\":\"WebSite\",\"@id\":\"https:\\\/\\\/infigogroup.com\\\/#website\",\"url\":\"https:\\\/\\\/infigogroup.com\\\/\",\"name\":\"Infigo Group\",\"description\":\"\",\"publisher\":{\"@id\":\"https:\\\/\\\/infigogroup.com\\\/#organization\"},\"potentialAction\":[{\"@type\":\"SearchAction\",\"target\":{\"@type\":\"EntryPoint\",\"urlTemplate\":\"https:\\\/\\\/infigogroup.com\\\/?s={search_term_string}\"},\"query-input\":{\"@type\":\"PropertyValueSpecification\",\"valueRequired\":true,\"valueName\":\"search_term_string\"}}],\"inLanguage\":\"de\"},{\"@type\":\"Organization\",\"@id\":\"https:\\\/\\\/infigogroup.com\\\/#organization\",\"name\":\"Infigo Group\",\"url\":\"https:\\\/\\\/infigogroup.com\\\/\",\"logo\":{\"@type\":\"ImageObject\",\"inLanguage\":\"de\",\"@id\":\"https:\\\/\\\/infigogroup.com\\\/#\\\/schema\\\/logo\\\/image\\\/\",\"url\":\"https:\\\/\\\/infigogroup.com\\\/wp-content\\\/uploads\\\/2023\\\/11\\\/logo-1.jpg\",\"contentUrl\":\"https:\\\/\\\/infigogroup.com\\\/wp-content\\\/uploads\\\/2023\\\/11\\\/logo-1.jpg\",\"width\":334,\"height\":114,\"caption\":\"Infigo Group\"},\"image\":{\"@id\":\"https:\\\/\\\/infigogroup.com\\\/#\\\/schema\\\/logo\\\/image\\\/\"}}]}<\/script>\n<!-- \/ Yoast SEO plugin. -->","yoast_head_json":{"title":"Produktdisplays. Aufkleber. Werbeartikel - Infigo","robots":{"index":"index","follow":"follow","max-snippet":"max-snippet:-1","max-image-preview":"max-image-preview:large","max-video-preview":"max-video-preview:-1"},"canonical":"https:\/\/infigogroup.com\/de\/toode\/produktdisplays-aufkleber-werbeartikel\/","og_locale":"de_DE","og_type":"article","og_title":"Produktdisplays. Aufkleber. Werbeartikel - Infigo","og_description":"Aufkleber und Etiketten werden nach Kundenwunsch in jeder Gr\u00f6\u00dfe und Form angefertigt. Als Materialien verwenden wir in der Regel wasser- und feuchtigkeitsbest\u00e4ndige Plastik, die mit Wunschmotiv oder Logo bedruckt werden k\u00f6nnen. Unabh\u00e4ngig davon, ob der Bedruck ein- oder mehrfarbig ist, bleibt der Preis gleich. Wir k\u00f6nnen auf Ihren Aufklebern sogar Fotos bedrucken. Das Material kann [&hellip;]","og_url":"https:\/\/infigogroup.com\/de\/toode\/produktdisplays-aufkleber-werbeartikel\/","og_site_name":"Infigo","article_modified_time":"2025-01-15T18:16:58+00:00","og_image":[{"width":1485,"height":1485,"url":"https:\/\/infigogroup.com\/wp-content\/uploads\/2024\/02\/print_stand-label6.jpg","type":"image\/jpeg"}],"twitter_card":"summary_large_image","twitter_misc":{"Gesch\u00e4tzte Lesezeit":"1\u00a0Minute"},"schema":{"@context":"https:\/\/schema.org","@graph":[{"@type":"WebPage","@id":"https:\/\/infigogroup.com\/de\/toode\/produktdisplays-aufkleber-werbeartikel\/","url":"https:\/\/infigogroup.com\/de\/toode\/produktdisplays-aufkleber-werbeartikel\/","name":"Produktdisplays. Aufkleber. Werbeartikel - Infigo","isPartOf":{"@id":"https:\/\/infigogroup.com\/#website"},"primaryImageOfPage":{"@id":"https:\/\/infigogroup.com\/de\/toode\/produktdisplays-aufkleber-werbeartikel\/#primaryimage"},"image":{"@id":"https:\/\/infigogroup.com\/de\/toode\/produktdisplays-aufkleber-werbeartikel\/#primaryimage"},"thumbnailUrl":"https:\/\/infigogroup.com\/wp-content\/uploads\/2024\/02\/print_stand-label6.jpg","datePublished":"2024-02-14T12:23:24+00:00","dateModified":"2025-01-15T18:16:58+00:00","breadcrumb":{"@id":"https:\/\/infigogroup.com\/de\/toode\/produktdisplays-aufkleber-werbeartikel\/#breadcrumb"},"inLanguage":"de","potentialAction":[{"@type":"ReadAction","target":["https:\/\/infigogroup.com\/de\/toode\/produktdisplays-aufkleber-werbeartikel\/"]}]},{"@type":"ImageObject","inLanguage":"de","@id":"https:\/\/infigogroup.com\/de\/toode\/produktdisplays-aufkleber-werbeartikel\/#primaryimage","url":"https:\/\/infigogroup.com\/wp-content\/uploads\/2024\/02\/print_stand-label6.jpg","contentUrl":"https:\/\/infigogroup.com\/wp-content\/uploads\/2024\/02\/print_stand-label6.jpg","width":1485,"height":1485},{"@type":"BreadcrumbList","@id":"https:\/\/infigogroup.com\/de\/toode\/produktdisplays-aufkleber-werbeartikel\/#breadcrumb","itemListElement":[{"@type":"ListItem","position":1,"name":"Home","item":"https:\/\/infigogroup.com\/de\/"},{"@type":"ListItem","position":2,"name":"Online-Shop","item":"https:\/\/infigogroup.com\/de\/products\/"},{"@type":"ListItem","position":3,"name":"Produktdisplays. Aufkleber. Werbeartikel"}]},{"@type":"WebSite","@id":"https:\/\/infigogroup.com\/#website","url":"https:\/\/infigogroup.com\/","name":"Infigo Group","description":"","publisher":{"@id":"https:\/\/infigogroup.com\/#organization"},"potentialAction":[{"@type":"SearchAction","target":{"@type":"EntryPoint","urlTemplate":"https:\/\/infigogroup.com\/?s={search_term_string}"},"query-input":{"@type":"PropertyValueSpecification","valueRequired":true,"valueName":"search_term_string"}}],"inLanguage":"de"},{"@type":"Organization","@id":"https:\/\/infigogroup.com\/#organization","name":"Infigo Group","url":"https:\/\/infigogroup.com\/","logo":{"@type":"ImageObject","inLanguage":"de","@id":"https:\/\/infigogroup.com\/#\/schema\/logo\/image\/","url":"https:\/\/infigogroup.com\/wp-content\/uploads\/2023\/11\/logo-1.jpg","contentUrl":"https:\/\/infigogroup.com\/wp-content\/uploads\/2023\/11\/logo-1.jpg","width":334,"height":114,"caption":"Infigo Group"},"image":{"@id":"https:\/\/infigogroup.com\/#\/schema\/logo\/image\/"}}]}},"_links":{"self":[{"href":"https:\/\/infigogroup.com\/de\/wp-json\/wp\/v2\/product\/56212","targetHints":{"allow":["GET"]}}],"collection":[{"href":"https:\/\/infigogroup.com\/de\/wp-json\/wp\/v2\/product"}],"about":[{"href":"https:\/\/infigogroup.com\/de\/wp-json\/wp\/v2\/types\/product"}],"replies":[{"embeddable":true,"href":"https:\/\/infigogroup.com\/de\/wp-json\/wp\/v2\/comments?post=56212"}],"wp:featuredmedia":[{"embeddable":true,"href":"https:\/\/infigogroup.com\/de\/wp-json\/wp\/v2\/media\/56226"}],"wp:attachment":[{"href":"https:\/\/infigogroup.com\/de\/wp-json\/wp\/v2\/media?parent=56212"}],"wp:term":[{"taxonomy":"product_brand","embeddable":true,"href":"https:\/\/infigogroup.com\/de\/wp-json\/wp\/v2\/product_brand?post=56212"},{"taxonomy":"product_cat","embeddable":true,"href":"https:\/\/infigogroup.com\/de\/wp-json\/wp\/v2\/product_cat?post=56212"},{"taxonomy":"product_tag","embeddable":true,"href":"https:\/\/infigogroup.com\/de\/wp-json\/wp\/v2\/product_tag?post=56212"}],"curies":[{"name":"wp","href":"https:\/\/api.w.org\/{rel}","templated":true}]}}