{"id":56227,"date":"2024-02-13T15:44:44","date_gmt":"2024-02-13T13:44:44","guid":{"rendered":"https:\/\/infigogroup.com\/?post_type=product&#038;p=56227"},"modified":"2025-01-15T20:21:51","modified_gmt":"2025-01-15T18:21:51","slug":"produktdisplays-aufkleber-werbeartikel-2","status":"publish","type":"product","link":"https:\/\/infigogroup.com\/de\/artikel\/produktdisplays-aufkleber-werbeartikel-2\/","title":{"rendered":"Versandkartons bedruckt"},"content":{"rendered":"<p><strong><span style=\"font-size: medium;\">Versandkartons<\/span><\/strong> <strong><span style=\"font-size: medium;\">mit Ihrem Logo und Wunschdesign sind echte Hingucker und hervorragende Werbetr\u00e4ger.<\/span><\/strong><\/p>\n<p><b>Versandkartons <\/b>eignen sich f\u00fcr den Versand verschiedenster Produkte. Sie bestehen aus stabilem Wellpappmaterial und bieten daher optimalen Schutz f\u00fcr Ihre Waren.<\/p>\n<ul>\n<li><strong>Gr\u00f6\u00dfe:<\/strong> Nach Kundenwunsch. Beliebte Gr\u00f6\u00dfen finden Sie in unserem Online-Shop.<\/li>\n<li><strong>Material:<\/strong> Wellpappe, optional auch FSC-zertifiziertes Material verf\u00fcgbar.<\/li>\n<li><strong>Materialfarbe:<\/strong> Braun oder Wei\u00df.<\/li>\n<li><strong><b>Bedruck:<\/b><\/strong> <strong>Versandkartons <\/strong><strong>kann mit Ihrem Logo oder Wunschmotiv von 1\u20134 Farben (CMYK) bedrucken lassen. <\/strong>Druck auf der Au\u00dfen- und Innenseite m\u00f6glich.<\/li>\n<li><strong>Extras:<\/strong> Hei\u00dffoliendruck<\/li>\n<li><strong>Verschluss:<\/strong> Mit Klebeband, Klebeband und Aufrei\u00dfstreifen oder ohne Klebeband.<\/li>\n<li><strong>Bestellmenge:<\/strong> Ab 200 St\u00fcck.<\/li>\n<\/ul>\n<p>Zum Schutz Ihrer Produkte k\u00f6nnen die Kartons mit F\u00fcllmaterialien ausgekleidet werden. Sehen Sie sich die Auswahl in unserem Online-Shop an!<\/p>\n","protected":false},"excerpt":{"rendered":"<p>Versandkartons mit Ihrem Logo und Wunschdesign sind echte Hingucker und hervorragende Werbetr\u00e4ger. Versandkartons eignen sich f\u00fcr den Versand verschiedenster Produkte. Sie bestehen aus stabilem Wellpappmaterial und bieten daher optimalen Schutz f\u00fcr Ihre Waren. Gr\u00f6\u00dfe: Nach Kundenwunsch. Beliebte Gr\u00f6\u00dfen finden Sie in unserem Online-Shop. Material: Wellpappe, optional auch FSC-zertifiziertes Material verf\u00fcgbar. Materialfarbe: Braun oder Wei\u00df. Bedruck: [&hellip;]<\/p>\n","protected":false},"featured_media":56248,"comment_status":"open","ping_status":"closed","template":"","meta":{"_acf_changed":false},"product_brand":[],"product_cat":[1164],"product_tag":[],"class_list":{"0":"post-56227","1":"product","2":"type-product","3":"status-publish","4":"has-post-thumbnail","6":"product_cat-versandkartons-klebebaender-bedruckt","8":"first","9":"instock","10":"taxable","11":"shipping-taxable","12":"product-type-simple"},"acf":[],"yoast_head":"<!-- This site is optimized with the Yoast SEO plugin v27.5 - https:\/\/yoast.com\/product\/yoast-seo-wordpress\/ -->\n<title>Versandkartons bedruckt - Infigo<\/title>\n<meta name=\"robots\" content=\"index, follow, max-snippet:-1, max-image-preview:large, max-video-preview:-1\" \/>\n<link rel=\"canonical\" href=\"https:\/\/infigogroup.com\/de\/artikel\/produktdisplays-aufkleber-werbeartikel-2\/\" \/>\n<meta property=\"og:locale\" content=\"de_DE\" \/>\n<meta property=\"og:type\" content=\"article\" \/>\n<meta property=\"og:title\" content=\"Versandkartons bedruckt - Infigo\" \/>\n<meta property=\"og:description\" content=\"Versandkartons mit Ihrem Logo und Wunschdesign sind echte Hingucker und hervorragende Werbetr\u00e4ger. Versandkartons eignen sich f\u00fcr den Versand verschiedenster Produkte. Sie bestehen aus stabilem Wellpappmaterial und bieten daher optimalen Schutz f\u00fcr Ihre Waren. Gr\u00f6\u00dfe: Nach Kundenwunsch. Beliebte Gr\u00f6\u00dfen finden Sie in unserem Online-Shop. Material: Wellpappe, optional auch FSC-zertifiziertes Material verf\u00fcgbar. Materialfarbe: Braun oder Wei\u00df. Bedruck: [&hellip;]\" \/>\n<meta property=\"og:url\" content=\"https:\/\/infigogroup.com\/de\/artikel\/produktdisplays-aufkleber-werbeartikel-2\/\" \/>\n<meta property=\"og:site_name\" content=\"Infigo\" \/>\n<meta property=\"article:modified_time\" content=\"2025-01-15T18:21:51+00:00\" \/>\n<meta property=\"og:image\" content=\"https:\/\/infigogroup.com\/wp-content\/uploads\/2024\/02\/print_box1.jpg\" \/>\n\t<meta property=\"og:image:width\" content=\"1484\" \/>\n\t<meta property=\"og:image:height\" content=\"1484\" \/>\n\t<meta property=\"og:image:type\" content=\"image\/jpeg\" \/>\n<meta name=\"twitter:card\" content=\"summary_large_image\" \/>\n<meta name=\"twitter:label1\" content=\"Gesch\u00e4tzte Lesezeit\" \/>\n\t<meta name=\"twitter:data1\" content=\"1\u00a0Minute\" \/>\n<script type=\"application\/ld+json\" class=\"yoast-schema-graph\">{\"@context\":\"https:\\\/\\\/schema.org\",\"@graph\":[{\"@type\":\"WebPage\",\"@id\":\"https:\\\/\\\/infigogroup.com\\\/de\\\/artikel\\\/produktdisplays-aufkleber-werbeartikel-2\\\/\",\"url\":\"https:\\\/\\\/infigogroup.com\\\/de\\\/artikel\\\/produktdisplays-aufkleber-werbeartikel-2\\\/\",\"name\":\"Versandkartons bedruckt - Infigo\",\"isPartOf\":{\"@id\":\"https:\\\/\\\/infigogroup.com\\\/#website\"},\"primaryImageOfPage\":{\"@id\":\"https:\\\/\\\/infigogroup.com\\\/de\\\/artikel\\\/produktdisplays-aufkleber-werbeartikel-2\\\/#primaryimage\"},\"image\":{\"@id\":\"https:\\\/\\\/infigogroup.com\\\/de\\\/artikel\\\/produktdisplays-aufkleber-werbeartikel-2\\\/#primaryimage\"},\"thumbnailUrl\":\"https:\\\/\\\/infigogroup.com\\\/wp-content\\\/uploads\\\/2024\\\/02\\\/print_box1.jpg\",\"datePublished\":\"2024-02-13T13:44:44+00:00\",\"dateModified\":\"2025-01-15T18:21:51+00:00\",\"breadcrumb\":{\"@id\":\"https:\\\/\\\/infigogroup.com\\\/de\\\/artikel\\\/produktdisplays-aufkleber-werbeartikel-2\\\/#breadcrumb\"},\"inLanguage\":\"de\",\"potentialAction\":[{\"@type\":\"ReadAction\",\"target\":[\"https:\\\/\\\/infigogroup.com\\\/de\\\/artikel\\\/produktdisplays-aufkleber-werbeartikel-2\\\/\"]}]},{\"@type\":\"ImageObject\",\"inLanguage\":\"de\",\"@id\":\"https:\\\/\\\/infigogroup.com\\\/de\\\/artikel\\\/produktdisplays-aufkleber-werbeartikel-2\\\/#primaryimage\",\"url\":\"https:\\\/\\\/infigogroup.com\\\/wp-content\\\/uploads\\\/2024\\\/02\\\/print_box1.jpg\",\"contentUrl\":\"https:\\\/\\\/infigogroup.com\\\/wp-content\\\/uploads\\\/2024\\\/02\\\/print_box1.jpg\",\"width\":1484,\"height\":1484},{\"@type\":\"BreadcrumbList\",\"@id\":\"https:\\\/\\\/infigogroup.com\\\/de\\\/artikel\\\/produktdisplays-aufkleber-werbeartikel-2\\\/#breadcrumb\",\"itemListElement\":[{\"@type\":\"ListItem\",\"position\":1,\"name\":\"Home\",\"item\":\"https:\\\/\\\/infigogroup.com\\\/de\\\/\"},{\"@type\":\"ListItem\",\"position\":2,\"name\":\"Online-Shop\",\"item\":\"https:\\\/\\\/infigogroup.com\\\/de\\\/products\\\/\"},{\"@type\":\"ListItem\",\"position\":3,\"name\":\"Versandkartons bedruckt\"}]},{\"@type\":\"WebSite\",\"@id\":\"https:\\\/\\\/infigogroup.com\\\/#website\",\"url\":\"https:\\\/\\\/infigogroup.com\\\/\",\"name\":\"Infigo Group\",\"description\":\"\",\"publisher\":{\"@id\":\"https:\\\/\\\/infigogroup.com\\\/#organization\"},\"potentialAction\":[{\"@type\":\"SearchAction\",\"target\":{\"@type\":\"EntryPoint\",\"urlTemplate\":\"https:\\\/\\\/infigogroup.com\\\/?s={search_term_string}\"},\"query-input\":{\"@type\":\"PropertyValueSpecification\",\"valueRequired\":true,\"valueName\":\"search_term_string\"}}],\"inLanguage\":\"de\"},{\"@type\":\"Organization\",\"@id\":\"https:\\\/\\\/infigogroup.com\\\/#organization\",\"name\":\"Infigo Group\",\"url\":\"https:\\\/\\\/infigogroup.com\\\/\",\"logo\":{\"@type\":\"ImageObject\",\"inLanguage\":\"de\",\"@id\":\"https:\\\/\\\/infigogroup.com\\\/#\\\/schema\\\/logo\\\/image\\\/\",\"url\":\"https:\\\/\\\/infigogroup.com\\\/wp-content\\\/uploads\\\/2023\\\/11\\\/logo-1.jpg\",\"contentUrl\":\"https:\\\/\\\/infigogroup.com\\\/wp-content\\\/uploads\\\/2023\\\/11\\\/logo-1.jpg\",\"width\":334,\"height\":114,\"caption\":\"Infigo Group\"},\"image\":{\"@id\":\"https:\\\/\\\/infigogroup.com\\\/#\\\/schema\\\/logo\\\/image\\\/\"}}]}<\/script>\n<!-- \/ Yoast SEO plugin. -->","yoast_head_json":{"title":"Versandkartons bedruckt - Infigo","robots":{"index":"index","follow":"follow","max-snippet":"max-snippet:-1","max-image-preview":"max-image-preview:large","max-video-preview":"max-video-preview:-1"},"canonical":"https:\/\/infigogroup.com\/de\/artikel\/produktdisplays-aufkleber-werbeartikel-2\/","og_locale":"de_DE","og_type":"article","og_title":"Versandkartons bedruckt - Infigo","og_description":"Versandkartons mit Ihrem Logo und Wunschdesign sind echte Hingucker und hervorragende Werbetr\u00e4ger. Versandkartons eignen sich f\u00fcr den Versand verschiedenster Produkte. Sie bestehen aus stabilem Wellpappmaterial und bieten daher optimalen Schutz f\u00fcr Ihre Waren. Gr\u00f6\u00dfe: Nach Kundenwunsch. Beliebte Gr\u00f6\u00dfen finden Sie in unserem Online-Shop. Material: Wellpappe, optional auch FSC-zertifiziertes Material verf\u00fcgbar. Materialfarbe: Braun oder Wei\u00df. Bedruck: [&hellip;]","og_url":"https:\/\/infigogroup.com\/de\/artikel\/produktdisplays-aufkleber-werbeartikel-2\/","og_site_name":"Infigo","article_modified_time":"2025-01-15T18:21:51+00:00","og_image":[{"width":1484,"height":1484,"url":"https:\/\/infigogroup.com\/wp-content\/uploads\/2024\/02\/print_box1.jpg","type":"image\/jpeg"}],"twitter_card":"summary_large_image","twitter_misc":{"Gesch\u00e4tzte Lesezeit":"1\u00a0Minute"},"schema":{"@context":"https:\/\/schema.org","@graph":[{"@type":"WebPage","@id":"https:\/\/infigogroup.com\/de\/artikel\/produktdisplays-aufkleber-werbeartikel-2\/","url":"https:\/\/infigogroup.com\/de\/artikel\/produktdisplays-aufkleber-werbeartikel-2\/","name":"Versandkartons bedruckt - Infigo","isPartOf":{"@id":"https:\/\/infigogroup.com\/#website"},"primaryImageOfPage":{"@id":"https:\/\/infigogroup.com\/de\/artikel\/produktdisplays-aufkleber-werbeartikel-2\/#primaryimage"},"image":{"@id":"https:\/\/infigogroup.com\/de\/artikel\/produktdisplays-aufkleber-werbeartikel-2\/#primaryimage"},"thumbnailUrl":"https:\/\/infigogroup.com\/wp-content\/uploads\/2024\/02\/print_box1.jpg","datePublished":"2024-02-13T13:44:44+00:00","dateModified":"2025-01-15T18:21:51+00:00","breadcrumb":{"@id":"https:\/\/infigogroup.com\/de\/artikel\/produktdisplays-aufkleber-werbeartikel-2\/#breadcrumb"},"inLanguage":"de","potentialAction":[{"@type":"ReadAction","target":["https:\/\/infigogroup.com\/de\/artikel\/produktdisplays-aufkleber-werbeartikel-2\/"]}]},{"@type":"ImageObject","inLanguage":"de","@id":"https:\/\/infigogroup.com\/de\/artikel\/produktdisplays-aufkleber-werbeartikel-2\/#primaryimage","url":"https:\/\/infigogroup.com\/wp-content\/uploads\/2024\/02\/print_box1.jpg","contentUrl":"https:\/\/infigogroup.com\/wp-content\/uploads\/2024\/02\/print_box1.jpg","width":1484,"height":1484},{"@type":"BreadcrumbList","@id":"https:\/\/infigogroup.com\/de\/artikel\/produktdisplays-aufkleber-werbeartikel-2\/#breadcrumb","itemListElement":[{"@type":"ListItem","position":1,"name":"Home","item":"https:\/\/infigogroup.com\/de\/"},{"@type":"ListItem","position":2,"name":"Online-Shop","item":"https:\/\/infigogroup.com\/de\/products\/"},{"@type":"ListItem","position":3,"name":"Versandkartons bedruckt"}]},{"@type":"WebSite","@id":"https:\/\/infigogroup.com\/#website","url":"https:\/\/infigogroup.com\/","name":"Infigo Group","description":"","publisher":{"@id":"https:\/\/infigogroup.com\/#organization"},"potentialAction":[{"@type":"SearchAction","target":{"@type":"EntryPoint","urlTemplate":"https:\/\/infigogroup.com\/?s={search_term_string}"},"query-input":{"@type":"PropertyValueSpecification","valueRequired":true,"valueName":"search_term_string"}}],"inLanguage":"de"},{"@type":"Organization","@id":"https:\/\/infigogroup.com\/#organization","name":"Infigo Group","url":"https:\/\/infigogroup.com\/","logo":{"@type":"ImageObject","inLanguage":"de","@id":"https:\/\/infigogroup.com\/#\/schema\/logo\/image\/","url":"https:\/\/infigogroup.com\/wp-content\/uploads\/2023\/11\/logo-1.jpg","contentUrl":"https:\/\/infigogroup.com\/wp-content\/uploads\/2023\/11\/logo-1.jpg","width":334,"height":114,"caption":"Infigo Group"},"image":{"@id":"https:\/\/infigogroup.com\/#\/schema\/logo\/image\/"}}]}},"_links":{"self":[{"href":"https:\/\/infigogroup.com\/de\/wp-json\/wp\/v2\/product\/56227","targetHints":{"allow":["GET"]}}],"collection":[{"href":"https:\/\/infigogroup.com\/de\/wp-json\/wp\/v2\/product"}],"about":[{"href":"https:\/\/infigogroup.com\/de\/wp-json\/wp\/v2\/types\/product"}],"replies":[{"embeddable":true,"href":"https:\/\/infigogroup.com\/de\/wp-json\/wp\/v2\/comments?post=56227"}],"wp:featuredmedia":[{"embeddable":true,"href":"https:\/\/infigogroup.com\/de\/wp-json\/wp\/v2\/media\/56248"}],"wp:attachment":[{"href":"https:\/\/infigogroup.com\/de\/wp-json\/wp\/v2\/media?parent=56227"}],"wp:term":[{"taxonomy":"product_brand","embeddable":true,"href":"https:\/\/infigogroup.com\/de\/wp-json\/wp\/v2\/product_brand?post=56227"},{"taxonomy":"product_cat","embeddable":true,"href":"https:\/\/infigogroup.com\/de\/wp-json\/wp\/v2\/product_cat?post=56227"},{"taxonomy":"product_tag","embeddable":true,"href":"https:\/\/infigogroup.com\/de\/wp-json\/wp\/v2\/product_tag?post=56227"}],"curies":[{"name":"wp","href":"https:\/\/api.w.org\/{rel}","templated":true}]}}