{"id":56249,"date":"2024-02-13T15:52:29","date_gmt":"2024-02-13T13:52:29","guid":{"rendered":"https:\/\/infigogroup.com\/?post_type=product&#038;p=56249"},"modified":"2025-01-15T20:23:38","modified_gmt":"2025-01-15T18:23:38","slug":"wellpappkartons-bedruckt","status":"publish","type":"product","link":"https:\/\/infigogroup.com\/de\/artikel\/wellpappkartons-bedruckt\/","title":{"rendered":"Wellpappkartons bedruckt"},"content":{"rendered":"<div class=\"moz-text-html\" lang=\"x-unicode\">\n<p><strong><span style=\"font-size: medium;\">Kartonagen und Wellpappkartons mit Logo<br \/>\n<\/span><\/strong>Kartonagen und Wellpappkartons mit Logo eignen sich f\u00fcr die Verpackung einer Vielzahl von Produkten. Es ist m\u00f6glich, Logos, Designs, Produktinformationen usw. auf die Kartons zu drucken.<\/p>\n<ul>\n<li><strong>Gr\u00f6\u00dfe: <\/strong>Nach Kundenwunsch. Beliebte Gr\u00f6\u00dfen finden Sie in unserem Online-Shop.<\/li>\n<li><strong>Material:<\/strong> Wellpappe, auch in FSC-zertifizierter Ausf\u00fchrung erh\u00e4ltlich.<\/li>\n<li><strong>Materialfarbe:<\/strong> Braun oder Wei\u00df.<\/li>\n<li><strong><b>Bedruck:<\/b><\/strong> <strong>Wellpappkartons und Kartonagen <\/strong><strong>kann mit Ihrem Logo oder Wunschmotiv von 1\u20134 Farben (CMYK) bedrucken lassen. <\/strong>Druck auf der Au\u00dfen- und Innenseite m\u00f6glich.<\/li>\n<li><strong>Bestellmenge:<\/strong> Ab 200 St\u00fcck.<\/li>\n<\/ul>\n<p>Zum Schutz Ihrer Produkte k\u00f6nnen die Kartons mit F\u00fcllmaterialien ausgekleidet werden. Sehen Sie sich die Auswahl in unserem Online-Shop an!<\/p>\n<\/div>\n","protected":false},"excerpt":{"rendered":"<p>Kartonagen und Wellpappkartons mit Logo Kartonagen und Wellpappkartons mit Logo eignen sich f\u00fcr die Verpackung einer Vielzahl von Produkten. Es ist m\u00f6glich, Logos, Designs, Produktinformationen usw. auf die Kartons zu drucken. Gr\u00f6\u00dfe: Nach Kundenwunsch. Beliebte Gr\u00f6\u00dfen finden Sie in unserem Online-Shop. Material: Wellpappe, auch in FSC-zertifizierter Ausf\u00fchrung erh\u00e4ltlich. Materialfarbe: Braun oder Wei\u00df. Bedruck: Wellpappkartons und [&hellip;]<\/p>\n","protected":false},"featured_media":56262,"comment_status":"open","ping_status":"closed","template":"","meta":{"_acf_changed":false},"product_brand":[],"product_cat":[1164],"product_tag":[],"class_list":{"0":"post-56249","1":"product","2":"type-product","3":"status-publish","4":"has-post-thumbnail","6":"product_cat-versandkartons-klebebaender-bedruckt","8":"first","9":"instock","10":"taxable","11":"shipping-taxable","12":"product-type-simple"},"acf":[],"yoast_head":"<!-- This site is optimized with the Yoast SEO plugin v27.5 - https:\/\/yoast.com\/product\/yoast-seo-wordpress\/ -->\n<title>Wellpappkartons bedruckt - Infigo<\/title>\n<meta name=\"robots\" content=\"index, follow, max-snippet:-1, max-image-preview:large, max-video-preview:-1\" \/>\n<link rel=\"canonical\" href=\"https:\/\/infigogroup.com\/de\/artikel\/wellpappkartons-bedruckt\/\" \/>\n<meta property=\"og:locale\" content=\"de_DE\" \/>\n<meta property=\"og:type\" content=\"article\" \/>\n<meta property=\"og:title\" content=\"Wellpappkartons bedruckt - Infigo\" \/>\n<meta property=\"og:description\" content=\"Kartonagen und Wellpappkartons mit Logo Kartonagen und Wellpappkartons mit Logo eignen sich f\u00fcr die Verpackung einer Vielzahl von Produkten. Es ist m\u00f6glich, Logos, Designs, Produktinformationen usw. auf die Kartons zu drucken. Gr\u00f6\u00dfe: Nach Kundenwunsch. Beliebte Gr\u00f6\u00dfen finden Sie in unserem Online-Shop. Material: Wellpappe, auch in FSC-zertifizierter Ausf\u00fchrung erh\u00e4ltlich. Materialfarbe: Braun oder Wei\u00df. Bedruck: Wellpappkartons und [&hellip;]\" \/>\n<meta property=\"og:url\" content=\"https:\/\/infigogroup.com\/de\/artikel\/wellpappkartons-bedruckt\/\" \/>\n<meta property=\"og:site_name\" content=\"Infigo\" \/>\n<meta property=\"article:modified_time\" content=\"2025-01-15T18:23:38+00:00\" \/>\n<meta property=\"og:image\" content=\"https:\/\/infigogroup.com\/wp-content\/uploads\/2024\/02\/print_box2.jpg\" \/>\n\t<meta property=\"og:image:width\" content=\"1485\" \/>\n\t<meta property=\"og:image:height\" content=\"1485\" \/>\n\t<meta property=\"og:image:type\" content=\"image\/jpeg\" \/>\n<meta name=\"twitter:card\" content=\"summary_large_image\" \/>\n<meta name=\"twitter:label1\" content=\"Gesch\u00e4tzte Lesezeit\" \/>\n\t<meta name=\"twitter:data1\" content=\"1\u00a0Minute\" \/>\n<script type=\"application\/ld+json\" class=\"yoast-schema-graph\">{\"@context\":\"https:\\\/\\\/schema.org\",\"@graph\":[{\"@type\":\"WebPage\",\"@id\":\"https:\\\/\\\/infigogroup.com\\\/de\\\/artikel\\\/wellpappkartons-bedruckt\\\/\",\"url\":\"https:\\\/\\\/infigogroup.com\\\/de\\\/artikel\\\/wellpappkartons-bedruckt\\\/\",\"name\":\"Wellpappkartons bedruckt - Infigo\",\"isPartOf\":{\"@id\":\"https:\\\/\\\/infigogroup.com\\\/#website\"},\"primaryImageOfPage\":{\"@id\":\"https:\\\/\\\/infigogroup.com\\\/de\\\/artikel\\\/wellpappkartons-bedruckt\\\/#primaryimage\"},\"image\":{\"@id\":\"https:\\\/\\\/infigogroup.com\\\/de\\\/artikel\\\/wellpappkartons-bedruckt\\\/#primaryimage\"},\"thumbnailUrl\":\"https:\\\/\\\/infigogroup.com\\\/wp-content\\\/uploads\\\/2024\\\/02\\\/print_box2.jpg\",\"datePublished\":\"2024-02-13T13:52:29+00:00\",\"dateModified\":\"2025-01-15T18:23:38+00:00\",\"breadcrumb\":{\"@id\":\"https:\\\/\\\/infigogroup.com\\\/de\\\/artikel\\\/wellpappkartons-bedruckt\\\/#breadcrumb\"},\"inLanguage\":\"de\",\"potentialAction\":[{\"@type\":\"ReadAction\",\"target\":[\"https:\\\/\\\/infigogroup.com\\\/de\\\/artikel\\\/wellpappkartons-bedruckt\\\/\"]}]},{\"@type\":\"ImageObject\",\"inLanguage\":\"de\",\"@id\":\"https:\\\/\\\/infigogroup.com\\\/de\\\/artikel\\\/wellpappkartons-bedruckt\\\/#primaryimage\",\"url\":\"https:\\\/\\\/infigogroup.com\\\/wp-content\\\/uploads\\\/2024\\\/02\\\/print_box2.jpg\",\"contentUrl\":\"https:\\\/\\\/infigogroup.com\\\/wp-content\\\/uploads\\\/2024\\\/02\\\/print_box2.jpg\",\"width\":1485,\"height\":1485},{\"@type\":\"BreadcrumbList\",\"@id\":\"https:\\\/\\\/infigogroup.com\\\/de\\\/artikel\\\/wellpappkartons-bedruckt\\\/#breadcrumb\",\"itemListElement\":[{\"@type\":\"ListItem\",\"position\":1,\"name\":\"Home\",\"item\":\"https:\\\/\\\/infigogroup.com\\\/de\\\/\"},{\"@type\":\"ListItem\",\"position\":2,\"name\":\"Online-Shop\",\"item\":\"https:\\\/\\\/infigogroup.com\\\/de\\\/products\\\/\"},{\"@type\":\"ListItem\",\"position\":3,\"name\":\"Wellpappkartons bedruckt\"}]},{\"@type\":\"WebSite\",\"@id\":\"https:\\\/\\\/infigogroup.com\\\/#website\",\"url\":\"https:\\\/\\\/infigogroup.com\\\/\",\"name\":\"Infigo Group\",\"description\":\"\",\"publisher\":{\"@id\":\"https:\\\/\\\/infigogroup.com\\\/#organization\"},\"potentialAction\":[{\"@type\":\"SearchAction\",\"target\":{\"@type\":\"EntryPoint\",\"urlTemplate\":\"https:\\\/\\\/infigogroup.com\\\/?s={search_term_string}\"},\"query-input\":{\"@type\":\"PropertyValueSpecification\",\"valueRequired\":true,\"valueName\":\"search_term_string\"}}],\"inLanguage\":\"de\"},{\"@type\":\"Organization\",\"@id\":\"https:\\\/\\\/infigogroup.com\\\/#organization\",\"name\":\"Infigo Group\",\"url\":\"https:\\\/\\\/infigogroup.com\\\/\",\"logo\":{\"@type\":\"ImageObject\",\"inLanguage\":\"de\",\"@id\":\"https:\\\/\\\/infigogroup.com\\\/#\\\/schema\\\/logo\\\/image\\\/\",\"url\":\"https:\\\/\\\/infigogroup.com\\\/wp-content\\\/uploads\\\/2023\\\/11\\\/logo-1.jpg\",\"contentUrl\":\"https:\\\/\\\/infigogroup.com\\\/wp-content\\\/uploads\\\/2023\\\/11\\\/logo-1.jpg\",\"width\":334,\"height\":114,\"caption\":\"Infigo Group\"},\"image\":{\"@id\":\"https:\\\/\\\/infigogroup.com\\\/#\\\/schema\\\/logo\\\/image\\\/\"}}]}<\/script>\n<!-- \/ Yoast SEO plugin. -->","yoast_head_json":{"title":"Wellpappkartons bedruckt - Infigo","robots":{"index":"index","follow":"follow","max-snippet":"max-snippet:-1","max-image-preview":"max-image-preview:large","max-video-preview":"max-video-preview:-1"},"canonical":"https:\/\/infigogroup.com\/de\/artikel\/wellpappkartons-bedruckt\/","og_locale":"de_DE","og_type":"article","og_title":"Wellpappkartons bedruckt - Infigo","og_description":"Kartonagen und Wellpappkartons mit Logo Kartonagen und Wellpappkartons mit Logo eignen sich f\u00fcr die Verpackung einer Vielzahl von Produkten. Es ist m\u00f6glich, Logos, Designs, Produktinformationen usw. auf die Kartons zu drucken. Gr\u00f6\u00dfe: Nach Kundenwunsch. Beliebte Gr\u00f6\u00dfen finden Sie in unserem Online-Shop. Material: Wellpappe, auch in FSC-zertifizierter Ausf\u00fchrung erh\u00e4ltlich. Materialfarbe: Braun oder Wei\u00df. Bedruck: Wellpappkartons und [&hellip;]","og_url":"https:\/\/infigogroup.com\/de\/artikel\/wellpappkartons-bedruckt\/","og_site_name":"Infigo","article_modified_time":"2025-01-15T18:23:38+00:00","og_image":[{"width":1485,"height":1485,"url":"https:\/\/infigogroup.com\/wp-content\/uploads\/2024\/02\/print_box2.jpg","type":"image\/jpeg"}],"twitter_card":"summary_large_image","twitter_misc":{"Gesch\u00e4tzte Lesezeit":"1\u00a0Minute"},"schema":{"@context":"https:\/\/schema.org","@graph":[{"@type":"WebPage","@id":"https:\/\/infigogroup.com\/de\/artikel\/wellpappkartons-bedruckt\/","url":"https:\/\/infigogroup.com\/de\/artikel\/wellpappkartons-bedruckt\/","name":"Wellpappkartons bedruckt - Infigo","isPartOf":{"@id":"https:\/\/infigogroup.com\/#website"},"primaryImageOfPage":{"@id":"https:\/\/infigogroup.com\/de\/artikel\/wellpappkartons-bedruckt\/#primaryimage"},"image":{"@id":"https:\/\/infigogroup.com\/de\/artikel\/wellpappkartons-bedruckt\/#primaryimage"},"thumbnailUrl":"https:\/\/infigogroup.com\/wp-content\/uploads\/2024\/02\/print_box2.jpg","datePublished":"2024-02-13T13:52:29+00:00","dateModified":"2025-01-15T18:23:38+00:00","breadcrumb":{"@id":"https:\/\/infigogroup.com\/de\/artikel\/wellpappkartons-bedruckt\/#breadcrumb"},"inLanguage":"de","potentialAction":[{"@type":"ReadAction","target":["https:\/\/infigogroup.com\/de\/artikel\/wellpappkartons-bedruckt\/"]}]},{"@type":"ImageObject","inLanguage":"de","@id":"https:\/\/infigogroup.com\/de\/artikel\/wellpappkartons-bedruckt\/#primaryimage","url":"https:\/\/infigogroup.com\/wp-content\/uploads\/2024\/02\/print_box2.jpg","contentUrl":"https:\/\/infigogroup.com\/wp-content\/uploads\/2024\/02\/print_box2.jpg","width":1485,"height":1485},{"@type":"BreadcrumbList","@id":"https:\/\/infigogroup.com\/de\/artikel\/wellpappkartons-bedruckt\/#breadcrumb","itemListElement":[{"@type":"ListItem","position":1,"name":"Home","item":"https:\/\/infigogroup.com\/de\/"},{"@type":"ListItem","position":2,"name":"Online-Shop","item":"https:\/\/infigogroup.com\/de\/products\/"},{"@type":"ListItem","position":3,"name":"Wellpappkartons bedruckt"}]},{"@type":"WebSite","@id":"https:\/\/infigogroup.com\/#website","url":"https:\/\/infigogroup.com\/","name":"Infigo Group","description":"","publisher":{"@id":"https:\/\/infigogroup.com\/#organization"},"potentialAction":[{"@type":"SearchAction","target":{"@type":"EntryPoint","urlTemplate":"https:\/\/infigogroup.com\/?s={search_term_string}"},"query-input":{"@type":"PropertyValueSpecification","valueRequired":true,"valueName":"search_term_string"}}],"inLanguage":"de"},{"@type":"Organization","@id":"https:\/\/infigogroup.com\/#organization","name":"Infigo Group","url":"https:\/\/infigogroup.com\/","logo":{"@type":"ImageObject","inLanguage":"de","@id":"https:\/\/infigogroup.com\/#\/schema\/logo\/image\/","url":"https:\/\/infigogroup.com\/wp-content\/uploads\/2023\/11\/logo-1.jpg","contentUrl":"https:\/\/infigogroup.com\/wp-content\/uploads\/2023\/11\/logo-1.jpg","width":334,"height":114,"caption":"Infigo Group"},"image":{"@id":"https:\/\/infigogroup.com\/#\/schema\/logo\/image\/"}}]}},"_links":{"self":[{"href":"https:\/\/infigogroup.com\/de\/wp-json\/wp\/v2\/product\/56249","targetHints":{"allow":["GET"]}}],"collection":[{"href":"https:\/\/infigogroup.com\/de\/wp-json\/wp\/v2\/product"}],"about":[{"href":"https:\/\/infigogroup.com\/de\/wp-json\/wp\/v2\/types\/product"}],"replies":[{"embeddable":true,"href":"https:\/\/infigogroup.com\/de\/wp-json\/wp\/v2\/comments?post=56249"}],"wp:featuredmedia":[{"embeddable":true,"href":"https:\/\/infigogroup.com\/de\/wp-json\/wp\/v2\/media\/56262"}],"wp:attachment":[{"href":"https:\/\/infigogroup.com\/de\/wp-json\/wp\/v2\/media?parent=56249"}],"wp:term":[{"taxonomy":"product_brand","embeddable":true,"href":"https:\/\/infigogroup.com\/de\/wp-json\/wp\/v2\/product_brand?post=56249"},{"taxonomy":"product_cat","embeddable":true,"href":"https:\/\/infigogroup.com\/de\/wp-json\/wp\/v2\/product_cat?post=56249"},{"taxonomy":"product_tag","embeddable":true,"href":"https:\/\/infigogroup.com\/de\/wp-json\/wp\/v2\/product_tag?post=56249"}],"curies":[{"name":"wp","href":"https:\/\/api.w.org\/{rel}","templated":true}]}}