{"id":56263,"date":"2024-02-13T15:59:58","date_gmt":"2024-02-13T13:59:58","guid":{"rendered":"https:\/\/infigogroup.com\/?post_type=product&#038;p=56263"},"modified":"2025-01-15T20:24:37","modified_gmt":"2025-01-15T18:24:37","slug":"verpackungsklebeband-bedruckt","status":"publish","type":"product","link":"https:\/\/infigogroup.com\/de\/artikel\/verpackungsklebeband-bedruckt\/","title":{"rendered":"Verpackungsklebeband bedruckt"},"content":{"rendered":"<div class=\"moz-text-html\" lang=\"x-unicode\">\n<p><strong><span style=\"font-size: medium;\">Verpackungsklebeband mit Logo<br \/>\n<\/span><\/strong>Verpackungsklebeband mit Logo ist eine clevere und praktische Wahl, um Ihr Unternehmen zu bewerben. Es eignet sich f\u00fcr das Verschlie\u00dfen von Kartons unterschiedlichster Gr\u00f6\u00dfen.<\/p>\n<p>Effizient, vielseitig und ideal f\u00fcr Ihre Unternehmenspr\u00e4sentation!<\/p>\n<ul>\n<li><strong>Gr\u00f6\u00dfe: <\/strong> Bandbreiten 48 mm und 50 mm<\/li>\n<li><strong>Material:<\/strong>\n<ul>\n<li><strong>Papier:<\/strong> Wei\u00df und Braun.<\/li>\n<li><strong>Plastik:<\/strong> PVC, PP (Acryl, Hotmelt, Solvent) in Wei\u00df, Braun oder Transparent.<\/li>\n<\/ul>\n<\/li>\n<li><strong><b>Bedruck:<\/b><\/strong> <strong>Verpackungsklebeb\u00e4nder <\/strong><strong>k\u00f6nnen mit Ihrem Logo oder Wunschmotiv von 1\u20134 Farben (CMYK) bedrucken lassen. <\/strong><\/li>\n<li><strong>Bestellmenge:<\/strong> Ab 36 Rollen.<\/li>\n<\/ul>\n<\/div>\n","protected":false},"excerpt":{"rendered":"<p>Verpackungsklebeband mit Logo Verpackungsklebeband mit Logo ist eine clevere und praktische Wahl, um Ihr Unternehmen zu bewerben. Es eignet sich f\u00fcr das Verschlie\u00dfen von Kartons unterschiedlichster Gr\u00f6\u00dfen. Effizient, vielseitig und ideal f\u00fcr Ihre Unternehmenspr\u00e4sentation! Gr\u00f6\u00dfe: Bandbreiten 48 mm und 50 mm Material: Papier: Wei\u00df und Braun. Plastik: PVC, PP (Acryl, Hotmelt, Solvent) in Wei\u00df, Braun [&hellip;]<\/p>\n","protected":false},"featured_media":56280,"comment_status":"open","ping_status":"closed","template":"","meta":{"_acf_changed":false},"product_brand":[],"product_cat":[1164],"product_tag":[],"class_list":{"0":"post-56263","1":"product","2":"type-product","3":"status-publish","4":"has-post-thumbnail","6":"product_cat-versandkartons-klebebaender-bedruckt","8":"first","9":"instock","10":"taxable","11":"shipping-taxable","12":"product-type-simple"},"acf":[],"yoast_head":"<!-- This site is optimized with the Yoast SEO plugin v27.5 - https:\/\/yoast.com\/product\/yoast-seo-wordpress\/ -->\n<title>Verpackungsklebeband bedruckt - Infigo<\/title>\n<meta name=\"robots\" content=\"index, follow, max-snippet:-1, max-image-preview:large, max-video-preview:-1\" \/>\n<link rel=\"canonical\" href=\"https:\/\/infigogroup.com\/de\/artikel\/verpackungsklebeband-bedruckt\/\" \/>\n<meta property=\"og:locale\" content=\"de_DE\" \/>\n<meta property=\"og:type\" content=\"article\" \/>\n<meta property=\"og:title\" content=\"Verpackungsklebeband bedruckt - Infigo\" \/>\n<meta property=\"og:description\" content=\"Verpackungsklebeband mit Logo Verpackungsklebeband mit Logo ist eine clevere und praktische Wahl, um Ihr Unternehmen zu bewerben. Es eignet sich f\u00fcr das Verschlie\u00dfen von Kartons unterschiedlichster Gr\u00f6\u00dfen. Effizient, vielseitig und ideal f\u00fcr Ihre Unternehmenspr\u00e4sentation! Gr\u00f6\u00dfe: Bandbreiten 48 mm und 50 mm Material: Papier: Wei\u00df und Braun. Plastik: PVC, PP (Acryl, Hotmelt, Solvent) in Wei\u00df, Braun [&hellip;]\" \/>\n<meta property=\"og:url\" content=\"https:\/\/infigogroup.com\/de\/artikel\/verpackungsklebeband-bedruckt\/\" \/>\n<meta property=\"og:site_name\" content=\"Infigo\" \/>\n<meta property=\"article:modified_time\" content=\"2025-01-15T18:24:37+00:00\" \/>\n<meta property=\"og:image\" content=\"https:\/\/infigogroup.com\/wp-content\/uploads\/2024\/02\/print_box4.jpg\" \/>\n\t<meta property=\"og:image:width\" content=\"1485\" \/>\n\t<meta property=\"og:image:height\" content=\"1485\" \/>\n\t<meta property=\"og:image:type\" content=\"image\/jpeg\" \/>\n<meta name=\"twitter:card\" content=\"summary_large_image\" \/>\n<meta name=\"twitter:label1\" content=\"Gesch\u00e4tzte Lesezeit\" \/>\n\t<meta name=\"twitter:data1\" content=\"1\u00a0Minute\" \/>\n<script type=\"application\/ld+json\" class=\"yoast-schema-graph\">{\"@context\":\"https:\\\/\\\/schema.org\",\"@graph\":[{\"@type\":\"WebPage\",\"@id\":\"https:\\\/\\\/infigogroup.com\\\/de\\\/artikel\\\/verpackungsklebeband-bedruckt\\\/\",\"url\":\"https:\\\/\\\/infigogroup.com\\\/de\\\/artikel\\\/verpackungsklebeband-bedruckt\\\/\",\"name\":\"Verpackungsklebeband bedruckt - Infigo\",\"isPartOf\":{\"@id\":\"https:\\\/\\\/infigogroup.com\\\/#website\"},\"primaryImageOfPage\":{\"@id\":\"https:\\\/\\\/infigogroup.com\\\/de\\\/artikel\\\/verpackungsklebeband-bedruckt\\\/#primaryimage\"},\"image\":{\"@id\":\"https:\\\/\\\/infigogroup.com\\\/de\\\/artikel\\\/verpackungsklebeband-bedruckt\\\/#primaryimage\"},\"thumbnailUrl\":\"https:\\\/\\\/infigogroup.com\\\/wp-content\\\/uploads\\\/2024\\\/02\\\/print_box4.jpg\",\"datePublished\":\"2024-02-13T13:59:58+00:00\",\"dateModified\":\"2025-01-15T18:24:37+00:00\",\"breadcrumb\":{\"@id\":\"https:\\\/\\\/infigogroup.com\\\/de\\\/artikel\\\/verpackungsklebeband-bedruckt\\\/#breadcrumb\"},\"inLanguage\":\"de\",\"potentialAction\":[{\"@type\":\"ReadAction\",\"target\":[\"https:\\\/\\\/infigogroup.com\\\/de\\\/artikel\\\/verpackungsklebeband-bedruckt\\\/\"]}]},{\"@type\":\"ImageObject\",\"inLanguage\":\"de\",\"@id\":\"https:\\\/\\\/infigogroup.com\\\/de\\\/artikel\\\/verpackungsklebeband-bedruckt\\\/#primaryimage\",\"url\":\"https:\\\/\\\/infigogroup.com\\\/wp-content\\\/uploads\\\/2024\\\/02\\\/print_box4.jpg\",\"contentUrl\":\"https:\\\/\\\/infigogroup.com\\\/wp-content\\\/uploads\\\/2024\\\/02\\\/print_box4.jpg\",\"width\":1485,\"height\":1485},{\"@type\":\"BreadcrumbList\",\"@id\":\"https:\\\/\\\/infigogroup.com\\\/de\\\/artikel\\\/verpackungsklebeband-bedruckt\\\/#breadcrumb\",\"itemListElement\":[{\"@type\":\"ListItem\",\"position\":1,\"name\":\"Home\",\"item\":\"https:\\\/\\\/infigogroup.com\\\/de\\\/\"},{\"@type\":\"ListItem\",\"position\":2,\"name\":\"Online-Shop\",\"item\":\"https:\\\/\\\/infigogroup.com\\\/de\\\/products\\\/\"},{\"@type\":\"ListItem\",\"position\":3,\"name\":\"Verpackungsklebeband bedruckt\"}]},{\"@type\":\"WebSite\",\"@id\":\"https:\\\/\\\/infigogroup.com\\\/#website\",\"url\":\"https:\\\/\\\/infigogroup.com\\\/\",\"name\":\"Infigo Group\",\"description\":\"\",\"publisher\":{\"@id\":\"https:\\\/\\\/infigogroup.com\\\/#organization\"},\"potentialAction\":[{\"@type\":\"SearchAction\",\"target\":{\"@type\":\"EntryPoint\",\"urlTemplate\":\"https:\\\/\\\/infigogroup.com\\\/?s={search_term_string}\"},\"query-input\":{\"@type\":\"PropertyValueSpecification\",\"valueRequired\":true,\"valueName\":\"search_term_string\"}}],\"inLanguage\":\"de\"},{\"@type\":\"Organization\",\"@id\":\"https:\\\/\\\/infigogroup.com\\\/#organization\",\"name\":\"Infigo Group\",\"url\":\"https:\\\/\\\/infigogroup.com\\\/\",\"logo\":{\"@type\":\"ImageObject\",\"inLanguage\":\"de\",\"@id\":\"https:\\\/\\\/infigogroup.com\\\/#\\\/schema\\\/logo\\\/image\\\/\",\"url\":\"https:\\\/\\\/infigogroup.com\\\/wp-content\\\/uploads\\\/2023\\\/11\\\/logo-1.jpg\",\"contentUrl\":\"https:\\\/\\\/infigogroup.com\\\/wp-content\\\/uploads\\\/2023\\\/11\\\/logo-1.jpg\",\"width\":334,\"height\":114,\"caption\":\"Infigo Group\"},\"image\":{\"@id\":\"https:\\\/\\\/infigogroup.com\\\/#\\\/schema\\\/logo\\\/image\\\/\"}}]}<\/script>\n<!-- \/ Yoast SEO plugin. -->","yoast_head_json":{"title":"Verpackungsklebeband bedruckt - Infigo","robots":{"index":"index","follow":"follow","max-snippet":"max-snippet:-1","max-image-preview":"max-image-preview:large","max-video-preview":"max-video-preview:-1"},"canonical":"https:\/\/infigogroup.com\/de\/artikel\/verpackungsklebeband-bedruckt\/","og_locale":"de_DE","og_type":"article","og_title":"Verpackungsklebeband bedruckt - Infigo","og_description":"Verpackungsklebeband mit Logo Verpackungsklebeband mit Logo ist eine clevere und praktische Wahl, um Ihr Unternehmen zu bewerben. Es eignet sich f\u00fcr das Verschlie\u00dfen von Kartons unterschiedlichster Gr\u00f6\u00dfen. Effizient, vielseitig und ideal f\u00fcr Ihre Unternehmenspr\u00e4sentation! Gr\u00f6\u00dfe: Bandbreiten 48 mm und 50 mm Material: Papier: Wei\u00df und Braun. Plastik: PVC, PP (Acryl, Hotmelt, Solvent) in Wei\u00df, Braun [&hellip;]","og_url":"https:\/\/infigogroup.com\/de\/artikel\/verpackungsklebeband-bedruckt\/","og_site_name":"Infigo","article_modified_time":"2025-01-15T18:24:37+00:00","og_image":[{"width":1485,"height":1485,"url":"https:\/\/infigogroup.com\/wp-content\/uploads\/2024\/02\/print_box4.jpg","type":"image\/jpeg"}],"twitter_card":"summary_large_image","twitter_misc":{"Gesch\u00e4tzte Lesezeit":"1\u00a0Minute"},"schema":{"@context":"https:\/\/schema.org","@graph":[{"@type":"WebPage","@id":"https:\/\/infigogroup.com\/de\/artikel\/verpackungsklebeband-bedruckt\/","url":"https:\/\/infigogroup.com\/de\/artikel\/verpackungsklebeband-bedruckt\/","name":"Verpackungsklebeband bedruckt - Infigo","isPartOf":{"@id":"https:\/\/infigogroup.com\/#website"},"primaryImageOfPage":{"@id":"https:\/\/infigogroup.com\/de\/artikel\/verpackungsklebeband-bedruckt\/#primaryimage"},"image":{"@id":"https:\/\/infigogroup.com\/de\/artikel\/verpackungsklebeband-bedruckt\/#primaryimage"},"thumbnailUrl":"https:\/\/infigogroup.com\/wp-content\/uploads\/2024\/02\/print_box4.jpg","datePublished":"2024-02-13T13:59:58+00:00","dateModified":"2025-01-15T18:24:37+00:00","breadcrumb":{"@id":"https:\/\/infigogroup.com\/de\/artikel\/verpackungsklebeband-bedruckt\/#breadcrumb"},"inLanguage":"de","potentialAction":[{"@type":"ReadAction","target":["https:\/\/infigogroup.com\/de\/artikel\/verpackungsklebeband-bedruckt\/"]}]},{"@type":"ImageObject","inLanguage":"de","@id":"https:\/\/infigogroup.com\/de\/artikel\/verpackungsklebeband-bedruckt\/#primaryimage","url":"https:\/\/infigogroup.com\/wp-content\/uploads\/2024\/02\/print_box4.jpg","contentUrl":"https:\/\/infigogroup.com\/wp-content\/uploads\/2024\/02\/print_box4.jpg","width":1485,"height":1485},{"@type":"BreadcrumbList","@id":"https:\/\/infigogroup.com\/de\/artikel\/verpackungsklebeband-bedruckt\/#breadcrumb","itemListElement":[{"@type":"ListItem","position":1,"name":"Home","item":"https:\/\/infigogroup.com\/de\/"},{"@type":"ListItem","position":2,"name":"Online-Shop","item":"https:\/\/infigogroup.com\/de\/products\/"},{"@type":"ListItem","position":3,"name":"Verpackungsklebeband bedruckt"}]},{"@type":"WebSite","@id":"https:\/\/infigogroup.com\/#website","url":"https:\/\/infigogroup.com\/","name":"Infigo Group","description":"","publisher":{"@id":"https:\/\/infigogroup.com\/#organization"},"potentialAction":[{"@type":"SearchAction","target":{"@type":"EntryPoint","urlTemplate":"https:\/\/infigogroup.com\/?s={search_term_string}"},"query-input":{"@type":"PropertyValueSpecification","valueRequired":true,"valueName":"search_term_string"}}],"inLanguage":"de"},{"@type":"Organization","@id":"https:\/\/infigogroup.com\/#organization","name":"Infigo Group","url":"https:\/\/infigogroup.com\/","logo":{"@type":"ImageObject","inLanguage":"de","@id":"https:\/\/infigogroup.com\/#\/schema\/logo\/image\/","url":"https:\/\/infigogroup.com\/wp-content\/uploads\/2023\/11\/logo-1.jpg","contentUrl":"https:\/\/infigogroup.com\/wp-content\/uploads\/2023\/11\/logo-1.jpg","width":334,"height":114,"caption":"Infigo Group"},"image":{"@id":"https:\/\/infigogroup.com\/#\/schema\/logo\/image\/"}}]}},"_links":{"self":[{"href":"https:\/\/infigogroup.com\/de\/wp-json\/wp\/v2\/product\/56263","targetHints":{"allow":["GET"]}}],"collection":[{"href":"https:\/\/infigogroup.com\/de\/wp-json\/wp\/v2\/product"}],"about":[{"href":"https:\/\/infigogroup.com\/de\/wp-json\/wp\/v2\/types\/product"}],"replies":[{"embeddable":true,"href":"https:\/\/infigogroup.com\/de\/wp-json\/wp\/v2\/comments?post=56263"}],"wp:featuredmedia":[{"embeddable":true,"href":"https:\/\/infigogroup.com\/de\/wp-json\/wp\/v2\/media\/56280"}],"wp:attachment":[{"href":"https:\/\/infigogroup.com\/de\/wp-json\/wp\/v2\/media?parent=56263"}],"wp:term":[{"taxonomy":"product_brand","embeddable":true,"href":"https:\/\/infigogroup.com\/de\/wp-json\/wp\/v2\/product_brand?post=56263"},{"taxonomy":"product_cat","embeddable":true,"href":"https:\/\/infigogroup.com\/de\/wp-json\/wp\/v2\/product_cat?post=56263"},{"taxonomy":"product_tag","embeddable":true,"href":"https:\/\/infigogroup.com\/de\/wp-json\/wp\/v2\/product_tag?post=56263"}],"curies":[{"name":"wp","href":"https:\/\/api.w.org\/{rel}","templated":true}]}}