{"id":56281,"date":"2024-02-13T15:47:57","date_gmt":"2024-02-13T13:47:57","guid":{"rendered":"https:\/\/infigogroup.com\/?post_type=product&#038;p=56281"},"modified":"2025-01-15T20:25:29","modified_gmt":"2025-01-15T18:25:29","slug":"geschaenkboxen-bedruckt","status":"publish","type":"product","link":"https:\/\/infigogroup.com\/de\/artikel\/geschaenkboxen-bedruckt\/","title":{"rendered":"Gesch\u00e4nkboxen bedruckt"},"content":{"rendered":"<div class=\"moz-text-html\" lang=\"x-unicode\">\n<p><strong><span style=\"font-size: medium;\">Geschenkboxen mit Logo<br \/>\n<\/span><\/strong>Stilvolle Geschenkboxen mit Logo sind die ideale L\u00f6sung f\u00fcr die Verpackung Ihrer Produkte und Geschenke.<\/p>\n<p><strong>Pillow-Boxen:<\/strong> Perfekt f\u00fcr Produkte wie Str\u00fcmpfe, Socken, Schmuck, Pralinen, Kekse usw.<br \/>\n<strong>Pop-Up-Boxen:<\/strong> Kreativ gestaltete Geschenkkartons, einfach zusammenfaltbar, mit integriertem Deckel und auf Wunsch mit Satinband, das sich zu einer dekorativen Schleife binden l\u00e4sst.<\/p>\n<p>Geschenkboxen in verschiedenen Formen und Ausf\u00fchrungen m\u00f6glich: Wir gestalten und produzieren die perfekte Geschenkverpackung f\u00fcr Sie<\/p>\n<ul>\n<li><strong>Gr\u00f6\u00dfe: <\/strong>Nach Kundenwunsch.<\/li>\n<li><strong>Material:<\/strong> Karton.<\/li>\n<li><strong>Materialfarbe:<\/strong> Wei\u00df oder Braun.<\/li>\n<li><strong><b>Bedruck:<\/b><\/strong> <strong>Geschenkboxen k\u00f6nnen<\/strong><strong> mit Ihrem Logo oder Wunschmotiv von 1\u20134 Farben (CMYK) bedrucken lassen. <\/strong>Druck auf der Au\u00dfen- und Innenseite m\u00f6glich.<\/li>\n<li><strong>Extras:<\/strong> Hei\u00dffoliendruck, Fenster aus Folie, UV-Lackierung, Satinband.<\/li>\n<li><strong>Bestellmenge:<\/strong> Ab 500 St\u00fcck.<\/li>\n<\/ul>\n<\/div>\n","protected":false},"excerpt":{"rendered":"<p>Geschenkboxen mit Logo Stilvolle Geschenkboxen mit Logo sind die ideale L\u00f6sung f\u00fcr die Verpackung Ihrer Produkte und Geschenke. Pillow-Boxen: Perfekt f\u00fcr Produkte wie Str\u00fcmpfe, Socken, Schmuck, Pralinen, Kekse usw. Pop-Up-Boxen: Kreativ gestaltete Geschenkkartons, einfach zusammenfaltbar, mit integriertem Deckel und auf Wunsch mit Satinband, das sich zu einer dekorativen Schleife binden l\u00e4sst. Geschenkboxen in verschiedenen Formen [&hellip;]<\/p>\n","protected":false},"featured_media":56297,"comment_status":"open","ping_status":"closed","template":"","meta":{"_acf_changed":false},"product_brand":[],"product_cat":[1164],"product_tag":[],"class_list":{"0":"post-56281","1":"product","2":"type-product","3":"status-publish","4":"has-post-thumbnail","6":"product_cat-versandkartons-klebebaender-bedruckt","8":"first","9":"instock","10":"taxable","11":"shipping-taxable","12":"product-type-simple"},"acf":[],"yoast_head":"<!-- This site is optimized with the Yoast SEO plugin v27.5 - https:\/\/yoast.com\/product\/yoast-seo-wordpress\/ -->\n<title>Gesch\u00e4nkboxen bedruckt - Infigo<\/title>\n<meta name=\"robots\" content=\"index, follow, max-snippet:-1, max-image-preview:large, max-video-preview:-1\" \/>\n<link rel=\"canonical\" href=\"https:\/\/infigogroup.com\/de\/artikel\/geschaenkboxen-bedruckt\/\" \/>\n<meta property=\"og:locale\" content=\"de_DE\" \/>\n<meta property=\"og:type\" content=\"article\" \/>\n<meta property=\"og:title\" content=\"Gesch\u00e4nkboxen bedruckt - Infigo\" \/>\n<meta property=\"og:description\" content=\"Geschenkboxen mit Logo Stilvolle Geschenkboxen mit Logo sind die ideale L\u00f6sung f\u00fcr die Verpackung Ihrer Produkte und Geschenke. Pillow-Boxen: Perfekt f\u00fcr Produkte wie Str\u00fcmpfe, Socken, Schmuck, Pralinen, Kekse usw. Pop-Up-Boxen: Kreativ gestaltete Geschenkkartons, einfach zusammenfaltbar, mit integriertem Deckel und auf Wunsch mit Satinband, das sich zu einer dekorativen Schleife binden l\u00e4sst. Geschenkboxen in verschiedenen Formen [&hellip;]\" \/>\n<meta property=\"og:url\" content=\"https:\/\/infigogroup.com\/de\/artikel\/geschaenkboxen-bedruckt\/\" \/>\n<meta property=\"og:site_name\" content=\"Infigo\" \/>\n<meta property=\"article:modified_time\" content=\"2025-01-15T18:25:29+00:00\" \/>\n<meta property=\"og:image\" content=\"https:\/\/infigogroup.com\/wp-content\/uploads\/2024\/02\/print_box8.jpg\" \/>\n\t<meta property=\"og:image:width\" content=\"1485\" \/>\n\t<meta property=\"og:image:height\" content=\"1485\" \/>\n\t<meta property=\"og:image:type\" content=\"image\/jpeg\" \/>\n<meta name=\"twitter:card\" content=\"summary_large_image\" \/>\n<meta name=\"twitter:label1\" content=\"Gesch\u00e4tzte Lesezeit\" \/>\n\t<meta name=\"twitter:data1\" content=\"1\u00a0Minute\" \/>\n<script type=\"application\/ld+json\" class=\"yoast-schema-graph\">{\"@context\":\"https:\\\/\\\/schema.org\",\"@graph\":[{\"@type\":\"WebPage\",\"@id\":\"https:\\\/\\\/infigogroup.com\\\/de\\\/artikel\\\/geschaenkboxen-bedruckt\\\/\",\"url\":\"https:\\\/\\\/infigogroup.com\\\/de\\\/artikel\\\/geschaenkboxen-bedruckt\\\/\",\"name\":\"Gesch\u00e4nkboxen bedruckt - Infigo\",\"isPartOf\":{\"@id\":\"https:\\\/\\\/infigogroup.com\\\/#website\"},\"primaryImageOfPage\":{\"@id\":\"https:\\\/\\\/infigogroup.com\\\/de\\\/artikel\\\/geschaenkboxen-bedruckt\\\/#primaryimage\"},\"image\":{\"@id\":\"https:\\\/\\\/infigogroup.com\\\/de\\\/artikel\\\/geschaenkboxen-bedruckt\\\/#primaryimage\"},\"thumbnailUrl\":\"https:\\\/\\\/infigogroup.com\\\/wp-content\\\/uploads\\\/2024\\\/02\\\/print_box8.jpg\",\"datePublished\":\"2024-02-13T13:47:57+00:00\",\"dateModified\":\"2025-01-15T18:25:29+00:00\",\"breadcrumb\":{\"@id\":\"https:\\\/\\\/infigogroup.com\\\/de\\\/artikel\\\/geschaenkboxen-bedruckt\\\/#breadcrumb\"},\"inLanguage\":\"de\",\"potentialAction\":[{\"@type\":\"ReadAction\",\"target\":[\"https:\\\/\\\/infigogroup.com\\\/de\\\/artikel\\\/geschaenkboxen-bedruckt\\\/\"]}]},{\"@type\":\"ImageObject\",\"inLanguage\":\"de\",\"@id\":\"https:\\\/\\\/infigogroup.com\\\/de\\\/artikel\\\/geschaenkboxen-bedruckt\\\/#primaryimage\",\"url\":\"https:\\\/\\\/infigogroup.com\\\/wp-content\\\/uploads\\\/2024\\\/02\\\/print_box8.jpg\",\"contentUrl\":\"https:\\\/\\\/infigogroup.com\\\/wp-content\\\/uploads\\\/2024\\\/02\\\/print_box8.jpg\",\"width\":1485,\"height\":1485},{\"@type\":\"BreadcrumbList\",\"@id\":\"https:\\\/\\\/infigogroup.com\\\/de\\\/artikel\\\/geschaenkboxen-bedruckt\\\/#breadcrumb\",\"itemListElement\":[{\"@type\":\"ListItem\",\"position\":1,\"name\":\"Home\",\"item\":\"https:\\\/\\\/infigogroup.com\\\/de\\\/\"},{\"@type\":\"ListItem\",\"position\":2,\"name\":\"Online-Shop\",\"item\":\"https:\\\/\\\/infigogroup.com\\\/de\\\/products\\\/\"},{\"@type\":\"ListItem\",\"position\":3,\"name\":\"Gesch\u00e4nkboxen bedruckt\"}]},{\"@type\":\"WebSite\",\"@id\":\"https:\\\/\\\/infigogroup.com\\\/#website\",\"url\":\"https:\\\/\\\/infigogroup.com\\\/\",\"name\":\"Infigo Group\",\"description\":\"\",\"publisher\":{\"@id\":\"https:\\\/\\\/infigogroup.com\\\/#organization\"},\"potentialAction\":[{\"@type\":\"SearchAction\",\"target\":{\"@type\":\"EntryPoint\",\"urlTemplate\":\"https:\\\/\\\/infigogroup.com\\\/?s={search_term_string}\"},\"query-input\":{\"@type\":\"PropertyValueSpecification\",\"valueRequired\":true,\"valueName\":\"search_term_string\"}}],\"inLanguage\":\"de\"},{\"@type\":\"Organization\",\"@id\":\"https:\\\/\\\/infigogroup.com\\\/#organization\",\"name\":\"Infigo Group\",\"url\":\"https:\\\/\\\/infigogroup.com\\\/\",\"logo\":{\"@type\":\"ImageObject\",\"inLanguage\":\"de\",\"@id\":\"https:\\\/\\\/infigogroup.com\\\/#\\\/schema\\\/logo\\\/image\\\/\",\"url\":\"https:\\\/\\\/infigogroup.com\\\/wp-content\\\/uploads\\\/2023\\\/11\\\/logo-1.jpg\",\"contentUrl\":\"https:\\\/\\\/infigogroup.com\\\/wp-content\\\/uploads\\\/2023\\\/11\\\/logo-1.jpg\",\"width\":334,\"height\":114,\"caption\":\"Infigo Group\"},\"image\":{\"@id\":\"https:\\\/\\\/infigogroup.com\\\/#\\\/schema\\\/logo\\\/image\\\/\"}}]}<\/script>\n<!-- \/ Yoast SEO plugin. -->","yoast_head_json":{"title":"Gesch\u00e4nkboxen bedruckt - Infigo","robots":{"index":"index","follow":"follow","max-snippet":"max-snippet:-1","max-image-preview":"max-image-preview:large","max-video-preview":"max-video-preview:-1"},"canonical":"https:\/\/infigogroup.com\/de\/artikel\/geschaenkboxen-bedruckt\/","og_locale":"de_DE","og_type":"article","og_title":"Gesch\u00e4nkboxen bedruckt - Infigo","og_description":"Geschenkboxen mit Logo Stilvolle Geschenkboxen mit Logo sind die ideale L\u00f6sung f\u00fcr die Verpackung Ihrer Produkte und Geschenke. Pillow-Boxen: Perfekt f\u00fcr Produkte wie Str\u00fcmpfe, Socken, Schmuck, Pralinen, Kekse usw. Pop-Up-Boxen: Kreativ gestaltete Geschenkkartons, einfach zusammenfaltbar, mit integriertem Deckel und auf Wunsch mit Satinband, das sich zu einer dekorativen Schleife binden l\u00e4sst. Geschenkboxen in verschiedenen Formen [&hellip;]","og_url":"https:\/\/infigogroup.com\/de\/artikel\/geschaenkboxen-bedruckt\/","og_site_name":"Infigo","article_modified_time":"2025-01-15T18:25:29+00:00","og_image":[{"width":1485,"height":1485,"url":"https:\/\/infigogroup.com\/wp-content\/uploads\/2024\/02\/print_box8.jpg","type":"image\/jpeg"}],"twitter_card":"summary_large_image","twitter_misc":{"Gesch\u00e4tzte Lesezeit":"1\u00a0Minute"},"schema":{"@context":"https:\/\/schema.org","@graph":[{"@type":"WebPage","@id":"https:\/\/infigogroup.com\/de\/artikel\/geschaenkboxen-bedruckt\/","url":"https:\/\/infigogroup.com\/de\/artikel\/geschaenkboxen-bedruckt\/","name":"Gesch\u00e4nkboxen bedruckt - Infigo","isPartOf":{"@id":"https:\/\/infigogroup.com\/#website"},"primaryImageOfPage":{"@id":"https:\/\/infigogroup.com\/de\/artikel\/geschaenkboxen-bedruckt\/#primaryimage"},"image":{"@id":"https:\/\/infigogroup.com\/de\/artikel\/geschaenkboxen-bedruckt\/#primaryimage"},"thumbnailUrl":"https:\/\/infigogroup.com\/wp-content\/uploads\/2024\/02\/print_box8.jpg","datePublished":"2024-02-13T13:47:57+00:00","dateModified":"2025-01-15T18:25:29+00:00","breadcrumb":{"@id":"https:\/\/infigogroup.com\/de\/artikel\/geschaenkboxen-bedruckt\/#breadcrumb"},"inLanguage":"de","potentialAction":[{"@type":"ReadAction","target":["https:\/\/infigogroup.com\/de\/artikel\/geschaenkboxen-bedruckt\/"]}]},{"@type":"ImageObject","inLanguage":"de","@id":"https:\/\/infigogroup.com\/de\/artikel\/geschaenkboxen-bedruckt\/#primaryimage","url":"https:\/\/infigogroup.com\/wp-content\/uploads\/2024\/02\/print_box8.jpg","contentUrl":"https:\/\/infigogroup.com\/wp-content\/uploads\/2024\/02\/print_box8.jpg","width":1485,"height":1485},{"@type":"BreadcrumbList","@id":"https:\/\/infigogroup.com\/de\/artikel\/geschaenkboxen-bedruckt\/#breadcrumb","itemListElement":[{"@type":"ListItem","position":1,"name":"Home","item":"https:\/\/infigogroup.com\/de\/"},{"@type":"ListItem","position":2,"name":"Online-Shop","item":"https:\/\/infigogroup.com\/de\/products\/"},{"@type":"ListItem","position":3,"name":"Gesch\u00e4nkboxen bedruckt"}]},{"@type":"WebSite","@id":"https:\/\/infigogroup.com\/#website","url":"https:\/\/infigogroup.com\/","name":"Infigo Group","description":"","publisher":{"@id":"https:\/\/infigogroup.com\/#organization"},"potentialAction":[{"@type":"SearchAction","target":{"@type":"EntryPoint","urlTemplate":"https:\/\/infigogroup.com\/?s={search_term_string}"},"query-input":{"@type":"PropertyValueSpecification","valueRequired":true,"valueName":"search_term_string"}}],"inLanguage":"de"},{"@type":"Organization","@id":"https:\/\/infigogroup.com\/#organization","name":"Infigo Group","url":"https:\/\/infigogroup.com\/","logo":{"@type":"ImageObject","inLanguage":"de","@id":"https:\/\/infigogroup.com\/#\/schema\/logo\/image\/","url":"https:\/\/infigogroup.com\/wp-content\/uploads\/2023\/11\/logo-1.jpg","contentUrl":"https:\/\/infigogroup.com\/wp-content\/uploads\/2023\/11\/logo-1.jpg","width":334,"height":114,"caption":"Infigo Group"},"image":{"@id":"https:\/\/infigogroup.com\/#\/schema\/logo\/image\/"}}]}},"_links":{"self":[{"href":"https:\/\/infigogroup.com\/de\/wp-json\/wp\/v2\/product\/56281","targetHints":{"allow":["GET"]}}],"collection":[{"href":"https:\/\/infigogroup.com\/de\/wp-json\/wp\/v2\/product"}],"about":[{"href":"https:\/\/infigogroup.com\/de\/wp-json\/wp\/v2\/types\/product"}],"replies":[{"embeddable":true,"href":"https:\/\/infigogroup.com\/de\/wp-json\/wp\/v2\/comments?post=56281"}],"wp:featuredmedia":[{"embeddable":true,"href":"https:\/\/infigogroup.com\/de\/wp-json\/wp\/v2\/media\/56297"}],"wp:attachment":[{"href":"https:\/\/infigogroup.com\/de\/wp-json\/wp\/v2\/media?parent=56281"}],"wp:term":[{"taxonomy":"product_brand","embeddable":true,"href":"https:\/\/infigogroup.com\/de\/wp-json\/wp\/v2\/product_brand?post=56281"},{"taxonomy":"product_cat","embeddable":true,"href":"https:\/\/infigogroup.com\/de\/wp-json\/wp\/v2\/product_cat?post=56281"},{"taxonomy":"product_tag","embeddable":true,"href":"https:\/\/infigogroup.com\/de\/wp-json\/wp\/v2\/product_tag?post=56281"}],"curies":[{"name":"wp","href":"https:\/\/api.w.org\/{rel}","templated":true}]}}