{"id":56298,"date":"2024-02-14T13:50:44","date_gmt":"2024-02-14T11:50:44","guid":{"rendered":"https:\/\/infigogroup.com\/?post_type=product&#038;p=56298"},"modified":"2025-01-16T17:13:58","modified_gmt":"2025-01-16T15:13:58","slug":"produktverpackungskartons-produktkartons-bedruckt","status":"publish","type":"product","link":"https:\/\/infigogroup.com\/de\/artikel\/produktverpackungskartons-produktkartons-bedruckt\/","title":{"rendered":"Produktverpackungskartons. Produktkartons"},"content":{"rendered":"<div class=\"moz-text-html\" lang=\"x-unicode\">\n<p><strong><span style=\"font-size: medium;\">Produktverpackungskartons<br \/>\n<\/span><\/strong>Wir bieten Kartons aus Karton f\u00fcr die Verpackung verschiedenster Lebensmittel und anderer Produkte wie Kekse, Heiltees, Fleischwaren, Kosmetik usw. Verpackungskartons mit Ihrem Logo oder Wunschdesign heben sich im Regal von \u00e4hnlichen Produkten ab und \u00fcberzeugen Kunden, sich f\u00fcr Ihre Produkte zu entscheiden. Verpackungen, die sowohl funktional als auch \u00e4sthetisch \u00fcberzeugen!<\/p>\n<ul>\n<li><strong>Gr\u00f6\u00dfe: <\/strong>Nach Kundenwunsch.<\/li>\n<li><strong>Material:<\/strong> Karton, fettbest\u00e4ndiger Karton, biologisch abbaubares Material.<\/li>\n<li><strong>Materialfarbe:<\/strong> Wei\u00df oder Braun.<\/li>\n<li><strong>Extras:<\/strong> Folienfenster, Perforation, Spotlackierung usw.<\/li>\n<li><strong><b>Bedruck:<\/b><\/strong> <strong>Produktverpackungskartons<\/strong><strong> k\u00f6nnen<\/strong> <strong>mit Ihrem Logo oder Wunschmotiv von 1\u20134 Farben (CMYK) bedrucken lassen. <\/strong><\/li>\n<li><strong>Bestellmenge:<\/strong> Nach Absprache.<\/li>\n<\/ul>\n<\/div>\n","protected":false},"excerpt":{"rendered":"<p>Produktverpackungskartons Wir bieten Kartons aus Karton f\u00fcr die Verpackung verschiedenster Lebensmittel und anderer Produkte wie Kekse, Heiltees, Fleischwaren, Kosmetik usw. Verpackungskartons mit Ihrem Logo oder Wunschdesign heben sich im Regal von \u00e4hnlichen Produkten ab und \u00fcberzeugen Kunden, sich f\u00fcr Ihre Produkte zu entscheiden. Verpackungen, die sowohl funktional als auch \u00e4sthetisch \u00fcberzeugen! Gr\u00f6\u00dfe: Nach Kundenwunsch. Material: [&hellip;]<\/p>\n","protected":false},"featured_media":56311,"comment_status":"open","ping_status":"closed","template":"","meta":{"_acf_changed":false},"product_brand":[],"product_cat":[1163,1164],"product_tag":[],"class_list":{"0":"post-56298","1":"product","2":"type-product","3":"status-publish","4":"has-post-thumbnail","6":"product_cat-lebensmittelverpackungen-kaffeebecher-bedruckt","7":"product_cat-versandkartons-klebebaender-bedruckt","9":"first","10":"instock","11":"taxable","12":"shipping-taxable","13":"product-type-simple"},"acf":[],"yoast_head":"<!-- This site is optimized with the Yoast SEO plugin v27.5 - https:\/\/yoast.com\/product\/yoast-seo-wordpress\/ -->\n<title>Produktverpackungskartons. Produktkartons - Infigo<\/title>\n<meta name=\"robots\" content=\"index, follow, max-snippet:-1, max-image-preview:large, max-video-preview:-1\" \/>\n<link rel=\"canonical\" href=\"https:\/\/infigogroup.com\/de\/artikel\/produktverpackungskartons-produktkartons-bedruckt\/\" \/>\n<meta property=\"og:locale\" content=\"de_DE\" \/>\n<meta property=\"og:type\" content=\"article\" \/>\n<meta property=\"og:title\" content=\"Produktverpackungskartons. Produktkartons - Infigo\" \/>\n<meta property=\"og:description\" content=\"Produktverpackungskartons Wir bieten Kartons aus Karton f\u00fcr die Verpackung verschiedenster Lebensmittel und anderer Produkte wie Kekse, Heiltees, Fleischwaren, Kosmetik usw. Verpackungskartons mit Ihrem Logo oder Wunschdesign heben sich im Regal von \u00e4hnlichen Produkten ab und \u00fcberzeugen Kunden, sich f\u00fcr Ihre Produkte zu entscheiden. Verpackungen, die sowohl funktional als auch \u00e4sthetisch \u00fcberzeugen! Gr\u00f6\u00dfe: Nach Kundenwunsch. Material: [&hellip;]\" \/>\n<meta property=\"og:url\" content=\"https:\/\/infigogroup.com\/de\/artikel\/produktverpackungskartons-produktkartons-bedruckt\/\" \/>\n<meta property=\"og:site_name\" content=\"Infigo\" \/>\n<meta property=\"article:modified_time\" content=\"2025-01-16T15:13:58+00:00\" \/>\n<meta property=\"og:image\" content=\"https:\/\/infigogroup.com\/wp-content\/uploads\/2024\/02\/print_food-box3.jpg\" \/>\n\t<meta property=\"og:image:width\" content=\"1485\" \/>\n\t<meta property=\"og:image:height\" content=\"1485\" \/>\n\t<meta property=\"og:image:type\" content=\"image\/jpeg\" \/>\n<meta name=\"twitter:card\" content=\"summary_large_image\" \/>\n<meta name=\"twitter:label1\" content=\"Gesch\u00e4tzte Lesezeit\" \/>\n\t<meta name=\"twitter:data1\" content=\"1\u00a0Minute\" \/>\n<script type=\"application\/ld+json\" class=\"yoast-schema-graph\">{\"@context\":\"https:\\\/\\\/schema.org\",\"@graph\":[{\"@type\":\"WebPage\",\"@id\":\"https:\\\/\\\/infigogroup.com\\\/de\\\/artikel\\\/produktverpackungskartons-produktkartons-bedruckt\\\/\",\"url\":\"https:\\\/\\\/infigogroup.com\\\/de\\\/artikel\\\/produktverpackungskartons-produktkartons-bedruckt\\\/\",\"name\":\"Produktverpackungskartons. Produktkartons - Infigo\",\"isPartOf\":{\"@id\":\"https:\\\/\\\/infigogroup.com\\\/#website\"},\"primaryImageOfPage\":{\"@id\":\"https:\\\/\\\/infigogroup.com\\\/de\\\/artikel\\\/produktverpackungskartons-produktkartons-bedruckt\\\/#primaryimage\"},\"image\":{\"@id\":\"https:\\\/\\\/infigogroup.com\\\/de\\\/artikel\\\/produktverpackungskartons-produktkartons-bedruckt\\\/#primaryimage\"},\"thumbnailUrl\":\"https:\\\/\\\/infigogroup.com\\\/wp-content\\\/uploads\\\/2024\\\/02\\\/print_food-box3.jpg\",\"datePublished\":\"2024-02-14T11:50:44+00:00\",\"dateModified\":\"2025-01-16T15:13:58+00:00\",\"breadcrumb\":{\"@id\":\"https:\\\/\\\/infigogroup.com\\\/de\\\/artikel\\\/produktverpackungskartons-produktkartons-bedruckt\\\/#breadcrumb\"},\"inLanguage\":\"de\",\"potentialAction\":[{\"@type\":\"ReadAction\",\"target\":[\"https:\\\/\\\/infigogroup.com\\\/de\\\/artikel\\\/produktverpackungskartons-produktkartons-bedruckt\\\/\"]}]},{\"@type\":\"ImageObject\",\"inLanguage\":\"de\",\"@id\":\"https:\\\/\\\/infigogroup.com\\\/de\\\/artikel\\\/produktverpackungskartons-produktkartons-bedruckt\\\/#primaryimage\",\"url\":\"https:\\\/\\\/infigogroup.com\\\/wp-content\\\/uploads\\\/2024\\\/02\\\/print_food-box3.jpg\",\"contentUrl\":\"https:\\\/\\\/infigogroup.com\\\/wp-content\\\/uploads\\\/2024\\\/02\\\/print_food-box3.jpg\",\"width\":1485,\"height\":1485},{\"@type\":\"BreadcrumbList\",\"@id\":\"https:\\\/\\\/infigogroup.com\\\/de\\\/artikel\\\/produktverpackungskartons-produktkartons-bedruckt\\\/#breadcrumb\",\"itemListElement\":[{\"@type\":\"ListItem\",\"position\":1,\"name\":\"Home\",\"item\":\"https:\\\/\\\/infigogroup.com\\\/de\\\/\"},{\"@type\":\"ListItem\",\"position\":2,\"name\":\"Online-Shop\",\"item\":\"https:\\\/\\\/infigogroup.com\\\/de\\\/products\\\/\"},{\"@type\":\"ListItem\",\"position\":3,\"name\":\"Produktverpackungskartons. Produktkartons\"}]},{\"@type\":\"WebSite\",\"@id\":\"https:\\\/\\\/infigogroup.com\\\/#website\",\"url\":\"https:\\\/\\\/infigogroup.com\\\/\",\"name\":\"Infigo Group\",\"description\":\"\",\"publisher\":{\"@id\":\"https:\\\/\\\/infigogroup.com\\\/#organization\"},\"potentialAction\":[{\"@type\":\"SearchAction\",\"target\":{\"@type\":\"EntryPoint\",\"urlTemplate\":\"https:\\\/\\\/infigogroup.com\\\/?s={search_term_string}\"},\"query-input\":{\"@type\":\"PropertyValueSpecification\",\"valueRequired\":true,\"valueName\":\"search_term_string\"}}],\"inLanguage\":\"de\"},{\"@type\":\"Organization\",\"@id\":\"https:\\\/\\\/infigogroup.com\\\/#organization\",\"name\":\"Infigo Group\",\"url\":\"https:\\\/\\\/infigogroup.com\\\/\",\"logo\":{\"@type\":\"ImageObject\",\"inLanguage\":\"de\",\"@id\":\"https:\\\/\\\/infigogroup.com\\\/#\\\/schema\\\/logo\\\/image\\\/\",\"url\":\"https:\\\/\\\/infigogroup.com\\\/wp-content\\\/uploads\\\/2023\\\/11\\\/logo-1.jpg\",\"contentUrl\":\"https:\\\/\\\/infigogroup.com\\\/wp-content\\\/uploads\\\/2023\\\/11\\\/logo-1.jpg\",\"width\":334,\"height\":114,\"caption\":\"Infigo Group\"},\"image\":{\"@id\":\"https:\\\/\\\/infigogroup.com\\\/#\\\/schema\\\/logo\\\/image\\\/\"}}]}<\/script>\n<!-- \/ Yoast SEO plugin. -->","yoast_head_json":{"title":"Produktverpackungskartons. Produktkartons - Infigo","robots":{"index":"index","follow":"follow","max-snippet":"max-snippet:-1","max-image-preview":"max-image-preview:large","max-video-preview":"max-video-preview:-1"},"canonical":"https:\/\/infigogroup.com\/de\/artikel\/produktverpackungskartons-produktkartons-bedruckt\/","og_locale":"de_DE","og_type":"article","og_title":"Produktverpackungskartons. Produktkartons - Infigo","og_description":"Produktverpackungskartons Wir bieten Kartons aus Karton f\u00fcr die Verpackung verschiedenster Lebensmittel und anderer Produkte wie Kekse, Heiltees, Fleischwaren, Kosmetik usw. Verpackungskartons mit Ihrem Logo oder Wunschdesign heben sich im Regal von \u00e4hnlichen Produkten ab und \u00fcberzeugen Kunden, sich f\u00fcr Ihre Produkte zu entscheiden. Verpackungen, die sowohl funktional als auch \u00e4sthetisch \u00fcberzeugen! Gr\u00f6\u00dfe: Nach Kundenwunsch. Material: [&hellip;]","og_url":"https:\/\/infigogroup.com\/de\/artikel\/produktverpackungskartons-produktkartons-bedruckt\/","og_site_name":"Infigo","article_modified_time":"2025-01-16T15:13:58+00:00","og_image":[{"width":1485,"height":1485,"url":"https:\/\/infigogroup.com\/wp-content\/uploads\/2024\/02\/print_food-box3.jpg","type":"image\/jpeg"}],"twitter_card":"summary_large_image","twitter_misc":{"Gesch\u00e4tzte Lesezeit":"1\u00a0Minute"},"schema":{"@context":"https:\/\/schema.org","@graph":[{"@type":"WebPage","@id":"https:\/\/infigogroup.com\/de\/artikel\/produktverpackungskartons-produktkartons-bedruckt\/","url":"https:\/\/infigogroup.com\/de\/artikel\/produktverpackungskartons-produktkartons-bedruckt\/","name":"Produktverpackungskartons. Produktkartons - Infigo","isPartOf":{"@id":"https:\/\/infigogroup.com\/#website"},"primaryImageOfPage":{"@id":"https:\/\/infigogroup.com\/de\/artikel\/produktverpackungskartons-produktkartons-bedruckt\/#primaryimage"},"image":{"@id":"https:\/\/infigogroup.com\/de\/artikel\/produktverpackungskartons-produktkartons-bedruckt\/#primaryimage"},"thumbnailUrl":"https:\/\/infigogroup.com\/wp-content\/uploads\/2024\/02\/print_food-box3.jpg","datePublished":"2024-02-14T11:50:44+00:00","dateModified":"2025-01-16T15:13:58+00:00","breadcrumb":{"@id":"https:\/\/infigogroup.com\/de\/artikel\/produktverpackungskartons-produktkartons-bedruckt\/#breadcrumb"},"inLanguage":"de","potentialAction":[{"@type":"ReadAction","target":["https:\/\/infigogroup.com\/de\/artikel\/produktverpackungskartons-produktkartons-bedruckt\/"]}]},{"@type":"ImageObject","inLanguage":"de","@id":"https:\/\/infigogroup.com\/de\/artikel\/produktverpackungskartons-produktkartons-bedruckt\/#primaryimage","url":"https:\/\/infigogroup.com\/wp-content\/uploads\/2024\/02\/print_food-box3.jpg","contentUrl":"https:\/\/infigogroup.com\/wp-content\/uploads\/2024\/02\/print_food-box3.jpg","width":1485,"height":1485},{"@type":"BreadcrumbList","@id":"https:\/\/infigogroup.com\/de\/artikel\/produktverpackungskartons-produktkartons-bedruckt\/#breadcrumb","itemListElement":[{"@type":"ListItem","position":1,"name":"Home","item":"https:\/\/infigogroup.com\/de\/"},{"@type":"ListItem","position":2,"name":"Online-Shop","item":"https:\/\/infigogroup.com\/de\/products\/"},{"@type":"ListItem","position":3,"name":"Produktverpackungskartons. Produktkartons"}]},{"@type":"WebSite","@id":"https:\/\/infigogroup.com\/#website","url":"https:\/\/infigogroup.com\/","name":"Infigo Group","description":"","publisher":{"@id":"https:\/\/infigogroup.com\/#organization"},"potentialAction":[{"@type":"SearchAction","target":{"@type":"EntryPoint","urlTemplate":"https:\/\/infigogroup.com\/?s={search_term_string}"},"query-input":{"@type":"PropertyValueSpecification","valueRequired":true,"valueName":"search_term_string"}}],"inLanguage":"de"},{"@type":"Organization","@id":"https:\/\/infigogroup.com\/#organization","name":"Infigo Group","url":"https:\/\/infigogroup.com\/","logo":{"@type":"ImageObject","inLanguage":"de","@id":"https:\/\/infigogroup.com\/#\/schema\/logo\/image\/","url":"https:\/\/infigogroup.com\/wp-content\/uploads\/2023\/11\/logo-1.jpg","contentUrl":"https:\/\/infigogroup.com\/wp-content\/uploads\/2023\/11\/logo-1.jpg","width":334,"height":114,"caption":"Infigo Group"},"image":{"@id":"https:\/\/infigogroup.com\/#\/schema\/logo\/image\/"}}]}},"_links":{"self":[{"href":"https:\/\/infigogroup.com\/de\/wp-json\/wp\/v2\/product\/56298","targetHints":{"allow":["GET"]}}],"collection":[{"href":"https:\/\/infigogroup.com\/de\/wp-json\/wp\/v2\/product"}],"about":[{"href":"https:\/\/infigogroup.com\/de\/wp-json\/wp\/v2\/types\/product"}],"replies":[{"embeddable":true,"href":"https:\/\/infigogroup.com\/de\/wp-json\/wp\/v2\/comments?post=56298"}],"wp:featuredmedia":[{"embeddable":true,"href":"https:\/\/infigogroup.com\/de\/wp-json\/wp\/v2\/media\/56311"}],"wp:attachment":[{"href":"https:\/\/infigogroup.com\/de\/wp-json\/wp\/v2\/media?parent=56298"}],"wp:term":[{"taxonomy":"product_brand","embeddable":true,"href":"https:\/\/infigogroup.com\/de\/wp-json\/wp\/v2\/product_brand?post=56298"},{"taxonomy":"product_cat","embeddable":true,"href":"https:\/\/infigogroup.com\/de\/wp-json\/wp\/v2\/product_cat?post=56298"},{"taxonomy":"product_tag","embeddable":true,"href":"https:\/\/infigogroup.com\/de\/wp-json\/wp\/v2\/product_tag?post=56298"}],"curies":[{"name":"wp","href":"https:\/\/api.w.org\/{rel}","templated":true}]}}