{"id":56328,"date":"2024-02-14T13:52:14","date_gmt":"2024-02-14T11:52:14","guid":{"rendered":"https:\/\/infigogroup.com\/?post_type=product&#038;p=56328"},"modified":"2025-01-16T17:13:38","modified_gmt":"2025-01-16T15:13:38","slug":"kuchenkartons-gebaeckkartons-bedruckt","status":"publish","type":"product","link":"https:\/\/infigogroup.com\/de\/artikel\/kuchenkartons-gebaeckkartons-bedruckt\/","title":{"rendered":"Kuchenkartons. Geb\u00e4ckkartons"},"content":{"rendered":"<div class=\"moz-text-html\" lang=\"x-unicode\">\n<div class=\"moz-text-html\" lang=\"x-unicode\">\n<p><b>Kuchenkartons. Geb\u00e4ckkartons. B\u00e4ckereikartons bedruckt<br \/>\n<\/b>Ein Kuchen oder eine Torte steht f\u00fcr ein besonderes Ereignis. Machen Sie dieses Ereignis f\u00fcr Ihre Kunden unvergesslich! Bestellen Sie die Kuchenkartons und Tortenkartons mit Ihrem Logo oder Wunschdesign bei uns!<\/p>\n<p><strong>Gr\u00f6\u00dfe:<\/strong> Nach Kundenwunsch<br \/>\n<strong>Material:<\/strong> Karton, fettbest\u00e4ndiger Karton, beschichtigter Karton<br \/>\n<strong>Materialfarbe:<\/strong> Wei\u00df oder Braun<br \/>\n<strong>Extras:<\/strong> Fenster aus Folie, Tragegriff,<br \/>\n<strong><b>Bedruck:<\/b><\/strong> <strong>Kuchen<\/strong><strong>kartons und Geb\u00e4ckkartons k\u00f6nnen mit Ihrem Logo oder Wunschmotiv von 1\u20134 Farben (CMYK) bedrucken lassen. <\/strong>Druck auf der Au\u00dfen- und Innenseite m\u00f6glich.<br \/>\n<strong>Bestellmenge:<\/strong> Nach Absprache<\/p>\n<\/div>\n<\/div>\n","protected":false},"excerpt":{"rendered":"<p>Kuchenkartons. Geb\u00e4ckkartons. B\u00e4ckereikartons bedruckt Ein Kuchen oder eine Torte steht f\u00fcr ein besonderes Ereignis. Machen Sie dieses Ereignis f\u00fcr Ihre Kunden unvergesslich! Bestellen Sie die Kuchenkartons und Tortenkartons mit Ihrem Logo oder Wunschdesign bei uns! Gr\u00f6\u00dfe: Nach Kundenwunsch Material: Karton, fettbest\u00e4ndiger Karton, beschichtigter Karton Materialfarbe: Wei\u00df oder Braun Extras: Fenster aus Folie, Tragegriff, Bedruck: Kuchenkartons [&hellip;]<\/p>\n","protected":false},"featured_media":56337,"comment_status":"open","ping_status":"closed","template":"","meta":{"_acf_changed":false},"product_brand":[],"product_cat":[1163],"product_tag":[],"class_list":{"0":"post-56328","1":"product","2":"type-product","3":"status-publish","4":"has-post-thumbnail","6":"product_cat-lebensmittelverpackungen-kaffeebecher-bedruckt","8":"first","9":"instock","10":"taxable","11":"shipping-taxable","12":"product-type-simple"},"acf":[],"yoast_head":"<!-- This site is optimized with the Yoast SEO plugin v27.5 - https:\/\/yoast.com\/product\/yoast-seo-wordpress\/ -->\n<title>Kuchenkartons. Geb\u00e4ckkartons - Infigo<\/title>\n<meta name=\"robots\" content=\"index, follow, max-snippet:-1, max-image-preview:large, max-video-preview:-1\" \/>\n<link rel=\"canonical\" href=\"https:\/\/infigogroup.com\/de\/artikel\/kuchenkartons-gebaeckkartons-bedruckt\/\" \/>\n<meta property=\"og:locale\" content=\"de_DE\" \/>\n<meta property=\"og:type\" content=\"article\" \/>\n<meta property=\"og:title\" content=\"Kuchenkartons. Geb\u00e4ckkartons - Infigo\" \/>\n<meta property=\"og:description\" content=\"Kuchenkartons. Geb\u00e4ckkartons. B\u00e4ckereikartons bedruckt Ein Kuchen oder eine Torte steht f\u00fcr ein besonderes Ereignis. Machen Sie dieses Ereignis f\u00fcr Ihre Kunden unvergesslich! Bestellen Sie die Kuchenkartons und Tortenkartons mit Ihrem Logo oder Wunschdesign bei uns! Gr\u00f6\u00dfe: Nach Kundenwunsch Material: Karton, fettbest\u00e4ndiger Karton, beschichtigter Karton Materialfarbe: Wei\u00df oder Braun Extras: Fenster aus Folie, Tragegriff, Bedruck: Kuchenkartons [&hellip;]\" \/>\n<meta property=\"og:url\" content=\"https:\/\/infigogroup.com\/de\/artikel\/kuchenkartons-gebaeckkartons-bedruckt\/\" \/>\n<meta property=\"og:site_name\" content=\"Infigo\" \/>\n<meta property=\"article:modified_time\" content=\"2025-01-16T15:13:38+00:00\" \/>\n<meta property=\"og:image\" content=\"https:\/\/infigogroup.com\/wp-content\/uploads\/2024\/02\/print_food-box4.jpg\" \/>\n\t<meta property=\"og:image:width\" content=\"1485\" \/>\n\t<meta property=\"og:image:height\" content=\"1485\" \/>\n\t<meta property=\"og:image:type\" content=\"image\/jpeg\" \/>\n<meta name=\"twitter:card\" content=\"summary_large_image\" \/>\n<meta name=\"twitter:label1\" content=\"Gesch\u00e4tzte Lesezeit\" \/>\n\t<meta name=\"twitter:data1\" content=\"1\u00a0Minute\" \/>\n<script type=\"application\/ld+json\" class=\"yoast-schema-graph\">{\"@context\":\"https:\\\/\\\/schema.org\",\"@graph\":[{\"@type\":\"WebPage\",\"@id\":\"https:\\\/\\\/infigogroup.com\\\/de\\\/artikel\\\/kuchenkartons-gebaeckkartons-bedruckt\\\/\",\"url\":\"https:\\\/\\\/infigogroup.com\\\/de\\\/artikel\\\/kuchenkartons-gebaeckkartons-bedruckt\\\/\",\"name\":\"Kuchenkartons. Geb\u00e4ckkartons - Infigo\",\"isPartOf\":{\"@id\":\"https:\\\/\\\/infigogroup.com\\\/#website\"},\"primaryImageOfPage\":{\"@id\":\"https:\\\/\\\/infigogroup.com\\\/de\\\/artikel\\\/kuchenkartons-gebaeckkartons-bedruckt\\\/#primaryimage\"},\"image\":{\"@id\":\"https:\\\/\\\/infigogroup.com\\\/de\\\/artikel\\\/kuchenkartons-gebaeckkartons-bedruckt\\\/#primaryimage\"},\"thumbnailUrl\":\"https:\\\/\\\/infigogroup.com\\\/wp-content\\\/uploads\\\/2024\\\/02\\\/print_food-box4.jpg\",\"datePublished\":\"2024-02-14T11:52:14+00:00\",\"dateModified\":\"2025-01-16T15:13:38+00:00\",\"breadcrumb\":{\"@id\":\"https:\\\/\\\/infigogroup.com\\\/de\\\/artikel\\\/kuchenkartons-gebaeckkartons-bedruckt\\\/#breadcrumb\"},\"inLanguage\":\"de\",\"potentialAction\":[{\"@type\":\"ReadAction\",\"target\":[\"https:\\\/\\\/infigogroup.com\\\/de\\\/artikel\\\/kuchenkartons-gebaeckkartons-bedruckt\\\/\"]}]},{\"@type\":\"ImageObject\",\"inLanguage\":\"de\",\"@id\":\"https:\\\/\\\/infigogroup.com\\\/de\\\/artikel\\\/kuchenkartons-gebaeckkartons-bedruckt\\\/#primaryimage\",\"url\":\"https:\\\/\\\/infigogroup.com\\\/wp-content\\\/uploads\\\/2024\\\/02\\\/print_food-box4.jpg\",\"contentUrl\":\"https:\\\/\\\/infigogroup.com\\\/wp-content\\\/uploads\\\/2024\\\/02\\\/print_food-box4.jpg\",\"width\":1485,\"height\":1485},{\"@type\":\"BreadcrumbList\",\"@id\":\"https:\\\/\\\/infigogroup.com\\\/de\\\/artikel\\\/kuchenkartons-gebaeckkartons-bedruckt\\\/#breadcrumb\",\"itemListElement\":[{\"@type\":\"ListItem\",\"position\":1,\"name\":\"Home\",\"item\":\"https:\\\/\\\/infigogroup.com\\\/de\\\/\"},{\"@type\":\"ListItem\",\"position\":2,\"name\":\"Online-Shop\",\"item\":\"https:\\\/\\\/infigogroup.com\\\/de\\\/products\\\/\"},{\"@type\":\"ListItem\",\"position\":3,\"name\":\"Kuchenkartons. Geb\u00e4ckkartons\"}]},{\"@type\":\"WebSite\",\"@id\":\"https:\\\/\\\/infigogroup.com\\\/#website\",\"url\":\"https:\\\/\\\/infigogroup.com\\\/\",\"name\":\"Infigo Group\",\"description\":\"\",\"publisher\":{\"@id\":\"https:\\\/\\\/infigogroup.com\\\/#organization\"},\"potentialAction\":[{\"@type\":\"SearchAction\",\"target\":{\"@type\":\"EntryPoint\",\"urlTemplate\":\"https:\\\/\\\/infigogroup.com\\\/?s={search_term_string}\"},\"query-input\":{\"@type\":\"PropertyValueSpecification\",\"valueRequired\":true,\"valueName\":\"search_term_string\"}}],\"inLanguage\":\"de\"},{\"@type\":\"Organization\",\"@id\":\"https:\\\/\\\/infigogroup.com\\\/#organization\",\"name\":\"Infigo Group\",\"url\":\"https:\\\/\\\/infigogroup.com\\\/\",\"logo\":{\"@type\":\"ImageObject\",\"inLanguage\":\"de\",\"@id\":\"https:\\\/\\\/infigogroup.com\\\/#\\\/schema\\\/logo\\\/image\\\/\",\"url\":\"https:\\\/\\\/infigogroup.com\\\/wp-content\\\/uploads\\\/2023\\\/11\\\/logo-1.jpg\",\"contentUrl\":\"https:\\\/\\\/infigogroup.com\\\/wp-content\\\/uploads\\\/2023\\\/11\\\/logo-1.jpg\",\"width\":334,\"height\":114,\"caption\":\"Infigo Group\"},\"image\":{\"@id\":\"https:\\\/\\\/infigogroup.com\\\/#\\\/schema\\\/logo\\\/image\\\/\"}}]}<\/script>\n<!-- \/ Yoast SEO plugin. -->","yoast_head_json":{"title":"Kuchenkartons. Geb\u00e4ckkartons - Infigo","robots":{"index":"index","follow":"follow","max-snippet":"max-snippet:-1","max-image-preview":"max-image-preview:large","max-video-preview":"max-video-preview:-1"},"canonical":"https:\/\/infigogroup.com\/de\/artikel\/kuchenkartons-gebaeckkartons-bedruckt\/","og_locale":"de_DE","og_type":"article","og_title":"Kuchenkartons. Geb\u00e4ckkartons - Infigo","og_description":"Kuchenkartons. Geb\u00e4ckkartons. B\u00e4ckereikartons bedruckt Ein Kuchen oder eine Torte steht f\u00fcr ein besonderes Ereignis. Machen Sie dieses Ereignis f\u00fcr Ihre Kunden unvergesslich! Bestellen Sie die Kuchenkartons und Tortenkartons mit Ihrem Logo oder Wunschdesign bei uns! Gr\u00f6\u00dfe: Nach Kundenwunsch Material: Karton, fettbest\u00e4ndiger Karton, beschichtigter Karton Materialfarbe: Wei\u00df oder Braun Extras: Fenster aus Folie, Tragegriff, Bedruck: Kuchenkartons [&hellip;]","og_url":"https:\/\/infigogroup.com\/de\/artikel\/kuchenkartons-gebaeckkartons-bedruckt\/","og_site_name":"Infigo","article_modified_time":"2025-01-16T15:13:38+00:00","og_image":[{"width":1485,"height":1485,"url":"https:\/\/infigogroup.com\/wp-content\/uploads\/2024\/02\/print_food-box4.jpg","type":"image\/jpeg"}],"twitter_card":"summary_large_image","twitter_misc":{"Gesch\u00e4tzte Lesezeit":"1\u00a0Minute"},"schema":{"@context":"https:\/\/schema.org","@graph":[{"@type":"WebPage","@id":"https:\/\/infigogroup.com\/de\/artikel\/kuchenkartons-gebaeckkartons-bedruckt\/","url":"https:\/\/infigogroup.com\/de\/artikel\/kuchenkartons-gebaeckkartons-bedruckt\/","name":"Kuchenkartons. Geb\u00e4ckkartons - Infigo","isPartOf":{"@id":"https:\/\/infigogroup.com\/#website"},"primaryImageOfPage":{"@id":"https:\/\/infigogroup.com\/de\/artikel\/kuchenkartons-gebaeckkartons-bedruckt\/#primaryimage"},"image":{"@id":"https:\/\/infigogroup.com\/de\/artikel\/kuchenkartons-gebaeckkartons-bedruckt\/#primaryimage"},"thumbnailUrl":"https:\/\/infigogroup.com\/wp-content\/uploads\/2024\/02\/print_food-box4.jpg","datePublished":"2024-02-14T11:52:14+00:00","dateModified":"2025-01-16T15:13:38+00:00","breadcrumb":{"@id":"https:\/\/infigogroup.com\/de\/artikel\/kuchenkartons-gebaeckkartons-bedruckt\/#breadcrumb"},"inLanguage":"de","potentialAction":[{"@type":"ReadAction","target":["https:\/\/infigogroup.com\/de\/artikel\/kuchenkartons-gebaeckkartons-bedruckt\/"]}]},{"@type":"ImageObject","inLanguage":"de","@id":"https:\/\/infigogroup.com\/de\/artikel\/kuchenkartons-gebaeckkartons-bedruckt\/#primaryimage","url":"https:\/\/infigogroup.com\/wp-content\/uploads\/2024\/02\/print_food-box4.jpg","contentUrl":"https:\/\/infigogroup.com\/wp-content\/uploads\/2024\/02\/print_food-box4.jpg","width":1485,"height":1485},{"@type":"BreadcrumbList","@id":"https:\/\/infigogroup.com\/de\/artikel\/kuchenkartons-gebaeckkartons-bedruckt\/#breadcrumb","itemListElement":[{"@type":"ListItem","position":1,"name":"Home","item":"https:\/\/infigogroup.com\/de\/"},{"@type":"ListItem","position":2,"name":"Online-Shop","item":"https:\/\/infigogroup.com\/de\/products\/"},{"@type":"ListItem","position":3,"name":"Kuchenkartons. Geb\u00e4ckkartons"}]},{"@type":"WebSite","@id":"https:\/\/infigogroup.com\/#website","url":"https:\/\/infigogroup.com\/","name":"Infigo Group","description":"","publisher":{"@id":"https:\/\/infigogroup.com\/#organization"},"potentialAction":[{"@type":"SearchAction","target":{"@type":"EntryPoint","urlTemplate":"https:\/\/infigogroup.com\/?s={search_term_string}"},"query-input":{"@type":"PropertyValueSpecification","valueRequired":true,"valueName":"search_term_string"}}],"inLanguage":"de"},{"@type":"Organization","@id":"https:\/\/infigogroup.com\/#organization","name":"Infigo Group","url":"https:\/\/infigogroup.com\/","logo":{"@type":"ImageObject","inLanguage":"de","@id":"https:\/\/infigogroup.com\/#\/schema\/logo\/image\/","url":"https:\/\/infigogroup.com\/wp-content\/uploads\/2023\/11\/logo-1.jpg","contentUrl":"https:\/\/infigogroup.com\/wp-content\/uploads\/2023\/11\/logo-1.jpg","width":334,"height":114,"caption":"Infigo Group"},"image":{"@id":"https:\/\/infigogroup.com\/#\/schema\/logo\/image\/"}}]}},"_links":{"self":[{"href":"https:\/\/infigogroup.com\/de\/wp-json\/wp\/v2\/product\/56328","targetHints":{"allow":["GET"]}}],"collection":[{"href":"https:\/\/infigogroup.com\/de\/wp-json\/wp\/v2\/product"}],"about":[{"href":"https:\/\/infigogroup.com\/de\/wp-json\/wp\/v2\/types\/product"}],"replies":[{"embeddable":true,"href":"https:\/\/infigogroup.com\/de\/wp-json\/wp\/v2\/comments?post=56328"}],"wp:featuredmedia":[{"embeddable":true,"href":"https:\/\/infigogroup.com\/de\/wp-json\/wp\/v2\/media\/56337"}],"wp:attachment":[{"href":"https:\/\/infigogroup.com\/de\/wp-json\/wp\/v2\/media?parent=56328"}],"wp:term":[{"taxonomy":"product_brand","embeddable":true,"href":"https:\/\/infigogroup.com\/de\/wp-json\/wp\/v2\/product_brand?post=56328"},{"taxonomy":"product_cat","embeddable":true,"href":"https:\/\/infigogroup.com\/de\/wp-json\/wp\/v2\/product_cat?post=56328"},{"taxonomy":"product_tag","embeddable":true,"href":"https:\/\/infigogroup.com\/de\/wp-json\/wp\/v2\/product_tag?post=56328"}],"curies":[{"name":"wp","href":"https:\/\/api.w.org\/{rel}","templated":true}]}}