{"id":56382,"date":"2024-02-14T13:47:17","date_gmt":"2024-02-14T11:47:17","guid":{"rendered":"https:\/\/infigogroup.com\/?post_type=product&#038;p=56382"},"modified":"2025-01-16T17:50:08","modified_gmt":"2025-01-16T15:50:08","slug":"sushischalen-nudelboxen-menueboxen","status":"publish","type":"product","link":"https:\/\/infigogroup.com\/de\/artikel\/sushischalen-nudelboxen-menueboxen\/","title":{"rendered":"Men\u00fcboxen. Sushischalen. Nudelboxen"},"content":{"rendered":"<p><b>Sushiboxen, Snackboxen und Nudelboxen<\/b> aus Pappe sind eine umweltfreundlichere Alternative zu Plastikboxen. Auf alle diese To Go Boxen k\u00f6nnen Ihr Logo oder Design bedruckt werden, wodurch Sie Sichtbarkeit von Ihren Gerichten erh\u00f6hen und das kulinarische Erlebnis Ihrer Kunden unvergesslich machen k\u00f6nnen.<\/p>\n<p><strong>Gr\u00f6\u00dfe: <\/strong>Nach Kundenwunsch<br \/>\n<strong>Material: <\/strong>Karton, fettbest\u00e4ndiger Karton, biologisch abbaubares Material<br \/>\n<strong>Materialfarbe: <\/strong>Wei\u00df oder Braun<br \/>\n<strong>Extras: <\/strong><strong>Sicht<\/strong>fenster<br \/>\n<strong><b>Bedruck:<\/b><\/strong> <strong>Sushischalen, Nudelboxen, Snackboxen <\/strong><strong> k\u00f6nnen mit Ihrem Logo oder Wunschmotiv von 1\u20134 Farben (CMYK) bedrucken lassen.<br \/>\n<\/strong><strong>Bestellmenge: <\/strong>Nach Vereinbarung<\/p>\n","protected":false},"excerpt":{"rendered":"<p>Sushiboxen, Snackboxen und Nudelboxen aus Pappe sind eine umweltfreundlichere Alternative zu Plastikboxen. Auf alle diese To Go Boxen k\u00f6nnen Ihr Logo oder Design bedruckt werden, wodurch Sie Sichtbarkeit von Ihren Gerichten erh\u00f6hen und das kulinarische Erlebnis Ihrer Kunden unvergesslich machen k\u00f6nnen. Gr\u00f6\u00dfe: Nach Kundenwunsch Material: Karton, fettbest\u00e4ndiger Karton, biologisch abbaubares Material Materialfarbe: Wei\u00df oder Braun [&hellip;]<\/p>\n","protected":false},"featured_media":56395,"comment_status":"open","ping_status":"closed","template":"","meta":{"_acf_changed":false},"product_brand":[],"product_cat":[1163],"product_tag":[],"class_list":{"0":"post-56382","1":"product","2":"type-product","3":"status-publish","4":"has-post-thumbnail","6":"product_cat-lebensmittelverpackungen-kaffeebecher-bedruckt","8":"first","9":"instock","10":"taxable","11":"shipping-taxable","12":"product-type-simple"},"acf":[],"yoast_head":"<!-- This site is optimized with the Yoast SEO plugin v27.5 - https:\/\/yoast.com\/product\/yoast-seo-wordpress\/ -->\n<title>Men\u00fcboxen. Sushischalen. Nudelboxen - Infigo<\/title>\n<meta name=\"robots\" content=\"index, follow, max-snippet:-1, max-image-preview:large, max-video-preview:-1\" \/>\n<link rel=\"canonical\" href=\"https:\/\/infigogroup.com\/de\/artikel\/sushischalen-nudelboxen-menueboxen\/\" \/>\n<meta property=\"og:locale\" content=\"de_DE\" \/>\n<meta property=\"og:type\" content=\"article\" \/>\n<meta property=\"og:title\" content=\"Men\u00fcboxen. Sushischalen. Nudelboxen - Infigo\" \/>\n<meta property=\"og:description\" content=\"Sushiboxen, Snackboxen und Nudelboxen aus Pappe sind eine umweltfreundlichere Alternative zu Plastikboxen. Auf alle diese To Go Boxen k\u00f6nnen Ihr Logo oder Design bedruckt werden, wodurch Sie Sichtbarkeit von Ihren Gerichten erh\u00f6hen und das kulinarische Erlebnis Ihrer Kunden unvergesslich machen k\u00f6nnen. Gr\u00f6\u00dfe: Nach Kundenwunsch Material: Karton, fettbest\u00e4ndiger Karton, biologisch abbaubares Material Materialfarbe: Wei\u00df oder Braun [&hellip;]\" \/>\n<meta property=\"og:url\" content=\"https:\/\/infigogroup.com\/de\/artikel\/sushischalen-nudelboxen-menueboxen\/\" \/>\n<meta property=\"og:site_name\" content=\"Infigo\" \/>\n<meta property=\"article:modified_time\" content=\"2025-01-16T15:50:08+00:00\" \/>\n<meta property=\"og:image\" content=\"https:\/\/infigogroup.com\/wp-content\/uploads\/2024\/02\/print_food-box1.jpg\" \/>\n\t<meta property=\"og:image:width\" content=\"1484\" \/>\n\t<meta property=\"og:image:height\" content=\"1484\" \/>\n\t<meta property=\"og:image:type\" content=\"image\/jpeg\" \/>\n<meta name=\"twitter:card\" content=\"summary_large_image\" \/>\n<meta name=\"twitter:label1\" content=\"Gesch\u00e4tzte Lesezeit\" \/>\n\t<meta name=\"twitter:data1\" content=\"1\u00a0Minute\" \/>\n<script type=\"application\/ld+json\" class=\"yoast-schema-graph\">{\"@context\":\"https:\\\/\\\/schema.org\",\"@graph\":[{\"@type\":\"WebPage\",\"@id\":\"https:\\\/\\\/infigogroup.com\\\/de\\\/artikel\\\/sushischalen-nudelboxen-menueboxen\\\/\",\"url\":\"https:\\\/\\\/infigogroup.com\\\/de\\\/artikel\\\/sushischalen-nudelboxen-menueboxen\\\/\",\"name\":\"Men\u00fcboxen. Sushischalen. Nudelboxen - Infigo\",\"isPartOf\":{\"@id\":\"https:\\\/\\\/infigogroup.com\\\/#website\"},\"primaryImageOfPage\":{\"@id\":\"https:\\\/\\\/infigogroup.com\\\/de\\\/artikel\\\/sushischalen-nudelboxen-menueboxen\\\/#primaryimage\"},\"image\":{\"@id\":\"https:\\\/\\\/infigogroup.com\\\/de\\\/artikel\\\/sushischalen-nudelboxen-menueboxen\\\/#primaryimage\"},\"thumbnailUrl\":\"https:\\\/\\\/infigogroup.com\\\/wp-content\\\/uploads\\\/2024\\\/02\\\/print_food-box1.jpg\",\"datePublished\":\"2024-02-14T11:47:17+00:00\",\"dateModified\":\"2025-01-16T15:50:08+00:00\",\"breadcrumb\":{\"@id\":\"https:\\\/\\\/infigogroup.com\\\/de\\\/artikel\\\/sushischalen-nudelboxen-menueboxen\\\/#breadcrumb\"},\"inLanguage\":\"de\",\"potentialAction\":[{\"@type\":\"ReadAction\",\"target\":[\"https:\\\/\\\/infigogroup.com\\\/de\\\/artikel\\\/sushischalen-nudelboxen-menueboxen\\\/\"]}]},{\"@type\":\"ImageObject\",\"inLanguage\":\"de\",\"@id\":\"https:\\\/\\\/infigogroup.com\\\/de\\\/artikel\\\/sushischalen-nudelboxen-menueboxen\\\/#primaryimage\",\"url\":\"https:\\\/\\\/infigogroup.com\\\/wp-content\\\/uploads\\\/2024\\\/02\\\/print_food-box1.jpg\",\"contentUrl\":\"https:\\\/\\\/infigogroup.com\\\/wp-content\\\/uploads\\\/2024\\\/02\\\/print_food-box1.jpg\",\"width\":1484,\"height\":1484},{\"@type\":\"BreadcrumbList\",\"@id\":\"https:\\\/\\\/infigogroup.com\\\/de\\\/artikel\\\/sushischalen-nudelboxen-menueboxen\\\/#breadcrumb\",\"itemListElement\":[{\"@type\":\"ListItem\",\"position\":1,\"name\":\"Home\",\"item\":\"https:\\\/\\\/infigogroup.com\\\/de\\\/\"},{\"@type\":\"ListItem\",\"position\":2,\"name\":\"Online-Shop\",\"item\":\"https:\\\/\\\/infigogroup.com\\\/de\\\/products\\\/\"},{\"@type\":\"ListItem\",\"position\":3,\"name\":\"Men\u00fcboxen. Sushischalen. Nudelboxen\"}]},{\"@type\":\"WebSite\",\"@id\":\"https:\\\/\\\/infigogroup.com\\\/#website\",\"url\":\"https:\\\/\\\/infigogroup.com\\\/\",\"name\":\"Infigo Group\",\"description\":\"\",\"publisher\":{\"@id\":\"https:\\\/\\\/infigogroup.com\\\/#organization\"},\"potentialAction\":[{\"@type\":\"SearchAction\",\"target\":{\"@type\":\"EntryPoint\",\"urlTemplate\":\"https:\\\/\\\/infigogroup.com\\\/?s={search_term_string}\"},\"query-input\":{\"@type\":\"PropertyValueSpecification\",\"valueRequired\":true,\"valueName\":\"search_term_string\"}}],\"inLanguage\":\"de\"},{\"@type\":\"Organization\",\"@id\":\"https:\\\/\\\/infigogroup.com\\\/#organization\",\"name\":\"Infigo Group\",\"url\":\"https:\\\/\\\/infigogroup.com\\\/\",\"logo\":{\"@type\":\"ImageObject\",\"inLanguage\":\"de\",\"@id\":\"https:\\\/\\\/infigogroup.com\\\/#\\\/schema\\\/logo\\\/image\\\/\",\"url\":\"https:\\\/\\\/infigogroup.com\\\/wp-content\\\/uploads\\\/2023\\\/11\\\/logo-1.jpg\",\"contentUrl\":\"https:\\\/\\\/infigogroup.com\\\/wp-content\\\/uploads\\\/2023\\\/11\\\/logo-1.jpg\",\"width\":334,\"height\":114,\"caption\":\"Infigo Group\"},\"image\":{\"@id\":\"https:\\\/\\\/infigogroup.com\\\/#\\\/schema\\\/logo\\\/image\\\/\"}}]}<\/script>\n<!-- \/ Yoast SEO plugin. -->","yoast_head_json":{"title":"Men\u00fcboxen. Sushischalen. Nudelboxen - Infigo","robots":{"index":"index","follow":"follow","max-snippet":"max-snippet:-1","max-image-preview":"max-image-preview:large","max-video-preview":"max-video-preview:-1"},"canonical":"https:\/\/infigogroup.com\/de\/artikel\/sushischalen-nudelboxen-menueboxen\/","og_locale":"de_DE","og_type":"article","og_title":"Men\u00fcboxen. Sushischalen. Nudelboxen - Infigo","og_description":"Sushiboxen, Snackboxen und Nudelboxen aus Pappe sind eine umweltfreundlichere Alternative zu Plastikboxen. Auf alle diese To Go Boxen k\u00f6nnen Ihr Logo oder Design bedruckt werden, wodurch Sie Sichtbarkeit von Ihren Gerichten erh\u00f6hen und das kulinarische Erlebnis Ihrer Kunden unvergesslich machen k\u00f6nnen. Gr\u00f6\u00dfe: Nach Kundenwunsch Material: Karton, fettbest\u00e4ndiger Karton, biologisch abbaubares Material Materialfarbe: Wei\u00df oder Braun [&hellip;]","og_url":"https:\/\/infigogroup.com\/de\/artikel\/sushischalen-nudelboxen-menueboxen\/","og_site_name":"Infigo","article_modified_time":"2025-01-16T15:50:08+00:00","og_image":[{"width":1484,"height":1484,"url":"https:\/\/infigogroup.com\/wp-content\/uploads\/2024\/02\/print_food-box1.jpg","type":"image\/jpeg"}],"twitter_card":"summary_large_image","twitter_misc":{"Gesch\u00e4tzte Lesezeit":"1\u00a0Minute"},"schema":{"@context":"https:\/\/schema.org","@graph":[{"@type":"WebPage","@id":"https:\/\/infigogroup.com\/de\/artikel\/sushischalen-nudelboxen-menueboxen\/","url":"https:\/\/infigogroup.com\/de\/artikel\/sushischalen-nudelboxen-menueboxen\/","name":"Men\u00fcboxen. Sushischalen. Nudelboxen - Infigo","isPartOf":{"@id":"https:\/\/infigogroup.com\/#website"},"primaryImageOfPage":{"@id":"https:\/\/infigogroup.com\/de\/artikel\/sushischalen-nudelboxen-menueboxen\/#primaryimage"},"image":{"@id":"https:\/\/infigogroup.com\/de\/artikel\/sushischalen-nudelboxen-menueboxen\/#primaryimage"},"thumbnailUrl":"https:\/\/infigogroup.com\/wp-content\/uploads\/2024\/02\/print_food-box1.jpg","datePublished":"2024-02-14T11:47:17+00:00","dateModified":"2025-01-16T15:50:08+00:00","breadcrumb":{"@id":"https:\/\/infigogroup.com\/de\/artikel\/sushischalen-nudelboxen-menueboxen\/#breadcrumb"},"inLanguage":"de","potentialAction":[{"@type":"ReadAction","target":["https:\/\/infigogroup.com\/de\/artikel\/sushischalen-nudelboxen-menueboxen\/"]}]},{"@type":"ImageObject","inLanguage":"de","@id":"https:\/\/infigogroup.com\/de\/artikel\/sushischalen-nudelboxen-menueboxen\/#primaryimage","url":"https:\/\/infigogroup.com\/wp-content\/uploads\/2024\/02\/print_food-box1.jpg","contentUrl":"https:\/\/infigogroup.com\/wp-content\/uploads\/2024\/02\/print_food-box1.jpg","width":1484,"height":1484},{"@type":"BreadcrumbList","@id":"https:\/\/infigogroup.com\/de\/artikel\/sushischalen-nudelboxen-menueboxen\/#breadcrumb","itemListElement":[{"@type":"ListItem","position":1,"name":"Home","item":"https:\/\/infigogroup.com\/de\/"},{"@type":"ListItem","position":2,"name":"Online-Shop","item":"https:\/\/infigogroup.com\/de\/products\/"},{"@type":"ListItem","position":3,"name":"Men\u00fcboxen. Sushischalen. Nudelboxen"}]},{"@type":"WebSite","@id":"https:\/\/infigogroup.com\/#website","url":"https:\/\/infigogroup.com\/","name":"Infigo Group","description":"","publisher":{"@id":"https:\/\/infigogroup.com\/#organization"},"potentialAction":[{"@type":"SearchAction","target":{"@type":"EntryPoint","urlTemplate":"https:\/\/infigogroup.com\/?s={search_term_string}"},"query-input":{"@type":"PropertyValueSpecification","valueRequired":true,"valueName":"search_term_string"}}],"inLanguage":"de"},{"@type":"Organization","@id":"https:\/\/infigogroup.com\/#organization","name":"Infigo Group","url":"https:\/\/infigogroup.com\/","logo":{"@type":"ImageObject","inLanguage":"de","@id":"https:\/\/infigogroup.com\/#\/schema\/logo\/image\/","url":"https:\/\/infigogroup.com\/wp-content\/uploads\/2023\/11\/logo-1.jpg","contentUrl":"https:\/\/infigogroup.com\/wp-content\/uploads\/2023\/11\/logo-1.jpg","width":334,"height":114,"caption":"Infigo Group"},"image":{"@id":"https:\/\/infigogroup.com\/#\/schema\/logo\/image\/"}}]}},"_links":{"self":[{"href":"https:\/\/infigogroup.com\/de\/wp-json\/wp\/v2\/product\/56382","targetHints":{"allow":["GET"]}}],"collection":[{"href":"https:\/\/infigogroup.com\/de\/wp-json\/wp\/v2\/product"}],"about":[{"href":"https:\/\/infigogroup.com\/de\/wp-json\/wp\/v2\/types\/product"}],"replies":[{"embeddable":true,"href":"https:\/\/infigogroup.com\/de\/wp-json\/wp\/v2\/comments?post=56382"}],"wp:featuredmedia":[{"embeddable":true,"href":"https:\/\/infigogroup.com\/de\/wp-json\/wp\/v2\/media\/56395"}],"wp:attachment":[{"href":"https:\/\/infigogroup.com\/de\/wp-json\/wp\/v2\/media?parent=56382"}],"wp:term":[{"taxonomy":"product_brand","embeddable":true,"href":"https:\/\/infigogroup.com\/de\/wp-json\/wp\/v2\/product_brand?post=56382"},{"taxonomy":"product_cat","embeddable":true,"href":"https:\/\/infigogroup.com\/de\/wp-json\/wp\/v2\/product_cat?post=56382"},{"taxonomy":"product_tag","embeddable":true,"href":"https:\/\/infigogroup.com\/de\/wp-json\/wp\/v2\/product_tag?post=56382"}],"curies":[{"name":"wp","href":"https:\/\/api.w.org\/{rel}","templated":true}]}}