{"id":42789,"date":"2024-02-13T13:51:37","date_gmt":"2024-02-13T11:51:37","guid":{"rendered":"https:\/\/infigogroup.com\/toode\/postal-bags\/"},"modified":"2024-03-01T14:08:43","modified_gmt":"2024-03-01T12:08:43","slug":"postal-bags","status":"publish","type":"product","link":"https:\/\/infigogroup.com\/sv\/produkt\/postal-bags\/","title":{"rendered":"E-handelsp\u00e5sar i papper. Postp\u00e5sar i papper"},"content":{"rendered":"<p>Pappersf\u00f6rs\u00e4ndelsep\u00e5sar \u00e4r ett bra alternativ till plastf\u00f6rs\u00e4ndelsep\u00e5sar.<br \/>\n<strong>M\u00e5tt:<\/strong> enligt kundens \u00f6nskem\u00e5l.<br \/>\n<strong>Material<\/strong>: brunt eller vitt kraftpapper. \u00c4ven FSC-certifierat papper finns i urvalet.<br \/>\n<strong>St\u00e4ngning:<\/strong> enkel tejpning eller dubbeltejpning.<br \/>\nPappersf\u00f6rs\u00e4ndelsep\u00e5sar kan g\u00f6ras med:<br \/>\n* med bottenveck och sidoveck<br \/>\n* ett handtag f\u00f6r att g\u00f6ra det enklare f\u00f6r dina kunder att b\u00e4ra postp\u00e5sen.<br \/>\n<strong>Tryck:<\/strong> 1 &#8211; 4 f\u00e4rger (CMYK)<br \/>\n<strong>Best\u00e4llningsm\u00e4ngd:<\/strong> fr\u00e5n 300 st<\/p>\n<p>Popul\u00e4ra storlekar hittar du i webbutiken:<\/p>\n","protected":false},"excerpt":{"rendered":"<p>Pappersf\u00f6rs\u00e4ndelsep\u00e5sar \u00e4r ett bra alternativ till plastf\u00f6rs\u00e4ndelsep\u00e5sar. M\u00e5tt: enligt kundens \u00f6nskem\u00e5l. Material: brunt eller vitt kraftpapper. \u00c4ven FSC-certifierat papper finns i urvalet. St\u00e4ngning: enkel tejpning eller dubbeltejpning. Pappersf\u00f6rs\u00e4ndelsep\u00e5sar kan g\u00f6ras med: * med bottenveck och sidoveck * ett handtag f\u00f6r att g\u00f6ra det enklare f\u00f6r dina kunder att b\u00e4ra postp\u00e5sen. Tryck: 1 &#8211; 4 f\u00e4rger [&hellip;]<\/p>\n","protected":false},"featured_media":42760,"comment_status":"open","ping_status":"closed","template":"","meta":{"_acf_changed":false},"product_brand":[],"product_cat":[1035,1034],"product_tag":[],"class_list":{"0":"post-42789","1":"product","2":"type-product","3":"status-publish","4":"has-post-thumbnail","6":"product_cat-papperspasar-papperskassar-sv","7":"product_cat-postemballage-kuvert","9":"first","10":"instock","11":"taxable","12":"shipping-taxable","13":"product-type-simple"},"acf":[],"yoast_head":"<!-- This site is optimized with the Yoast SEO plugin v27.3 - https:\/\/yoast.com\/product\/yoast-seo-wordpress\/ -->\n<title>E-handelsp\u00e5sar i papper. Postp\u00e5sar i papper - Infigo<\/title>\n<meta name=\"robots\" content=\"index, follow, max-snippet:-1, max-image-preview:large, max-video-preview:-1\" \/>\n<link rel=\"canonical\" href=\"https:\/\/infigogroup.com\/sv\/produkt\/postal-bags\/\" \/>\n<meta property=\"og:locale\" content=\"sv_SE\" \/>\n<meta property=\"og:type\" content=\"article\" \/>\n<meta property=\"og:title\" content=\"E-handelsp\u00e5sar i papper. Postp\u00e5sar i papper - Infigo\" \/>\n<meta property=\"og:description\" content=\"Pappersf\u00f6rs\u00e4ndelsep\u00e5sar \u00e4r ett bra alternativ till plastf\u00f6rs\u00e4ndelsep\u00e5sar. M\u00e5tt: enligt kundens \u00f6nskem\u00e5l. Material: brunt eller vitt kraftpapper. \u00c4ven FSC-certifierat papper finns i urvalet. St\u00e4ngning: enkel tejpning eller dubbeltejpning. Pappersf\u00f6rs\u00e4ndelsep\u00e5sar kan g\u00f6ras med: * med bottenveck och sidoveck * ett handtag f\u00f6r att g\u00f6ra det enklare f\u00f6r dina kunder att b\u00e4ra postp\u00e5sen. Tryck: 1 &#8211; 4 f\u00e4rger [&hellip;]\" \/>\n<meta property=\"og:url\" content=\"https:\/\/infigogroup.com\/sv\/produkt\/postal-bags\/\" \/>\n<meta property=\"og:site_name\" content=\"Infigo\" \/>\n<meta property=\"article:modified_time\" content=\"2024-03-01T12:08:43+00:00\" \/>\n<meta property=\"og:image\" content=\"https:\/\/infigogroup.com\/wp-content\/uploads\/2024\/02\/print_postal-bag3.jpg\" \/>\n\t<meta property=\"og:image:width\" content=\"1485\" \/>\n\t<meta property=\"og:image:height\" content=\"1485\" \/>\n\t<meta property=\"og:image:type\" content=\"image\/jpeg\" \/>\n<meta name=\"twitter:card\" content=\"summary_large_image\" \/>\n<meta name=\"twitter:label1\" content=\"Ber\u00e4knad l\u00e4stid\" \/>\n\t<meta name=\"twitter:data1\" content=\"1 minut\" \/>\n<script type=\"application\/ld+json\" class=\"yoast-schema-graph\">{\"@context\":\"https:\\\/\\\/schema.org\",\"@graph\":[{\"@type\":\"WebPage\",\"@id\":\"https:\\\/\\\/infigogroup.com\\\/sv\\\/produkt\\\/postal-bags\\\/\",\"url\":\"https:\\\/\\\/infigogroup.com\\\/sv\\\/produkt\\\/postal-bags\\\/\",\"name\":\"E-handelsp\u00e5sar i papper. Postp\u00e5sar i papper - Infigo\",\"isPartOf\":{\"@id\":\"https:\\\/\\\/infigogroup.com\\\/#website\"},\"primaryImageOfPage\":{\"@id\":\"https:\\\/\\\/infigogroup.com\\\/sv\\\/produkt\\\/postal-bags\\\/#primaryimage\"},\"image\":{\"@id\":\"https:\\\/\\\/infigogroup.com\\\/sv\\\/produkt\\\/postal-bags\\\/#primaryimage\"},\"thumbnailUrl\":\"https:\\\/\\\/infigogroup.com\\\/wp-content\\\/uploads\\\/2024\\\/02\\\/print_postal-bag3.jpg\",\"datePublished\":\"2024-02-13T11:51:37+00:00\",\"dateModified\":\"2024-03-01T12:08:43+00:00\",\"breadcrumb\":{\"@id\":\"https:\\\/\\\/infigogroup.com\\\/sv\\\/produkt\\\/postal-bags\\\/#breadcrumb\"},\"inLanguage\":\"sv-SE\",\"potentialAction\":[{\"@type\":\"ReadAction\",\"target\":[\"https:\\\/\\\/infigogroup.com\\\/sv\\\/produkt\\\/postal-bags\\\/\"]}]},{\"@type\":\"ImageObject\",\"inLanguage\":\"sv-SE\",\"@id\":\"https:\\\/\\\/infigogroup.com\\\/sv\\\/produkt\\\/postal-bags\\\/#primaryimage\",\"url\":\"https:\\\/\\\/infigogroup.com\\\/wp-content\\\/uploads\\\/2024\\\/02\\\/print_postal-bag3.jpg\",\"contentUrl\":\"https:\\\/\\\/infigogroup.com\\\/wp-content\\\/uploads\\\/2024\\\/02\\\/print_postal-bag3.jpg\",\"width\":1485,\"height\":1485},{\"@type\":\"BreadcrumbList\",\"@id\":\"https:\\\/\\\/infigogroup.com\\\/sv\\\/produkt\\\/postal-bags\\\/#breadcrumb\",\"itemListElement\":[{\"@type\":\"ListItem\",\"position\":1,\"name\":\"Home\",\"item\":\"https:\\\/\\\/infigogroup.com\\\/sv\\\/\"},{\"@type\":\"ListItem\",\"position\":2,\"name\":\"Webbutik\",\"item\":\"https:\\\/\\\/infigogroup.com\\\/sv\\\/butik\\\/\"},{\"@type\":\"ListItem\",\"position\":3,\"name\":\"E-handelsp\u00e5sar i papper. Postp\u00e5sar i papper\"}]},{\"@type\":\"WebSite\",\"@id\":\"https:\\\/\\\/infigogroup.com\\\/#website\",\"url\":\"https:\\\/\\\/infigogroup.com\\\/\",\"name\":\"Infigo Group\",\"description\":\"\",\"publisher\":{\"@id\":\"https:\\\/\\\/infigogroup.com\\\/#organization\"},\"potentialAction\":[{\"@type\":\"SearchAction\",\"target\":{\"@type\":\"EntryPoint\",\"urlTemplate\":\"https:\\\/\\\/infigogroup.com\\\/?s={search_term_string}\"},\"query-input\":{\"@type\":\"PropertyValueSpecification\",\"valueRequired\":true,\"valueName\":\"search_term_string\"}}],\"inLanguage\":\"sv-SE\"},{\"@type\":\"Organization\",\"@id\":\"https:\\\/\\\/infigogroup.com\\\/#organization\",\"name\":\"Infigo Group\",\"url\":\"https:\\\/\\\/infigogroup.com\\\/\",\"logo\":{\"@type\":\"ImageObject\",\"inLanguage\":\"sv-SE\",\"@id\":\"https:\\\/\\\/infigogroup.com\\\/#\\\/schema\\\/logo\\\/image\\\/\",\"url\":\"https:\\\/\\\/infigogroup.com\\\/wp-content\\\/uploads\\\/2023\\\/11\\\/logo-1.jpg\",\"contentUrl\":\"https:\\\/\\\/infigogroup.com\\\/wp-content\\\/uploads\\\/2023\\\/11\\\/logo-1.jpg\",\"width\":334,\"height\":114,\"caption\":\"Infigo Group\"},\"image\":{\"@id\":\"https:\\\/\\\/infigogroup.com\\\/#\\\/schema\\\/logo\\\/image\\\/\"}}]}<\/script>\n<!-- \/ Yoast SEO plugin. -->","yoast_head_json":{"title":"E-handelsp\u00e5sar i papper. Postp\u00e5sar i papper - Infigo","robots":{"index":"index","follow":"follow","max-snippet":"max-snippet:-1","max-image-preview":"max-image-preview:large","max-video-preview":"max-video-preview:-1"},"canonical":"https:\/\/infigogroup.com\/sv\/produkt\/postal-bags\/","og_locale":"sv_SE","og_type":"article","og_title":"E-handelsp\u00e5sar i papper. Postp\u00e5sar i papper - Infigo","og_description":"Pappersf\u00f6rs\u00e4ndelsep\u00e5sar \u00e4r ett bra alternativ till plastf\u00f6rs\u00e4ndelsep\u00e5sar. M\u00e5tt: enligt kundens \u00f6nskem\u00e5l. Material: brunt eller vitt kraftpapper. \u00c4ven FSC-certifierat papper finns i urvalet. St\u00e4ngning: enkel tejpning eller dubbeltejpning. Pappersf\u00f6rs\u00e4ndelsep\u00e5sar kan g\u00f6ras med: * med bottenveck och sidoveck * ett handtag f\u00f6r att g\u00f6ra det enklare f\u00f6r dina kunder att b\u00e4ra postp\u00e5sen. Tryck: 1 &#8211; 4 f\u00e4rger [&hellip;]","og_url":"https:\/\/infigogroup.com\/sv\/produkt\/postal-bags\/","og_site_name":"Infigo","article_modified_time":"2024-03-01T12:08:43+00:00","og_image":[{"width":1485,"height":1485,"url":"https:\/\/infigogroup.com\/wp-content\/uploads\/2024\/02\/print_postal-bag3.jpg","type":"image\/jpeg"}],"twitter_card":"summary_large_image","twitter_misc":{"Ber\u00e4knad l\u00e4stid":"1 minut"},"schema":{"@context":"https:\/\/schema.org","@graph":[{"@type":"WebPage","@id":"https:\/\/infigogroup.com\/sv\/produkt\/postal-bags\/","url":"https:\/\/infigogroup.com\/sv\/produkt\/postal-bags\/","name":"E-handelsp\u00e5sar i papper. Postp\u00e5sar i papper - Infigo","isPartOf":{"@id":"https:\/\/infigogroup.com\/#website"},"primaryImageOfPage":{"@id":"https:\/\/infigogroup.com\/sv\/produkt\/postal-bags\/#primaryimage"},"image":{"@id":"https:\/\/infigogroup.com\/sv\/produkt\/postal-bags\/#primaryimage"},"thumbnailUrl":"https:\/\/infigogroup.com\/wp-content\/uploads\/2024\/02\/print_postal-bag3.jpg","datePublished":"2024-02-13T11:51:37+00:00","dateModified":"2024-03-01T12:08:43+00:00","breadcrumb":{"@id":"https:\/\/infigogroup.com\/sv\/produkt\/postal-bags\/#breadcrumb"},"inLanguage":"sv-SE","potentialAction":[{"@type":"ReadAction","target":["https:\/\/infigogroup.com\/sv\/produkt\/postal-bags\/"]}]},{"@type":"ImageObject","inLanguage":"sv-SE","@id":"https:\/\/infigogroup.com\/sv\/produkt\/postal-bags\/#primaryimage","url":"https:\/\/infigogroup.com\/wp-content\/uploads\/2024\/02\/print_postal-bag3.jpg","contentUrl":"https:\/\/infigogroup.com\/wp-content\/uploads\/2024\/02\/print_postal-bag3.jpg","width":1485,"height":1485},{"@type":"BreadcrumbList","@id":"https:\/\/infigogroup.com\/sv\/produkt\/postal-bags\/#breadcrumb","itemListElement":[{"@type":"ListItem","position":1,"name":"Home","item":"https:\/\/infigogroup.com\/sv\/"},{"@type":"ListItem","position":2,"name":"Webbutik","item":"https:\/\/infigogroup.com\/sv\/butik\/"},{"@type":"ListItem","position":3,"name":"E-handelsp\u00e5sar i papper. Postp\u00e5sar i papper"}]},{"@type":"WebSite","@id":"https:\/\/infigogroup.com\/#website","url":"https:\/\/infigogroup.com\/","name":"Infigo Group","description":"","publisher":{"@id":"https:\/\/infigogroup.com\/#organization"},"potentialAction":[{"@type":"SearchAction","target":{"@type":"EntryPoint","urlTemplate":"https:\/\/infigogroup.com\/?s={search_term_string}"},"query-input":{"@type":"PropertyValueSpecification","valueRequired":true,"valueName":"search_term_string"}}],"inLanguage":"sv-SE"},{"@type":"Organization","@id":"https:\/\/infigogroup.com\/#organization","name":"Infigo Group","url":"https:\/\/infigogroup.com\/","logo":{"@type":"ImageObject","inLanguage":"sv-SE","@id":"https:\/\/infigogroup.com\/#\/schema\/logo\/image\/","url":"https:\/\/infigogroup.com\/wp-content\/uploads\/2023\/11\/logo-1.jpg","contentUrl":"https:\/\/infigogroup.com\/wp-content\/uploads\/2023\/11\/logo-1.jpg","width":334,"height":114,"caption":"Infigo Group"},"image":{"@id":"https:\/\/infigogroup.com\/#\/schema\/logo\/image\/"}}]}},"_links":{"self":[{"href":"https:\/\/infigogroup.com\/sv\/wp-json\/wp\/v2\/product\/42789","targetHints":{"allow":["GET"]}}],"collection":[{"href":"https:\/\/infigogroup.com\/sv\/wp-json\/wp\/v2\/product"}],"about":[{"href":"https:\/\/infigogroup.com\/sv\/wp-json\/wp\/v2\/types\/product"}],"replies":[{"embeddable":true,"href":"https:\/\/infigogroup.com\/sv\/wp-json\/wp\/v2\/comments?post=42789"}],"wp:featuredmedia":[{"embeddable":true,"href":"https:\/\/infigogroup.com\/sv\/wp-json\/wp\/v2\/media\/42760"}],"wp:attachment":[{"href":"https:\/\/infigogroup.com\/sv\/wp-json\/wp\/v2\/media?parent=42789"}],"wp:term":[{"taxonomy":"product_brand","embeddable":true,"href":"https:\/\/infigogroup.com\/sv\/wp-json\/wp\/v2\/product_brand?post=42789"},{"taxonomy":"product_cat","embeddable":true,"href":"https:\/\/infigogroup.com\/sv\/wp-json\/wp\/v2\/product_cat?post=42789"},{"taxonomy":"product_tag","embeddable":true,"href":"https:\/\/infigogroup.com\/sv\/wp-json\/wp\/v2\/product_tag?post=42789"}],"curies":[{"name":"wp","href":"https:\/\/api.w.org\/{rel}","templated":true}]}}