{"id":43752,"date":"2024-02-14T14:10:41","date_gmt":"2024-02-14T12:10:41","guid":{"rendered":"https:\/\/infigogroup.com\/toode\/burger-wrap-corners-hot-dog-bags\/"},"modified":"2024-03-04T16:29:55","modified_gmt":"2024-03-04T14:29:55","slug":"burger-wrap-corners-hot-dog-bags","status":"publish","type":"product","link":"https:\/\/infigogroup.com\/sv\/produkt\/burger-wrap-corners-hot-dog-bags\/","title":{"rendered":"Pommes frites pappersp\u00e5se. Hamburgarfickor. Kebabfickor"},"content":{"rendered":"<p>Hamburgarfickor, kebabfickor, pommes frites pappersp\u00e5se av fettbest\u00e4ndigt papper med er f\u00f6retags logotyp eller design.<br \/>\nGe era produkter m\u00f6jligheten att lysa i en unik f\u00f6rpackning till mycket \u00f6verkomligt pris.<br \/>\n<strong>M\u00e5tt:<\/strong> enligt kundens \u00f6nskem\u00e5l.<br \/>\n<strong>Material:<\/strong> vitt eller brunt fettresistent papper, vaxat papper. \u00c4ven FSC-certifierat papper finns i sortimentet.<br \/>\n<strong>Tryck:<\/strong> 1 &#8211; 4 f\u00e4rger.<br \/>\n<strong>Best\u00e4llningsm\u00e4ngd:<\/strong> fr\u00e5n 50.000 st<\/p>\n","protected":false},"excerpt":{"rendered":"<p>Hamburgarfickor, kebabfickor, pommes frites pappersp\u00e5se av fettbest\u00e4ndigt papper med er f\u00f6retags logotyp eller design. Ge era produkter m\u00f6jligheten att lysa i en unik f\u00f6rpackning till mycket \u00f6verkomligt pris. M\u00e5tt: enligt kundens \u00f6nskem\u00e5l. Material: vitt eller brunt fettresistent papper, vaxat papper. \u00c4ven FSC-certifierat papper finns i sortimentet. Tryck: 1 &#8211; 4 f\u00e4rger. Best\u00e4llningsm\u00e4ngd: fr\u00e5n 50.000 st<\/p>\n","protected":false},"featured_media":43738,"comment_status":"open","ping_status":"closed","template":"","meta":{"_acf_changed":false},"product_brand":[],"product_cat":[1039],"product_tag":[],"class_list":{"0":"post-43752","1":"product","2":"type-product","3":"status-publish","4":"has-post-thumbnail","6":"product_cat-omslagspapper-servetter-presentpapper","8":"first","9":"instock","10":"taxable","11":"shipping-taxable","12":"product-type-simple"},"acf":[],"yoast_head":"<!-- This site is optimized with the Yoast SEO plugin v27.5 - https:\/\/yoast.com\/product\/yoast-seo-wordpress\/ -->\n<title>Pommes frites pappersp\u00e5se. Hamburgarfickor. Kebabfickor - Infigo<\/title>\n<meta name=\"robots\" content=\"index, follow, max-snippet:-1, max-image-preview:large, max-video-preview:-1\" \/>\n<link rel=\"canonical\" href=\"https:\/\/infigogroup.com\/sv\/produkt\/burger-wrap-corners-hot-dog-bags\/\" \/>\n<meta property=\"og:locale\" content=\"sv_SE\" \/>\n<meta property=\"og:type\" content=\"article\" \/>\n<meta property=\"og:title\" content=\"Pommes frites pappersp\u00e5se. Hamburgarfickor. Kebabfickor - Infigo\" \/>\n<meta property=\"og:description\" content=\"Hamburgarfickor, kebabfickor, pommes frites pappersp\u00e5se av fettbest\u00e4ndigt papper med er f\u00f6retags logotyp eller design. Ge era produkter m\u00f6jligheten att lysa i en unik f\u00f6rpackning till mycket \u00f6verkomligt pris. M\u00e5tt: enligt kundens \u00f6nskem\u00e5l. Material: vitt eller brunt fettresistent papper, vaxat papper. \u00c4ven FSC-certifierat papper finns i sortimentet. Tryck: 1 &#8211; 4 f\u00e4rger. Best\u00e4llningsm\u00e4ngd: fr\u00e5n 50.000 st\" \/>\n<meta property=\"og:url\" content=\"https:\/\/infigogroup.com\/sv\/produkt\/burger-wrap-corners-hot-dog-bags\/\" \/>\n<meta property=\"og:site_name\" content=\"Infigo\" \/>\n<meta property=\"article:modified_time\" content=\"2024-03-04T14:29:55+00:00\" \/>\n<meta property=\"og:image\" content=\"https:\/\/infigogroup.com\/wp-content\/uploads\/2024\/02\/print_wrapping-paper2.jpg\" \/>\n\t<meta property=\"og:image:width\" content=\"1485\" \/>\n\t<meta property=\"og:image:height\" content=\"1485\" \/>\n\t<meta property=\"og:image:type\" content=\"image\/jpeg\" \/>\n<meta name=\"twitter:card\" content=\"summary_large_image\" \/>\n<meta name=\"twitter:label1\" content=\"Ber\u00e4knad l\u00e4stid\" \/>\n\t<meta name=\"twitter:data1\" content=\"1 minut\" \/>\n<script type=\"application\/ld+json\" class=\"yoast-schema-graph\">{\"@context\":\"https:\\\/\\\/schema.org\",\"@graph\":[{\"@type\":\"WebPage\",\"@id\":\"https:\\\/\\\/infigogroup.com\\\/sv\\\/produkt\\\/burger-wrap-corners-hot-dog-bags\\\/\",\"url\":\"https:\\\/\\\/infigogroup.com\\\/sv\\\/produkt\\\/burger-wrap-corners-hot-dog-bags\\\/\",\"name\":\"Pommes frites pappersp\u00e5se. Hamburgarfickor. Kebabfickor - Infigo\",\"isPartOf\":{\"@id\":\"https:\\\/\\\/infigogroup.com\\\/#website\"},\"primaryImageOfPage\":{\"@id\":\"https:\\\/\\\/infigogroup.com\\\/sv\\\/produkt\\\/burger-wrap-corners-hot-dog-bags\\\/#primaryimage\"},\"image\":{\"@id\":\"https:\\\/\\\/infigogroup.com\\\/sv\\\/produkt\\\/burger-wrap-corners-hot-dog-bags\\\/#primaryimage\"},\"thumbnailUrl\":\"https:\\\/\\\/infigogroup.com\\\/wp-content\\\/uploads\\\/2024\\\/02\\\/print_wrapping-paper2.jpg\",\"datePublished\":\"2024-02-14T12:10:41+00:00\",\"dateModified\":\"2024-03-04T14:29:55+00:00\",\"breadcrumb\":{\"@id\":\"https:\\\/\\\/infigogroup.com\\\/sv\\\/produkt\\\/burger-wrap-corners-hot-dog-bags\\\/#breadcrumb\"},\"inLanguage\":\"sv-SE\",\"potentialAction\":[{\"@type\":\"ReadAction\",\"target\":[\"https:\\\/\\\/infigogroup.com\\\/sv\\\/produkt\\\/burger-wrap-corners-hot-dog-bags\\\/\"]}]},{\"@type\":\"ImageObject\",\"inLanguage\":\"sv-SE\",\"@id\":\"https:\\\/\\\/infigogroup.com\\\/sv\\\/produkt\\\/burger-wrap-corners-hot-dog-bags\\\/#primaryimage\",\"url\":\"https:\\\/\\\/infigogroup.com\\\/wp-content\\\/uploads\\\/2024\\\/02\\\/print_wrapping-paper2.jpg\",\"contentUrl\":\"https:\\\/\\\/infigogroup.com\\\/wp-content\\\/uploads\\\/2024\\\/02\\\/print_wrapping-paper2.jpg\",\"width\":1485,\"height\":1485},{\"@type\":\"BreadcrumbList\",\"@id\":\"https:\\\/\\\/infigogroup.com\\\/sv\\\/produkt\\\/burger-wrap-corners-hot-dog-bags\\\/#breadcrumb\",\"itemListElement\":[{\"@type\":\"ListItem\",\"position\":1,\"name\":\"Home\",\"item\":\"https:\\\/\\\/infigogroup.com\\\/sv\\\/\"},{\"@type\":\"ListItem\",\"position\":2,\"name\":\"Webbutik\",\"item\":\"https:\\\/\\\/infigogroup.com\\\/sv\\\/butik\\\/\"},{\"@type\":\"ListItem\",\"position\":3,\"name\":\"Pommes frites pappersp\u00e5se. Hamburgarfickor. Kebabfickor\"}]},{\"@type\":\"WebSite\",\"@id\":\"https:\\\/\\\/infigogroup.com\\\/#website\",\"url\":\"https:\\\/\\\/infigogroup.com\\\/\",\"name\":\"Infigo Group\",\"description\":\"\",\"publisher\":{\"@id\":\"https:\\\/\\\/infigogroup.com\\\/#organization\"},\"potentialAction\":[{\"@type\":\"SearchAction\",\"target\":{\"@type\":\"EntryPoint\",\"urlTemplate\":\"https:\\\/\\\/infigogroup.com\\\/?s={search_term_string}\"},\"query-input\":{\"@type\":\"PropertyValueSpecification\",\"valueRequired\":true,\"valueName\":\"search_term_string\"}}],\"inLanguage\":\"sv-SE\"},{\"@type\":\"Organization\",\"@id\":\"https:\\\/\\\/infigogroup.com\\\/#organization\",\"name\":\"Infigo Group\",\"url\":\"https:\\\/\\\/infigogroup.com\\\/\",\"logo\":{\"@type\":\"ImageObject\",\"inLanguage\":\"sv-SE\",\"@id\":\"https:\\\/\\\/infigogroup.com\\\/#\\\/schema\\\/logo\\\/image\\\/\",\"url\":\"https:\\\/\\\/infigogroup.com\\\/wp-content\\\/uploads\\\/2023\\\/11\\\/logo-1.jpg\",\"contentUrl\":\"https:\\\/\\\/infigogroup.com\\\/wp-content\\\/uploads\\\/2023\\\/11\\\/logo-1.jpg\",\"width\":334,\"height\":114,\"caption\":\"Infigo Group\"},\"image\":{\"@id\":\"https:\\\/\\\/infigogroup.com\\\/#\\\/schema\\\/logo\\\/image\\\/\"}}]}<\/script>\n<!-- \/ Yoast SEO plugin. -->","yoast_head_json":{"title":"Pommes frites pappersp\u00e5se. Hamburgarfickor. Kebabfickor - Infigo","robots":{"index":"index","follow":"follow","max-snippet":"max-snippet:-1","max-image-preview":"max-image-preview:large","max-video-preview":"max-video-preview:-1"},"canonical":"https:\/\/infigogroup.com\/sv\/produkt\/burger-wrap-corners-hot-dog-bags\/","og_locale":"sv_SE","og_type":"article","og_title":"Pommes frites pappersp\u00e5se. Hamburgarfickor. Kebabfickor - Infigo","og_description":"Hamburgarfickor, kebabfickor, pommes frites pappersp\u00e5se av fettbest\u00e4ndigt papper med er f\u00f6retags logotyp eller design. Ge era produkter m\u00f6jligheten att lysa i en unik f\u00f6rpackning till mycket \u00f6verkomligt pris. M\u00e5tt: enligt kundens \u00f6nskem\u00e5l. Material: vitt eller brunt fettresistent papper, vaxat papper. \u00c4ven FSC-certifierat papper finns i sortimentet. Tryck: 1 &#8211; 4 f\u00e4rger. Best\u00e4llningsm\u00e4ngd: fr\u00e5n 50.000 st","og_url":"https:\/\/infigogroup.com\/sv\/produkt\/burger-wrap-corners-hot-dog-bags\/","og_site_name":"Infigo","article_modified_time":"2024-03-04T14:29:55+00:00","og_image":[{"width":1485,"height":1485,"url":"https:\/\/infigogroup.com\/wp-content\/uploads\/2024\/02\/print_wrapping-paper2.jpg","type":"image\/jpeg"}],"twitter_card":"summary_large_image","twitter_misc":{"Ber\u00e4knad l\u00e4stid":"1 minut"},"schema":{"@context":"https:\/\/schema.org","@graph":[{"@type":"WebPage","@id":"https:\/\/infigogroup.com\/sv\/produkt\/burger-wrap-corners-hot-dog-bags\/","url":"https:\/\/infigogroup.com\/sv\/produkt\/burger-wrap-corners-hot-dog-bags\/","name":"Pommes frites pappersp\u00e5se. Hamburgarfickor. Kebabfickor - Infigo","isPartOf":{"@id":"https:\/\/infigogroup.com\/#website"},"primaryImageOfPage":{"@id":"https:\/\/infigogroup.com\/sv\/produkt\/burger-wrap-corners-hot-dog-bags\/#primaryimage"},"image":{"@id":"https:\/\/infigogroup.com\/sv\/produkt\/burger-wrap-corners-hot-dog-bags\/#primaryimage"},"thumbnailUrl":"https:\/\/infigogroup.com\/wp-content\/uploads\/2024\/02\/print_wrapping-paper2.jpg","datePublished":"2024-02-14T12:10:41+00:00","dateModified":"2024-03-04T14:29:55+00:00","breadcrumb":{"@id":"https:\/\/infigogroup.com\/sv\/produkt\/burger-wrap-corners-hot-dog-bags\/#breadcrumb"},"inLanguage":"sv-SE","potentialAction":[{"@type":"ReadAction","target":["https:\/\/infigogroup.com\/sv\/produkt\/burger-wrap-corners-hot-dog-bags\/"]}]},{"@type":"ImageObject","inLanguage":"sv-SE","@id":"https:\/\/infigogroup.com\/sv\/produkt\/burger-wrap-corners-hot-dog-bags\/#primaryimage","url":"https:\/\/infigogroup.com\/wp-content\/uploads\/2024\/02\/print_wrapping-paper2.jpg","contentUrl":"https:\/\/infigogroup.com\/wp-content\/uploads\/2024\/02\/print_wrapping-paper2.jpg","width":1485,"height":1485},{"@type":"BreadcrumbList","@id":"https:\/\/infigogroup.com\/sv\/produkt\/burger-wrap-corners-hot-dog-bags\/#breadcrumb","itemListElement":[{"@type":"ListItem","position":1,"name":"Home","item":"https:\/\/infigogroup.com\/sv\/"},{"@type":"ListItem","position":2,"name":"Webbutik","item":"https:\/\/infigogroup.com\/sv\/butik\/"},{"@type":"ListItem","position":3,"name":"Pommes frites pappersp\u00e5se. Hamburgarfickor. Kebabfickor"}]},{"@type":"WebSite","@id":"https:\/\/infigogroup.com\/#website","url":"https:\/\/infigogroup.com\/","name":"Infigo Group","description":"","publisher":{"@id":"https:\/\/infigogroup.com\/#organization"},"potentialAction":[{"@type":"SearchAction","target":{"@type":"EntryPoint","urlTemplate":"https:\/\/infigogroup.com\/?s={search_term_string}"},"query-input":{"@type":"PropertyValueSpecification","valueRequired":true,"valueName":"search_term_string"}}],"inLanguage":"sv-SE"},{"@type":"Organization","@id":"https:\/\/infigogroup.com\/#organization","name":"Infigo Group","url":"https:\/\/infigogroup.com\/","logo":{"@type":"ImageObject","inLanguage":"sv-SE","@id":"https:\/\/infigogroup.com\/#\/schema\/logo\/image\/","url":"https:\/\/infigogroup.com\/wp-content\/uploads\/2023\/11\/logo-1.jpg","contentUrl":"https:\/\/infigogroup.com\/wp-content\/uploads\/2023\/11\/logo-1.jpg","width":334,"height":114,"caption":"Infigo Group"},"image":{"@id":"https:\/\/infigogroup.com\/#\/schema\/logo\/image\/"}}]}},"_links":{"self":[{"href":"https:\/\/infigogroup.com\/sv\/wp-json\/wp\/v2\/product\/43752","targetHints":{"allow":["GET"]}}],"collection":[{"href":"https:\/\/infigogroup.com\/sv\/wp-json\/wp\/v2\/product"}],"about":[{"href":"https:\/\/infigogroup.com\/sv\/wp-json\/wp\/v2\/types\/product"}],"replies":[{"embeddable":true,"href":"https:\/\/infigogroup.com\/sv\/wp-json\/wp\/v2\/comments?post=43752"}],"wp:featuredmedia":[{"embeddable":true,"href":"https:\/\/infigogroup.com\/sv\/wp-json\/wp\/v2\/media\/43738"}],"wp:attachment":[{"href":"https:\/\/infigogroup.com\/sv\/wp-json\/wp\/v2\/media?parent=43752"}],"wp:term":[{"taxonomy":"product_brand","embeddable":true,"href":"https:\/\/infigogroup.com\/sv\/wp-json\/wp\/v2\/product_brand?post=43752"},{"taxonomy":"product_cat","embeddable":true,"href":"https:\/\/infigogroup.com\/sv\/wp-json\/wp\/v2\/product_cat?post=43752"},{"taxonomy":"product_tag","embeddable":true,"href":"https:\/\/infigogroup.com\/sv\/wp-json\/wp\/v2\/product_tag?post=43752"}],"curies":[{"name":"wp","href":"https:\/\/api.w.org\/{rel}","templated":true}]}}