{"id":44053,"date":"2024-03-06T11:45:45","date_gmt":"2024-03-06T09:45:45","guid":{"rendered":"https:\/\/infigogroup.com\/toode\/myyntidisplayt\/"},"modified":"2024-03-06T11:55:43","modified_gmt":"2024-03-06T09:55:43","slug":"forsaljningsdisplay","status":"publish","type":"product","link":"https:\/\/infigogroup.com\/sv\/produkt\/forsaljningsdisplay\/","title":{"rendered":"F\u00f6rs\u00e4ljningsdisplay. F\u00f6rs\u00e4ljningsst\u00e4ll"},"content":{"rendered":"<p>Finns som standardmodeller i individuellt tryck. \u00c4ven enligt anpassad design och storlek. F\u00f6rs\u00e4ljningsdisplayer \u00e4r l\u00e4tta att montera och demontera, de \u00e4r l\u00e4tta och h\u00e5llbara.<\/p>\n<p><strong>M\u00e5tt:<\/strong> standardstorlekar<br \/>\n<strong>Material:<\/strong> wellpapp, kartong<br \/>\n<strong>Materialf\u00e4rg:<\/strong> vit eller brun<br \/>\n<strong>Tryck:<\/strong> 1-4 f\u00e4rger (CMYK)<br \/>\n<strong>Best\u00e4llningsm\u00e4ngd:<\/strong> fr\u00e5n 5 st<\/p>\n","protected":false},"excerpt":{"rendered":"<p>Finns som standardmodeller i individuellt tryck. \u00c4ven enligt anpassad design och storlek. F\u00f6rs\u00e4ljningsdisplayer \u00e4r l\u00e4tta att montera och demontera, de \u00e4r l\u00e4tta och h\u00e5llbara. M\u00e5tt: standardstorlekar Material: wellpapp, kartong Materialf\u00e4rg: vit eller brun Tryck: 1-4 f\u00e4rger (CMYK) Best\u00e4llningsm\u00e4ngd: fr\u00e5n 5 st<\/p>\n","protected":false},"featured_media":44020,"comment_status":"open","ping_status":"closed","template":"","meta":{"_acf_changed":false},"product_brand":[],"product_cat":[1041],"product_tag":[],"class_list":{"0":"post-44053","1":"product","2":"type-product","3":"status-publish","4":"has-post-thumbnail","6":"product_cat-displayer-etiketter-flygblad","8":"first","9":"instock","10":"taxable","11":"shipping-taxable","12":"product-type-simple"},"acf":[],"yoast_head":"<!-- This site is optimized with the Yoast SEO plugin v27.5 - https:\/\/yoast.com\/product\/yoast-seo-wordpress\/ -->\n<title>F\u00f6rs\u00e4ljningsdisplay. F\u00f6rs\u00e4ljningsst\u00e4ll - Infigo<\/title>\n<meta name=\"robots\" content=\"index, follow, max-snippet:-1, max-image-preview:large, max-video-preview:-1\" \/>\n<link rel=\"canonical\" href=\"https:\/\/infigogroup.com\/sv\/produkt\/forsaljningsdisplay\/\" \/>\n<meta property=\"og:locale\" content=\"sv_SE\" \/>\n<meta property=\"og:type\" content=\"article\" \/>\n<meta property=\"og:title\" content=\"F\u00f6rs\u00e4ljningsdisplay. F\u00f6rs\u00e4ljningsst\u00e4ll - Infigo\" \/>\n<meta property=\"og:description\" content=\"Finns som standardmodeller i individuellt tryck. \u00c4ven enligt anpassad design och storlek. F\u00f6rs\u00e4ljningsdisplayer \u00e4r l\u00e4tta att montera och demontera, de \u00e4r l\u00e4tta och h\u00e5llbara. M\u00e5tt: standardstorlekar Material: wellpapp, kartong Materialf\u00e4rg: vit eller brun Tryck: 1-4 f\u00e4rger (CMYK) Best\u00e4llningsm\u00e4ngd: fr\u00e5n 5 st\" \/>\n<meta property=\"og:url\" content=\"https:\/\/infigogroup.com\/sv\/produkt\/forsaljningsdisplay\/\" \/>\n<meta property=\"og:site_name\" content=\"Infigo\" \/>\n<meta property=\"article:modified_time\" content=\"2024-03-06T09:55:43+00:00\" \/>\n<meta property=\"og:image\" content=\"https:\/\/infigogroup.com\/wp-content\/uploads\/2024\/03\/print_stand-label5.jpg\" \/>\n\t<meta property=\"og:image:width\" content=\"1485\" \/>\n\t<meta property=\"og:image:height\" content=\"1485\" \/>\n\t<meta property=\"og:image:type\" content=\"image\/jpeg\" \/>\n<meta name=\"twitter:card\" content=\"summary_large_image\" \/>\n<meta name=\"twitter:label1\" content=\"Ber\u00e4knad l\u00e4stid\" \/>\n\t<meta name=\"twitter:data1\" content=\"1 minut\" \/>\n<script type=\"application\/ld+json\" class=\"yoast-schema-graph\">{\"@context\":\"https:\\\/\\\/schema.org\",\"@graph\":[{\"@type\":\"WebPage\",\"@id\":\"https:\\\/\\\/infigogroup.com\\\/sv\\\/produkt\\\/forsaljningsdisplay\\\/\",\"url\":\"https:\\\/\\\/infigogroup.com\\\/sv\\\/produkt\\\/forsaljningsdisplay\\\/\",\"name\":\"F\u00f6rs\u00e4ljningsdisplay. F\u00f6rs\u00e4ljningsst\u00e4ll - Infigo\",\"isPartOf\":{\"@id\":\"https:\\\/\\\/infigogroup.com\\\/#website\"},\"primaryImageOfPage\":{\"@id\":\"https:\\\/\\\/infigogroup.com\\\/sv\\\/produkt\\\/forsaljningsdisplay\\\/#primaryimage\"},\"image\":{\"@id\":\"https:\\\/\\\/infigogroup.com\\\/sv\\\/produkt\\\/forsaljningsdisplay\\\/#primaryimage\"},\"thumbnailUrl\":\"https:\\\/\\\/infigogroup.com\\\/wp-content\\\/uploads\\\/2024\\\/03\\\/print_stand-label5.jpg\",\"datePublished\":\"2024-03-06T09:45:45+00:00\",\"dateModified\":\"2024-03-06T09:55:43+00:00\",\"breadcrumb\":{\"@id\":\"https:\\\/\\\/infigogroup.com\\\/sv\\\/produkt\\\/forsaljningsdisplay\\\/#breadcrumb\"},\"inLanguage\":\"sv-SE\",\"potentialAction\":[{\"@type\":\"ReadAction\",\"target\":[\"https:\\\/\\\/infigogroup.com\\\/sv\\\/produkt\\\/forsaljningsdisplay\\\/\"]}]},{\"@type\":\"ImageObject\",\"inLanguage\":\"sv-SE\",\"@id\":\"https:\\\/\\\/infigogroup.com\\\/sv\\\/produkt\\\/forsaljningsdisplay\\\/#primaryimage\",\"url\":\"https:\\\/\\\/infigogroup.com\\\/wp-content\\\/uploads\\\/2024\\\/03\\\/print_stand-label5.jpg\",\"contentUrl\":\"https:\\\/\\\/infigogroup.com\\\/wp-content\\\/uploads\\\/2024\\\/03\\\/print_stand-label5.jpg\",\"width\":1485,\"height\":1485},{\"@type\":\"BreadcrumbList\",\"@id\":\"https:\\\/\\\/infigogroup.com\\\/sv\\\/produkt\\\/forsaljningsdisplay\\\/#breadcrumb\",\"itemListElement\":[{\"@type\":\"ListItem\",\"position\":1,\"name\":\"Home\",\"item\":\"https:\\\/\\\/infigogroup.com\\\/sv\\\/\"},{\"@type\":\"ListItem\",\"position\":2,\"name\":\"Webbutik\",\"item\":\"https:\\\/\\\/infigogroup.com\\\/sv\\\/butik\\\/\"},{\"@type\":\"ListItem\",\"position\":3,\"name\":\"F\u00f6rs\u00e4ljningsdisplay. F\u00f6rs\u00e4ljningsst\u00e4ll\"}]},{\"@type\":\"WebSite\",\"@id\":\"https:\\\/\\\/infigogroup.com\\\/#website\",\"url\":\"https:\\\/\\\/infigogroup.com\\\/\",\"name\":\"Infigo Group\",\"description\":\"\",\"publisher\":{\"@id\":\"https:\\\/\\\/infigogroup.com\\\/#organization\"},\"potentialAction\":[{\"@type\":\"SearchAction\",\"target\":{\"@type\":\"EntryPoint\",\"urlTemplate\":\"https:\\\/\\\/infigogroup.com\\\/?s={search_term_string}\"},\"query-input\":{\"@type\":\"PropertyValueSpecification\",\"valueRequired\":true,\"valueName\":\"search_term_string\"}}],\"inLanguage\":\"sv-SE\"},{\"@type\":\"Organization\",\"@id\":\"https:\\\/\\\/infigogroup.com\\\/#organization\",\"name\":\"Infigo Group\",\"url\":\"https:\\\/\\\/infigogroup.com\\\/\",\"logo\":{\"@type\":\"ImageObject\",\"inLanguage\":\"sv-SE\",\"@id\":\"https:\\\/\\\/infigogroup.com\\\/#\\\/schema\\\/logo\\\/image\\\/\",\"url\":\"https:\\\/\\\/infigogroup.com\\\/wp-content\\\/uploads\\\/2023\\\/11\\\/logo-1.jpg\",\"contentUrl\":\"https:\\\/\\\/infigogroup.com\\\/wp-content\\\/uploads\\\/2023\\\/11\\\/logo-1.jpg\",\"width\":334,\"height\":114,\"caption\":\"Infigo Group\"},\"image\":{\"@id\":\"https:\\\/\\\/infigogroup.com\\\/#\\\/schema\\\/logo\\\/image\\\/\"}}]}<\/script>\n<!-- \/ Yoast SEO plugin. -->","yoast_head_json":{"title":"F\u00f6rs\u00e4ljningsdisplay. F\u00f6rs\u00e4ljningsst\u00e4ll - Infigo","robots":{"index":"index","follow":"follow","max-snippet":"max-snippet:-1","max-image-preview":"max-image-preview:large","max-video-preview":"max-video-preview:-1"},"canonical":"https:\/\/infigogroup.com\/sv\/produkt\/forsaljningsdisplay\/","og_locale":"sv_SE","og_type":"article","og_title":"F\u00f6rs\u00e4ljningsdisplay. F\u00f6rs\u00e4ljningsst\u00e4ll - Infigo","og_description":"Finns som standardmodeller i individuellt tryck. \u00c4ven enligt anpassad design och storlek. F\u00f6rs\u00e4ljningsdisplayer \u00e4r l\u00e4tta att montera och demontera, de \u00e4r l\u00e4tta och h\u00e5llbara. M\u00e5tt: standardstorlekar Material: wellpapp, kartong Materialf\u00e4rg: vit eller brun Tryck: 1-4 f\u00e4rger (CMYK) Best\u00e4llningsm\u00e4ngd: fr\u00e5n 5 st","og_url":"https:\/\/infigogroup.com\/sv\/produkt\/forsaljningsdisplay\/","og_site_name":"Infigo","article_modified_time":"2024-03-06T09:55:43+00:00","og_image":[{"width":1485,"height":1485,"url":"https:\/\/infigogroup.com\/wp-content\/uploads\/2024\/03\/print_stand-label5.jpg","type":"image\/jpeg"}],"twitter_card":"summary_large_image","twitter_misc":{"Ber\u00e4knad l\u00e4stid":"1 minut"},"schema":{"@context":"https:\/\/schema.org","@graph":[{"@type":"WebPage","@id":"https:\/\/infigogroup.com\/sv\/produkt\/forsaljningsdisplay\/","url":"https:\/\/infigogroup.com\/sv\/produkt\/forsaljningsdisplay\/","name":"F\u00f6rs\u00e4ljningsdisplay. F\u00f6rs\u00e4ljningsst\u00e4ll - Infigo","isPartOf":{"@id":"https:\/\/infigogroup.com\/#website"},"primaryImageOfPage":{"@id":"https:\/\/infigogroup.com\/sv\/produkt\/forsaljningsdisplay\/#primaryimage"},"image":{"@id":"https:\/\/infigogroup.com\/sv\/produkt\/forsaljningsdisplay\/#primaryimage"},"thumbnailUrl":"https:\/\/infigogroup.com\/wp-content\/uploads\/2024\/03\/print_stand-label5.jpg","datePublished":"2024-03-06T09:45:45+00:00","dateModified":"2024-03-06T09:55:43+00:00","breadcrumb":{"@id":"https:\/\/infigogroup.com\/sv\/produkt\/forsaljningsdisplay\/#breadcrumb"},"inLanguage":"sv-SE","potentialAction":[{"@type":"ReadAction","target":["https:\/\/infigogroup.com\/sv\/produkt\/forsaljningsdisplay\/"]}]},{"@type":"ImageObject","inLanguage":"sv-SE","@id":"https:\/\/infigogroup.com\/sv\/produkt\/forsaljningsdisplay\/#primaryimage","url":"https:\/\/infigogroup.com\/wp-content\/uploads\/2024\/03\/print_stand-label5.jpg","contentUrl":"https:\/\/infigogroup.com\/wp-content\/uploads\/2024\/03\/print_stand-label5.jpg","width":1485,"height":1485},{"@type":"BreadcrumbList","@id":"https:\/\/infigogroup.com\/sv\/produkt\/forsaljningsdisplay\/#breadcrumb","itemListElement":[{"@type":"ListItem","position":1,"name":"Home","item":"https:\/\/infigogroup.com\/sv\/"},{"@type":"ListItem","position":2,"name":"Webbutik","item":"https:\/\/infigogroup.com\/sv\/butik\/"},{"@type":"ListItem","position":3,"name":"F\u00f6rs\u00e4ljningsdisplay. F\u00f6rs\u00e4ljningsst\u00e4ll"}]},{"@type":"WebSite","@id":"https:\/\/infigogroup.com\/#website","url":"https:\/\/infigogroup.com\/","name":"Infigo Group","description":"","publisher":{"@id":"https:\/\/infigogroup.com\/#organization"},"potentialAction":[{"@type":"SearchAction","target":{"@type":"EntryPoint","urlTemplate":"https:\/\/infigogroup.com\/?s={search_term_string}"},"query-input":{"@type":"PropertyValueSpecification","valueRequired":true,"valueName":"search_term_string"}}],"inLanguage":"sv-SE"},{"@type":"Organization","@id":"https:\/\/infigogroup.com\/#organization","name":"Infigo Group","url":"https:\/\/infigogroup.com\/","logo":{"@type":"ImageObject","inLanguage":"sv-SE","@id":"https:\/\/infigogroup.com\/#\/schema\/logo\/image\/","url":"https:\/\/infigogroup.com\/wp-content\/uploads\/2023\/11\/logo-1.jpg","contentUrl":"https:\/\/infigogroup.com\/wp-content\/uploads\/2023\/11\/logo-1.jpg","width":334,"height":114,"caption":"Infigo Group"},"image":{"@id":"https:\/\/infigogroup.com\/#\/schema\/logo\/image\/"}}]}},"_links":{"self":[{"href":"https:\/\/infigogroup.com\/sv\/wp-json\/wp\/v2\/product\/44053","targetHints":{"allow":["GET"]}}],"collection":[{"href":"https:\/\/infigogroup.com\/sv\/wp-json\/wp\/v2\/product"}],"about":[{"href":"https:\/\/infigogroup.com\/sv\/wp-json\/wp\/v2\/types\/product"}],"replies":[{"embeddable":true,"href":"https:\/\/infigogroup.com\/sv\/wp-json\/wp\/v2\/comments?post=44053"}],"wp:featuredmedia":[{"embeddable":true,"href":"https:\/\/infigogroup.com\/sv\/wp-json\/wp\/v2\/media\/44020"}],"wp:attachment":[{"href":"https:\/\/infigogroup.com\/sv\/wp-json\/wp\/v2\/media?parent=44053"}],"wp:term":[{"taxonomy":"product_brand","embeddable":true,"href":"https:\/\/infigogroup.com\/sv\/wp-json\/wp\/v2\/product_brand?post=44053"},{"taxonomy":"product_cat","embeddable":true,"href":"https:\/\/infigogroup.com\/sv\/wp-json\/wp\/v2\/product_cat?post=44053"},{"taxonomy":"product_tag","embeddable":true,"href":"https:\/\/infigogroup.com\/sv\/wp-json\/wp\/v2\/product_tag?post=44053"}],"curies":[{"name":"wp","href":"https:\/\/api.w.org\/{rel}","templated":true}]}}