{"id":53747,"date":"2024-05-09T16:12:35","date_gmt":"2024-05-09T13:12:35","guid":{"rendered":"https:\/\/infigogroup.com\/toode\/doypack-zip-pase-750-ml-16x278-cm-bredd-x-hojdbotten-brunt-pap-petpe-ca-120-my-aterforslutningsbar-zip-pase-och-rivskara-for-oppnas-500-st-lada\/"},"modified":"2025-02-23T12:00:23","modified_gmt":"2025-02-23T10:00:23","slug":"doypack-zip-pase-750-ml-16x278-cm-bredd-x-hojdbotten-brunt-pap-petpe-ca-120-my-aterforslutningsbar-zip-pase-och-rivskara-for-oppnas-500-st-lada","status":"publish","type":"product","link":"https:\/\/infigogroup.com\/sv\/produkt\/doypack-zip-pase-750-ml-16x278-cm-bredd-x-hojdbotten-brunt-pap-petpe-ca-120-my-aterforslutningsbar-zip-pase-och-rivskara-for-oppnas-500-st-lada\/","title":{"rendered":"Doypack Zip-p\u00e5se 750 ml 16&#215;27+8 cm (bredd x h\u00f6jd+botten), brunt PAP+ PET+PE ca 120 my, \u00e5terf\u00f6rslutningsbar Zip-p\u00e5se och rivsk\u00e5ra f\u00f6r \u00f6ppnas, 500 st\/l\u00e5da"},"content":{"rendered":"","protected":false},"excerpt":{"rendered":"","protected":false},"featured_media":48681,"comment_status":"open","ping_status":"closed","template":"","meta":{"_acf_changed":false},"product_brand":[],"product_cat":[993],"product_tag":[],"class_list":{"0":"post-53747","1":"product","2":"type-product","3":"status-publish","4":"has-post-thumbnail","6":"product_cat-stand-up-pasar-zip-pasar","8":"first","9":"instock","10":"taxable","11":"shipping-taxable","12":"product-type-simple"},"acf":[],"yoast_head":"<!-- This site is optimized with the Yoast SEO plugin v27.3 - https:\/\/yoast.com\/product\/yoast-seo-wordpress\/ -->\n<title>Doypack Zip-p\u00e5se 750 ml 16x27+8 cm (bredd x h\u00f6jd+botten), brunt PAP+ PET+PE ca 120 my, \u00e5terf\u00f6rslutningsbar Zip-p\u00e5se och rivsk\u00e5ra f\u00f6r \u00f6ppnas, 500 st\/l\u00e5da - Infigo<\/title>\n<meta name=\"robots\" content=\"index, follow, max-snippet:-1, max-image-preview:large, max-video-preview:-1\" \/>\n<link rel=\"canonical\" href=\"https:\/\/infigogroup.com\/sv\/produkt\/doypack-zip-pase-750-ml-16x278-cm-bredd-x-hojdbotten-brunt-pap-petpe-ca-120-my-aterforslutningsbar-zip-pase-och-rivskara-for-oppnas-500-st-lada\/\" \/>\n<meta property=\"og:locale\" content=\"sv_SE\" \/>\n<meta property=\"og:type\" content=\"article\" \/>\n<meta property=\"og:title\" content=\"Doypack Zip-p\u00e5se 750 ml 16x27+8 cm (bredd x h\u00f6jd+botten), brunt PAP+ PET+PE ca 120 my, \u00e5terf\u00f6rslutningsbar Zip-p\u00e5se och rivsk\u00e5ra f\u00f6r \u00f6ppnas, 500 st\/l\u00e5da - Infigo\" \/>\n<meta property=\"og:url\" content=\"https:\/\/infigogroup.com\/sv\/produkt\/doypack-zip-pase-750-ml-16x278-cm-bredd-x-hojdbotten-brunt-pap-petpe-ca-120-my-aterforslutningsbar-zip-pase-och-rivskara-for-oppnas-500-st-lada\/\" \/>\n<meta property=\"og:site_name\" content=\"Infigo\" \/>\n<meta property=\"article:modified_time\" content=\"2025-02-23T10:00:23+00:00\" \/>\n<meta property=\"og:image\" content=\"https:\/\/infigogroup.com\/wp-content\/uploads\/2024\/05\/eg_doypack2.jpg\" \/>\n\t<meta property=\"og:image:width\" content=\"1485\" \/>\n\t<meta property=\"og:image:height\" content=\"1485\" \/>\n\t<meta property=\"og:image:type\" content=\"image\/jpeg\" \/>\n<meta name=\"twitter:card\" content=\"summary_large_image\" \/>\n<script type=\"application\/ld+json\" class=\"yoast-schema-graph\">{\"@context\":\"https:\\\/\\\/schema.org\",\"@graph\":[{\"@type\":\"WebPage\",\"@id\":\"https:\\\/\\\/infigogroup.com\\\/sv\\\/produkt\\\/doypack-zip-pase-750-ml-16x278-cm-bredd-x-hojdbotten-brunt-pap-petpe-ca-120-my-aterforslutningsbar-zip-pase-och-rivskara-for-oppnas-500-st-lada\\\/\",\"url\":\"https:\\\/\\\/infigogroup.com\\\/sv\\\/produkt\\\/doypack-zip-pase-750-ml-16x278-cm-bredd-x-hojdbotten-brunt-pap-petpe-ca-120-my-aterforslutningsbar-zip-pase-och-rivskara-for-oppnas-500-st-lada\\\/\",\"name\":\"Doypack Zip-p\u00e5se 750 ml 16x27+8 cm (bredd x h\u00f6jd+botten), brunt PAP+ PET+PE ca 120 my, \u00e5terf\u00f6rslutningsbar Zip-p\u00e5se och rivsk\u00e5ra f\u00f6r \u00f6ppnas, 500 st\\\/l\u00e5da - Infigo\",\"isPartOf\":{\"@id\":\"https:\\\/\\\/infigogroup.com\\\/#website\"},\"primaryImageOfPage\":{\"@id\":\"https:\\\/\\\/infigogroup.com\\\/sv\\\/produkt\\\/doypack-zip-pase-750-ml-16x278-cm-bredd-x-hojdbotten-brunt-pap-petpe-ca-120-my-aterforslutningsbar-zip-pase-och-rivskara-for-oppnas-500-st-lada\\\/#primaryimage\"},\"image\":{\"@id\":\"https:\\\/\\\/infigogroup.com\\\/sv\\\/produkt\\\/doypack-zip-pase-750-ml-16x278-cm-bredd-x-hojdbotten-brunt-pap-petpe-ca-120-my-aterforslutningsbar-zip-pase-och-rivskara-for-oppnas-500-st-lada\\\/#primaryimage\"},\"thumbnailUrl\":\"https:\\\/\\\/infigogroup.com\\\/wp-content\\\/uploads\\\/2024\\\/05\\\/eg_doypack2.jpg\",\"datePublished\":\"2024-05-09T13:12:35+00:00\",\"dateModified\":\"2025-02-23T10:00:23+00:00\",\"breadcrumb\":{\"@id\":\"https:\\\/\\\/infigogroup.com\\\/sv\\\/produkt\\\/doypack-zip-pase-750-ml-16x278-cm-bredd-x-hojdbotten-brunt-pap-petpe-ca-120-my-aterforslutningsbar-zip-pase-och-rivskara-for-oppnas-500-st-lada\\\/#breadcrumb\"},\"inLanguage\":\"sv-SE\",\"potentialAction\":[{\"@type\":\"ReadAction\",\"target\":[\"https:\\\/\\\/infigogroup.com\\\/sv\\\/produkt\\\/doypack-zip-pase-750-ml-16x278-cm-bredd-x-hojdbotten-brunt-pap-petpe-ca-120-my-aterforslutningsbar-zip-pase-och-rivskara-for-oppnas-500-st-lada\\\/\"]}]},{\"@type\":\"ImageObject\",\"inLanguage\":\"sv-SE\",\"@id\":\"https:\\\/\\\/infigogroup.com\\\/sv\\\/produkt\\\/doypack-zip-pase-750-ml-16x278-cm-bredd-x-hojdbotten-brunt-pap-petpe-ca-120-my-aterforslutningsbar-zip-pase-och-rivskara-for-oppnas-500-st-lada\\\/#primaryimage\",\"url\":\"https:\\\/\\\/infigogroup.com\\\/wp-content\\\/uploads\\\/2024\\\/05\\\/eg_doypack2.jpg\",\"contentUrl\":\"https:\\\/\\\/infigogroup.com\\\/wp-content\\\/uploads\\\/2024\\\/05\\\/eg_doypack2.jpg\",\"width\":1485,\"height\":1485},{\"@type\":\"BreadcrumbList\",\"@id\":\"https:\\\/\\\/infigogroup.com\\\/sv\\\/produkt\\\/doypack-zip-pase-750-ml-16x278-cm-bredd-x-hojdbotten-brunt-pap-petpe-ca-120-my-aterforslutningsbar-zip-pase-och-rivskara-for-oppnas-500-st-lada\\\/#breadcrumb\",\"itemListElement\":[{\"@type\":\"ListItem\",\"position\":1,\"name\":\"Home\",\"item\":\"https:\\\/\\\/infigogroup.com\\\/sv\\\/\"},{\"@type\":\"ListItem\",\"position\":2,\"name\":\"Webbutik\",\"item\":\"https:\\\/\\\/infigogroup.com\\\/sv\\\/butik\\\/\"},{\"@type\":\"ListItem\",\"position\":3,\"name\":\"Doypack Zip-p\u00e5se 750 ml 16&#215;27+8 cm (bredd x h\u00f6jd+botten), brunt PAP+ PET+PE ca 120 my, \u00e5terf\u00f6rslutningsbar Zip-p\u00e5se och rivsk\u00e5ra f\u00f6r \u00f6ppnas, 500 st\\\/l\u00e5da\"}]},{\"@type\":\"WebSite\",\"@id\":\"https:\\\/\\\/infigogroup.com\\\/#website\",\"url\":\"https:\\\/\\\/infigogroup.com\\\/\",\"name\":\"Infigo Group\",\"description\":\"\",\"publisher\":{\"@id\":\"https:\\\/\\\/infigogroup.com\\\/#organization\"},\"potentialAction\":[{\"@type\":\"SearchAction\",\"target\":{\"@type\":\"EntryPoint\",\"urlTemplate\":\"https:\\\/\\\/infigogroup.com\\\/?s={search_term_string}\"},\"query-input\":{\"@type\":\"PropertyValueSpecification\",\"valueRequired\":true,\"valueName\":\"search_term_string\"}}],\"inLanguage\":\"sv-SE\"},{\"@type\":\"Organization\",\"@id\":\"https:\\\/\\\/infigogroup.com\\\/#organization\",\"name\":\"Infigo Group\",\"url\":\"https:\\\/\\\/infigogroup.com\\\/\",\"logo\":{\"@type\":\"ImageObject\",\"inLanguage\":\"sv-SE\",\"@id\":\"https:\\\/\\\/infigogroup.com\\\/#\\\/schema\\\/logo\\\/image\\\/\",\"url\":\"https:\\\/\\\/infigogroup.com\\\/wp-content\\\/uploads\\\/2023\\\/11\\\/logo-1.jpg\",\"contentUrl\":\"https:\\\/\\\/infigogroup.com\\\/wp-content\\\/uploads\\\/2023\\\/11\\\/logo-1.jpg\",\"width\":334,\"height\":114,\"caption\":\"Infigo Group\"},\"image\":{\"@id\":\"https:\\\/\\\/infigogroup.com\\\/#\\\/schema\\\/logo\\\/image\\\/\"}}]}<\/script>\n<!-- \/ Yoast SEO plugin. -->","yoast_head_json":{"title":"Doypack Zip-p\u00e5se 750 ml 16x27+8 cm (bredd x h\u00f6jd+botten), brunt PAP+ PET+PE ca 120 my, \u00e5terf\u00f6rslutningsbar Zip-p\u00e5se och rivsk\u00e5ra f\u00f6r \u00f6ppnas, 500 st\/l\u00e5da - Infigo","robots":{"index":"index","follow":"follow","max-snippet":"max-snippet:-1","max-image-preview":"max-image-preview:large","max-video-preview":"max-video-preview:-1"},"canonical":"https:\/\/infigogroup.com\/sv\/produkt\/doypack-zip-pase-750-ml-16x278-cm-bredd-x-hojdbotten-brunt-pap-petpe-ca-120-my-aterforslutningsbar-zip-pase-och-rivskara-for-oppnas-500-st-lada\/","og_locale":"sv_SE","og_type":"article","og_title":"Doypack Zip-p\u00e5se 750 ml 16x27+8 cm (bredd x h\u00f6jd+botten), brunt PAP+ PET+PE ca 120 my, \u00e5terf\u00f6rslutningsbar Zip-p\u00e5se och rivsk\u00e5ra f\u00f6r \u00f6ppnas, 500 st\/l\u00e5da - Infigo","og_url":"https:\/\/infigogroup.com\/sv\/produkt\/doypack-zip-pase-750-ml-16x278-cm-bredd-x-hojdbotten-brunt-pap-petpe-ca-120-my-aterforslutningsbar-zip-pase-och-rivskara-for-oppnas-500-st-lada\/","og_site_name":"Infigo","article_modified_time":"2025-02-23T10:00:23+00:00","og_image":[{"width":1485,"height":1485,"url":"https:\/\/infigogroup.com\/wp-content\/uploads\/2024\/05\/eg_doypack2.jpg","type":"image\/jpeg"}],"twitter_card":"summary_large_image","schema":{"@context":"https:\/\/schema.org","@graph":[{"@type":"WebPage","@id":"https:\/\/infigogroup.com\/sv\/produkt\/doypack-zip-pase-750-ml-16x278-cm-bredd-x-hojdbotten-brunt-pap-petpe-ca-120-my-aterforslutningsbar-zip-pase-och-rivskara-for-oppnas-500-st-lada\/","url":"https:\/\/infigogroup.com\/sv\/produkt\/doypack-zip-pase-750-ml-16x278-cm-bredd-x-hojdbotten-brunt-pap-petpe-ca-120-my-aterforslutningsbar-zip-pase-och-rivskara-for-oppnas-500-st-lada\/","name":"Doypack Zip-p\u00e5se 750 ml 16x27+8 cm (bredd x h\u00f6jd+botten), brunt PAP+ PET+PE ca 120 my, \u00e5terf\u00f6rslutningsbar Zip-p\u00e5se och rivsk\u00e5ra f\u00f6r \u00f6ppnas, 500 st\/l\u00e5da - Infigo","isPartOf":{"@id":"https:\/\/infigogroup.com\/#website"},"primaryImageOfPage":{"@id":"https:\/\/infigogroup.com\/sv\/produkt\/doypack-zip-pase-750-ml-16x278-cm-bredd-x-hojdbotten-brunt-pap-petpe-ca-120-my-aterforslutningsbar-zip-pase-och-rivskara-for-oppnas-500-st-lada\/#primaryimage"},"image":{"@id":"https:\/\/infigogroup.com\/sv\/produkt\/doypack-zip-pase-750-ml-16x278-cm-bredd-x-hojdbotten-brunt-pap-petpe-ca-120-my-aterforslutningsbar-zip-pase-och-rivskara-for-oppnas-500-st-lada\/#primaryimage"},"thumbnailUrl":"https:\/\/infigogroup.com\/wp-content\/uploads\/2024\/05\/eg_doypack2.jpg","datePublished":"2024-05-09T13:12:35+00:00","dateModified":"2025-02-23T10:00:23+00:00","breadcrumb":{"@id":"https:\/\/infigogroup.com\/sv\/produkt\/doypack-zip-pase-750-ml-16x278-cm-bredd-x-hojdbotten-brunt-pap-petpe-ca-120-my-aterforslutningsbar-zip-pase-och-rivskara-for-oppnas-500-st-lada\/#breadcrumb"},"inLanguage":"sv-SE","potentialAction":[{"@type":"ReadAction","target":["https:\/\/infigogroup.com\/sv\/produkt\/doypack-zip-pase-750-ml-16x278-cm-bredd-x-hojdbotten-brunt-pap-petpe-ca-120-my-aterforslutningsbar-zip-pase-och-rivskara-for-oppnas-500-st-lada\/"]}]},{"@type":"ImageObject","inLanguage":"sv-SE","@id":"https:\/\/infigogroup.com\/sv\/produkt\/doypack-zip-pase-750-ml-16x278-cm-bredd-x-hojdbotten-brunt-pap-petpe-ca-120-my-aterforslutningsbar-zip-pase-och-rivskara-for-oppnas-500-st-lada\/#primaryimage","url":"https:\/\/infigogroup.com\/wp-content\/uploads\/2024\/05\/eg_doypack2.jpg","contentUrl":"https:\/\/infigogroup.com\/wp-content\/uploads\/2024\/05\/eg_doypack2.jpg","width":1485,"height":1485},{"@type":"BreadcrumbList","@id":"https:\/\/infigogroup.com\/sv\/produkt\/doypack-zip-pase-750-ml-16x278-cm-bredd-x-hojdbotten-brunt-pap-petpe-ca-120-my-aterforslutningsbar-zip-pase-och-rivskara-for-oppnas-500-st-lada\/#breadcrumb","itemListElement":[{"@type":"ListItem","position":1,"name":"Home","item":"https:\/\/infigogroup.com\/sv\/"},{"@type":"ListItem","position":2,"name":"Webbutik","item":"https:\/\/infigogroup.com\/sv\/butik\/"},{"@type":"ListItem","position":3,"name":"Doypack Zip-p\u00e5se 750 ml 16&#215;27+8 cm (bredd x h\u00f6jd+botten), brunt PAP+ PET+PE ca 120 my, \u00e5terf\u00f6rslutningsbar Zip-p\u00e5se och rivsk\u00e5ra f\u00f6r \u00f6ppnas, 500 st\/l\u00e5da"}]},{"@type":"WebSite","@id":"https:\/\/infigogroup.com\/#website","url":"https:\/\/infigogroup.com\/","name":"Infigo Group","description":"","publisher":{"@id":"https:\/\/infigogroup.com\/#organization"},"potentialAction":[{"@type":"SearchAction","target":{"@type":"EntryPoint","urlTemplate":"https:\/\/infigogroup.com\/?s={search_term_string}"},"query-input":{"@type":"PropertyValueSpecification","valueRequired":true,"valueName":"search_term_string"}}],"inLanguage":"sv-SE"},{"@type":"Organization","@id":"https:\/\/infigogroup.com\/#organization","name":"Infigo Group","url":"https:\/\/infigogroup.com\/","logo":{"@type":"ImageObject","inLanguage":"sv-SE","@id":"https:\/\/infigogroup.com\/#\/schema\/logo\/image\/","url":"https:\/\/infigogroup.com\/wp-content\/uploads\/2023\/11\/logo-1.jpg","contentUrl":"https:\/\/infigogroup.com\/wp-content\/uploads\/2023\/11\/logo-1.jpg","width":334,"height":114,"caption":"Infigo Group"},"image":{"@id":"https:\/\/infigogroup.com\/#\/schema\/logo\/image\/"}}]}},"_links":{"self":[{"href":"https:\/\/infigogroup.com\/sv\/wp-json\/wp\/v2\/product\/53747","targetHints":{"allow":["GET"]}}],"collection":[{"href":"https:\/\/infigogroup.com\/sv\/wp-json\/wp\/v2\/product"}],"about":[{"href":"https:\/\/infigogroup.com\/sv\/wp-json\/wp\/v2\/types\/product"}],"replies":[{"embeddable":true,"href":"https:\/\/infigogroup.com\/sv\/wp-json\/wp\/v2\/comments?post=53747"}],"wp:featuredmedia":[{"embeddable":true,"href":"https:\/\/infigogroup.com\/sv\/wp-json\/wp\/v2\/media\/48681"}],"wp:attachment":[{"href":"https:\/\/infigogroup.com\/sv\/wp-json\/wp\/v2\/media?parent=53747"}],"wp:term":[{"taxonomy":"product_brand","embeddable":true,"href":"https:\/\/infigogroup.com\/sv\/wp-json\/wp\/v2\/product_brand?post=53747"},{"taxonomy":"product_cat","embeddable":true,"href":"https:\/\/infigogroup.com\/sv\/wp-json\/wp\/v2\/product_cat?post=53747"},{"taxonomy":"product_tag","embeddable":true,"href":"https:\/\/infigogroup.com\/sv\/wp-json\/wp\/v2\/product_tag?post=53747"}],"curies":[{"name":"wp","href":"https:\/\/api.w.org\/{rel}","templated":true}]}}