{"id":55607,"date":"2024-11-17T03:55:37","date_gmt":"2024-11-17T01:55:37","guid":{"rendered":"https:\/\/infigogroup.com\/toode\/kartongmugg-400-ml-90x139-mm-oppning-o-x-hojd-design-news-sup-logotyp-material-320-gsm-vit-cupboard-pe-1000-st-kartong-matchande-lock-3030-85498-och-89337\/"},"modified":"2025-09-03T15:27:09","modified_gmt":"2025-09-03T12:27:09","slug":"kartongmugg-400-ml-90x139-mm-oppning-o-x-hojd-design-news-sup-logotyp-material-320-gsm-vit-cupboard-pe-1000-st-kartong-matchande-lock-3030-85498-och-89337","status":"publish","type":"product","link":"https:\/\/infigogroup.com\/sv\/produkt\/kartongmugg-400-ml-90x139-mm-oppning-o-x-hojd-design-news-sup-logotyp-material-320-gsm-vit-cupboard-pe-1000-st-kartong-matchande-lock-3030-85498-och-89337\/","title":{"rendered":"Kartongmugg 400 ml 90&#215;13,9 mm (\u00f6ppning \u00d8 x h\u00f6jd) design News + Plastic in Product, material 320 gsm vit cupboard + PE, 1000 st\/kartong : matchande lock 3030, 85498 och 89337"},"content":{"rendered":"","protected":false},"excerpt":{"rendered":"","protected":false},"featured_media":0,"comment_status":"open","ping_status":"closed","template":"","meta":{"_acf_changed":false},"product_brand":[],"product_cat":[1156],"product_tag":[],"class_list":{"0":"post-55607","1":"product","2":"type-product","3":"status-publish","5":"product_cat-ospecificerad","7":"first","8":"instock","9":"taxable","10":"shipping-taxable","11":"product-type-simple"},"acf":[],"yoast_head":"<!-- This site is optimized with the Yoast SEO plugin v27.3 - https:\/\/yoast.com\/product\/yoast-seo-wordpress\/ -->\n<title>Kartongmugg 400 ml 90x13,9 mm (\u00f6ppning \u00d8 x h\u00f6jd) design News + Plastic in Product, material 320 gsm vit cupboard + PE, 1000 st\/kartong : matchande lock 3030, 85498 och 89337 - Infigo<\/title>\n<meta name=\"robots\" content=\"index, follow, max-snippet:-1, max-image-preview:large, max-video-preview:-1\" \/>\n<link rel=\"canonical\" href=\"https:\/\/infigogroup.com\/produkt\/papptops-400-ml-90x139-mm-ava-o-x-korgus-disain-news-sup-logo-materjal-320-gsm-valge-cupboard-pe-1000-tk-kast-sobivad-kaaned-3030-85498-ja-89337\/\" \/>\n<meta property=\"og:locale\" content=\"sv_SE\" \/>\n<meta property=\"og:type\" content=\"article\" \/>\n<meta property=\"og:title\" content=\"Kartongmugg 400 ml 90x13,9 mm (\u00f6ppning \u00d8 x h\u00f6jd) design News + Plastic in Product, material 320 gsm vit cupboard + PE, 1000 st\/kartong : matchande lock 3030, 85498 och 89337 - Infigo\" \/>\n<meta property=\"og:url\" content=\"https:\/\/infigogroup.com\/produkt\/papptops-400-ml-90x139-mm-ava-o-x-korgus-disain-news-sup-logo-materjal-320-gsm-valge-cupboard-pe-1000-tk-kast-sobivad-kaaned-3030-85498-ja-89337\/\" \/>\n<meta property=\"og:site_name\" content=\"Infigo\" \/>\n<meta property=\"article:modified_time\" content=\"2025-09-03T12:27:09+00:00\" \/>\n<meta property=\"og:image\" content=\"https:\/\/infigogroup.com\/wp-content\/uploads\/2024\/03\/119196591_3218683694889625_8641204450253517827_n.jpeg\" \/>\n\t<meta property=\"og:image:width\" content=\"452\" \/>\n\t<meta property=\"og:image:height\" content=\"452\" \/>\n\t<meta property=\"og:image:type\" content=\"image\/jpeg\" \/>\n<meta name=\"twitter:card\" content=\"summary_large_image\" \/>\n<script type=\"application\/ld+json\" class=\"yoast-schema-graph\">{\"@context\":\"https:\\\/\\\/schema.org\",\"@graph\":[{\"@type\":\"WebPage\",\"@id\":\"https:\\\/\\\/infigogroup.com\\\/produkt\\\/papptops-400-ml-90x139-mm-ava-o-x-korgus-disain-news-sup-logo-materjal-320-gsm-valge-cupboard-pe-1000-tk-kast-sobivad-kaaned-3030-85498-ja-89337\\\/\",\"url\":\"https:\\\/\\\/infigogroup.com\\\/produkt\\\/papptops-400-ml-90x139-mm-ava-o-x-korgus-disain-news-sup-logo-materjal-320-gsm-valge-cupboard-pe-1000-tk-kast-sobivad-kaaned-3030-85498-ja-89337\\\/\",\"name\":\"Kartongmugg 400 ml 90x13,9 mm (\u00f6ppning \u00d8 x h\u00f6jd) design News + Plastic in Product, material 320 gsm vit cupboard + PE, 1000 st\\\/kartong : matchande lock 3030, 85498 och 89337 - Infigo\",\"isPartOf\":{\"@id\":\"https:\\\/\\\/infigogroup.com\\\/#website\"},\"datePublished\":\"2024-11-17T01:55:37+00:00\",\"dateModified\":\"2025-09-03T12:27:09+00:00\",\"breadcrumb\":{\"@id\":\"https:\\\/\\\/infigogroup.com\\\/produkt\\\/papptops-400-ml-90x139-mm-ava-o-x-korgus-disain-news-sup-logo-materjal-320-gsm-valge-cupboard-pe-1000-tk-kast-sobivad-kaaned-3030-85498-ja-89337\\\/#breadcrumb\"},\"inLanguage\":\"sv-SE\",\"potentialAction\":[{\"@type\":\"ReadAction\",\"target\":[\"https:\\\/\\\/infigogroup.com\\\/produkt\\\/papptops-400-ml-90x139-mm-ava-o-x-korgus-disain-news-sup-logo-materjal-320-gsm-valge-cupboard-pe-1000-tk-kast-sobivad-kaaned-3030-85498-ja-89337\\\/\"]}]},{\"@type\":\"BreadcrumbList\",\"@id\":\"https:\\\/\\\/infigogroup.com\\\/produkt\\\/papptops-400-ml-90x139-mm-ava-o-x-korgus-disain-news-sup-logo-materjal-320-gsm-valge-cupboard-pe-1000-tk-kast-sobivad-kaaned-3030-85498-ja-89337\\\/#breadcrumb\",\"itemListElement\":[{\"@type\":\"ListItem\",\"position\":1,\"name\":\"Home\",\"item\":\"https:\\\/\\\/infigogroup.com\\\/sv\\\/\"},{\"@type\":\"ListItem\",\"position\":2,\"name\":\"Webbutik\",\"item\":\"https:\\\/\\\/infigogroup.com\\\/sv\\\/butik\\\/\"},{\"@type\":\"ListItem\",\"position\":3,\"name\":\"Kartongmugg 400 ml 90&#215;13,9 mm (\u00f6ppning \u00d8 x h\u00f6jd) design News + Plastic in Product, material 320 gsm vit cupboard + PE, 1000 st\\\/kartong : matchande lock 3030, 85498 och 89337\"}]},{\"@type\":\"WebSite\",\"@id\":\"https:\\\/\\\/infigogroup.com\\\/#website\",\"url\":\"https:\\\/\\\/infigogroup.com\\\/\",\"name\":\"Infigo Group\",\"description\":\"\",\"publisher\":{\"@id\":\"https:\\\/\\\/infigogroup.com\\\/#organization\"},\"potentialAction\":[{\"@type\":\"SearchAction\",\"target\":{\"@type\":\"EntryPoint\",\"urlTemplate\":\"https:\\\/\\\/infigogroup.com\\\/?s={search_term_string}\"},\"query-input\":{\"@type\":\"PropertyValueSpecification\",\"valueRequired\":true,\"valueName\":\"search_term_string\"}}],\"inLanguage\":\"sv-SE\"},{\"@type\":\"Organization\",\"@id\":\"https:\\\/\\\/infigogroup.com\\\/#organization\",\"name\":\"Infigo Group\",\"url\":\"https:\\\/\\\/infigogroup.com\\\/\",\"logo\":{\"@type\":\"ImageObject\",\"inLanguage\":\"sv-SE\",\"@id\":\"https:\\\/\\\/infigogroup.com\\\/#\\\/schema\\\/logo\\\/image\\\/\",\"url\":\"https:\\\/\\\/infigogroup.com\\\/wp-content\\\/uploads\\\/2023\\\/11\\\/logo-1.jpg\",\"contentUrl\":\"https:\\\/\\\/infigogroup.com\\\/wp-content\\\/uploads\\\/2023\\\/11\\\/logo-1.jpg\",\"width\":334,\"height\":114,\"caption\":\"Infigo Group\"},\"image\":{\"@id\":\"https:\\\/\\\/infigogroup.com\\\/#\\\/schema\\\/logo\\\/image\\\/\"}}]}<\/script>\n<!-- \/ Yoast SEO plugin. -->","yoast_head_json":{"title":"Kartongmugg 400 ml 90x13,9 mm (\u00f6ppning \u00d8 x h\u00f6jd) design News + Plastic in Product, material 320 gsm vit cupboard + PE, 1000 st\/kartong : matchande lock 3030, 85498 och 89337 - Infigo","robots":{"index":"index","follow":"follow","max-snippet":"max-snippet:-1","max-image-preview":"max-image-preview:large","max-video-preview":"max-video-preview:-1"},"canonical":"https:\/\/infigogroup.com\/produkt\/papptops-400-ml-90x139-mm-ava-o-x-korgus-disain-news-sup-logo-materjal-320-gsm-valge-cupboard-pe-1000-tk-kast-sobivad-kaaned-3030-85498-ja-89337\/","og_locale":"sv_SE","og_type":"article","og_title":"Kartongmugg 400 ml 90x13,9 mm (\u00f6ppning \u00d8 x h\u00f6jd) design News + Plastic in Product, material 320 gsm vit cupboard + PE, 1000 st\/kartong : matchande lock 3030, 85498 och 89337 - Infigo","og_url":"https:\/\/infigogroup.com\/produkt\/papptops-400-ml-90x139-mm-ava-o-x-korgus-disain-news-sup-logo-materjal-320-gsm-valge-cupboard-pe-1000-tk-kast-sobivad-kaaned-3030-85498-ja-89337\/","og_site_name":"Infigo","article_modified_time":"2025-09-03T12:27:09+00:00","og_image":[{"width":452,"height":452,"url":"https:\/\/infigogroup.com\/wp-content\/uploads\/2024\/03\/119196591_3218683694889625_8641204450253517827_n.jpeg","type":"image\/jpeg"}],"twitter_card":"summary_large_image","schema":{"@context":"https:\/\/schema.org","@graph":[{"@type":"WebPage","@id":"https:\/\/infigogroup.com\/produkt\/papptops-400-ml-90x139-mm-ava-o-x-korgus-disain-news-sup-logo-materjal-320-gsm-valge-cupboard-pe-1000-tk-kast-sobivad-kaaned-3030-85498-ja-89337\/","url":"https:\/\/infigogroup.com\/produkt\/papptops-400-ml-90x139-mm-ava-o-x-korgus-disain-news-sup-logo-materjal-320-gsm-valge-cupboard-pe-1000-tk-kast-sobivad-kaaned-3030-85498-ja-89337\/","name":"Kartongmugg 400 ml 90x13,9 mm (\u00f6ppning \u00d8 x h\u00f6jd) design News + Plastic in Product, material 320 gsm vit cupboard + PE, 1000 st\/kartong : matchande lock 3030, 85498 och 89337 - Infigo","isPartOf":{"@id":"https:\/\/infigogroup.com\/#website"},"datePublished":"2024-11-17T01:55:37+00:00","dateModified":"2025-09-03T12:27:09+00:00","breadcrumb":{"@id":"https:\/\/infigogroup.com\/produkt\/papptops-400-ml-90x139-mm-ava-o-x-korgus-disain-news-sup-logo-materjal-320-gsm-valge-cupboard-pe-1000-tk-kast-sobivad-kaaned-3030-85498-ja-89337\/#breadcrumb"},"inLanguage":"sv-SE","potentialAction":[{"@type":"ReadAction","target":["https:\/\/infigogroup.com\/produkt\/papptops-400-ml-90x139-mm-ava-o-x-korgus-disain-news-sup-logo-materjal-320-gsm-valge-cupboard-pe-1000-tk-kast-sobivad-kaaned-3030-85498-ja-89337\/"]}]},{"@type":"BreadcrumbList","@id":"https:\/\/infigogroup.com\/produkt\/papptops-400-ml-90x139-mm-ava-o-x-korgus-disain-news-sup-logo-materjal-320-gsm-valge-cupboard-pe-1000-tk-kast-sobivad-kaaned-3030-85498-ja-89337\/#breadcrumb","itemListElement":[{"@type":"ListItem","position":1,"name":"Home","item":"https:\/\/infigogroup.com\/sv\/"},{"@type":"ListItem","position":2,"name":"Webbutik","item":"https:\/\/infigogroup.com\/sv\/butik\/"},{"@type":"ListItem","position":3,"name":"Kartongmugg 400 ml 90&#215;13,9 mm (\u00f6ppning \u00d8 x h\u00f6jd) design News + Plastic in Product, material 320 gsm vit cupboard + PE, 1000 st\/kartong : matchande lock 3030, 85498 och 89337"}]},{"@type":"WebSite","@id":"https:\/\/infigogroup.com\/#website","url":"https:\/\/infigogroup.com\/","name":"Infigo Group","description":"","publisher":{"@id":"https:\/\/infigogroup.com\/#organization"},"potentialAction":[{"@type":"SearchAction","target":{"@type":"EntryPoint","urlTemplate":"https:\/\/infigogroup.com\/?s={search_term_string}"},"query-input":{"@type":"PropertyValueSpecification","valueRequired":true,"valueName":"search_term_string"}}],"inLanguage":"sv-SE"},{"@type":"Organization","@id":"https:\/\/infigogroup.com\/#organization","name":"Infigo Group","url":"https:\/\/infigogroup.com\/","logo":{"@type":"ImageObject","inLanguage":"sv-SE","@id":"https:\/\/infigogroup.com\/#\/schema\/logo\/image\/","url":"https:\/\/infigogroup.com\/wp-content\/uploads\/2023\/11\/logo-1.jpg","contentUrl":"https:\/\/infigogroup.com\/wp-content\/uploads\/2023\/11\/logo-1.jpg","width":334,"height":114,"caption":"Infigo Group"},"image":{"@id":"https:\/\/infigogroup.com\/#\/schema\/logo\/image\/"}}]}},"_links":{"self":[{"href":"https:\/\/infigogroup.com\/sv\/wp-json\/wp\/v2\/product\/55607","targetHints":{"allow":["GET"]}}],"collection":[{"href":"https:\/\/infigogroup.com\/sv\/wp-json\/wp\/v2\/product"}],"about":[{"href":"https:\/\/infigogroup.com\/sv\/wp-json\/wp\/v2\/types\/product"}],"replies":[{"embeddable":true,"href":"https:\/\/infigogroup.com\/sv\/wp-json\/wp\/v2\/comments?post=55607"}],"wp:attachment":[{"href":"https:\/\/infigogroup.com\/sv\/wp-json\/wp\/v2\/media?parent=55607"}],"wp:term":[{"taxonomy":"product_brand","embeddable":true,"href":"https:\/\/infigogroup.com\/sv\/wp-json\/wp\/v2\/product_brand?post=55607"},{"taxonomy":"product_cat","embeddable":true,"href":"https:\/\/infigogroup.com\/sv\/wp-json\/wp\/v2\/product_cat?post=55607"},{"taxonomy":"product_tag","embeddable":true,"href":"https:\/\/infigogroup.com\/sv\/wp-json\/wp\/v2\/product_tag?post=55607"}],"curies":[{"name":"wp","href":"https:\/\/api.w.org\/{rel}","templated":true}]}}