{"id":56839,"date":"2025-02-22T06:38:18","date_gmt":"2025-02-22T04:38:18","guid":{"rendered":"https:\/\/infigogroup.com\/toode\/vinglas-vinkopp-ateranvandbar-200-ml-72x100-mm-oppning-o-x-hojd-material-starkt-pp-genomskinligt-knappt-splittrat-atervinningsbart-maskintvattbart-90-st-lot\/"},"modified":"2025-02-22T06:38:18","modified_gmt":"2025-02-22T04:38:18","slug":"vinglas-vinkopp-ateranvandbar-200-ml-72x100-mm-oppning-o-x-hojd-material-starkt-pp-genomskinligt-knappt-splittrat-atervinningsbart-maskintvattbart-90-st-lot","status":"publish","type":"product","link":"https:\/\/infigogroup.com\/sv\/produkt\/vinglas-vinkopp-ateranvandbar-200-ml-72x100-mm-oppning-o-x-hojd-material-starkt-pp-genomskinligt-knappt-splittrat-atervinningsbart-maskintvattbart-90-st-lot\/","title":{"rendered":"Vinglas Vinkopp \u00e5teranv\u00e4ndbar 200 ml 72&#215;100 mm (\u00f6ppning \u00d8 x h\u00f6jd), material starkt PP genomskinligt, knappt splittrat, \u00e5tervinningsbart, maskintv\u00e4ttbart, 90 st\/lot"},"content":{"rendered":"","protected":false},"excerpt":{"rendered":"","protected":false},"featured_media":0,"comment_status":"open","ping_status":"closed","template":"","meta":{"_acf_changed":false},"product_brand":[],"product_cat":[1156],"product_tag":[],"class_list":{"0":"post-56839","1":"product","2":"type-product","3":"status-publish","5":"product_cat-ospecificerad","7":"first","8":"instock","9":"taxable","10":"shipping-taxable","11":"product-type-simple"},"acf":[],"yoast_head":"<!-- This site is optimized with the Yoast SEO plugin v27.3 - https:\/\/yoast.com\/product\/yoast-seo-wordpress\/ -->\n<title>Vinglas Vinkopp \u00e5teranv\u00e4ndbar 200 ml 72x100 mm (\u00f6ppning \u00d8 x h\u00f6jd), material starkt PP genomskinligt, knappt splittrat, \u00e5tervinningsbart, maskintv\u00e4ttbart, 90 st\/lot - Infigo<\/title>\n<meta name=\"robots\" content=\"index, follow, max-snippet:-1, max-image-preview:large, max-video-preview:-1\" \/>\n<link rel=\"canonical\" href=\"https:\/\/infigogroup.com\/product\/vinglas-vinkopp-ateranvandbar-200-ml-72x100-mm-oppning-o-x-hojd-material-starkt-pp-genomskinligt-knappt-splittrat-atervinningsbart-maskintvattbart-90-st-lot\/\" \/>\n<meta property=\"og:locale\" content=\"sv_SE\" \/>\n<meta property=\"og:type\" content=\"article\" \/>\n<meta property=\"og:title\" content=\"Vinglas Vinkopp \u00e5teranv\u00e4ndbar 200 ml 72x100 mm (\u00f6ppning \u00d8 x h\u00f6jd), material starkt PP genomskinligt, knappt splittrat, \u00e5tervinningsbart, maskintv\u00e4ttbart, 90 st\/lot - Infigo\" \/>\n<meta property=\"og:url\" content=\"https:\/\/infigogroup.com\/product\/vinglas-vinkopp-ateranvandbar-200-ml-72x100-mm-oppning-o-x-hojd-material-starkt-pp-genomskinligt-knappt-splittrat-atervinningsbart-maskintvattbart-90-st-lot\/\" \/>\n<meta property=\"og:site_name\" content=\"Infigo\" \/>\n<meta property=\"og:image\" content=\"https:\/\/infigogroup.com\/wp-content\/uploads\/2024\/03\/119196591_3218683694889625_8641204450253517827_n.jpeg\" \/>\n\t<meta property=\"og:image:width\" content=\"452\" \/>\n\t<meta property=\"og:image:height\" content=\"452\" \/>\n\t<meta property=\"og:image:type\" content=\"image\/jpeg\" \/>\n<meta name=\"twitter:card\" content=\"summary_large_image\" \/>\n<script type=\"application\/ld+json\" class=\"yoast-schema-graph\">{\"@context\":\"https:\\\/\\\/schema.org\",\"@graph\":[{\"@type\":\"WebPage\",\"@id\":\"https:\\\/\\\/infigogroup.com\\\/product\\\/vinglas-vinkopp-ateranvandbar-200-ml-72x100-mm-oppning-o-x-hojd-material-starkt-pp-genomskinligt-knappt-splittrat-atervinningsbart-maskintvattbart-90-st-lot\\\/\",\"url\":\"https:\\\/\\\/infigogroup.com\\\/product\\\/vinglas-vinkopp-ateranvandbar-200-ml-72x100-mm-oppning-o-x-hojd-material-starkt-pp-genomskinligt-knappt-splittrat-atervinningsbart-maskintvattbart-90-st-lot\\\/\",\"name\":\"Vinglas Vinkopp \u00e5teranv\u00e4ndbar 200 ml 72x100 mm (\u00f6ppning \u00d8 x h\u00f6jd), material starkt PP genomskinligt, knappt splittrat, \u00e5tervinningsbart, maskintv\u00e4ttbart, 90 st\\\/lot - Infigo\",\"isPartOf\":{\"@id\":\"https:\\\/\\\/infigogroup.com\\\/#website\"},\"datePublished\":\"2025-02-22T04:38:18+00:00\",\"breadcrumb\":{\"@id\":\"https:\\\/\\\/infigogroup.com\\\/product\\\/vinglas-vinkopp-ateranvandbar-200-ml-72x100-mm-oppning-o-x-hojd-material-starkt-pp-genomskinligt-knappt-splittrat-atervinningsbart-maskintvattbart-90-st-lot\\\/#breadcrumb\"},\"inLanguage\":\"sv-SE\",\"potentialAction\":[{\"@type\":\"ReadAction\",\"target\":[\"https:\\\/\\\/infigogroup.com\\\/product\\\/vinglas-vinkopp-ateranvandbar-200-ml-72x100-mm-oppning-o-x-hojd-material-starkt-pp-genomskinligt-knappt-splittrat-atervinningsbart-maskintvattbart-90-st-lot\\\/\"]}]},{\"@type\":\"BreadcrumbList\",\"@id\":\"https:\\\/\\\/infigogroup.com\\\/product\\\/vinglas-vinkopp-ateranvandbar-200-ml-72x100-mm-oppning-o-x-hojd-material-starkt-pp-genomskinligt-knappt-splittrat-atervinningsbart-maskintvattbart-90-st-lot\\\/#breadcrumb\",\"itemListElement\":[{\"@type\":\"ListItem\",\"position\":1,\"name\":\"Home\",\"item\":\"https:\\\/\\\/infigogroup.com\\\/sv\\\/\"},{\"@type\":\"ListItem\",\"position\":2,\"name\":\"Webbutik\",\"item\":\"https:\\\/\\\/infigogroup.com\\\/sv\\\/butik\\\/\"},{\"@type\":\"ListItem\",\"position\":3,\"name\":\"Vinglas Vinkopp \u00e5teranv\u00e4ndbar 200 ml 72&#215;100 mm (\u00f6ppning \u00d8 x h\u00f6jd), material starkt PP genomskinligt, knappt splittrat, \u00e5tervinningsbart, maskintv\u00e4ttbart, 90 st\\\/lot\"}]},{\"@type\":\"WebSite\",\"@id\":\"https:\\\/\\\/infigogroup.com\\\/#website\",\"url\":\"https:\\\/\\\/infigogroup.com\\\/\",\"name\":\"Infigo Group\",\"description\":\"\",\"publisher\":{\"@id\":\"https:\\\/\\\/infigogroup.com\\\/#organization\"},\"potentialAction\":[{\"@type\":\"SearchAction\",\"target\":{\"@type\":\"EntryPoint\",\"urlTemplate\":\"https:\\\/\\\/infigogroup.com\\\/?s={search_term_string}\"},\"query-input\":{\"@type\":\"PropertyValueSpecification\",\"valueRequired\":true,\"valueName\":\"search_term_string\"}}],\"inLanguage\":\"sv-SE\"},{\"@type\":\"Organization\",\"@id\":\"https:\\\/\\\/infigogroup.com\\\/#organization\",\"name\":\"Infigo Group\",\"url\":\"https:\\\/\\\/infigogroup.com\\\/\",\"logo\":{\"@type\":\"ImageObject\",\"inLanguage\":\"sv-SE\",\"@id\":\"https:\\\/\\\/infigogroup.com\\\/#\\\/schema\\\/logo\\\/image\\\/\",\"url\":\"https:\\\/\\\/infigogroup.com\\\/wp-content\\\/uploads\\\/2023\\\/11\\\/logo-1.jpg\",\"contentUrl\":\"https:\\\/\\\/infigogroup.com\\\/wp-content\\\/uploads\\\/2023\\\/11\\\/logo-1.jpg\",\"width\":334,\"height\":114,\"caption\":\"Infigo Group\"},\"image\":{\"@id\":\"https:\\\/\\\/infigogroup.com\\\/#\\\/schema\\\/logo\\\/image\\\/\"}}]}<\/script>\n<!-- \/ Yoast SEO plugin. -->","yoast_head_json":{"title":"Vinglas Vinkopp \u00e5teranv\u00e4ndbar 200 ml 72x100 mm (\u00f6ppning \u00d8 x h\u00f6jd), material starkt PP genomskinligt, knappt splittrat, \u00e5tervinningsbart, maskintv\u00e4ttbart, 90 st\/lot - Infigo","robots":{"index":"index","follow":"follow","max-snippet":"max-snippet:-1","max-image-preview":"max-image-preview:large","max-video-preview":"max-video-preview:-1"},"canonical":"https:\/\/infigogroup.com\/product\/vinglas-vinkopp-ateranvandbar-200-ml-72x100-mm-oppning-o-x-hojd-material-starkt-pp-genomskinligt-knappt-splittrat-atervinningsbart-maskintvattbart-90-st-lot\/","og_locale":"sv_SE","og_type":"article","og_title":"Vinglas Vinkopp \u00e5teranv\u00e4ndbar 200 ml 72x100 mm (\u00f6ppning \u00d8 x h\u00f6jd), material starkt PP genomskinligt, knappt splittrat, \u00e5tervinningsbart, maskintv\u00e4ttbart, 90 st\/lot - Infigo","og_url":"https:\/\/infigogroup.com\/product\/vinglas-vinkopp-ateranvandbar-200-ml-72x100-mm-oppning-o-x-hojd-material-starkt-pp-genomskinligt-knappt-splittrat-atervinningsbart-maskintvattbart-90-st-lot\/","og_site_name":"Infigo","og_image":[{"width":452,"height":452,"url":"https:\/\/infigogroup.com\/wp-content\/uploads\/2024\/03\/119196591_3218683694889625_8641204450253517827_n.jpeg","type":"image\/jpeg"}],"twitter_card":"summary_large_image","schema":{"@context":"https:\/\/schema.org","@graph":[{"@type":"WebPage","@id":"https:\/\/infigogroup.com\/product\/vinglas-vinkopp-ateranvandbar-200-ml-72x100-mm-oppning-o-x-hojd-material-starkt-pp-genomskinligt-knappt-splittrat-atervinningsbart-maskintvattbart-90-st-lot\/","url":"https:\/\/infigogroup.com\/product\/vinglas-vinkopp-ateranvandbar-200-ml-72x100-mm-oppning-o-x-hojd-material-starkt-pp-genomskinligt-knappt-splittrat-atervinningsbart-maskintvattbart-90-st-lot\/","name":"Vinglas Vinkopp \u00e5teranv\u00e4ndbar 200 ml 72x100 mm (\u00f6ppning \u00d8 x h\u00f6jd), material starkt PP genomskinligt, knappt splittrat, \u00e5tervinningsbart, maskintv\u00e4ttbart, 90 st\/lot - Infigo","isPartOf":{"@id":"https:\/\/infigogroup.com\/#website"},"datePublished":"2025-02-22T04:38:18+00:00","breadcrumb":{"@id":"https:\/\/infigogroup.com\/product\/vinglas-vinkopp-ateranvandbar-200-ml-72x100-mm-oppning-o-x-hojd-material-starkt-pp-genomskinligt-knappt-splittrat-atervinningsbart-maskintvattbart-90-st-lot\/#breadcrumb"},"inLanguage":"sv-SE","potentialAction":[{"@type":"ReadAction","target":["https:\/\/infigogroup.com\/product\/vinglas-vinkopp-ateranvandbar-200-ml-72x100-mm-oppning-o-x-hojd-material-starkt-pp-genomskinligt-knappt-splittrat-atervinningsbart-maskintvattbart-90-st-lot\/"]}]},{"@type":"BreadcrumbList","@id":"https:\/\/infigogroup.com\/product\/vinglas-vinkopp-ateranvandbar-200-ml-72x100-mm-oppning-o-x-hojd-material-starkt-pp-genomskinligt-knappt-splittrat-atervinningsbart-maskintvattbart-90-st-lot\/#breadcrumb","itemListElement":[{"@type":"ListItem","position":1,"name":"Home","item":"https:\/\/infigogroup.com\/sv\/"},{"@type":"ListItem","position":2,"name":"Webbutik","item":"https:\/\/infigogroup.com\/sv\/butik\/"},{"@type":"ListItem","position":3,"name":"Vinglas Vinkopp \u00e5teranv\u00e4ndbar 200 ml 72&#215;100 mm (\u00f6ppning \u00d8 x h\u00f6jd), material starkt PP genomskinligt, knappt splittrat, \u00e5tervinningsbart, maskintv\u00e4ttbart, 90 st\/lot"}]},{"@type":"WebSite","@id":"https:\/\/infigogroup.com\/#website","url":"https:\/\/infigogroup.com\/","name":"Infigo Group","description":"","publisher":{"@id":"https:\/\/infigogroup.com\/#organization"},"potentialAction":[{"@type":"SearchAction","target":{"@type":"EntryPoint","urlTemplate":"https:\/\/infigogroup.com\/?s={search_term_string}"},"query-input":{"@type":"PropertyValueSpecification","valueRequired":true,"valueName":"search_term_string"}}],"inLanguage":"sv-SE"},{"@type":"Organization","@id":"https:\/\/infigogroup.com\/#organization","name":"Infigo Group","url":"https:\/\/infigogroup.com\/","logo":{"@type":"ImageObject","inLanguage":"sv-SE","@id":"https:\/\/infigogroup.com\/#\/schema\/logo\/image\/","url":"https:\/\/infigogroup.com\/wp-content\/uploads\/2023\/11\/logo-1.jpg","contentUrl":"https:\/\/infigogroup.com\/wp-content\/uploads\/2023\/11\/logo-1.jpg","width":334,"height":114,"caption":"Infigo Group"},"image":{"@id":"https:\/\/infigogroup.com\/#\/schema\/logo\/image\/"}}]}},"_links":{"self":[{"href":"https:\/\/infigogroup.com\/sv\/wp-json\/wp\/v2\/product\/56839","targetHints":{"allow":["GET"]}}],"collection":[{"href":"https:\/\/infigogroup.com\/sv\/wp-json\/wp\/v2\/product"}],"about":[{"href":"https:\/\/infigogroup.com\/sv\/wp-json\/wp\/v2\/types\/product"}],"replies":[{"embeddable":true,"href":"https:\/\/infigogroup.com\/sv\/wp-json\/wp\/v2\/comments?post=56839"}],"wp:attachment":[{"href":"https:\/\/infigogroup.com\/sv\/wp-json\/wp\/v2\/media?parent=56839"}],"wp:term":[{"taxonomy":"product_brand","embeddable":true,"href":"https:\/\/infigogroup.com\/sv\/wp-json\/wp\/v2\/product_brand?post=56839"},{"taxonomy":"product_cat","embeddable":true,"href":"https:\/\/infigogroup.com\/sv\/wp-json\/wp\/v2\/product_cat?post=56839"},{"taxonomy":"product_tag","embeddable":true,"href":"https:\/\/infigogroup.com\/sv\/wp-json\/wp\/v2\/product_tag?post=56839"}],"curies":[{"name":"wp","href":"https:\/\/api.w.org\/{rel}","templated":true}]}}